{"id":3410,"date":"2025-05-06T13:34:22","date_gmt":"2025-05-06T11:34:22","guid":{"rendered":"https:\/\/us.edu.pl\/instytut\/ich\/?page_id=3410"},"modified":"2025-11-25T11:17:04","modified_gmt":"2025-11-25T10:17:04","slug":"elektrosynteza","status":"publish","type":"page","link":"https:\/\/us.edu.pl\/instytut\/ich\/dzialalnosc-naukowa\/zespoly-badawcze\/elektrosynteza\/","title":{"rendered":"Elektrosynteza"},"content":{"rendered":"<p>[vc_row][vc_column][vc_column_text][\/vc_column_text][\/vc_column][\/vc_row][vc_row][vc_column]\r\n                <div class=\"text-modules\">\r\n                    <div class=\"container\">\r\n                        <h3 class=\"page-title text__title\">Elektrosynteza<\/h3>\r\n                        <div class=\"text-modules__content\"><p>Lider zespo\u0142u: <a href=\"https:\/\/ab.us.edu.pl\/emp?id=46451\">dr hab. Micha\u0142 Filapek, prof. U\u015a <\/a> (<a href=\"https:\/\/orcid.org\/0000-0001-5958-2357\" target=\"_blank\" rel=\"noopener noreferrer\">Scopus<\/a>, <a href=\"https:\/\/orcid.org\/0000-0001-5958-2357\" target=\"_blank\" rel=\"noopener noreferrer\">ORCID<\/a>, <a href=\"https:\/\/www.researchgate.net\/profile\/Michal-Filapek\">Research Gate<\/a>, <a href=\"https:\/\/scholar.google.com\/citations?user=EHNrAEEAAAAJ&amp;hl=pl\">Google Scholar<\/a>)<\/p>\n<p>Sk\u0142ad zespo\u0142u:<\/p>\n<p><a href=\"https:\/\/ab.us.edu.pl\/emp?id=58433\">dr S\u0142awomir Kula<\/a> (<a href=\"https:\/\/orcid.org\/0000-0003-4520-1570\">ORCID<\/a>, <a href=\"https:\/\/www.scopus.com\/authid\/detail.uri?authorId=55580154500\">Scopus<\/a>, <a href=\"https:\/\/www.researchgate.net\/profile\/Slawomir-Kula\">Research Gate<\/a>, <a href=\"https:\/\/scholar.google.com\/citations?user=vO5Sf0YAAAAJ&amp;hl=pl\">Google Scholar<\/a>)<br \/>\nmgr Patrycja Filipek (<a href=\"https:\/\/orcid.org\/0000-0003-2692-9101\">ORCID<\/a>, <a href=\"https:\/\/www.researchgate.net\/profile\/Patrycja-Filipek-2\">Research Gate<\/a>, e-mail: <em>patrycja.filipek@us.edu.pl<\/em>, tel.: (32)359-16-20, pok. <strong>105<\/strong>)<br \/>\nmgr Agnieszka Krawiec (<a href=\"https:\/\/orcid.org\/0009-0009-7819-1269\">ORCID<\/a>, <a href=\"https:\/\/www.researchgate.net\/profile\/Agnieszka-Krawiec\">Research Gate<\/a>, <a href=\"https:\/\/scholar.google.com\/citations?hl=pl&amp;user=Ia3JCjcAAAAJ\">Google Scholar<\/a>, e-mail: <em>agnieszka.krawiec@us.edu.pl<\/em>, tel.: (32)359-16-20, pok. <strong>105<\/strong>)<br \/>\nmgr Pawe\u0142 Kalarus (<a href=\"https:\/\/orcid.org\/0009-0003-7572-8995\">ORCID<\/a>, <a href=\"https:\/\/www.researchgate.net\/profile\/Pawel-Kalarus\">Research Gate<\/a>, <a href=\"https:\/\/scholar.google.com\/citations?hl=pl&amp;user=0xf8KjQAAAAJ\">Google Scholar<\/a>, e-mail: <em>pawel.kalarus@us.edu.pl<\/em>, tel.: (32)359-16-20, pok. <strong>105<\/strong>)<\/p>\n<hr \/>\n<p>Tematyka bada\u0144 zespo\u0142u:<\/p>\n<ul>\n<li>Badanie wp\u0142ywu budowy moleku\u0142y na zjawisko AIE<\/li>\n<li>Synteza i badanie w\u0142a\u015bciwo\u015bci pochodnych wykazuj\u0105cych synergi\u0119 zjawisk AID i TADF<\/li>\n<li>Synteza i badanie w\u0142a\u015bciwo\u015bci nowych uk\u0142ad\u00f3w typu donor-akceptor o potencjalnym zastosowaniu do wizualizacji utajonych \u015blad\u00f3w linii papilarnych<\/li>\n<li>Synteza i badania fizykochemiczne nowych emiter\u00f3w organicznych<\/li>\n<li>Badania nowych materia\u0142\u00f3w elektrochromowych<\/li>\n<li>Synteza nowych barwnik\u00f3w do bada\u0144 biologicznych \u2013 sondy fluorescencyjne<\/li>\n<\/ul>\n<hr \/>\n<p>Wsp\u00f3\u0142praca:<\/p>\n<ul>\n<li>Politechnika \u015al\u0105ska w Gliwicach<\/li>\n<li>Uniwersytet Miko\u0142aja Kopernika w Bygdoszczy<\/li>\n<li>Uniwersytet Medyczny w Lublinie<\/li>\n<li>\u015al\u0105ski Uniwersytet Medyczny w Sosnowcu<\/li>\n<\/ul>\n<hr \/>\n<p>Wybrane publikacje:<\/p>\n<ul>\n<li>Zowi\u015blok, A. \u015awitlicka, A. M. Maro\u0144, S. Kula, Acetylenic Substituent: Influence on the Structure, Electrochemical, Photophysical, and Thermal Properties of Rhenium(I) and Platinum(II) Complexes, Molecules 2025, 30, 915. <a href=\"https:\/\/doi.org\/10.3390\/molecules30040915\">https:\/\/doi.org\/10.3390\/molecules30040915<\/a><\/li>\n<li>Kalarus, A. Szlapa-Kula , M. Filapek, S. Kula, The Effect of Modifying the C9 Position of Fluorene with N-Donor Substituents on Selected Physicochemical Properties, Molecules 2025, 30, 1924. <a href=\"https:\/\/doi.org\/10.3390\/molecules30091924\">https:\/\/doi.org\/10.3390\/molecules30091924<\/a><\/li>\n<li>Filipek, A. Szlapa-Kula, S. Krompiec, K. Zemlak, B. Kula, K. Erfurt, M. Filapek, Is the Greener Approach Better? Application of Electrochemistry in the Synthesis of Perylenediimides, Molecules 2025, 30, 2683. <a href=\"https:\/\/doi.org\/10.3390\/molecules30132683\">https:\/\/doi.org\/10.3390\/molecules30132683<\/a><\/li>\n<li>Mieszczanin, P. Filipek, A. Chrobok, A. Brzeczek-Szafran, M. Filapek, M. Matussek, S. Kula, A. Sz\u0142apa-Kula, C. Pietraszuk, S. Rogalski, K. Erfurt, P. Latos, S. Krompiec, P. Lodowski, From Ketoesters, Diynes, and Arynes to Functionalized Pyranones, Naphthalenes, and Anthracenes, Chem. Eur. J. 2025, 31, e01917. <a href=\"https:\/\/doi.org\/10.1002\/chem.202501917\">https:\/\/doi.org\/10.1002\/chem.202501917<\/a><\/li>\n<li>Donarska, K. Seklecka, J. Cytarska, K. Piechowska, P. Ledwon, S. Kula, P. Krawczyk, A. Baranowska\u2011\u0141\u0105czkowska, K. Z. \u0141\u0105czkowski, Novel Carbazole\u2013Thiazole Conjugates: Synthesis and Biophysical Characterization, Int. J. Mol. Sci. 2025, 26, 7945. <a href=\"https:\/\/doi.org\/10.3390\/ijms26167945\">https:\/\/doi.org\/10.3390\/ijms26167945<\/a><\/li>\n<li>Krawiec, A. Szlapa-Kula, S. Kula, 1H-Imidazo[4,5-f][1,10]phenanthroline Derivatives as Promising Ligands for Ir and Ru Complex Compounds for Applications in LECs: Mini-Review, Materials 2025, 18, 4380. <a href=\"https:\/\/doi.org\/10.3390\/ma18184380\">https:\/\/doi.org\/10.3390\/ma18184380<\/a><\/li>\n<li>Szlapa-Kula, \u0141. Ka\u017amierski, A. Biernasiuk, M. Latocha, Dariusz Ku\u015bmierz, J. P\u0142onka-Czerw, M. Ka\u0142kus, Z. Si\u0119bor, K. Erfurt, S. Kula, P. Krawczyk, Can an N-donor motif make a difference? Synthesis, physicochemical characterization, and biological activity of selected derivatives of rhodanine-3-acetic acid, Spectrochimica Acta Part A: Molecular and Biomolecular Spectroscopy 347 (2026) 126991. <a href=\"https:\/\/doi.org\/10.1016\/j.saa.2025.126991\">https:\/\/doi.org\/10.1016\/j.saa.2025.126991<\/a><\/li>\n<\/ul>\n<p>\n<\/div>\r\n                    <\/div>\r\n                <\/div>[\/vc_column][\/vc_row][vc_row][vc_column][vc_column_text]<\/p>","protected":false},"excerpt":{"rendered":"<p>[vc_row][vc_column][vc_column_text][\/vc_column_text][\/vc_column][\/vc_row][vc_row][vc_column][\/vc_column][\/vc_row][vc_row][vc_column][vc_column_text] [&#8230;]<\/p>\n<p><a class=\"btn btn-secondary understrap-read-more-link\" href=\"https:\/\/us.edu.pl\/instytut\/ich\/dzialalnosc-naukowa\/zespoly-badawcze\/elektrosynteza\/\">Read More&#8230;<\/a><\/p>\n","protected":false},"author":99,"featured_media":0,"parent":126,"menu_order":0,"comment_status":"closed","ping_status":"closed","template":"","meta":{"_expiration-date-status":"","_expiration-date":0,"_expiration-date-type":"","_expiration-date-categories":[],"_expiration-date-options":[]},"acf":[],"_links":{"self":[{"href":"https:\/\/us.edu.pl\/instytut\/ich\/wp-json\/wp\/v2\/pages\/3410"}],"collection":[{"href":"https:\/\/us.edu.pl\/instytut\/ich\/wp-json\/wp\/v2\/pages"}],"about":[{"href":"https:\/\/us.edu.pl\/instytut\/ich\/wp-json\/wp\/v2\/types\/page"}],"author":[{"embeddable":true,"href":"https:\/\/us.edu.pl\/instytut\/ich\/wp-json\/wp\/v2\/users\/99"}],"replies":[{"embeddable":true,"href":"https:\/\/us.edu.pl\/instytut\/ich\/wp-json\/wp\/v2\/comments?post=3410"}],"version-history":[{"count":3,"href":"https:\/\/us.edu.pl\/instytut\/ich\/wp-json\/wp\/v2\/pages\/3410\/revisions"}],"predecessor-version":[{"id":3664,"href":"https:\/\/us.edu.pl\/instytut\/ich\/wp-json\/wp\/v2\/pages\/3410\/revisions\/3664"}],"up":[{"embeddable":true,"href":"https:\/\/us.edu.pl\/instytut\/ich\/wp-json\/wp\/v2\/pages\/126"}],"wp:attachment":[{"href":"https:\/\/us.edu.pl\/instytut\/ich\/wp-json\/wp\/v2\/media?parent=3410"}],"curies":[{"name":"wp","href":"https:\/\/api.w.org\/{rel}","templated":true}]}}