{"id":3442,"date":"2025-05-10T08:10:03","date_gmt":"2025-05-10T06:10:03","guid":{"rendered":"https:\/\/us.edu.pl\/instytut\/ich\/?page_id=3442"},"modified":"2025-05-23T13:36:10","modified_gmt":"2025-05-23T11:36:10","slug":"marek-matussek","status":"publish","type":"page","link":"https:\/\/us.edu.pl\/instytut\/ich\/dzialalnosc-naukowa\/badacze-indywidualni\/marek-matussek\/","title":{"rendered":"dr Marek Matussek"},"content":{"rendered":"<p>[vc_row][vc_column][vc_column_text][\/vc_column_text][\/vc_column][\/vc_row][vc_row][vc_column width=&#8221;1\/12&#8243;][\/vc_column][vc_column width=&#8221;3\/6&#8243;]\r\n                <div class=\"text-modules\">\r\n                    <div class=\"container\">\r\n                        <h3 class=\"page-title text__title\">dr Marek Matussek<\/h3>\r\n                        <div class=\"text-modules__content\"><p><a href=\"https:\/\/ab.us.edu.pl\/emp?id=62193\">Uniwersytet \u015al\u0105ski<\/a><\/p>\n<p><a href=\"https:\/\/www.scopus.com\/authid\/detail.uri?authorId=56610362100\" target=\"_blank\" rel=\"noopener noreferrer\">Scopus<\/a><\/p>\n<p><a href=\"https:\/\/orcid.org\/0000-0003-3108-4182\">ORCID<\/a><\/p>\n<hr \/>\n<p>Informacje:<\/p>\n<p>Doktorat: <em>2019 &#8211; Luminescencyjne uk\u0142ady z wyr\u00f3\u017cnionym motywem fluorenylowym oraz karbazylowym: synteza i w\u0142a\u015bciwo\u015bci fotofizyczne<br \/>\n<\/em><\/p>\n<hr \/>\n<p>Dane kontaktowe:<\/p>\n<p>e-mail: <em>marek.matussek@us.edu.pl<br \/>\n<\/em>telefon: <em>(32) 359-13-57<\/em><br \/>\nadres: <em>pok. <strong>S-2<\/strong>, ul. Szkolna 9, 40-006 Katowice<\/em><\/p>\n<hr \/>\n<p>Nagrody, wyr\u00f3\u017cnienia, pe\u0142nione funkcje:<\/p>\n<ul>\n<li>Nagroda zespo\u0142owa Rektora, organizacja konkursu chemicznego 2024 rok<\/li>\n<li>Srebrny medal za seri\u0119 wynalazk\u00f3w dotycz\u0105cych wygodnej i wydajnej metody syntezy pochodnych perylenu i koronenu poprzez reakcj\u0119 cykloaddycji Dielsa-Aldera aryn\u00f3w do tzw obszaru zatoki, Mi\u0119dzynarodowe Targi Wynalazczo\u015bci w Warszawie (nagroda zespo\u0142owa, 2020)<\/li>\n<li>Srebrny medal za seri\u0119 czterech zg\u0142osze\u0144 patentowych dotycz\u0105cych pozyskiwania nowych nanomateria\u0142\u00f3w dla odnawialnych \u017ar\u00f3de\u0142 energii, ARCA 2024, 22. mi\u0119dzynarodowa wystawa innowacji (nagroda zespo\u0142owa, 2024)<\/li>\n<li>Srebrny medal za seri\u0119 czterech zg\u0142osze\u0144 patentowych dotycz\u0105cych pozyskiwania nowych nanomateria\u0142\u00f3w do odnawialnych \u017ar\u00f3de\u0142 energii, mi\u0119dzynarodowa wystawa wynalazk\u00f3w iENA 2024, Centrum Wystawiennicze w Norymberdze (nagroda zespo\u0142owa, 2024)<\/li>\n<li>Dodatkowe:\n<ul>\n<li>Cykliczne uczestnictwo w \u015al\u0105skim Festiwalu Nauki U\u015a (prowadzenie stanowiska pokazowego z do\u015bwiadczeniami chemicznymi)<\/li>\n<li>Cykliczna wsp\u00f3\u0142organizacja Konkursu Chemicznego dla szk\u00f3\u0142 ponadpodstawowych organizowanego przez Instytut Chemii na WN\u015aiT U\u015a<\/li>\n<li>Cykliczna wsp\u00f3\u0142organizacja \u015awi\u0119ta Liczby Pi<\/li>\n<li>Uczestnictwo w Rodzinnym Pikniku Naukowym U\u015a Wydzia\u0142u Nauk \u015acis\u0142ych i Technicznych, 2022, aktywno\u015b\u0107: pokazy chemiczne oraz fizyczne<\/li>\n<li>Cykl \u201eSwoboda bada\u0144 \u2013 nauka dla przysz\u0142o\u015bci\u201d, tytu\u0142: \u201e<em>Technologia OLED i przysz\u0142o\u015b\u0107 organicznej elektroniki<\/em>\u201d, 2021<\/li>\n<li>Artyku\u0142 popularnonaukowy w czasopi\u015bmie \u201e<em>No Limits<\/em>\u201d, tytu\u0142: \u201e<em>Blaski i cienie energii j\u0105drowej<\/em>\u201d M. Matussek, A. Sikora, 2022, 2, 8-9<\/li>\n<li>Artyku\u0142 promuj\u0105cy chemi\u0119 w cyklu &#8222;Nauka | Moja pasja&#8221;, 2022<\/li>\n<\/ul>\n<\/li>\n<\/ul>\n<p>Informacje o wsp\u00f3\u0142pracy z innymi o\u015brodkami\/zespo\u0142ami:<\/p>\n<ul>\n<li>Instytut Fizyki U\u015a &#8211; dr hab. Marzena Rams-Baron, Synteza i badania rotor\u00f3w molekularnych<\/li>\n<li>Politechnika \u0141\u00f3dzka &#8211; prof. dr hab. in\u017c. Przemys\u0142aw Data, Synteza i badania materia\u0142\u00f3w molekularnych pod technologi\u0119 diod OLED<\/li>\n<\/ul>\n<hr \/>\n<p>Tematyka bada\u0144:<\/p>\n<p>Synteza i badanie wybranych w\u0142a\u015bciwo\u015bci fotofizycznych nowych materia\u0142\u00f3w molekularnych opartych na tr\u00f3jpier\u015bcieniowych (hetero)aromatycznych ugrupowaniach w kontek\u015bcie technologii SM-OLED.<\/p>\n<hr \/>\n<p>Projekty:<\/p>\n<ul>\n<li>Wykonawca:\n<ul>\n<li>NCN, Miniatura5, Nr grantu: 2021\/05\/X\/ST4\/00393, \u201eSynteza oraz w\u0142a\u015bciwo\u015bci fotofizyczne nowych pochodnych benzo[ghi]perylenotriimidu w kontek\u015bcie elektroaktywnych materia\u0142\u00f3w dla organicznej elektroniki\u201d, U\u015a. Realizacja: 2021-2022. Kierownik projektu: Marek Matussek<\/li>\n<li>Inicjatywa Doskona\u0142o\u015bci Badawczej \u201eSwoboda bada\u0144\u201d U\u015a, kwota uzyskanego dofinansowania: 7000 PLN, Kierownik projektu: Marek Matussek<\/li>\n<\/ul>\n<\/li>\n<li>Wsp\u00f3\u0142wykonawca:\n<ul>\n<li>NCN, Nr grantu: 2011\/01\/B\/ST5\/06309, \u201eEtynylobitiofen: uniwersalny reagent do syntezy nowych uk\u0142ad\u00f3w karbo- i heterocyklicznych, nowych kompleks\u00f3w metali, oraz nowych politiofen\u00f3w o oczekiwanych w\u0142a\u015bciwo\u015bciach\u201d, U\u015a. Realizacja: 2011-2014. Kierownik projektu: Stanis\u0142aw Krompiec<\/li>\n<li>NCBiR, Nr grantu: PBS2\/A5\/40\/2014, \u201eInnowacyjne materia\u0142y i nanomateria\u0142y z polskich \u017ar\u00f3de\u0142 renu i metali szlachetnych dla katalizy, farmacji i organicznej elektroniki\u201d. Realizacja: 2014-2016. Warto\u015b\u0107 projektu: 8 550 000 PLN (konsorcjum). Warto\u015b\u0107 zadania realizowanego przez wsp\u00f3\u0142tworzon\u0105 przeze mnie grup\u0119 badawcz\u0105: 600 000 PLN. kierownik zadania: Stanis\u0142aw Krompiec<\/li>\n<li>NCN, Nr grantu: 2016\/21\/B\/ST5\/00805, \u201eCykloaddycja Dielsa-Aldera pod wysokim ci\u015bnieniem: nowe reakcje, nowe zastosowania\u201d, U\u015a. Realizacja: 2017-2019. Kierownik projektu: Stanis\u0142aw Krompiec<\/li>\n<li>NCN, Nr grantu: 2019\/33\/B\/ST4\/00962, \u201eOd perylenu do funkcjonalizowanych nanografen\u00f3w o oczekiwanych w\u0142a\u015bciwo\u015bciach\u201d, U\u015a. Realizacja: 2020-2023. Kierownik projektu: Stanis\u0142aw Krompiec<\/li>\n<li>NCN, Nr grantu: 2019\/35\/B\/ST4\/00115, \u201eStrategia APEX w syntezie funkcjonalizowanych nanografen\u00f3w z 1,4-diarylo-1,3-butadiyn\u00f3w oraz perylenu i jego pochodnych: nowe domino Diels-Alder cykloaddycja-cykloaromatyzacja\u201d, U\u015a. Realizacja: 2020-2023. Kierownik projektu: Stanis\u0142aw Krompiec<\/li>\n<li>Inkubator Innowacyjno\u015bci 4.0 \u201eOptymalizacja struktur oraz powi\u0119kszenie skali syntez nowych materia\u0142\u00f3w molekularnych dla technologii OLED oraz OPV\u201d, U\u015a. Realizacja: 2022. S. Krompiec, M. Matussek, A. Kurpanik-W\u00f3jcik, W. Ignasiak, P. Data (Politechnika \u015al\u0105ska), K. Zemlak (Syntal Chemicals)<\/li>\n<\/ul>\n<\/li>\n<\/ul>\n<hr \/>\n<p>Wybrane publikacje:<\/p>\n<ul>\n<li>Marek Matussek, Aneta Kurpanik-W\u00f3jcik, Szymon Gogoc, Aleksandra Fijo\u0142ek, Micha\u0142 Filapek, Beata Naumczuk, Przemys\u0142aw Data, Electroactive Dyes Based on 1,8-Naphthalimide with Acetylene Linkers as Promising OLED Materials\u2013 the Relationship Between Structure and Photophysical Properties (2023), Chemistry- A European Journal, 29(61), e202302115 (1 \u2013 15)<\/li>\n<li>Marek Matussek, Micha\u0142 Filapek, Pawe\u0142 Gancarz, Stanis\u0142aw Krompiec, Jan Grzegorz Ma\u0142ecki, Sonia Kotowicz, Mariola Siwy, Sebastian Ma\u0107kowski, Anna Chrobok, Ewa Schab-Balcerzak, Aneta S\u0142odek, Synthesis and photophysical properties of new perylene bisimide derivatives for application as emitting materials in OLEDs (2018), Dyes and Pigments, 159, 590-599<\/li>\n<li>Aneta Kurpanik, Marek Matussek, Gra\u017cyna Szafraniec-Gorol, Micha\u0142 Filapek, Piotr Lodowski, Beata Marcol-Szumilas, Witold Ignasiak, Jan Grzegorz Ma\u0142ecki, Barbara Machura, Magdalena Ma\u0142ecka, Witold Danikiewicz, Sebastian Pawlus, Stanis\u0142aw Krompiec, APEX Strategy Represented by Diels\u2013Alder Cycloadditions- New Opportunities for the Syntheses of Functionalised PAHs (2020), Chemistry &#8211; A European Journal, 26(53), 12150<\/li>\n<li>Aneta Slodek, Michal Filapek, Ewa Schab-Balcerzak, Marzena Grucela, Sonia Kotowicz, Henryk Janeczek, Karolina Smolarek, Sebastian Mackowski, Jan Grzegorz Malecki, Agnieszka Jedrzejowska, Grazyna Szafraniec-Gorol, Anna Chrobok, Beata Marcol, Stanislaw Krompiec, Marek Matussek*, Highly Luminescence Anthracene Derivatives as Promising Materials for OLED Applications (2016), European Journal of Organic Chemistry, (23), 4020-4031<\/li>\n<li>Stanis\u0142aw Krompiec, Aneta Kurpanik-W\u00f3jcik, Marek Matussek, Bogumi\u0142a Go\u0142ek, Angelika Mieszczanin, Aleksandra Fijo\u0142ek, Diels\u2013Alder cycloaddition with CO, CO2 , SO2 , or N2 extrusion: A powerful tool for material chemistry (2022), Materials, 15(1), 172<\/li>\n<li>Aneta Kurpanik, Marek Matussek, Piotr Lodowski, Gra\u017cyna Szafraniec-Gorol, Micha\u0142 Krompiec, Stanis\u0142aw Krompiec, Diels\u2013Alder Cycloaddition to the Bay Region of Perylene and Its Derivatives as an Attractive Strategy for PAH Core Expansion: Theoretical and Practical Aspects (2020), Molecules, 25(22), 5373<\/li>\n<li>Marzena Rams-Baron, Agnieszka J\u0119drzejowska, Karolina Jurkiewicz, Marek Matussek, Ma\u0142gorzata Musia\u0142, Marian Paluch, The dielectric response of phenothiazine-based glass-formers with different molecular complexity (2021), Scientific Reports, 11, 15816<\/li>\n<li>Stanis\u0142aw Krompiec, Piotr Zbigniew Lodowski, Aneta Kurpanik-W\u00f3jcik, Bogumi\u0142a Go\u0142ek, Angelika Klaudia Mieszczanin, Aleksandra Katarzyna Fijo\u0142ek, Marek Andrzej Matussek, Klaudia Kaszuba, Nitrile Oxide, Alkenes, Dipolar Cycloaddition, Isomerization and Metathesis Involved in the Syntheses of 2-Isoxazolines (2023), Molecules, 28(6), 2547<\/li>\n<li>Marzena Rams-Baron, Agnieszka J\u0119drzejowska, Karolina Jurkiewicz, Marek Matussek, Kia L Ngai, Marian Paluch, Broadband dielectric study of sizable molecular glass formers : relationship between local structure and dynamics (2021), Journal of Physical Chemistry Letters, 12, 245-249<\/li>\n<li>Anna Maria Maro\u0144, Agata Maria Sz\u0142apa-Kula, Marek Andrzej Matussek, Rafal Kruszy\u0144ski, Mariola Siwy, Henryk Janeczek, Justyna Grzelak, Sebastian Ma\u0107kowski, Ewa Schab-Balcerzak, Barbara El\u017cbieta Machura, Photoluminescence enhancement of Re(I) carbonyl complexes bearingD\u2013Aand D\u2013\u03c0\u2013A ligands (2020), Dalton Transactions, 49, 4441-4453<\/li>\n<\/ul>\n<hr \/>\n<p>Patenty:<\/p>\n<ul>\n<li>22 patenty<\/li>\n<li>15 zg\u0142osze\u0144 patentowych<\/li>\n<\/ul>\n<p>\n<\/div>\r\n                    <\/div>\r\n                <\/div>[\/vc_column][vc_column width=&#8221;2\/6&#8243;][\/vc_column][vc_column width=&#8221;1\/12&#8243;][\/vc_column][\/vc_row][vc_row][vc_column][vc_column_text][\/vc_column_text][\/vc_column][\/vc_row]<\/p>","protected":false},"excerpt":{"rendered":"<p>[vc_row][vc_column][vc_column_text][\/vc_column_text][\/vc_column][\/vc_row][vc_row][vc_column width=&#8221;1\/12&#8243;][\/vc_column][vc_column width=&#8221;3\/6&#8243;][\/vc_column][vc_column width=&#8221;2\/6&#8243;][\/vc_column][vc_column width=&#8221;1\/12&#8243;][\/vc_column][\/vc_row][vc_row][vc_column][vc_column_text][\/vc_column_text][\/vc_column][\/vc_row] [&#8230;]<\/p>\n<p><a class=\"btn btn-secondary understrap-read-more-link\" href=\"https:\/\/us.edu.pl\/instytut\/ich\/dzialalnosc-naukowa\/badacze-indywidualni\/marek-matussek\/\">Read More&#8230;<\/a><\/p>\n","protected":false},"author":99,"featured_media":0,"parent":128,"menu_order":0,"comment_status":"closed","ping_status":"closed","template":"","meta":{"_expiration-date-status":"","_expiration-date":0,"_expiration-date-type":"","_expiration-date-categories":[],"_expiration-date-options":[]},"acf":[],"_links":{"self":[{"href":"https:\/\/us.edu.pl\/instytut\/ich\/wp-json\/wp\/v2\/pages\/3442"}],"collection":[{"href":"https:\/\/us.edu.pl\/instytut\/ich\/wp-json\/wp\/v2\/pages"}],"about":[{"href":"https:\/\/us.edu.pl\/instytut\/ich\/wp-json\/wp\/v2\/types\/page"}],"author":[{"embeddable":true,"href":"https:\/\/us.edu.pl\/instytut\/ich\/wp-json\/wp\/v2\/users\/99"}],"replies":[{"embeddable":true,"href":"https:\/\/us.edu.pl\/instytut\/ich\/wp-json\/wp\/v2\/comments?post=3442"}],"version-history":[{"count":2,"href":"https:\/\/us.edu.pl\/instytut\/ich\/wp-json\/wp\/v2\/pages\/3442\/revisions"}],"predecessor-version":[{"id":3472,"href":"https:\/\/us.edu.pl\/instytut\/ich\/wp-json\/wp\/v2\/pages\/3442\/revisions\/3472"}],"up":[{"embeddable":true,"href":"https:\/\/us.edu.pl\/instytut\/ich\/wp-json\/wp\/v2\/pages\/128"}],"wp:attachment":[{"href":"https:\/\/us.edu.pl\/instytut\/ich\/wp-json\/wp\/v2\/media?parent=3442"}],"curies":[{"name":"wp","href":"https:\/\/api.w.org\/{rel}","templated":true}]}}