{"id":348,"date":"2020-03-30T13:20:09","date_gmt":"2020-03-30T11:20:09","guid":{"rendered":"http:\/\/us.edu.pl\/instytut\/ich\/?page_id=348"},"modified":"2021-01-26T11:40:54","modified_gmt":"2021-01-26T10:40:54","slug":"barbara-machura","status":"publish","type":"page","link":"https:\/\/us.edu.pl\/instytut\/ich\/dzialalnosc-naukowa\/zespoly-badawcze\/fizykochemia-zwiazkow-metali-przejsciowych\/barbara-machura\/","title":{"rendered":"prof. dr hab. Barbara Machura"},"content":{"rendered":"<p>[vc_row][vc_column width=&#8221;1\/12&#8243;][\/vc_column][vc_column width=&#8221;3\/6&#8243;]\r\n                <div class=\"text-modules\">\r\n                    <div class=\"container\">\r\n                        <h3 class=\"page-title text__title\">prof. dr hab. Barbara Machura<\/h3>\r\n                        <div class=\"text-modules__content\"><p><a href=\"https:\/\/ab.us.edu.pl\/emp?id=15792\">Uniwersytet \u015al\u0105ski<\/a><\/p>\n<p><a href=\"https:\/\/www.scopus.com\/authid\/detail.uri?authorId=8557975200\" target=\"_blank\" rel=\"noopener noreferrer\">Scopus<\/a><\/p>\n<p><a href=\"https:\/\/orcid.org\/0000-0001-7688-6491\" target=\"_blank\" rel=\"noopener noreferrer\">ORCID<\/a><\/p>\n<hr \/>\n<p>Informacje:<\/p>\n<p>Doktorat: <em>1997 &#8211; Wydzia\u0142 Matematyki, Fizyki i Chemii Uniwersytetu \u015al\u0105skiego<\/em><br \/>\nHabilitacja: <em>2006 &#8211; Wydzia\u0142 Chemiczny Politechniki \u0141\u00f3dzkiej<\/em><br \/>\nProfesor tytularny: <em>2014<\/em><\/p>\n<hr \/>\n<p>Dane kontaktowe:<\/p>\n<p>e-mail: <em>barbara.machura@us.edu.pl<br \/>\n<\/em>telefon: <em>(32) 359-17-18<\/em><br \/>\nadres: <em>pok. <strong>136<\/strong>, ul. Bankowa 14, 40-007 Katowice<\/em><\/p>\n<hr \/>\n<p>Nagrody, wyr\u00f3\u017cnienia, pe\u0142nione funkcje:<\/p>\n<ul>\n<li>Komitet Chemii PAN, cz\u0142onek na kadencj\u0119 2020 do 2023<\/li>\n<li>Komisja Nauk Chemicznych Oddz. PAN w Katowicach \u2013 cz\u0142onek od 2007, z-ca przewodnicz\u0105cego od 2016<\/li>\n<li>Polskie Towarzystwo Chemiczne \u2013 Oddzia\u0142 w Katowicach \u2013 wiceprezes 2010 do 2018<\/li>\n<li>Medal srebrny za d\u0142ugoletni\u0105 s\u0142u\u017cb\u0119 nadany przez Prezydenta Rzeczypospolitej Polskiej (13.09.2013)<\/li>\n<li>Z\u0142ota Odznaka za zas\u0142ugi dla Uniwersytetu \u015al\u0105skiego nadana przez JM Rektora U\u015a (28.06.2016)<\/li>\n<li>Nagrody indywidualne II i III stopnia za dzia\u0142alno\u015b\u0107 naukowo-badawcz\u0105 przyznane przez JM Rektora U\u015a (1997, 2000, 2006-2018)<\/li>\n<\/ul>\n<p>Informacje o wsp\u00f3\u0142pracy z innymi o\u015brodkami\/zespo\u0142ami:<\/p>\n<ul>\n<li>Wsp\u00f3\u0142praca mi\u0119dzynarodowa:\n<ul>\n<li>Department of Chemistry, G. M. Institute of Technology, Davangere, Karnataka, India<\/li>\n<li>Centre for Nano and Material Sciences, Jain University, Jain Global Campus, Bangalore, Karnataka, India<\/li>\n<li>Department of Biochemistry, School of Sciences-block I, Jain University, Jayanagar 3rd block, Bangalore, Karnataka, India<\/li>\n<li>Department of Inorganic Chemistry\/Molecular Science Institute (ICMol), University of Valencia, Spain<\/li>\n<li>Department of Chemistry, Faculty of Natural Sciences, University of SS Cyril and Methodius, Slovakia<\/li>\n<li>National High Magnetic Field Laboratory, Florida State University, United States<\/li>\n<li>UCIBIO, Departamento de Ci\u00eancias da Vida, Faculdade de Ci\u00eancias e Tecnologia, Universidade NOVA de Lisboa, Portugal<\/li>\n<li>Semenov Institute of Chemical Physics, Russian Academy of Sciences, Moscow, Russia<\/li>\n<li>Laboratory of Ultrafast Spectroscopy, Lausanne Center for Ultrafast Science (LACUS), Switzerland<\/li>\n<\/ul>\n<\/li>\n<li>Wsp\u00f3\u0142praca krajowa:\n<ul>\n<li>Instytut Chemii Og\u00f3lnej i Ekologicznej Politechniki \u0141\u00f3dzka<\/li>\n<li>Wydzia\u0142 Chemii Uniwersytetu Wroc\u0142awskiego<\/li>\n<li>Instytut Niskich Temperatur i Bada\u0144 Strukturalnych PAN Wroc\u0142aw<\/li>\n<li>Wydzia\u0142 Chemiczny Uniwersytetu im. A. Mickiewicza w Poznaniu<\/li>\n<li>Wydzia\u0142 Chemiczny Politechniki Warszawskiej<\/li>\n<\/ul>\n<\/li>\n<\/ul>\n<hr \/>\n<p>\n<\/div>\r\n                    <\/div>\r\n                <\/div>[\/vc_column][vc_column width=&#8221;2\/6&#8243;][\/vc_column][vc_column width=&#8221;1\/12&#8243;][\/vc_column][\/vc_row]<\/p>","protected":false},"excerpt":{"rendered":"<p>[vc_row][vc_column width=&#8221;1\/12&#8243;][\/vc_column][vc_column width=&#8221;3\/6&#8243;][\/vc_column][vc_column width=&#8221;2\/6&#8243;][\/vc_column][vc_column width=&#8221;1\/12&#8243;][\/vc_column][\/vc_row] [&#8230;]<\/p>\n<p><a class=\"btn btn-secondary understrap-read-more-link\" href=\"https:\/\/us.edu.pl\/instytut\/ich\/dzialalnosc-naukowa\/zespoly-badawcze\/fizykochemia-zwiazkow-metali-przejsciowych\/barbara-machura\/\">Read More&#8230;<\/a><\/p>\n","protected":false},"author":99,"featured_media":0,"parent":346,"menu_order":0,"comment_status":"closed","ping_status":"closed","template":"","meta":{"_expiration-date-status":"saved","_expiration-date":0,"_expiration-date-type":"","_expiration-date-categories":[],"_expiration-date-options":[]},"acf":[],"_links":{"self":[{"href":"https:\/\/us.edu.pl\/instytut\/ich\/wp-json\/wp\/v2\/pages\/348"}],"collection":[{"href":"https:\/\/us.edu.pl\/instytut\/ich\/wp-json\/wp\/v2\/pages"}],"about":[{"href":"https:\/\/us.edu.pl\/instytut\/ich\/wp-json\/wp\/v2\/types\/page"}],"author":[{"embeddable":true,"href":"https:\/\/us.edu.pl\/instytut\/ich\/wp-json\/wp\/v2\/users\/99"}],"replies":[{"embeddable":true,"href":"https:\/\/us.edu.pl\/instytut\/ich\/wp-json\/wp\/v2\/comments?post=348"}],"version-history":[{"count":6,"href":"https:\/\/us.edu.pl\/instytut\/ich\/wp-json\/wp\/v2\/pages\/348\/revisions"}],"predecessor-version":[{"id":1266,"href":"https:\/\/us.edu.pl\/instytut\/ich\/wp-json\/wp\/v2\/pages\/348\/revisions\/1266"}],"up":[{"embeddable":true,"href":"https:\/\/us.edu.pl\/instytut\/ich\/wp-json\/wp\/v2\/pages\/346"}],"wp:attachment":[{"href":"https:\/\/us.edu.pl\/instytut\/ich\/wp-json\/wp\/v2\/media?parent=348"}],"curies":[{"name":"wp","href":"https:\/\/api.w.org\/{rel}","templated":true}]}}