{"id":353,"date":"2020-04-02T14:32:44","date_gmt":"2020-04-02T12:32:44","guid":{"rendered":"http:\/\/us.edu.pl\/instytut\/ich\/?page_id=353"},"modified":"2026-03-23T16:08:40","modified_gmt":"2026-03-23T15:08:40","slug":"modelowanie-zlozonych-sygnalow-instrumentalnych","status":"publish","type":"page","link":"https:\/\/us.edu.pl\/instytut\/ich\/dzialalnosc-naukowa\/zespoly-badawcze\/modelowanie-zlozonych-sygnalow-instrumentalnych\/","title":{"rendered":"Modelowanie Z\u0142o\u017conych Sygna\u0142\u00f3w instrumentalnych"},"content":{"rendered":"<p>[vc_row][vc_column][vc_column_text][\/vc_column_text][\/vc_column][\/vc_row][vc_row][vc_column][vc_column_text][\/vc_column_text][\/vc_column][\/vc_row][vc_row][vc_column][vc_column_text][\/vc_column_text][\/vc_column][\/vc_row][vc_row][vc_column][vc_column_text][\/vc_column_text][\/vc_column][\/vc_row][vc_row][vc_column]\r\n                <div class=\"text-modules\">\r\n                    <div class=\"container\">\r\n                        <h3 class=\"page-title text__title\">Modelowanie Z\u0142o\u017conych Sygna\u0142\u00f3w Instrumentalnych<\/h3>\r\n                        <div class=\"text-modules__content\"><p>Lider zespo\u0142u: <a href=\"http:\/\/us.edu.pl\/instytut\/ich\/dzialalnosc-naukowa\/zespoly-badawcze\/modelowanie-zlozonych-sygnalow-instrumentalnych\/michal-daszykowski\/\">prof. dr hab. Micha\u0142 Daszykowski<\/a><\/p>\n<p>Sk\u0142ad zespo\u0142u:<\/p>\n<p><a href=\"https:\/\/ab.us.edu.pl\/emp?id=25712\" target=\"_blank\" rel=\"noopener noreferrer\">dr hab. Ivana Stanimirova-Daszykowska, prof. U\u015a<\/a> (<a href=\"https:\/\/orcid.org\/0000-0003-4966-3246\" target=\"_blank\" rel=\"noopener noreferrer\">ORCID<\/a>, <a href=\"https:\/\/www.researchgate.net\/profile\/Ivana_Stanimirova\">Research Gate<\/a>, <a href=\"https:\/\/scholar.google.pl\/citations?user=xvB8-fwAAAAJ&amp;hl=pl\">Google Scholar<\/a>)<br \/>\n<a href=\"https:\/\/ab.us.edu.pl\/emp?id=62283\" target=\"_blank\" rel=\"noopener noreferrer\">dr \u0141ukasz Pieszczek<\/a> (<a href=\"https:\/\/orcid.org\/0000-0001-5020-9708\" target=\"_blank\" rel=\"noopener noreferrer\">ORCID<\/a>, <a href=\"https:\/\/www.researchgate.net\/profile\/Lukasz_Pieszczek\">Research Gate<\/a>, <a href=\"https:\/\/scholar.google.pl\/citations?hl=en&amp;user=2phEdPYAAAAJ\">Google Scholar<\/a>)<br \/>\nEmilia Habdas<\/p>\n<p>Strona internetowa: <a href=\"https:\/\/sites.google.com\/site\/chemomlab\">https:\/\/sites.google.com\/site\/chemomlab<\/a><\/p>\n<hr \/>\n<p>Tematyka bada\u0144 zespo\u0142u:<\/p>\n<p style=\"margin: 0cm; margin-bottom: .0001pt; text-align: justify; background: white;\"><span style=\"font-size: 11.0pt; color: black;\">Badania cz\u0142onk\u00f3w Zespo\u0142u koncentruj\u0105 si\u0119 przede wszystkim na opracowywaniu nowych podej\u015b\u0107 diagnostycznych bazuj\u0105cych na zaawansowanym przetwarzaniu i modelowaniu sygna\u0142\u00f3w instrumentalnych. Sygna\u0142y te s\u0105 pozyskiwane za pomoc\u0105 r\u00f3\u017cnego typu uk\u0142ad\u00f3w pomiarowych, w tym sprz\u0119\u017conych uk\u0142ad\u00f3w pomiarowych, wykorzystuj\u0105cych r\u00f3\u017cne metody detekcji. Obiektem naszych zainteresowa\u0144 s\u0105 w szczeg\u00f3lno\u015bci sygna\u0142y instrumentalne, tzw. chemiczne odciski palca, kt\u00f3re charakteryzuj\u0105 sk\u0142ad chemiczny z\u0142o\u017conych pr\u00f3bek. Mog\u0105 to by\u0107 np. chromatogramy uzyskane za pomoc\u0105 jedno- czy wielokana\u0142owych detektor\u00f3w (detektor z matryc\u0105 diodow\u0105, spektrometria mas), densytogramy, obrazy hiperspektralne powierzchni pr\u00f3bek, czy widma fluorescencyjne. Nasze badania maj\u0105 charakter wysoce interdyscyplinarny poniewa\u017c wykorzystuj\u0105 wiedz\u0119 r\u00f3\u017cnych dyscyplin takich jak chemia, biologia, nauki o zdrowiu, farmacja, medycyna, metabolomika, historia sztuki, informatyka, chemometria. W szczeg\u00f3lno\u015bci realizujemy nast\u0119puj\u0105ce projekty: chromatograficzna charakteryzacja sk\u0142adu z\u0142o\u017conych pr\u00f3bek i opracowywanie efektywnych metod ich analizy, badanie sk\u0142adu chemicznego ro\u015blin leczniczych, wykorzystanie metod instrumentalnych do badania uk\u0142ad\u00f3w, system\u00f3w i zjawisk, modelowanie z\u0142o\u017conych sygna\u0142\u00f3w instrumentalnych (uczenie maszynowe,\u00a0<em>data mining<\/em>, oraz przetwarzanie\u00a0<em>big data<\/em>), modele diagnostyczne na potrzeby metabolomiki, obrazowanie wielo- i hiperspektralne, ocena wybranych zagro\u017ce\u0144 \u015brodowiskowych, badanie autentyczno\u015bci pr\u00f3bek, badanie proces\u00f3w starzeniowych, \u2018inteligentne\u2019 sensory, systemy laboratoryjne i systemy eksperckie, rozwijanie narz\u0119dzi chemometrycznych, efektywne przetwarzanie.<\/span><\/p>\n<hr \/>\n<p>S\u0142owa kluczowe opisuj\u0105ce tematyk\u0119 badawcz\u0105:<\/p>\n<p style=\"margin: 0cm; margin-bottom: .0001pt; text-align: justify; background: white;\"><span style=\"font-size: 11.0pt; color: black;\">chemometria, kalibracja, klasyfikacja, dyskryminacja, fuzja danych, modelowanie sygna\u0142\u00f3w instrumentalnych, modele b\u0142\u0119d\u00f3w, planowanie eksperymentu (DoE), identyfikacja \u017ar\u00f3de\u0142 zanieczyszcze\u0144, obrazowanie hiperspektralne, chromatografia, spektroskopia, fluorescencja, metabolomika, wykrywanie zafa\u0142szowa\u0144, badania autentyczno\u015bci, chemiczne odciski palca, chemotaksonomia, systemy eksperckie, inteligentne systemy laboratoryjne, analityka proces\u00f3w technologicznych, kontrola proces\u00f3w technologicznych, kontrola jako\u015bci, projektowanie jako\u015bci<\/span><\/p>\n<hr \/>\n<p>Projekty:<\/p>\n<ol>\n<li>Fluorescencyjne krajobrazy w po\u0142\u0105czeniu z chemometrycznymi jako potencjalne narz\u0119dzie do wyznaczania ca\u0142kowitej zdolno\u015bci antyoksydacyjnej, Narodowe Centrum Nauki, nr grantu: 2011\/03\/N\/ST4\/00713<\/li>\n<li>Hiperspektrogramy &#8211; nowy spos\u00f3b opisu, wizualizacji i interpretacji chemicznej niehomogeniczno\u015bci pr\u00f3bek sta\u0142ych, Narodowe Centrum Nauki, nr grantu: 2018\/29\/N\/ST4\/01547<\/li>\n<li>Badanie stabilno\u015bci wybranych zwi\u0105zk\u00f3w azowych i diazowych jako dodatk\u00f3w fiskalnych paliw pod wp\u0142ywem kontrolowanych czynnik\u00f3w, Narodowe Centrum Nauki, nr grantu 2014\/13\/B\/ST4\/05007<\/li>\n<\/ol>\n<hr \/>\n<p>Wsp\u00f3\u0142praca:<\/p>\n<ul>\n<li>Department of Bioorganic Chemistry, Wroc\u0142aw University of Technology, Poland<\/li>\n<li>Klinika angiologii, nadci\u015bnienia t\u0119tniczego i diabetologii, Uniwersytet Medyczny, Wroc\u0142aw, Polska<\/li>\n<li>Walstead Krak\u00f3w Sp. z o.o., Krak\u00f3w, Polska<\/li>\n<li>Department of Chemistry, Brandeis University, Waltham, MA, USA<\/li>\n<li>Department of Pathophysiology, Plant Protection Institute, Centre for Agricultural Research, Budapest, Hungary<\/li>\n<\/ul>\n<hr \/>\n<p>Wybrane publikacje:<\/p>\n<p>[1] A. Z\u0105bek, I. Stanimirova, S. Deja, W. Barg, A. Kowal, A. Korzeniewska, M. Orczyk-Pawi\u0142owicz, D. Baranowski, Z. Gdaniec, R. Jankowska, P. M\u0142ynarz, Fusion of the 1H NMR data of serum, urine and exhaled breath condensate in order to discriminate chronic obstructive pulmonary disease and obstructive sleep apnea syndrome, Metabolomics. 11 (2015) 1563\u20131574. <a href=\"https:\/\/doi.org\/10.1007\/s11306-015-0808-5\">https:\/\/doi.org\/10.1007\/s11306-015-0808-5<\/a> (Otwarty dost\u0119p)<\/p>\n<p>[2] J. Orzel, M. Daszykowski, Recent trends in the use of liquid fuel taggants and their analysis, TrAC Trends in Analytical Chemistry. 87 (2017) 98\u2013111. <a href=\"https:\/\/doi.org\/10.1016\/j.trac.2016.11.010\">https:\/\/doi.org\/10.1016\/j.trac.2016.11.010<\/a>.<\/p>\n<p>[3] L. Pieszczek, H. Czarnik-Matusewicz, M. Daszykowski, Identification of ground meat species using near-infrared spectroscopy and class modeling techniques \u2013 Aspects of optimization and validation using a one-class classification model, Meat Science. 139 (2018) 15\u201324. <a href=\"https:\/\/doi.org\/10.1016\/j.meatsci.2018.01.009\">https:\/\/doi.org\/10.1016\/j.meatsci.2018.01.009<\/a>.<\/p>\n<p>[4] L. Pieszczek, M. Daszykowski, Improvement of recyclable plastic waste detection \u2013 A novel strategy for the construction of rigorous classifiers based on the hyperspectral images, Chemometrics and Intelligent Laboratory Systems. 187 (2019) 28\u201340. <a href=\"https:\/\/doi.org\/10.1016\/j.chemolab.2019.02.009\">https:\/\/doi.org\/10.1016\/j.chemolab.2019.02.009<\/a>.<\/p>\n<p>[5] M. Daszykowski, J. Orzel, I. Stanimirova, A. Poliwoda, D. Prukala, P. Mlynarz, Studying the stability of Solvent Red 19 and 23 as excise duty components under the influence of controlled factors, Fuel Processing Technology. 206 (2020) 106465. <a href=\"https:\/\/doi.org\/10.1016\/j.fuproc.2020.106465\">https:\/\/doi.org\/10.1016\/j.fuproc.2020.106465<\/a> (Otwarty dost\u0119p)<\/p>\n<p>[6] A. Fulczyk, E. \u0141ata, E. Talik, M. Dolnik, T. Kowalska, M. Sajewicz, Impact of D2O on the peptidization of L-alanine, Reac Kinet Mech Cat. 130 (2020) 5\u201315. <a href=\"https:\/\/doi.org\/10.1007\/s11144-020-01783-y\">https:\/\/doi.org\/10.1007\/s11144-020-01783-y<\/a> (Otwarty dost\u0119p)<\/p>\n<p>[7] T. Hocotz, O. Bibikova, V. Belikova, A. Bogomolov, I. Usenov, L. Pieszczek, T. Sakharova, O. Minet, E. Feliksberger, V. Artyushenko, B. Rau, U. Zabarylo, Synergy Effect of Combined Near and Mid-Infrared Fibre Spectroscopy for Diagnostics of Abdominal Cancer, Sensors. 20 (2020) 6706. <a href=\"https:\/\/doi.org\/10.3390\/s20226706\">https:\/\/doi.org\/10.3390\/s20226706<\/a> (Otwarty dost\u0119p)<\/p>\n<p>[8] E. \u0141ata, A. Fulczyk, P.G. Ott, T. Kowalska, M. Sajewicz, \u00c1.M. M\u00f3ricz, Thin-layer chromatographic quantification of magnolol and honokiol in dietary supplements and selected biological properties of these preparations, Journal of Chromatography A. 1625 (2020) 461230. <a href=\"https:\/\/doi.org\/10.1016\/j.chroma.2020.461230\">https:\/\/doi.org\/10.1016\/j.chroma.2020.461230<\/a> (Otwarty dost\u0119p)<\/p>\n<p>[9] M. Patrza\u0142ek, M. Kosecka-Strojek, K. Lisowska-\u0141ysiak, M. Trela, M. Kot, M. Gawlak, D. Liszka, M. Sajewicz, B. Tombarkiewicz, K. Pawlak, J. Mi\u0119dzobrodzki, M.W. Lis, Preliminary evaluation of application of a 3-dimensional network structure of siloxanes Dergall preparation on chick embryo development and microbiological status of eggshells, Poultry Science. 99 (2020) 1581\u20131590. <a href=\"https:\/\/doi.org\/10.1016\/j.psj.2019.10.079\">https:\/\/doi.org\/10.1016\/j.psj.2019.10.079<\/a> (Otwarty dost\u0119p)<\/p>\n<p>[10] I. Stanimirova, M. Banasik, A. Z\u0105bek, T. Dawiskiba, K. Ko\u015bcielska-Kasprzak, W. Wojtowicz, M. Krajewska, D. Janczak, P. M\u0142ynarz, Serum metabolomics approach to monitor the changes in metabolite profiles following renal transplantation, Scientific Reports. 10 (2020) 17223. <a href=\"https:\/\/doi.org\/10.1038\/s41598-020-74245-z\">https:\/\/doi.org\/10.1038\/s41598-020-74245-z<\/a> (Otwarty dost\u0119p)<\/p>\n<hr \/>\n<p>\n<\/div>\r\n                    <\/div>\r\n                <\/div>[\/vc_column][\/vc_row][vc_row][vc_column][vc_column_text][\/vc_column_text][\/vc_column][\/vc_row][vc_row][vc_column][vc_column_text][\/vc_column_text][\/vc_column][\/vc_row][vc_row][vc_column][vc_column_text]<\/p>","protected":false},"excerpt":{"rendered":"<p>[vc_row][vc_column][vc_column_text][\/vc_column_text][\/vc_column][\/vc_row][vc_row][vc_column][vc_column_text][\/vc_column_text][\/vc_column][\/vc_row][vc_row][vc_column][vc_column_text][\/vc_column_text][\/vc_column][\/vc_row][vc_row][vc_column][vc_column_text][\/vc_column_text][\/vc_column][\/vc_row][vc_row][vc_column][\/vc_column][\/vc_row][vc_row][vc_column][vc_column_text][\/vc_column_text][\/vc_column][\/vc_row][vc_row][vc_column][vc_column_text][\/vc_column_text][\/vc_column][\/vc_row][vc_row][vc_column][vc_column_text] [&#8230;]<\/p>\n<p><a class=\"btn btn-secondary understrap-read-more-link\" href=\"https:\/\/us.edu.pl\/instytut\/ich\/dzialalnosc-naukowa\/zespoly-badawcze\/modelowanie-zlozonych-sygnalow-instrumentalnych\/\">Read More&#8230;<\/a><\/p>\n","protected":false},"author":99,"featured_media":0,"parent":126,"menu_order":0,"comment_status":"closed","ping_status":"closed","template":"","meta":{"_expiration-date-status":"","_expiration-date":0,"_expiration-date-type":"","_expiration-date-categories":[],"_expiration-date-options":[]},"acf":[],"_links":{"self":[{"href":"https:\/\/us.edu.pl\/instytut\/ich\/wp-json\/wp\/v2\/pages\/353"}],"collection":[{"href":"https:\/\/us.edu.pl\/instytut\/ich\/wp-json\/wp\/v2\/pages"}],"about":[{"href":"https:\/\/us.edu.pl\/instytut\/ich\/wp-json\/wp\/v2\/types\/page"}],"author":[{"embeddable":true,"href":"https:\/\/us.edu.pl\/instytut\/ich\/wp-json\/wp\/v2\/users\/99"}],"replies":[{"embeddable":true,"href":"https:\/\/us.edu.pl\/instytut\/ich\/wp-json\/wp\/v2\/comments?post=353"}],"version-history":[{"count":10,"href":"https:\/\/us.edu.pl\/instytut\/ich\/wp-json\/wp\/v2\/pages\/353\/revisions"}],"predecessor-version":[{"id":3726,"href":"https:\/\/us.edu.pl\/instytut\/ich\/wp-json\/wp\/v2\/pages\/353\/revisions\/3726"}],"up":[{"embeddable":true,"href":"https:\/\/us.edu.pl\/instytut\/ich\/wp-json\/wp\/v2\/pages\/126"}],"wp:attachment":[{"href":"https:\/\/us.edu.pl\/instytut\/ich\/wp-json\/wp\/v2\/media?parent=353"}],"curies":[{"name":"wp","href":"https:\/\/api.w.org\/{rel}","templated":true}]}}