{"id":361,"date":"2020-04-02T14:56:52","date_gmt":"2020-04-02T12:56:52","guid":{"rendered":"http:\/\/us.edu.pl\/instytut\/ich\/?page_id=361"},"modified":"2021-01-25T21:52:41","modified_gmt":"2021-01-25T20:52:41","slug":"jaroslaw-polanski","status":"publish","type":"page","link":"https:\/\/us.edu.pl\/instytut\/ich\/dzialalnosc-naukowa\/zespoly-badawcze\/projektowanie-i-synteza-lekow-i-materialow\/jaroslaw-polanski\/","title":{"rendered":"prof. dr hab. in\u017c Jaros\u0142aw Pola\u0144ski"},"content":{"rendered":"<p>[vc_row][vc_column width=&#8221;1\/12&#8243;][\/vc_column][vc_column width=&#8221;3\/6&#8243;]\r\n                <div class=\"text-modules\">\r\n                    <div class=\"container\">\r\n                        <h3 class=\"page-title text__title\">prof. dr hab. in\u017c. Jaros\u0142aw Pola\u0144ski<\/h3>\r\n                        <div class=\"text-modules__content\"><p><a href=\"https:\/\/ab.us.edu.pl\/emp?id=21862\">Uniwersytet \u015al\u0105ski<\/a><\/p>\n<p><a href=\"https:\/\/www.scopus.com\/authid\/detail.uri?authorId=7005055410\" target=\"_blank\" rel=\"noopener noreferrer\">Scopus<\/a><\/p>\n<p><a href=\"https:\/\/orcid.org\/0000-0001-7361-2671\" target=\"_blank\" rel=\"noopener noreferrer\">ORCID<\/a><\/p>\n<hr \/>\n<p>Informacje:<\/p>\n<p>Doktorat: <em>1991 &#8211; Uniwersytet \u015al\u0105ski w Katowicach<\/em><br \/>\nHabilitacja: <em>1998 &#8211; Politechnika \u0141\u00f3dzka<\/em><br \/>\nProfesor tytularny: <em>2004 &#8211; Politechnika \u0141\u00f3dzka<\/em><\/p>\n<hr \/>\n<p>Dane kontaktowe:<\/p>\n<p>e-mail: <em>jaroslaw.polanski@us.edu.pl<br \/>\n<\/em>telefon: <em>(32) 349-77-32<\/em><br \/>\nadres: <em>pok. <strong>C\/0\/09<\/strong>, ul. 75 Pu\u0142ku Piechoty 1A, 41-500 Chorz\u00f3w<\/em><\/p>\n<hr \/>\n<p>Nagrody, wyr\u00f3\u017cnienia, pe\u0142nione funkcje:<\/p>\n<ul>\n<li>Cz\u0142onek Rady Naukowej Selvita S.A.<\/li>\n<li>Cz\u0142onek komitetu redakcyjnego Combinatorial Chemistry &amp; High Throughput Screening (Bentham), Letters in Drug Design and Discovery (Bentham) oraz Catalysts (MDPI)<\/li>\n<li>Cz\u0142onek komitetu konferencyjnego Chemistry Towards Biology<\/li>\n<li>Tw\u00f3rca technologicznych wdro\u017ce\u0144 przemys\u0142owych w Centralnym O\u015brodku Badawczo Rozwojowym Przemys\u0142u Izolacji Budowlanej w Katowicach (COBR PIB)<\/li>\n<li>Tw\u00f3rca platformy zdalnej edukacji \u201ee-chem\u201d Uniwersytetu \u015al\u0105skiego<\/li>\n<li>Lider projekt\u00f3w:\n<ul>\n<li><em>\u015al\u0105ska Biofarma <\/em><\/li>\n<li><em>SPIN US<\/em><\/li>\n<\/ul>\n<\/li>\n<li>Laureat nagrody \u201eMost Cited Paper Award Bioorganic &amp; Medicinal Chemistry\u201d Elsevier 2006 \u2013 2009 (2009)<\/li>\n<li>Nominowany do nagrody \u201cProus Institute \u2013 Overton and Mayer Award for New Technologies in Drug Discovery\u201d przez polskie Towarzystwo Chemii Medycznej (2008)<\/li>\n<li>Promotor laureata nagrody MNiSW dla wybitnych m\u0142odych naukowc\u00f3w (2018)<\/li>\n<li>Kierownik wielu projekt\u00f3w w tym najnowszych:\n<ul>\n<li>Nowe niestopowe nano-koniugaty metaliczne na no\u015bnikach przestrzennych do proces\u00f3w katalitycznej metanizacji i redukcji tlenk\u00f3w azotu &#8211; UMO2018\/29\/B\/ST8\/02303 (2019 &#8211; 2022)<\/li>\n<li>Opracowanie metody regeneracji katalizator\u00f3w DeNOx stosowanych w instalacjach energetycznych oraz opracowanie nowych bardziej efektywnych katalizator\u00f3w DeNOx opartych na innowacyjnych materia\u0142ach uzyskiwanych nanotechnologicznie &#8211; TANGO1\/266384\/NCBR\/2015 (2015 &#8211; 2019)<\/li>\n<\/ul>\n<\/li>\n<li>Autor ponad 15 patent\u00f3w, w tym 4 wdro\u017ce\u0144 przemys\u0142owych<\/li>\n<\/ul>\n<p>Informacje o wsp\u00f3\u0142pracy z innymi o\u015brodkami\/zespo\u0142ami:<\/p>\n<ul>\n<li>Sylvain Antoniotti, Universit\u00e9 Nice Sophia Antipolis, France, Sylvain.Antoniotti(at)unice.fr<\/li>\n<li>Johann Gasteiger, Institut f\u00fcr Organische Chemie, Computer Chemistry Center, University of Erlangen- Nuremberg, johann.gasteiger(at)chemie.uni-erlangen.de<\/li>\n<li>Josef Jampilek, Zentiva pharmaceutical company, Prague, Czech Republic, Josef.Jampilek(at)zentiva.cz<\/li>\n<li>Martin Dole\u017eal, Charles University in Prague, Faculty of Pharmacy in Hradec Kr\u00e1lov\u00e9, Czech Republic,\u00a0dolezalm(at)faf.cuni.cz<\/li>\n<li>Marcos Dantus, Michigan State University, dantus(at)chemistry.msu.edu<\/li>\n<li>Des R. Richardson, Sydney Medical School, The University of Sydney, Sydney Australia,\u00a0desi.richardson(at)usyd.edu.au<\/li>\n<li>Jean-Francois Mouscadet, Dr Marc Le Bret, Dr Luba Tchertanov, Laboratoire de Biotechnologies et de Pharmocologie g\u00e9n\u00e9tique Appliqu\u00e9e, Modelisation mol\u00e9culaire, Cachan Cedex, France<\/li>\n<li>William Spillane, Chemistry Department, National University of Ireland, Galway, Ireland,william.spillane(at)nuigalway.ie<\/li>\n<li>Dietrich Gudat, Institut f\u00fcr Anorganische Chemie, Universit\u00e4t Stuttgart, gudat(at)iac.uni-stuttgart.de<\/li>\n<\/ul>\n<p>\n<\/div>\r\n                    <\/div>\r\n                <\/div>[\/vc_column][vc_column width=&#8221;2\/6&#8243;][\/vc_column][vc_column width=&#8221;1\/12&#8243;][\/vc_column][\/vc_row]<\/p>","protected":false},"excerpt":{"rendered":"<p>[vc_row][vc_column width=&#8221;1\/12&#8243;][\/vc_column][vc_column width=&#8221;3\/6&#8243;][\/vc_column][vc_column width=&#8221;2\/6&#8243;][\/vc_column][vc_column width=&#8221;1\/12&#8243;][\/vc_column][\/vc_row] [&#8230;]<\/p>\n<p><a class=\"btn btn-secondary understrap-read-more-link\" href=\"https:\/\/us.edu.pl\/instytut\/ich\/dzialalnosc-naukowa\/zespoly-badawcze\/projektowanie-i-synteza-lekow-i-materialow\/jaroslaw-polanski\/\">Read More&#8230;<\/a><\/p>\n","protected":false},"author":99,"featured_media":0,"parent":359,"menu_order":0,"comment_status":"closed","ping_status":"closed","template":"","meta":{"_expiration-date-status":"saved","_expiration-date":0,"_expiration-date-type":"","_expiration-date-categories":[],"_expiration-date-options":[]},"acf":[],"_links":{"self":[{"href":"https:\/\/us.edu.pl\/instytut\/ich\/wp-json\/wp\/v2\/pages\/361"}],"collection":[{"href":"https:\/\/us.edu.pl\/instytut\/ich\/wp-json\/wp\/v2\/pages"}],"about":[{"href":"https:\/\/us.edu.pl\/instytut\/ich\/wp-json\/wp\/v2\/types\/page"}],"author":[{"embeddable":true,"href":"https:\/\/us.edu.pl\/instytut\/ich\/wp-json\/wp\/v2\/users\/99"}],"replies":[{"embeddable":true,"href":"https:\/\/us.edu.pl\/instytut\/ich\/wp-json\/wp\/v2\/comments?post=361"}],"version-history":[{"count":3,"href":"https:\/\/us.edu.pl\/instytut\/ich\/wp-json\/wp\/v2\/pages\/361\/revisions"}],"predecessor-version":[{"id":1212,"href":"https:\/\/us.edu.pl\/instytut\/ich\/wp-json\/wp\/v2\/pages\/361\/revisions\/1212"}],"up":[{"embeddable":true,"href":"https:\/\/us.edu.pl\/instytut\/ich\/wp-json\/wp\/v2\/pages\/359"}],"wp:attachment":[{"href":"https:\/\/us.edu.pl\/instytut\/ich\/wp-json\/wp\/v2\/media?parent=361"}],"curies":[{"name":"wp","href":"https:\/\/api.w.org\/{rel}","templated":true}]}}