{"id":405,"date":"2020-04-10T12:04:43","date_gmt":"2020-04-10T10:04:43","guid":{"rendered":"http:\/\/us.edu.pl\/instytut\/ich\/?page_id=405"},"modified":"2020-04-10T12:29:26","modified_gmt":"2020-04-10T10:29:26","slug":"projekt-chemik","status":"publish","type":"page","link":"https:\/\/us.edu.pl\/instytut\/ich\/realizowane-projekty\/projekt-chemik\/","title":{"rendered":"Projekt ChemiK"},"content":{"rendered":"<p>[vc_row][vc_column]\r\n                <div class=\"text-modules\">\r\n                    <div class=\"container\">\r\n                        <h3 class=\"page-title text__title\">Projekt ChemiK<\/h3>\r\n                        <div class=\"text-modules__content\"><p><img loading=\"lazy\" class=\"aligncenter wp-image-411 size-full\" src=\"http:\/\/us.edu.pl\/instytut\/ich\/wp-content\/uploads\/sites\/38\/Editor\/projekty-edukacyjne\/projekt-FE-RP-UE.jpg\" alt=\"\" width=\"5883\" height=\"756\" srcset=\"https:\/\/us.edu.pl\/instytut\/ich\/wp-content\/uploads\/sites\/38\/Editor\/projekty-edukacyjne\/projekt-FE-RP-UE.jpg 5883w, https:\/\/us.edu.pl\/instytut\/ich\/wp-content\/uploads\/sites\/38\/Editor\/projekty-edukacyjne\/projekt-FE-RP-UE-300x39.jpg 300w, https:\/\/us.edu.pl\/instytut\/ich\/wp-content\/uploads\/sites\/38\/Editor\/projekty-edukacyjne\/projekt-FE-RP-UE-768x99.jpg 768w, https:\/\/us.edu.pl\/instytut\/ich\/wp-content\/uploads\/sites\/38\/Editor\/projekty-edukacyjne\/projekt-FE-RP-UE-1024x132.jpg 1024w, https:\/\/us.edu.pl\/instytut\/ich\/wp-content\/uploads\/sites\/38\/Editor\/projekty-edukacyjne\/projekt-FE-RP-UE-575x74.jpg 575w\" sizes=\"(max-width: 5883px) 100vw, 5883px\" \/><\/p>\n<\/div>\r\n                    <\/div>\r\n                <\/div>[\/vc_column][\/vc_row][vc_row][vc_column]\r\n                <div class=\"text-modules\">\r\n                    <div class=\"container\">\r\n                        \r\n                        <div class=\"text-modules__content\"><\/p>\n<h3 align=\"center\">Projekt pt. &#8222;ChemiK &#8211; Chemia + Kompetencje&#8221;<\/h3>\n<h3>realizowany w porozumieniu z miastem Katowice, Chorz\u00f3w, Ruda \u015al\u0105ska, Bytom, gmin\u0105 Pszczyna oraz szko\u0142\u0105 Podstawow\u0105 nr 1 w Tychach i nr 27 w Rudzie \u015al\u0105skiej<\/h3>\n<p>&nbsp;<\/p>\n<p>Instytut Chemii Uniwersytetu \u015al\u0105skiego w Katowicach rozpocz\u0105\u0142 realizacj\u0119 nowego projektu pt. <em><strong>&#8222;ChemiK &#8211; Chemia + Kompetencje&#8221;<\/strong><\/em> wsp\u00f3\u0142finansowanego ze \u015brodk\u00f3w Unii Europejskiej w\u00a0ramach Europejskiego Funduszu Spo\u0142ecznego, Program Operacyjny Wiedza Edukacja Rozw\u00f3j, O\u015b priorytetowa: III. Szkolnictwo wy\u017csze dla gospodarki i rozwoju. Dzia\u0142anie: 3.1 Kompetencje w szkolnictwie wy\u017cszym.<\/p>\n<p><strong>G\u0142\u00f3wnym celem Projektu<\/strong> kompetencji zawodowych, komunikacyjnych, poznawczych, kognitywnych i samoorganizacyjnych uczennic i uczni\u00f3w klas IV &#8211; VIII nast\u0119puj\u0105cych szk\u00f3\u0142 podstawowych:<\/p>\n<p>&#8211; nr 1 w Tychach<\/p>\n<ul>\n<li>&#8211; nr 67 w Katowicach<\/li>\n<li>&#8211; nr 15 w Chorzowie<\/li>\n<li>&#8211; nr 46 w Bytomiu<\/li>\n<li>&#8211; 15 oraz nr 27 w Rudzie \u015al\u0105skiej<\/li>\n<\/ul>\n<p>oraz uczni\u00f3w i uczennic klas I-III nast\u0119puj\u0105cych lice\u00f3w:<\/p>\n<ul>\n<li>&#8211; Zespo\u0142u Szk\u00f3\u0142 nr 1 w Pszczynie<\/li>\n<li>&#8211; Zespo\u0142u Szk\u00f3\u0142 Og\u00f3lnokszta\u0142c\u0105cych nr 1 w Katowicach<\/li>\n<li>&#8211; X Liceum Og\u00f3lnokszta\u0142c\u0105cego w Katowicach<\/li>\n<\/ul>\n<p>W\u015br\u00f3d zaplanowanych form wsparcia znalaz\u0142y si\u0119 zatem <strong>warsztaty og\u00f3lnorozwojowe<\/strong>, <strong>warsztaty podstawowe oraz specjalistyczne<\/strong> z r\u00f3\u017cnych dziedzin chemii.<\/p>\n<p><strong>Biuro Projektu<\/strong> mie\u015bci si\u0119 w Katowicach, w budynku Wydzia\u0142u Matematyki, Fizyki<\/p>\n<p>i Chemii, przy ul. Bankowej 14, pok. 159.<\/p>\n<p><strong>Koordynator projektu<\/strong>: dr Katarzyna Kowalska-Szojda (tel. 32\u00a0359 1460, e-mail: katarzyna.kowalska-szojda@us.edu.pl)<\/p>\n<p>&nbsp;<\/p>\n<p><strong>Najwa\u017cniejsze informacje dotycz\u0105ce projektu:<\/strong><\/p>\n<p><strong>Okres realizacji:<\/strong> 1.02.2019 do: 31.01.2022<\/p>\n<p><strong>Planowane efekty:<\/strong> w wyniku realizacji Projektu planowane jest podniesienie kompetencji zawodowych, komunikacyjnych, poznawczych, kognitywnych i samoorganizacyjnych 263 uczni\u00f3w i uczennic odpowiadaj\u0105cych potrzebom rynku pracy, gospodarki i spo\u0142ecze\u0144stwa, poprzez opracowanie program\u00f3w kszta\u0142cenia i realizacj\u0119 dzia\u0142a\u0144 dydaktycznych tj. warsztat\u00f3w og\u00f3lnorozwojowych, podstawowych i specjalistycznych dla dzieci i m\u0142odzie\u017cy w wieku 9-20 lat wsp\u00f3lnie z Miastami: Katowice, Chorz\u00f3w, Bytom, Ruda \u015al\u0105ska, Gmin\u0105 Pszczyna i Szko\u0142\u0105 Podstawow\u0105 nr 27 w Rudzie \u015al\u0105skiej i Szko\u0142\u0105 Podstawow\u0105 nr 1 w Tychach w ramach realizacji III misji Uniwersytetu \u015al\u0105skiego w Katowicach.<\/p>\n<p>&nbsp;<\/p>\n<p><strong>Warto\u015b\u0107 projektu: <\/strong>977 650,00 z\u0142<\/p>\n<p><strong>Wk\u0142ad Funduszy Europejskich: <\/strong>948 320,23 z\u0142<\/p>\n<\/div>\r\n                    <\/div>\r\n                <\/div>[\/vc_column][\/vc_row]<\/p>","protected":false},"excerpt":{"rendered":"<p>[vc_row][vc_column][\/vc_column][\/vc_row][vc_row][vc_column][\/vc_column][\/vc_row] [&#8230;]<\/p>\n<p><a class=\"btn btn-secondary understrap-read-more-link\" href=\"https:\/\/us.edu.pl\/instytut\/ich\/realizowane-projekty\/projekt-chemik\/\">Read More&#8230;<\/a><\/p>\n","protected":false},"author":99,"featured_media":0,"parent":266,"menu_order":0,"comment_status":"closed","ping_status":"closed","template":"","meta":{"_expiration-date-status":"saved","_expiration-date":0,"_expiration-date-type":"","_expiration-date-categories":[],"_expiration-date-options":[]},"acf":[],"_links":{"self":[{"href":"https:\/\/us.edu.pl\/instytut\/ich\/wp-json\/wp\/v2\/pages\/405"}],"collection":[{"href":"https:\/\/us.edu.pl\/instytut\/ich\/wp-json\/wp\/v2\/pages"}],"about":[{"href":"https:\/\/us.edu.pl\/instytut\/ich\/wp-json\/wp\/v2\/types\/page"}],"author":[{"embeddable":true,"href":"https:\/\/us.edu.pl\/instytut\/ich\/wp-json\/wp\/v2\/users\/99"}],"replies":[{"embeddable":true,"href":"https:\/\/us.edu.pl\/instytut\/ich\/wp-json\/wp\/v2\/comments?post=405"}],"version-history":[{"count":4,"href":"https:\/\/us.edu.pl\/instytut\/ich\/wp-json\/wp\/v2\/pages\/405\/revisions"}],"predecessor-version":[{"id":414,"href":"https:\/\/us.edu.pl\/instytut\/ich\/wp-json\/wp\/v2\/pages\/405\/revisions\/414"}],"up":[{"embeddable":true,"href":"https:\/\/us.edu.pl\/instytut\/ich\/wp-json\/wp\/v2\/pages\/266"}],"wp:attachment":[{"href":"https:\/\/us.edu.pl\/instytut\/ich\/wp-json\/wp\/v2\/media?parent=405"}],"curies":[{"name":"wp","href":"https:\/\/api.w.org\/{rel}","templated":true}]}}