{"id":416,"date":"2020-04-10T12:34:32","date_gmt":"2020-04-10T10:34:32","guid":{"rendered":"http:\/\/us.edu.pl\/instytut\/ich\/?page_id=416"},"modified":"2021-01-26T09:43:16","modified_gmt":"2021-01-26T08:43:16","slug":"projekt-kreatywny-odkrywca","status":"publish","type":"page","link":"https:\/\/us.edu.pl\/instytut\/ich\/realizowane-projekty\/projekt-kreatywny-odkrywca\/","title":{"rendered":"Projekt Kreatywny odkrywca"},"content":{"rendered":"<p>[vc_row][vc_column]\r\n                <div class=\"text-modules\">\r\n                    <div class=\"container\">\r\n                        <h3 class=\"page-title text__title\">Projekt Kreatywny odkrywca<\/h3>\r\n                        <div class=\"text-modules__content\"><p><img loading=\"lazy\" class=\"aligncenter wp-image-411 size-full\" src=\"http:\/\/us.edu.pl\/instytut\/ich\/wp-content\/uploads\/sites\/38\/Editor\/projekty-edukacyjne\/projekt-FE-RP-UE.jpg\" alt=\"\" width=\"5883\" height=\"756\" srcset=\"https:\/\/us.edu.pl\/instytut\/ich\/wp-content\/uploads\/sites\/38\/Editor\/projekty-edukacyjne\/projekt-FE-RP-UE.jpg 5883w, https:\/\/us.edu.pl\/instytut\/ich\/wp-content\/uploads\/sites\/38\/Editor\/projekty-edukacyjne\/projekt-FE-RP-UE-300x39.jpg 300w, https:\/\/us.edu.pl\/instytut\/ich\/wp-content\/uploads\/sites\/38\/Editor\/projekty-edukacyjne\/projekt-FE-RP-UE-768x99.jpg 768w, https:\/\/us.edu.pl\/instytut\/ich\/wp-content\/uploads\/sites\/38\/Editor\/projekty-edukacyjne\/projekt-FE-RP-UE-1024x132.jpg 1024w, https:\/\/us.edu.pl\/instytut\/ich\/wp-content\/uploads\/sites\/38\/Editor\/projekty-edukacyjne\/projekt-FE-RP-UE-575x74.jpg 575w\" sizes=\"(max-width: 5883px) 100vw, 5883px\" \/><\/p>\n<\/div>\r\n                    <\/div>\r\n                <\/div>[\/vc_column][\/vc_row][vc_row][vc_column]\r\n                <div class=\"text-modules\">\r\n                    <div class=\"container\">\r\n                        \r\n                        <div class=\"text-modules__content\"><\/p>\n<h3 align=\"center\">Projekt pt. \u201eKreatywny odkrywca\u201d<\/h3>\n<h3>realizowany w porozumieniu z miastem Katowice, gmin\u0105 Pszczyna,\u00a0 gmin\u0105 Ornontowice oraz Zespo\u0142em Szkolno-Przedszkolnym nr 3 w Tychach<\/h3>\n<p>&nbsp;<\/p>\n<p>Instytut Chemii Uniwersytetu \u015al\u0105skiego w Katowicach rozpocz\u0105\u0142 1 sierpnia 2018 roku realizacj\u0119 nowego projektu pt. <em>\u201e<strong>Kreatywny odkrywca<\/strong>\u201d<\/em> wsp\u00f3\u0142finansowanego ze \u015brodk\u00f3w Unii Europejskiej w ramach Europejskiego Funduszu Spo\u0142ecznego, Program Operacyjny Wiedza Edukacja Rozw\u00f3j, O\u015b priorytetowa: III. Szkolnictwo wy\u017csze dla gospodarki i rozwoju. Dzia\u0142anie: 3.1 Kompetencje w szkolnictwie wy\u017cszym.<\/p>\n<p>&nbsp;<\/p>\n<p><strong>G\u0142\u00f3wnym celem Projektu<\/strong> jest podniesienie kompetencji kluczowych i umiej\u0119tno\u015bci uniwersalnych uczennic i uczni\u00f3w klas IV &#8211; VIII nast\u0119puj\u0105cych szk\u00f3\u0142 podstawowych:<\/p>\n<ul>\n<li>Zespo\u0142u Szkolno-Przedszkolnego nr 3 w Tychach<\/li>\n<li>Szko\u0142y Podstawowej nr 67 w Katowicach<\/li>\n<li>Zespo\u0142u Szk\u00f3\u0142 nr 1 w Pszczynie<\/li>\n<li>Zespo\u0142u Szkolno-Przedszkolnego w Gminie Ornontowice<\/li>\n<\/ul>\n<p>oraz\u00a0podniesienie kompetencji wychowawczych i spo\u0142ecznych rodzic\u00f3w<\/p>\n<p>W\u015br\u00f3d zaplanowanych form wsparcia znalaz\u0142y si\u0119 zatem<\/p>\n<ul>\n<li>Warsztaty og\u00f3lnorozwojowe,<\/li>\n<li>Projekty badawcze rozwijaj\u0105ce kompetencje matematyczno-przyrodnicze,<\/li>\n<li>Warsztaty rozwijaj\u0105ce kompetencje ICT i kreatywno\u015b\u0107,<\/li>\n<li>Zaj\u0119cia dla rodzic\u00f3w s\u0142u\u017c\u0105ce rozwojowi kompetencji wychowawczych oraz spo\u0142ecznych<\/li>\n<\/ul>\n<p>&nbsp;<\/p>\n<p><strong>Biuro Projektu<\/strong> mie\u015bci si\u0119 w Katowicach, w budynku Wydzia\u0142u Matematyki, Fizyki i Chemii, przy<br \/>\nul. Bankowej 14, pok. 159.<\/p>\n<p><strong>Koordynator projektu<\/strong>: Katarzyna Kowalska-Szojda (tel. 32\u00a0359 1460, e-mail: katarzyna.kowalska-szojda@us.edu.pl)<\/p>\n<p><strong>Asystent koordynatora projektu:<\/strong> Monika \u017barska (e-mail: monika.zarska@us.edu.pl)<\/p>\n<p>&nbsp;<\/p>\n<p><strong>Najwa\u017cniejsze informacje dotycz\u0105ce projektu:<\/strong><\/p>\n<p>&nbsp;<\/p>\n<p><strong>Okres realizacji:<\/strong> 01.08.2018 \u2013 30.06.2021<\/p>\n<p><strong>Planowane efekty:<\/strong> w wyniku realizacji Projektu planowane jest podniesienie kompetencji kluczowych<br \/>\ni umiej\u0119tno\u015bci uniwersalnych (matematyczno-przyrodniczych, ICT, kreatywno\u015bci, krytycznego my\u015blenia, rozwi\u0105zywania problem\u00f3w, umiej\u0119tno\u015bci uczenia si\u0119 i pracy w grupie) 240 uczni\u00f3w i uczennic odpowiadaj\u0105cych potrzebom rynku pracy, gospodarki i spo\u0142ecze\u0144stwa, poprzez opracowanie program\u00f3w kszta\u0142cenia i realizacj\u0119 dzia\u0142a\u0144 dydaktycznych w tym<\/p>\n<p>warsztat\u00f3w i wyk\u0142ad\u00f3w og\u00f3lnorozwojowych, metamatematyczno-przyrodniczych i ICT dla dzieci i m\u0142odzie\u017cy w wieku od 8 do 16 lat oraz podniesienie kompetencji wychowawczych i spo\u0142ecznych<br \/>\n40 rodzic\u00f3w uczni\u00f3w ww. szk\u00f3\u0142.<\/p>\n<p>&nbsp;<\/p>\n<p><strong>Warto\u015b\u0107 projektu: \u00a0\u00a0\u00a0\u00a0\u00a0\u00a0\u00a0\u00a0\u00a0\u00a0\u00a0\u00a0\u00a0\u00a0\u00a0\u00a0\u00a0\u00a0\u00a0\u00a0\u00a0\u00a0\u00a0\u00a0\u00a0\u00a0 <\/strong>499 885,00 z\u0142<\/p>\n<p><strong>Wk\u0142ad Funduszy Europejskich: \u00a0\u00a0\u00a0\u00a0\u00a0 <\/strong>484 888,45 z\u0142<\/p>\n<\/div>\r\n                    <\/div>\r\n                <\/div>[\/vc_column][\/vc_row]<\/p>","protected":false},"excerpt":{"rendered":"<p>[vc_row][vc_column][\/vc_column][\/vc_row][vc_row][vc_column][\/vc_column][\/vc_row] [&#8230;]<\/p>\n<p><a class=\"btn btn-secondary understrap-read-more-link\" href=\"https:\/\/us.edu.pl\/instytut\/ich\/realizowane-projekty\/projekt-kreatywny-odkrywca\/\">Read More&#8230;<\/a><\/p>\n","protected":false},"author":99,"featured_media":0,"parent":266,"menu_order":0,"comment_status":"closed","ping_status":"closed","template":"","meta":{"_expiration-date-status":"saved","_expiration-date":0,"_expiration-date-type":"","_expiration-date-categories":[],"_expiration-date-options":[]},"acf":[],"_links":{"self":[{"href":"https:\/\/us.edu.pl\/instytut\/ich\/wp-json\/wp\/v2\/pages\/416"}],"collection":[{"href":"https:\/\/us.edu.pl\/instytut\/ich\/wp-json\/wp\/v2\/pages"}],"about":[{"href":"https:\/\/us.edu.pl\/instytut\/ich\/wp-json\/wp\/v2\/types\/page"}],"author":[{"embeddable":true,"href":"https:\/\/us.edu.pl\/instytut\/ich\/wp-json\/wp\/v2\/users\/99"}],"replies":[{"embeddable":true,"href":"https:\/\/us.edu.pl\/instytut\/ich\/wp-json\/wp\/v2\/comments?post=416"}],"version-history":[{"count":2,"href":"https:\/\/us.edu.pl\/instytut\/ich\/wp-json\/wp\/v2\/pages\/416\/revisions"}],"predecessor-version":[{"id":1248,"href":"https:\/\/us.edu.pl\/instytut\/ich\/wp-json\/wp\/v2\/pages\/416\/revisions\/1248"}],"up":[{"embeddable":true,"href":"https:\/\/us.edu.pl\/instytut\/ich\/wp-json\/wp\/v2\/pages\/266"}],"wp:attachment":[{"href":"https:\/\/us.edu.pl\/instytut\/ich\/wp-json\/wp\/v2\/media?parent=416"}],"curies":[{"name":"wp","href":"https:\/\/api.w.org\/{rel}","templated":true}]}}