{"id":434,"date":"2020-04-10T13:11:00","date_gmt":"2020-04-10T11:11:00","guid":{"rendered":"http:\/\/us.edu.pl\/instytut\/ich\/?page_id=434"},"modified":"2020-04-10T13:11:00","modified_gmt":"2020-04-10T11:11:00","slug":"projekt-chip","status":"publish","type":"page","link":"https:\/\/us.edu.pl\/instytut\/ich\/realizowane-projekty\/projekt-chip\/","title":{"rendered":"Projekt CHiP"},"content":{"rendered":"<p>[vc_row][vc_column]\r\n                <div class=\"text-modules\">\r\n                    <div class=\"container\">\r\n                        <h3 class=\"page-title text__title\">Projekt CHiP<\/h3>\r\n                        <div class=\"text-modules__content\"><p><img loading=\"lazy\" class=\"aligncenter wp-image-423 size-full\" src=\"http:\/\/us.edu.pl\/instytut\/ich\/wp-content\/uploads\/sites\/38\/Editor\/projekty-edukacyjne\/projekt-FE-UE.jpg\" alt=\"\" width=\"1385\" height=\"271\" srcset=\"https:\/\/us.edu.pl\/instytut\/ich\/wp-content\/uploads\/sites\/38\/Editor\/projekty-edukacyjne\/projekt-FE-UE.jpg 1385w, https:\/\/us.edu.pl\/instytut\/ich\/wp-content\/uploads\/sites\/38\/Editor\/projekty-edukacyjne\/projekt-FE-UE-300x59.jpg 300w, https:\/\/us.edu.pl\/instytut\/ich\/wp-content\/uploads\/sites\/38\/Editor\/projekty-edukacyjne\/projekt-FE-UE-768x150.jpg 768w, https:\/\/us.edu.pl\/instytut\/ich\/wp-content\/uploads\/sites\/38\/Editor\/projekty-edukacyjne\/projekt-FE-UE-1024x200.jpg 1024w, https:\/\/us.edu.pl\/instytut\/ich\/wp-content\/uploads\/sites\/38\/Editor\/projekty-edukacyjne\/projekt-FE-UE-575x113.jpg 575w\" sizes=\"(max-width: 1385px) 100vw, 1385px\" \/><\/p>\n<\/div>\r\n                    <\/div>\r\n                <\/div>[\/vc_column][\/vc_row][vc_row][vc_column]\r\n                <div class=\"text-modules\">\r\n                    <div class=\"container\">\r\n                        \r\n                        <div class=\"text-modules__content\"><\/p>\n<h3><strong>Rozpocz\u0119cie realizacji projektu \u201eCHiP \u2013 Chemia i Praca \u2013 <\/strong><strong>Zwi\u0119kszenie kompetencji w ramach studi\u00f3w I i II stopnia na kierunku Chemia i Technologia Chemiczna<\/strong>\u201d<\/h3>\n<h3>projekt dla student\u00f3w<\/h3>\n<p>&nbsp;<\/p>\n<p>Instytut Chemii Uniwersytetu \u015al\u0105skiego w Katowicach rozpocz\u0105\u0142 1 kwietnia 2016 roku, realizacj\u0119 nowego projektu pt. \u201eCHiP \u2013 Chemia i Praca \u2013 Zwi\u0119kszenie kompetencji w ramach studi\u00f3w I i II stopnia na kierunku Chemia<br \/>\ni Technologia Chemiczna&#8221; w ramach Programu Operacyjnego Wiedza Edukacja Rozw\u00f3j, wsp\u00f3\u0142finansowanego<br \/>\nze \u015brodk\u00f3w Unii Europejskiej w ramach Europejskiego Funduszu Spo\u0142ecznego.<\/p>\n<p>&nbsp;<\/p>\n<p>Realizacja projektu zosta\u0142a zaplanowana do 30 wrze\u015bnia 2018 roku, a jego g\u0142\u00f3wnym celem jest podniesienie kompetencji os\u00f3b uczestnicz\u0105cych w edukacji na poziomie wy\u017cszym, odpowiadaj\u0105cych potrzebom gospodarki, rynku pracy i spo\u0142ecze\u0144stwa. Aby osi\u0105gn\u0105\u0107 ten cel, w projekcie przewidziano szereg aktywno\u015bci kierowanych do student\u00f3w i studentek ostatnich dw\u00f3ch semestr\u00f3w studi\u00f3w I i II stopnia na kierunkach Chemia i Technologia Chemiczna, kt\u00f3re maj\u0105 u\u0142atwi\u0107 wej\u015bcie na rynek pracy i swobodne poruszanie si\u0119 po nim. W\u015br\u00f3d zaplanowanych form wsparcia znalaz\u0142y si\u0119 zatem:<\/p>\n<p>&nbsp;<\/p>\n<p>\u2022 Podnosz\u0105ce kompetencje zawodowe szkolenia certyfikowane z zakresu:<br \/>\no System REACH \u2013 system rejestracji substancji chemicznych;<br \/>\no Pe\u0142nomocnik ds. SZ\u015a ISO 1400:2004;<br \/>\no Audytor wewn\u0119trzny SZ\u015a ISO 1400:2004;<br \/>\no Dokumentowanie systemu zarz\u0105dzania \u015brodowiskowego;<br \/>\no System zarz\u0105dzania jako\u015bci\u0105 w laboratorium ISO 17025:2005;<br \/>\no Dobre praktyki w bran\u017cy farmaceutycznej.<\/p>\n<p>\u2022 Szkolenia i warsztaty wspieraj\u0105ce podniesienie kompetencji j\u0119zykowych, komunikacyjnych, zawodowych<br \/>\ni informatycznych z zakresu:<br \/>\no Elements of scientific English for chemistry students;<br \/>\no Chemistry in English;<br \/>\no Bezpiecze\u0144stwo danych elektronicznych i system\u00f3w komputerowych;<br \/>\no Praktyczna chemia obliczeniowa;<br \/>\no Analiza i prezentacja danych;<br \/>\no Szkolenia kszta\u0142tuj\u0105ce uniwersalne kompetencje zawodowo \u2013 spo\u0142eczne, tj. komunikacja, praca zespo\u0142owa, planowanie i zarz\u0105dzanie czasem, radzenie sobie ze stresem.<\/p>\n<p>\u2022 Zaj\u0119cia praktyczne, realizowane w formie projektowej, podnosz\u0105ce kompetencje zawodowe, kognitywne<br \/>\ni samoorganizacyjne, a tak\u017ce wspieraj\u0105ce rozw\u00f3j kompetencji spo\u0142ecznych zwi\u0105zanych z prac\u0105 w grupie oraz ponoszeniem odpowiedzialno\u015bci za wynik grupy:<br \/>\no Laboratoria problemowe z chemii;<\/p>\n<p>\u2022 Zaj\u0119cia praktyczne i warsztaty prowadzone we wsp\u00f3\u0142pracy z otoczeniem spo\u0142eczno \u2013 gospodarczym, wspieraj\u0105ce wej\u015bcie na rynek pracy oraz umiej\u0119tno\u015b\u0107 samodiagnozowania w\u0142asnych kompetencji w odniesieniu do potrzeb rynku:<br \/>\no Praktyczna szko\u0142a przedsi\u0119biorczo\u015bci;<br \/>\no Zarz\u0105dzanie zasobami ludzkimi;<br \/>\no Praktyczne zaj\u0119cia u potencjalnych pracodawc\u00f3w;<br \/>\no Wizyty studyjne u przedsi\u0119biorc\u00f3w;<br \/>\no Spotkania panelowe<br \/>\n\u2022 Zaj\u0119cia realizowane we wsp\u00f3\u0142pracy z partnerami zagranicznymi, wspieraj\u0105ce kompetencje j\u0119zykowe, komunikacyjne oraz spo\u0142eczne, a tak\u017ce kompetencje zwi\u0105zane z mobilno\u015bci\u0105:<br \/>\no Zagraniczne wizyty studyjne w o\u015brodkach naukowo \u2013 badawczych.<\/p>\n<p>&nbsp;<\/p>\n<p>Wszystkie formy wsparcia zosta\u0142y pomy\u015blane w spos\u00f3b zapewniaj\u0105cy ich wzajemne uzupe\u0142nianie si\u0119 oraz zapewniaj\u0105cy r\u00f3wny dost\u0119p wszystkim zainteresowanym studentom i studentkom, uprawnionym do udzia\u0142u<br \/>\nw projekcie. Dodatkowo, uczestnicy poszczeg\u00f3lnych form aktywno\u015bci podlega\u0107 b\u0119d\u0105 osobnemu badaniu bilansu kompetencji przed oraz po otrzymaniu wsparcia, tak, aby na bie\u017c\u0105co monitorowa\u0107 ich poziom i umo\u017cliwi\u0107 \u015bwiadome uczestnictwo i maksymalizacj\u0119 korzy\u015bci.<\/p>\n<p>Pierwsze dzia\u0142ania zaplanowane zosta\u0142y ju\u017c na maj i czerwiec 2016 roku, a dok\u0142adny harmonogram b\u0119dzie pojawia\u0142 si\u0119 na bie\u017c\u0105co. Zach\u0119camy do polubienia fanpage na Facebooku, po\u015bwi\u0119conego projektowi https:\/\/www.facebook.com\/ProjektCHiP Na nim na bie\u017c\u0105co pojawia\u0107 si\u0119 b\u0119d\u0105 informacje zwi\u0105zane z realizacj\u0105 projektu i zaplanowanymi formami wsparcia.<\/p>\n<p>&nbsp;<\/p>\n<p><strong>Wszystkie osoby zainteresowane uczestnictwem w projekcie zach\u0119camy r\u00f3wnie\u017c do kontaktu z Biurem Projektu, kt\u00f3re mie\u015bci si\u0119 w budynku przy ul. Bankowej 14, pok. 144 mail: aleksandra.bialik@us.edu.pl<\/strong><\/p>\n<p>&nbsp;<\/p>\n<p>&nbsp;<\/p>\n<p><strong>Najwa\u017cniejsze informacje dotycz\u0105ce projektu:<\/strong><\/p>\n<p>&nbsp;<\/p>\n<p><strong>Okres realizacji:<\/strong> 01.04.2016 \u2013 30.09.2018<\/p>\n<p><strong>Cel projektu:<\/strong> g\u0142\u00f3wnym celem jest podniesienie kompetencji os\u00f3b uczestnicz\u0105cych w edukacji na poziomie wy\u017cszym, odpowiadaj\u0105cych potrzebom gospodarki, rynku pracy i spo\u0142ecze\u0144stwa.<\/p>\n<p><strong>Planowane efekty:<\/strong> w wyniku realizacji projektu planowane jest podniesienie kompetencji zawodowych, komunikacyjnych, informatycznych, analitycznych, samoorganizacynych oraz z zakresu przedsi\u0119biorczo\u015bci 140 student\u00f3w i studentek studi\u00f3w stacjonarnych I i II stopnia kierunku Chemia i Technologia Chemiczna.<\/p>\n<p>&nbsp;<\/p>\n<p><strong>Warto\u015b\u0107 projektu:<\/strong> 1 252 044,00 z\u0142<\/p>\n<p>&nbsp;<\/p>\n<p><strong>Wk\u0142ad Funduszy Europejskich:<\/strong> 1 214 482,66 z\u0142<\/p>\n<\/div>\r\n                    <\/div>\r\n                <\/div>[\/vc_column][\/vc_row]<\/p>","protected":false},"excerpt":{"rendered":"<p>[vc_row][vc_column][\/vc_column][\/vc_row][vc_row][vc_column][\/vc_column][\/vc_row] [&#8230;]<\/p>\n<p><a class=\"btn btn-secondary understrap-read-more-link\" href=\"https:\/\/us.edu.pl\/instytut\/ich\/realizowane-projekty\/projekt-chip\/\">Read More&#8230;<\/a><\/p>\n","protected":false},"author":99,"featured_media":0,"parent":266,"menu_order":0,"comment_status":"closed","ping_status":"closed","template":"","meta":{"_expiration-date-status":"saved","_expiration-date":0,"_expiration-date-type":"","_expiration-date-categories":[],"_expiration-date-options":[]},"acf":[],"_links":{"self":[{"href":"https:\/\/us.edu.pl\/instytut\/ich\/wp-json\/wp\/v2\/pages\/434"}],"collection":[{"href":"https:\/\/us.edu.pl\/instytut\/ich\/wp-json\/wp\/v2\/pages"}],"about":[{"href":"https:\/\/us.edu.pl\/instytut\/ich\/wp-json\/wp\/v2\/types\/page"}],"author":[{"embeddable":true,"href":"https:\/\/us.edu.pl\/instytut\/ich\/wp-json\/wp\/v2\/users\/99"}],"replies":[{"embeddable":true,"href":"https:\/\/us.edu.pl\/instytut\/ich\/wp-json\/wp\/v2\/comments?post=434"}],"version-history":[{"count":1,"href":"https:\/\/us.edu.pl\/instytut\/ich\/wp-json\/wp\/v2\/pages\/434\/revisions"}],"predecessor-version":[{"id":437,"href":"https:\/\/us.edu.pl\/instytut\/ich\/wp-json\/wp\/v2\/pages\/434\/revisions\/437"}],"up":[{"embeddable":true,"href":"https:\/\/us.edu.pl\/instytut\/ich\/wp-json\/wp\/v2\/pages\/266"}],"wp:attachment":[{"href":"https:\/\/us.edu.pl\/instytut\/ich\/wp-json\/wp\/v2\/media?parent=434"}],"curies":[{"name":"wp","href":"https:\/\/api.w.org\/{rel}","templated":true}]}}