{"id":442,"date":"2020-04-14T11:36:37","date_gmt":"2020-04-14T09:36:37","guid":{"rendered":"http:\/\/us.edu.pl\/instytut\/ich\/?page_id=442"},"modified":"2021-01-26T11:32:23","modified_gmt":"2021-01-26T10:32:23","slug":"marzena-dzida","status":"publish","type":"page","link":"https:\/\/us.edu.pl\/instytut\/ich\/dzialalnosc-naukowa\/zespoly-badawcze\/chemia-fizyczna\/marzena-dzida\/","title":{"rendered":"prof. dr hab. Marzena Dzida"},"content":{"rendered":"<p>[vc_row][vc_column width=&#8221;1\/12&#8243;][\/vc_column][vc_column width=&#8221;3\/6&#8243;]\r\n                <div class=\"text-modules\">\r\n                    <div class=\"container\">\r\n                        <h3 class=\"page-title text__title\">prof. dr hab. Marzena Dzida<\/h3>\r\n                        <div class=\"text-modules__content\"><p><a href=\"https:\/\/ab.us.edu.pl\/emp?id=5082\">Uniwersytet \u015al\u0105ski<\/a><\/p>\n<p><a href=\"https:\/\/www.scopus.com\/authid\/detail.uri?authorId=6603168118\" target=\"_blank\" rel=\"noopener noreferrer\">Scopus<\/a><\/p>\n<p><a href=\"https:\/\/orcid.org\/0000-0001-9566-4093\" target=\"_blank\" rel=\"noopener noreferrer\">ORCID<\/a><\/p>\n<hr \/>\n<p>Informacje:<\/p>\n<p>Doktorat: <em>2003 \u2013 Wydzia\u0142 Matematyki, Fizyki i Chemii, Uniwersytet \u015al\u0105ski w Katowicach<\/em><br \/>\nHabilitacja: <em>2010 \u2013 Wydzia\u0142 Chemii, Uniwersytet Wroc\u0142awski<br \/>\n<\/em>Profesor tytularny:<em> 28.09.2020 \u2013 Uniwersytet \u015al\u0105ski w Katowicach, Instytut Chemii<br \/>\n<\/em><\/p>\n<hr \/>\n<p>Dane kontaktowe:<\/p>\n<p>e-mail: <em>marzena.dzida@us.edu.pl<br \/>\n<\/em>telefon: <em>(32) 359-16-43<\/em><br \/>\nadres: <em>pok. <strong>117<\/strong>, ul. Bankowa 14, 40-007 Katowice<\/em><\/p>\n<hr \/>\n<p>Nagrody, wyr\u00f3\u017cnienia, pe\u0142nione funkcje:<\/p>\n<ul>\n<li>od 2006 \u2013 organizator oraz chairperson konferencji \u201cWorkshop on Molecular Acoustics, Relaxation and Calorimetric Method\u201d<\/li>\n<li>od 2009 \u2013 cz\u0142onek Sekcji Termodynamiki Polskiego Towarzystwa Chemicznego<\/li>\n<li>od 2010 \u2013 cz\u0142onek Polskiego Towarzystwa Akustycznego<\/li>\n<li>od 2011 \u2013 Zast\u0119pca Przewodnicz\u0105cego Oddzia\u0142u G\u00f3rno\u015bl\u0105skiego Polskiego Towarzystwa Akustycznego<\/li>\n<li>od 2013 \u2013 cz\u0142onek Komisji Nauk Chemicznych Oddzia\u0142 PAN w Katowicach<\/li>\n<li>2020 do 2023 \u2013 cz\u0142onek Komitetu Akustyki PAN<\/li>\n<li>od 1.08.2016 \u2013 cz\u0142onek komitetu redakcyjnego czasopisma\u00a0<em>The Journal of Chemical\u00a0Thermodynamics<\/em><\/li>\n<li>od 8.03.2020 \u2013 cz\u0142onek komitetu redakcyjnego czasopisma\u00a0<em>Energies<\/em><\/li>\n<li>28.06.2016 \u2013 Srebrna odznaka za zas\u0142ugi dla Uniwersytetu \u015al\u0105skiego<\/li>\n<li>1.12.2012 do 30.09.2019 \u2013 kierownik Zak\u0142adu Chemii Fizycznej<\/li>\n<li>1.09.2016 do 30.09.2019 \u2013 Zast\u0119pca Dyrektora Instytutu Chemii ds. Naukowych<\/li>\n<li>Od 6.11.2020 Zast\u0119pca Przewodnicz\u0105cego Polskiego Towarzystwa Akustycznego<\/li>\n<li>od 8.10. 2020 Przewodnicz\u0105ca Sekcji Termodynamiki Polskiego Towarzystwa Chemicznego<\/li>\n<li>2020-2024 Cz\u0142onek Senatu U\u015a<\/li>\n<\/ul>\n<p>Informacje o wsp\u00f3\u0142pracy z innymi o\u015brodkami\/zespo\u0142ami:<\/p>\n<ul>\n<li>Mi\u0119dzynarodowa wsp\u00f3\u0142praca naukowa:\n<ul>\n<li>od 2012 \u2013 Dr Udo Kaatze, Drittes Physikalisches Institut, Georg-August \u2013 Universit\u00e4t Goettingen, Niemcy<\/li>\n<li>od 2012 \u2013 Prof. dr Sirojiddin Z. Mirzaev, Department of Engineering Physics, Tashkent State Technical University, Uzbekistan<\/li>\n<li>od 2015 \u2013 Dr Roseli Aparecida Ferrari, Food Science and Quality Center, Institute of Food Technology, Campinas, Brazylia<\/li>\n<li>od 2016 \u2013 Prof. Alexander Apelblat,\u00a0 Department of Chemical Engineering, Ben Gurion University of the Negev, Beer Sheva, Izrael<\/li>\n<li>od 2017 \u2013 Prof. Ilmutdin M. Abdulagatov, Institute of Physics of the Dagestan Scientific Center of the Russian Academy of Sciences oraz Dagestan State University, Department of Physical Chemistry, Rosja<\/li>\n<li>od 2017 \u2013 Dr Kenneth R. Harris, School of Physical, Environmental and Mathematical Sciences, The University of New South Wales, Australian Defence Force Academy, Australia<\/li>\n<li>od 2018 \u2013 Dr Javid Safarov, Institute of Technical Thermodynamics, University of Rostock, Niemcy<\/li>\n<\/ul>\n<\/li>\n<li>Wsp\u00f3\u0142praca naukowa z o\u015brodkami krajowymi:\n<ul>\n<li>od 2013 \u2013 dr hab. Magdalena Zabochnicka-\u015awi\u0105tek, prof. P. Cz., Instytut In\u017cynierii \u015arodowiska Wydzia\u0142u Infrastruktury i \u015arodowiska Politechniki Cz\u0119stochowskiej<\/li>\n<li>od 2017 \u2013 dr hab. in\u017c. S\u0142awomir Boncel Prof. Pol. \u015al., Katedra Chemii Organicznej, Bioorganicznej i Biotechnologii, Wydzia\u0142 Chemiczny Politechniki \u015al\u0105skiej<\/li>\n<li>od 2017 \u2013 dr in\u017c. Marek Kr\u00f3likowski, Katedra Chemii Fizycznej, Wydzia\u0142 Chemiczny, Politechnika Warszawska<\/li>\n<\/ul>\n<\/li>\n<li>Wsp\u00f3\u0142praca naukowa na Wydziale Nauk\u00a0 \u015acis\u0142ych i Technicznych:\n<ul>\n<li>prof. dr hab. Marian Paluch, dr hab. Sebastian Pawlus, prof. U\u015a, dr hab. \u017baneta Wojnarowska, prof. U\u015a, dr hab. Anna Mrozek-Wilczkiewicz, prof. U\u015a, dr Ma\u0142gorzata Musia\u0142, Instytut Fizyki<\/li>\n<li>dr Maciej Kapkowski, dr hab. Robert Musio\u0142, prof. U\u015a, prof. dr hab. Jaros\u0142aw Pola\u0144ski, dr hab. Barbara Hachu\u0142a, prof. U\u015a, Instytut Chemii<\/li>\n<\/ul>\n<\/li>\n<\/ul>\n<hr \/>\n<p>&nbsp;<\/p>\n<p>&nbsp;<\/p>\n<p>\n<\/div>\r\n                    <\/div>\r\n                <\/div>[\/vc_column][vc_column width=&#8221;2\/6&#8243;][\/vc_column][vc_column width=&#8221;1\/12&#8243;][\/vc_column][\/vc_row]<\/p>","protected":false},"excerpt":{"rendered":"<p>[vc_row][vc_column width=&#8221;1\/12&#8243;][\/vc_column][vc_column width=&#8221;3\/6&#8243;][\/vc_column][vc_column width=&#8221;2\/6&#8243;][\/vc_column][vc_column width=&#8221;1\/12&#8243;][\/vc_column][\/vc_row] [&#8230;]<\/p>\n<p><a class=\"btn btn-secondary understrap-read-more-link\" href=\"https:\/\/us.edu.pl\/instytut\/ich\/dzialalnosc-naukowa\/zespoly-badawcze\/chemia-fizyczna\/marzena-dzida\/\">Read More&#8230;<\/a><\/p>\n","protected":false},"author":99,"featured_media":0,"parent":440,"menu_order":0,"comment_status":"closed","ping_status":"closed","template":"","meta":{"_expiration-date-status":"saved","_expiration-date":0,"_expiration-date-type":"","_expiration-date-categories":[],"_expiration-date-options":[]},"acf":[],"_links":{"self":[{"href":"https:\/\/us.edu.pl\/instytut\/ich\/wp-json\/wp\/v2\/pages\/442"}],"collection":[{"href":"https:\/\/us.edu.pl\/instytut\/ich\/wp-json\/wp\/v2\/pages"}],"about":[{"href":"https:\/\/us.edu.pl\/instytut\/ich\/wp-json\/wp\/v2\/types\/page"}],"author":[{"embeddable":true,"href":"https:\/\/us.edu.pl\/instytut\/ich\/wp-json\/wp\/v2\/users\/99"}],"replies":[{"embeddable":true,"href":"https:\/\/us.edu.pl\/instytut\/ich\/wp-json\/wp\/v2\/comments?post=442"}],"version-history":[{"count":5,"href":"https:\/\/us.edu.pl\/instytut\/ich\/wp-json\/wp\/v2\/pages\/442\/revisions"}],"predecessor-version":[{"id":1261,"href":"https:\/\/us.edu.pl\/instytut\/ich\/wp-json\/wp\/v2\/pages\/442\/revisions\/1261"}],"up":[{"embeddable":true,"href":"https:\/\/us.edu.pl\/instytut\/ich\/wp-json\/wp\/v2\/pages\/440"}],"wp:attachment":[{"href":"https:\/\/us.edu.pl\/instytut\/ich\/wp-json\/wp\/v2\/media?parent=442"}],"curies":[{"name":"wp","href":"https:\/\/api.w.org\/{rel}","templated":true}]}}