{"id":594,"date":"2020-06-15T11:01:09","date_gmt":"2020-06-15T09:01:09","guid":{"rendered":"https:\/\/us.edu.pl\/instytut\/ich\/?page_id=594"},"modified":"2021-01-25T12:50:46","modified_gmt":"2021-01-25T11:50:46","slug":"michal-filapek","status":"publish","type":"page","link":"https:\/\/us.edu.pl\/instytut\/ich\/dzialalnosc-naukowa\/badacze-indywidualni\/michal-filapek\/","title":{"rendered":"dr Micha\u0142 Filapek"},"content":{"rendered":"<p>[vc_row][vc_column width=&#8221;1\/12&#8243;][\/vc_column][vc_column width=&#8221;3\/6&#8243;]\r\n                <div class=\"text-modules\">\r\n                    <div class=\"container\">\r\n                        <h3 class=\"page-title text__title\">dr Micha\u0142 Filapek<\/h3>\r\n                        <div class=\"text-modules__content\"><p><a href=\"https:\/\/ab.us.edu.pl\/emp?id=46451\">Uniwersytet \u015al\u0105ski<\/a><\/p>\n<p><a href=\"https:\/\/www.scopus.com\/authid\/detail.uri?authorId=26323659000\" target=\"_blank\" rel=\"noopener noreferrer\">Scopus<\/a><\/p>\n<p><a href=\"https:\/\/orcid.org\/0000-0001-5958-2357\" target=\"_blank\" rel=\"noopener noreferrer\">ORCID<\/a><\/p>\n<hr \/>\n<p>Informacje:<\/p>\n<p>Doktorat: <em>2013 &#8211; Uniwersytet \u015al\u0105ski w Katowicach<\/em><\/p>\n<hr \/>\n<p>Dane kontaktowe:<\/p>\n<p>e-mail: <em>michal.filapek@us.edu.pl<br \/>\n<\/em>telefon: <em>(32) 359-21-79<\/em><br \/>\nadres: <em>pok. <strong>113<\/strong>, ul. Bankowa 14, 40-007 Katowice<\/em><\/p>\n<hr \/>\n<p>Tematyka bada\u0144:<\/p>\n<p>Projektrowanie, synteza i badanie w\u0142a\u015bciwo\u015bci fizykochemicznych zwi\u0105zk\u00f3w wykazuj\u0105cych zjawisko wzmocnionej emisji w ciele sta\u0142ym (aggregation-inducted emission &#8211; AIE). Badania elektrochemiczne i spektroelektrochemiczne polimer\u00f3w i zwi\u0105zk\u00f3w ma\u0142ocz\u0105steczkowych pod k\u0105tem ich potencjalnego zastosowania w nowoczesnych technologiach.<\/p>\n<hr \/>\n<p>Projekty:<\/p>\n<ul>\n<li>M. Filapek (kierownik) NCN, Nr grantu: DEC-2017\/01\/X\/ST5\/01786, \u201eUk\u0142ady typu donor-akceptor wykazuj\u0105ce zjawisko wzmocnienia emisji poprzez agregacj\u0119; otrzymywane oraz badanie w\u0142a\u015bciwo\u015bci fizykochemicznych.\u201d, Uniwersytet \u015al\u0105ski, 2018-2019 (49 500 PLN)<\/li>\n<li>M. Filapek (wykonawca;) S. Krompiec (kierownik), Nr 2019\/33\/B\/ST4\/00962, OPUS 17, \u201c<em>Od perylenu do funkcjonalizowanych nanografen\u00f3w o oczekiwanych w\u0142a\u015bciwo\u015bciach<\/em>\u201c, 2020-2023. Przyznana kwota: 1 698 000 z\u0142<\/li>\n<li>M. Filapek (wykonawca;) S. Krompiec (kierownik), Nr N N204 272237, \u201e<em>Nowe zastosowania zwi\u0105zk\u00f3w allilowych w syntezie organicznej<\/em>\u201d; Uniwersytet \u015al\u0105ski, 2009-2012. Przyznana kwota: 360 000 z\u0142<\/li>\n<li>M. Filapek (wykonawca;) S. Krompiec (kierownik),, Nr grantu: 2011\/01\/B\/ST5\/06309, \u201e<em>Etynylobitiofen: uniwersalny reagent do syntezy nowych uk\u0142ad\u00f3w karbo- i heterocyklicznych, nowych kompleks\u00f3w metali, oraz nowych politiofen\u00f3w o oczekiwanych w\u0142a\u015bciwo\u015bciach<\/em>\u201d, Uniwersytet \u015al\u0105ski, 2011-2014. Przyznana kwota: 360 000 z\u0142<\/li>\n<li>M. Filapek (wykonawca;) I. Grudzka (kierownik) Nr 2012\/05\/N\/ST5\/00733, PRELUDIUM 3,\u00a0<em>\u201e[(Bitiofenylo)etynylo]areny i heteroareny \u2013 nowe materia\u0142y molekularne i makromolekularne dla organicznej elektroniki<\/em>\u201d, 2013-2015. Przyznana kwota: 95\u00a0000 z\u0142<\/li>\n<li>M. Filapek (wykonawca), S. Krompiec (kierownik), ORGANOMET, Nr umowy PBS2\/A5\/40\/2014; \u201e<em>Innowacyjne materia\u0142y i nanomateria\u0142y z polskich \u017ar\u00f3de\u0142 renu i metali szlachetnych dla katalizy, farmacji i organicznej elektroniki<\/em>\u201d; projekt finansowany przez Narodowe Centrum Bada\u0144 i Rozwoju i realizowany przez Konsorcjum z udzia\u0142em U\u015a; 2014-2017. Przyznana kwota: 3 500 000 z\u0142<\/li>\n<li>M. Filapek (wykonawca,) S. Kula (kierownik), Nr 2015\/17\/N\/ST5\/03892, PRELUDIUM 9, \u201e<em>Zwi\u0105zki karbonylowe i dikarbonylowe \u2013 nowe mo\u017cliwo\u015bci w syntezie materia\u0142\u00f3w dla fotowoltaiki i organicznej elektroniki<\/em>\u201d, 2016-2018. Przyznana kwota: 100\u00a0000 z\u0142, (S. Krompiec opiekun naukowy projektu i doktoratu)<\/li>\n<li>M. Filapek (wykonawca), S. Krompiec (kierownik), Nr 2016\/21\/B\/ST5\/00805, OPUS 11,<em>\u00a0\u201eCykloaddycja Dielsa-Aldera pod wysokim ci\u015bnieniem: nowe reakcje, nowe zastosowania\u201d<\/em>, 2017-2020. Przyznana kwota: 790 900 z\u0142<\/li>\n<\/ul>\n<hr \/>\n<p>Wybrane publikacje:<\/p>\n<ol>\n<li>M. Grucela-Zajac, K. Bijak,\u00a0S. Kula, <strong>M. Filapek<\/strong>, M. Wiacek, H. Janeczek, L. Skorka, J. Gasiorowski, K. Hingerl, N. S. Sariciftci, N. Nosidlak, G. Lewinska, J. Sanetra, E. Schab-Balcerzak, (Photo)physical Properties of New Molecular Glasses End-Capped with Thiophene Rings Composed of Diimide and Imine Units,\u00a0<strong>The<\/strong><strong>Journal of Physical Chemistry C<\/strong>, 2014, 118, 13070\u221213086. IF = 4,484; Punktacja wed\u0142ug Ministerstwa: 35 pkt.<\/li>\n<li>A. Sz\u0142apa,\u00a0S. Kula, U. B\u0142aszkiewicz, M. Grucela, E. Schab-Balcerzak, <strong>M. Filapek<\/strong>*, Simple donor-\u03c0-acceptor derivatives exhibiting aggregation-induced emission characteristics for use as emitting layer in OLED,\u00a0<strong>Dyes and Pigments<\/strong>, 2016<strong>,\u00a0<\/strong>129, 80-89. IF = 3,767; Punktacja wed\u0142ug Ministerstwa: 40 pkt..<\/li>\n<li><strong>M. Filapek*<\/strong>, M. Matussek, A. Szlapa,\u00a0S. Kula, M. Pajak, The influence of experimental conditions and intermolecular interaction on the band gap determination. Case study of perylene diimide and carbazole-fluorene derivatives,\u00a0<strong>Electrochimica Acta<\/strong>, 2016, 216, 449\u2013456. IF = 5,116; Punktacja wed\u0142ug Ministerstwa: 40 pkt.<\/li>\n<li>S. Kula, A. Sz\u0142apa-Kula, S. Kotowicz, <strong>M. Filapek<\/strong>, K. Bujak, M. Siwy, H. Janeczek, S. Ma\u0107kowski, E. Schab-Balcerzak, Phenanthro[9,10-<em>d<\/em>]imidazole with thiophene rings toward OLEDs application,\u00a0<strong>Dyes and Pigments<\/strong>, 2018<strong>,\u00a0<\/strong>159, 646-654. IF = 4,018; Punktacja wed\u0142ug Ministerstwa: 40 pkt.<\/li>\n<li>Marek Matussek, <strong>Micha\u0142 Filapek<\/strong>, Pawe\u0142 Gancarz, Stanis\u0142aw Krompiec, Jan Grzegorz Ma\u0142ecki, Sonia Kotowicz, Mariola Siwy, Sebastian Ma\u0107kowski, Anna Chrobok, Ewa Schab-Balcerzak, Aneta S\u0142odek, Synthesis and photophysical properties of new perylene bisimide derivatives for application as emitting materials in OLEDs. <strong>Dyes and Pigments<\/strong>. 2018, 159, 590-599 IF = 4,018; Punktacja wed\u0142ug Ministerstwa: 40 pkt.<\/li>\n<li>Krzysztof Artur Bogdanowicz, Pawe\u0142 Gancarz, <strong>Micha\u0142 Filapek<\/strong>, Damian Pociecha, Monika Marzec, Ida Chojnacka, Agnieszka Iwan, Solvent-free thiophene-based electrolytes : synthesis of new liquid-crystalline ionic conductors for batteries : Pt 1, <strong>Dalton Trans.<\/strong> 2018, 44, 15714-15724IF = 4,174; Punktacja wed\u0142ug Ministerstwa: 40 pkt<\/li>\n<li>S. Kula, A. Szlapa-Kula, S. Krompiec, P. Gancarz, <strong>M. Filapek*<\/strong>, An electrochromic behavior of novel polythiophenes obtained from unsymmetrical monomers \u2013 a comprehensive study,\u00a0<strong>Synthetic Metals,<\/strong>2019, 247, 202\u2013211. IF = 2,526; Punktacja wed\u0142ug Ministerstwa: 70 pkt (nowa)<\/li>\n<li>A. Fabia\u0144czyk, P. Gnida, P. Chulkin, S. Kula. <strong>M. Filapek<\/strong>, A. Sz\u0142apa-Kula, H. Janeczek, E. Schab-Balcerzak, Effect of heterocycle donor In 2-cyanoacrylic acid conjugated derivatives for DSSC applications, <strong>Sol. Energy<\/strong>. 2020, 0, 1-11 IF = 4,608 ; Punktacja wed\u0142ug Ministerstwa: 140 pkt<\/li>\n<li>Aneta Kurpanik, Marek Matussek, Gra\u017cyna Szafraniec\u2010Gorol, <strong>Micha\u0142 Filapek<\/strong>, Piotr Lodowski, Beata Marcol-Szumilas, Witold Ignasiak, Jan Grzegorz Ma\u0142ecki, Barbara Machura, Magdalena Ma\u0142ecka, Witold Danikiewicz, Sebastian Pawlus, Stanis\u0142aw Krompiec. APEX strategy represented by Diels-Alder cycloadditions &#8211; new opportunities for the syntheses of functionalised PAHs, <strong>Chemistry-<\/strong> <em><strong>A European Journal<\/strong><\/em>. 2020, 53, 12150-12157 IF = 4,857; Punktacja wed\u0142ug Ministerstwa: 140 pkt.<\/li>\n<li>New possibilities of 2-pyranone derivatives &#8211; thermal, optical and electrochemical properties . S\u0142awomir Kula, Agata Szlapa-Kula, Stanis\u0142aw Krompiec, Ewa Schab-Balcerzak, A.Chrobok, Pawe\u0142 Gancarz, <strong>Micha\u0142 Filapek<\/strong>*. <strong>Mater. <\/strong><strong>Sci. Eng., B, Solid-State Mater. <\/strong><strong>Adv. Technol.<\/strong> 2021, 263, 1-9. IF = 4,706; \u00a0Punktacja wed\u0142ug Ministerstwa: 100 pkt.<\/li>\n<\/ol>\n<hr \/>\n<p>Patenty:<\/p>\n<ul>\n<li>S. Krompiec, M. Krompiec, M. Filapek, T. Flak, I. Grudzka, K. Zemlak, Z. Jezierski<br \/>\n\u201e<em>Spos\u00f3b otrzymywania preparatu zawieraj\u0105cego 5-litio-2,2\u2019-bitiofen\u201d<\/em>, zg\u0142oszenie patentowe nr\u00a0<strong>P.399815,<\/strong>\u00a0(05.07.2012). Decyzja o przyznaniu patentu przez Urz\u0105d Patentowy z dnia 21 pa\u017adziernika 2014. Nr patentu<strong>\u00a0219430<\/strong><\/li>\n<li>S. Krompiec, M. Krompiec, M. Filapek, T. Flak, I. Grudzka, K. Zemlak, Z. Jezierski<br \/>\n\u201e<em>Spos\u00f3b otrzymywania preparatu zawieraj\u0105cego 5-jodo-2,2\u2019-bitiofen\u201d<\/em>, zg\u0142oszenie patentowe, nr\u00a0<strong>P.399816,<\/strong>\u00a0(05.07.2012). Decyzja o przyznaniu patentu przez Urz\u0105d Patentowy z dnia 21 pa\u017adziernika 2014. Nr patentu<strong>\u00a0219440<\/strong><\/li>\n<li>S. Krompiec, M. Krompiec, M. Filapek, T. Flak, I. Grudzka, K. Zemlak, Z. Jezierski<br \/>\n\u201e<em>Spos\u00f3b otrzymywania 5-alkinylo-2,2\u2019-bitiofen\u00f3w na drodze reakcji sprz\u0119gania preparatu zawieraj\u0105cego 5-jodo-2,2\u2019-bitiofen z terminalnymi acetylenami\u201d<\/em>, zg\u0142oszenie patentowe nr\u00a0<strong>P.399817,\u00a0<\/strong>(05.07.2012). Decyzja o przyznaniu patentu przez Urz\u0105d Patentowy z dnia 21 pa\u017adziernika 2014. Nr patentu<strong>\u00a0219439<\/strong><\/li>\n<li>S. Krompiec, S. Kula, M. Filapek, T. Flak, I. Grudzka<br \/>\n\u201e<em>Nowa pochodna acetylenu oraz spos\u00f3b jej otrzymywania\u201d<\/em>, zg\u0142oszenie patentowe nr\u00a0<strong>P.402458,<\/strong>\u00a0<strong>(17.01.2013)<\/strong>. Decyzja o przyznaniu patentu przez Urz\u0105d Patentowy z dnia 18 grudnia 2014. Nr patentu<strong>\u00a0220130<\/strong><\/li>\n<li>S. Krompiec, J. Malarz, C. Pietraszuk, B. Powa\u0142a, S. Rogalski, M. Filapek, M. Penkala, E. Kowalska, J. Pola\u0144ski, A. S\u0142odek, B. Marcol, S. Kula, I. Grudzka, P. Bujak<br \/>\n\u201e<em>Izoksazoliny tr\u00f3jpodstawione oraz spos\u00f3b ich otrzymywania<\/em>\u201d, zg\u0142oszenie patentowe nr<strong>\u00a0P.401600<\/strong>. Decyzja o przyznaniu patentu przez Urz\u0105d Patentowy z dnia 04.08.2016. Nr patentu<strong>\u00a0224926<\/strong><\/li>\n<li>S. Krompiec, J. Malarz, C. Pietraszuk, B. Powa\u0142a, S. Rogalski, M. Filapek, M. Penkala, E. Kowalska, J. Pola\u0144ski, A. S\u0142odek, B. Marcol, S. Kula, I. Grudzka, P. Bujak<br \/>\n\u201e<em>Izoksazoliny 3,4,5-tripodstawione oraz spos\u00f3b ich otrzymywania<\/em>\u201d, zg\u0142oszenie patentowe nr<strong>\u00a0P.401601<\/strong>. Decyzja o przyznaniu patentu przez Urz\u0105d Patentowy z dnia 09.06.2016. Nr patentu<strong>\u00a0224381<\/strong><\/li>\n<li>S. Krompiec, J. Malarz, C. Pietraszuk, B. Powa\u0142a, S. Rogalski, M. Filapek, M. Penkala, E. Kowalska, J. Pola\u0144ski, A. S\u0142odek, B. Marcol, S. Kula, I. Grudzka, P. Bujak<br \/>\n\u201e<em>Izoksazoliny tripodstawione w pozycjach 3, 4 i 5 oraz spos\u00f3b ich otrzymywania<\/em>\u201d, nr<strong>\u00a0P.401602<\/strong>. Decyzja o przyznaniu patentu przez Urz\u0105d Patentowy z dnia 20.06.2016. Nr patentu<strong>\u00a0224382<\/strong><\/li>\n<li>S. Krompiec, M. Filapek, K. Janicka, D. B\u0142ach, S. Kula, M. Paluch, S. Pawlus<br \/>\n\u201e<em>3,5-dipodstawione oraz 3,4,5-tripodstawione izoksazole oraz spos\u00f3b ich otrzymywania<\/em>\u201d, zg\u0142oszenie patentowe nr<strong>\u00a0P.403324.\u00a0<\/strong>Decyzja o przyznaniu patentu przez Urz\u0105d Patentowy z dnia 24 stycznia 2017. Nr patentu<strong>\u00a0226374<\/strong><\/li>\n<li>S. Krompiec, B. Marcol, M. Penkala, D. B\u0142ach, M. Filapek, I. Nosek<br \/>\n\u201e<em>Spos\u00f3b otrzymywania zwi\u0105zk\u00f3w 1-propenylowych, bis(1-propenylowych) oraz allilowo-(1-propenylowych)<\/em>\u201d, zg\u0142oszenie patentowe nr\u00a0<strong>P.410918.\u00a0<\/strong>Decyzja o przyznaniu patentu przez Urz\u0105d Patentowy z dnia 03.11.2017. Nr patentu<strong>\u00a0228701<\/strong><\/li>\n<li>S. Krompiec, B. Marcol, M. Penkala, D. B\u0142ach, M. Filapek, I. Nosek<br \/>\n\u201e<em>Spos\u00f3b otrzymywania zwi\u0105zk\u00f3w 1-propenylowych lub bis(1-propenylowych) lub allilowo-(1-propenylowych)<\/em>\u201d, zg\u0142oszenie patentowe nr<strong>\u00a0P.410919.\u00a0<\/strong>Decyzja o przyznaniu patentu przez Urz\u0105d Patentowy z dnia 03.11.2017. Nr patentu\u00a0<strong>228659<\/strong><\/li>\n<li>S. Krompiec, A. Sz\u0142apa, S. Kula, M. Matussek, M. Filapek, D. Zych, K. Leszczy\u0144ska-Sejda, G. Benke, B. Marcol<br \/>\n\u201e<em>Spos\u00f3b otrzymywania 1,2-bis(fluorenowych) pochodnych acetylenu<\/em>\u201d, zg\u0142oszenie patentowe nr<strong>\u00a0P.411099.\u00a0<\/strong>Decyzja o przyznaniu patentu przez Urz\u0105d Patentowy z dnia 02 listopad 2017. Nr patentu<strong>\u00a0230876<\/strong><\/li>\n<li>S. Krompiec, A. Sz\u0142apa, S. Kula, M. Filapek, D. Zych, K. Leszczy\u0144ska-Sejda, G. Benke, B. Marcol<br \/>\n\u201e<em>Spos\u00f3b otrzymywania 1,2-bis(N-alkilokarbazol-3-ylo)acetylen\u00f3w<\/em>\u201d, zg\u0142oszenie patentowe nr<strong>\u00a0P.411100\u00a0<\/strong>(29.01.2015). Decyzja o przyznaniu patentu przez Urz\u0105d Patentowy z dnia 02 listopad 2017. Nr patentu\u00a0<strong>228388<\/strong><\/li>\n<li>K. Leszczy\u0144ska-Sejda, G. Benke, J. Malarz, M. Ciszewski, M. Drzazga, G. Machelska, K. Witman, S. Krompiec, D. Zych, M. Filapek<br \/>\n\u201e<em>Spos\u00f3b wytwarzania bezwodnego renianu(VII) chromu (III)<\/em>\u201d, zg\u0142oszenie patentowe nr<strong>\u00a0P.419862.<\/strong>\u00a0Decyzja o przyznaniu patentu przez Urz\u0105d Patentowy z dnia 11.12.2017. Nr Patentu<strong>\u00a0228983<\/strong><\/li>\n<li>K. Leszczy\u0144ska-Sejda, G. Benke, M. Ciszewski, M. Drzazga, J. Malarz, G. Machelska, K. Witman, S. Krompiec, M. Filapek, M. Penkala<br \/>\n\u201e<em>Spos\u00f3b wytwarzania bezwodnego renianu(VII) cezu<\/em>\u201d, zg\u0142oszenie patentowe nr<strong>\u00a0P.419867.\u00a0<\/strong>Decyzja o przyznaniu patentu przez Urz\u0105d Patentowy z dnia 13.12.2017. Nr Patentu<strong>\u00a0228988<\/strong><\/li>\n<li>S. Krompiec, J. Malarz, M. Filapek, M. Paluch, S. Pawlus, C. Pietraszuk, B. Powa\u0142a, S. Rogalski, B. Marcol, M. Penkala, S. Kula<br \/>\n\u201e<em>Spos\u00f3b otrzymywania 3,4,5-tripodstawionych izoksazolin\u201d,\u00a0<\/em>zg\u0142oszenie patentowe nr<strong>\u00a0P.402909\u00a0<\/strong>(26.02.2013). Decyzja o przyznaniu patentu przez Urz\u0105d Patentowy z dnia 17.12.2018. Nr patentu\u00a0<strong>232036<\/strong><\/li>\n<li>S. Krompiec, B. Marcol, M. Penkala, M. Filapek, K. Leszczy\u0144ska-Sejda, G. Benke, C. Pietraszuk, Sz. Rogalski<br \/>\n\u201e<em>Spos\u00f3b otrzymywanie niskowrz\u0105cych eter\u00f3w i sulfid\u00f3w 1-propenylowych lub bis(1-propenylowych)<\/em>\u201d, zg\u0142oszenie patentowe nr<strong>\u00a0P.414005\u00a0<\/strong>(15.09.2015). Decyzja o przyznaniu patentu przez Urz\u0105d Patentowy z dnia 14.06.2018<\/li>\n<li>M. Paj\u0105k, A. Kurpanik, D. Zych, S. Krompiec, M. Matussek, B. Marcol, M. Filapek<br \/>\n<em>\u201eSpos\u00f3b otrzymywania 1\u2032, 2\u2032-bis(metoksykarbonylo)-1,12- benzoperylenu lub 1\u2032,2\u2032-bis(etoksykarbonylo)-1,12- benzoperylenu\u201d<\/em>, zg\u0142oszenie patentowe nr<strong>\u00a0P. 424414<\/strong>\u00a0(30 stycze\u0144 2018). Nr patentu\u00a0<strong>234525<\/strong>, 2019<\/li>\n<li>S. Krompiec, S. Kula, M. Filapek, A. Sz\u0142apa, D. Matuszczyk, P. Weso\u0142owska, Z. Mitr\u0119ga, J. Szlagor, E. W\u00f3jcik \u201e<em>Spos\u00f3b otrzymywania 2,2\u2032-bis(3,4-etylenodioksytiofenu)\u201d<\/em>, zg\u0142oszenie patentowe nr\u00a0<strong>P.416237<\/strong>. Decyzja o przyznaniu patentu przez Urz\u0105d Patentowy z dnia 13.04.2018. Nr patentu\u00a0<strong>229833<\/strong><\/li>\n<\/ul>\n<p>\n<\/div>\r\n                    <\/div>\r\n                <\/div>[\/vc_column][vc_column width=&#8221;2\/6&#8243;][\/vc_column][vc_column width=&#8221;1\/12&#8243;][\/vc_column][\/vc_row]<\/p>","protected":false},"excerpt":{"rendered":"<p>[vc_row][vc_column width=&#8221;1\/12&#8243;][\/vc_column][vc_column width=&#8221;3\/6&#8243;][\/vc_column][vc_column width=&#8221;2\/6&#8243;][\/vc_column][vc_column width=&#8221;1\/12&#8243;][\/vc_column][\/vc_row] [&#8230;]<\/p>\n<p><a class=\"btn btn-secondary understrap-read-more-link\" href=\"https:\/\/us.edu.pl\/instytut\/ich\/dzialalnosc-naukowa\/badacze-indywidualni\/michal-filapek\/\">Read More&#8230;<\/a><\/p>\n","protected":false},"author":99,"featured_media":0,"parent":128,"menu_order":0,"comment_status":"closed","ping_status":"closed","template":"","meta":{"_expiration-date-status":"saved","_expiration-date":0,"_expiration-date-type":"","_expiration-date-categories":[],"_expiration-date-options":[]},"acf":[],"_links":{"self":[{"href":"https:\/\/us.edu.pl\/instytut\/ich\/wp-json\/wp\/v2\/pages\/594"}],"collection":[{"href":"https:\/\/us.edu.pl\/instytut\/ich\/wp-json\/wp\/v2\/pages"}],"about":[{"href":"https:\/\/us.edu.pl\/instytut\/ich\/wp-json\/wp\/v2\/types\/page"}],"author":[{"embeddable":true,"href":"https:\/\/us.edu.pl\/instytut\/ich\/wp-json\/wp\/v2\/users\/99"}],"replies":[{"embeddable":true,"href":"https:\/\/us.edu.pl\/instytut\/ich\/wp-json\/wp\/v2\/comments?post=594"}],"version-history":[{"count":3,"href":"https:\/\/us.edu.pl\/instytut\/ich\/wp-json\/wp\/v2\/pages\/594\/revisions"}],"predecessor-version":[{"id":1179,"href":"https:\/\/us.edu.pl\/instytut\/ich\/wp-json\/wp\/v2\/pages\/594\/revisions\/1179"}],"up":[{"embeddable":true,"href":"https:\/\/us.edu.pl\/instytut\/ich\/wp-json\/wp\/v2\/pages\/128"}],"wp:attachment":[{"href":"https:\/\/us.edu.pl\/instytut\/ich\/wp-json\/wp\/v2\/media?parent=594"}],"curies":[{"name":"wp","href":"https:\/\/api.w.org\/{rel}","templated":true}]}}