{"id":63,"date":"2019-10-25T12:46:47","date_gmt":"2019-10-25T10:46:47","guid":{"rendered":"http:\/\/us.edu.pl\/instytut\/ich\/?page_id=63"},"modified":"2023-12-06T14:45:38","modified_gmt":"2023-12-06T13:45:38","slug":"kontakt","status":"publish","type":"page","link":"https:\/\/us.edu.pl\/instytut\/ich\/kontakt\/","title":{"rendered":"Kontakt"},"content":{"rendered":"<p>[vc_row][vc_column][vc_column_text][\/vc_column_text][\/vc_column][\/vc_row][vc_row][vc_column width=&#8221;1\/4&#8243;][\/vc_column][vc_column width=&#8221;1\/2&#8243;]\r\n                <div class=\"text-modules\">\r\n                    <div class=\"container\">\r\n                        <h3 class=\"page-title text__title\">Kontakt<\/h3>\r\n                        <div class=\"text-modules__content\"><\/p>\n<h3 style=\"text-align: center;\">Instytut Chemii<\/h3>\n<h4 style=\"text-align: center;\">Wydzia\u0142 Nauk \u015acis\u0142ych i Technicznych<\/h4>\n<h4 style=\"text-align: center;\">Uniwersytet \u015al\u0105ski w Katowicach<\/h4>\n<p>&nbsp;<\/p>\n<p>adres: <em>ul. Szkolna 9, 40-006 Katowice<\/em><\/p>\n<p>e-mail: <a href=\"mailto:ich.wnst@us.edu.pl\"><em>ich.wnst@us.edu.pl<\/em><\/a><\/p>\n<p>telefon: <em>+48 (32) 359-15-45<\/em><\/p>\n<p>&nbsp;<\/p>\n<p>Pracownicy Biura Ewaluacji w Instytucie:<\/p>\n<p><a href=\"https:\/\/ab.us.edu.pl\/emp?id=2572\">mgr Jadwiga \u0141yczek<\/a><\/p>\n<p><a href=\"https:\/\/ab.us.edu.pl\/emp?id=33792\">in\u017c. Tomasz \u017barski<\/a><\/p>\n<p>&nbsp;<\/p>\n<p>Administrator strony:<\/p>\n<p><a href=\"https:\/\/ab.us.edu.pl\/emp?id=59673\">dr in\u017c. Gra\u017cyna Szafraniec-Gorol<\/a><\/p>\n<\/div>\r\n                    <\/div>\r\n                <\/div>[\/vc_column][vc_column width=&#8221;1\/4&#8243;][\/vc_column][\/vc_row][vc_row][vc_column width=&#8221;1\/4&#8243;][\/vc_column][vc_column width=&#8221;1\/2&#8243;][vc_gmaps link=&#8221;#E-8_JTNDaWZyYW1lJTIwc3JjJTNEJTIyaHR0cHMlM0ElMkYlMkZ3d3cuZ29vZ2xlLmNvbSUyRm1hcHMlMkZlbWJlZCUzRnBiJTNEJTIxMW0xOCUyMTFtMTIlMjExbTMlMjExZDI1NTAuNjcwNDgxNTk5MTkzJTIxMmQxOS4wMjUzMzUzNjYwNjU0NDUlMjEzZDUwLjI2MDczODM3OTQ0OTcxJTIxMm0zJTIxMWYwJTIxMmYwJTIxM2YwJTIxM20yJTIxMWkxMDI0JTIxMmk3NjglMjE0ZjEzLjElMjEzbTMlMjExbTIlMjExczB4NDcxNmNlMzY1YzEzNTUyZCUyNTNBMHg5YTViNzJkY2UwYWZiYzhlJTIxMnNJbnN0eXR1dCUyNTIwQ2hlbWlpJTI1MkMlMjUyMFd5ZHppYSUyNUM1JTI1ODIlMjUyME5hdWslMjUyMCUyNUM1JTI1OUFjaXMlMjVDNSUyNTgyeWNoJTI1MjBpJTI1MjBUZWNobmljem55Y2glMjUyMFVuaXdlcnN5dGV0dSUyNTIwJTI1QzUlMjU5QWwlMjVDNCUyNTg1c2tpZWdvJTI1MjB3JTI1MjBLYXRvd2ljYWNoJTIxNWUwJTIxM20yJTIxMXNwbCUyMTJzcGwlMjE0djE1OTEzNTQ1NzE5NjglMjE1bTIlMjExc3BsJTIxMnNwbCUyMiUyMHdpZHRoJTNEJTIyNjAwJTIyJTIwaGVpZ2h0JTNEJTIyNTAwJTIyJTIwZnJhbWVib3JkZXIlM0QlMjIwJTIyJTIwc3R5bGUlM0QlMjJib3JkZXIlM0EwJTNCJTIyJTIwYWxsb3dmdWxsc2NyZWVuJTNEJTIyJTIyJTIwYXJpYS1oaWRkZW4lM0QlMjJmYWxzZSUyMiUyMHRhYmluZGV4JTNEJTIyMCUyMiUzRSUzQyUyRmlmcmFtZSUzRQ==&#8221; title=&#8221;Mapy Google&#8221;][\/vc_column][vc_column width=&#8221;1\/4&#8243;][\/vc_column][\/vc_row][vc_row][vc_column][vc_column_text][\/vc_column_text][\/vc_column][\/vc_row]<\/p>","protected":false},"excerpt":{"rendered":"<p>[vc_row][vc_column][vc_column_text][\/vc_column_text][\/vc_column][\/vc_row][vc_row][vc_column width=&#8221;1\/4&#8243;][\/vc_column][vc_column width=&#8221;1\/2&#8243;][\/vc_column][vc_column width=&#8221;1\/4&#8243;][\/vc_column][\/vc_row][vc_row][vc_column width=&#8221;1\/4&#8243;][\/vc_column][vc_column width=&#8221;1\/2&#8243;][vc_gmaps link=&#8221;#E-8_JTNDaWZyYW1lJTIwc3JjJTNEJTIyaHR0cHMlM0ElMkYlMkZ3d3cuZ29vZ2xlLmNvbSUyRm1hcHMlMkZlbWJlZCUzRnBiJTNEJTIxMW0xOCUyMTFtMTIlMjExbTMlMjExZDI1NTAuNjcwNDgxNTk5MTkzJTIxMmQxOS4wMjUzMzUzNjYwNjU0NDUlMjEzZDUwLjI2MDczODM3OTQ0OTcxJTIxMm0zJTIxMWYwJTIxMmYwJTIxM2YwJTIxM20yJTIxMWkxMDI0JTIxMmk3NjglMjE0ZjEzLjElMjEzbTMlMjExbTIlMjExczB4NDcxNmNlMzY1YzEzNTUyZCUyNTNBMHg5YTViNzJkY2UwYWZiYzhlJTIxMnNJbnN0eXR1dCUyNTIwQ2hlbWlpJTI1MkMlMjUyMFd5ZHppYSUyNUM1JTI1ODIlMjUyME5hdWslMjUyMCUyNUM1JTI1OUFjaXMlMjVDNSUyNTgyeWNoJTI1MjBpJTI1MjBUZWNobmljem55Y2glMjUyMFVuaXdlcnN5dGV0dSUyNTIwJTI1QzUlMjU5QWwlMjVDNCUyNTg1c2tpZWdvJTI1MjB3JTI1MjBLYXRvd2ljYWNoJTIxNWUwJTIxM20yJTIxMXNwbCUyMTJzcGwlMjE0djE1OTEzNTQ1NzE5NjglMjE1bTIlMjExc3BsJTIxMnNwbCUyMiUyMHdpZHRoJTNEJTIyNjAwJTIyJTIwaGVpZ2h0JTNEJTIyNTAwJTIyJTIwZnJhbWVib3JkZXIlM0QlMjIwJTIyJTIwc3R5bGUlM0QlMjJib3JkZXIlM0EwJTNCJTIyJTIwYWxsb3dmdWxsc2NyZWVuJTNEJTIyJTIyJTIwYXJpYS1oaWRkZW4lM0QlMjJmYWxzZSUyMiUyMHRhYmluZGV4JTNEJTIyMCUyMiUzRSUzQyUyRmlmcmFtZSUzRQ==&#8221; title=&#8221;Mapy Google&#8221;][\/vc_column][vc_column width=&#8221;1\/4&#8243;][\/vc_column][\/vc_row][vc_row][vc_column][vc_column_text][\/vc_column_text][\/vc_column][\/vc_row] [&#8230;]<\/p>\n<p><a class=\"btn btn-secondary understrap-read-more-link\" href=\"https:\/\/us.edu.pl\/instytut\/ich\/kontakt\/\">Read More&#8230;<\/a><\/p>\n","protected":false},"author":24,"featured_media":0,"parent":0,"menu_order":0,"comment_status":"closed","ping_status":"closed","template":"","meta":{"_expiration-date-status":"","_expiration-date":0,"_expiration-date-type":"","_expiration-date-categories":[],"_expiration-date-options":[]},"acf":[],"_links":{"self":[{"href":"https:\/\/us.edu.pl\/instytut\/ich\/wp-json\/wp\/v2\/pages\/63"}],"collection":[{"href":"https:\/\/us.edu.pl\/instytut\/ich\/wp-json\/wp\/v2\/pages"}],"about":[{"href":"https:\/\/us.edu.pl\/instytut\/ich\/wp-json\/wp\/v2\/types\/page"}],"author":[{"embeddable":true,"href":"https:\/\/us.edu.pl\/instytut\/ich\/wp-json\/wp\/v2\/users\/24"}],"replies":[{"embeddable":true,"href":"https:\/\/us.edu.pl\/instytut\/ich\/wp-json\/wp\/v2\/comments?post=63"}],"version-history":[{"count":11,"href":"https:\/\/us.edu.pl\/instytut\/ich\/wp-json\/wp\/v2\/pages\/63\/revisions"}],"predecessor-version":[{"id":2600,"href":"https:\/\/us.edu.pl\/instytut\/ich\/wp-json\/wp\/v2\/pages\/63\/revisions\/2600"}],"wp:attachment":[{"href":"https:\/\/us.edu.pl\/instytut\/ich\/wp-json\/wp\/v2\/media?parent=63"}],"curies":[{"name":"wp","href":"https:\/\/api.w.org\/{rel}","templated":true}]}}