{"id":1030,"date":"2020-11-30T18:09:28","date_gmt":"2020-11-30T17:09:28","guid":{"rendered":"https:\/\/us.edu.pl\/instytut\/idkm\/?page_id=1030"},"modified":"2020-11-30T19:05:17","modified_gmt":"2020-11-30T18:05:17","slug":"dr-hab-mariusz-kolczynski-prof-us","status":"publish","type":"page","link":"https:\/\/us.edu.pl\/instytut\/idkm\/dr-hab-mariusz-kolczynski-prof-us\/","title":{"rendered":"dr hab. Mariusz Kolczy\u0144ski, prof. U\u015a"},"content":{"rendered":"<p><\/p>\n<h3 style=\"text-align: center\">dr hab. Mariusz Kolczy\u0144ski, prof. U\u015a<\/h3>\n<p style=\"text-align: center\"><img class=\"aligncenter wp-image-1029 size-full\" src=\"https:\/\/us.edu.pl\/instytut\/idkm\/wp-content\/uploads\/sites\/30\/2020\/11\/mariusz-kolczynski.jpg\" alt=\"\" width=\"635\" height=\"630\" srcset=\"https:\/\/us.edu.pl\/instytut\/idkm\/wp-content\/uploads\/sites\/30\/2020\/11\/mariusz-kolczynski.jpg 635w, https:\/\/us.edu.pl\/instytut\/idkm\/wp-content\/uploads\/sites\/30\/2020\/11\/mariusz-kolczynski-300x298.jpg 300w, https:\/\/us.edu.pl\/instytut\/idkm\/wp-content\/uploads\/sites\/30\/2020\/11\/mariusz-kolczynski-575x570.jpg 575w\" sizes=\"(max-width: 635px) 100vw, 635px\" \/><\/p>\n<p style=\"padding-left: 40px\"><span style=\"font-size: 14pt\">Adres mailowy<\/span><br \/>\n<a href=\"mailto:mariusz.kolczynski@us.edu.pl\"><strong><span style=\"font-size: 14pt\">mariusz.kolczynski@us.edu.pl<\/span><\/strong><\/a><br \/>\n<span style=\"font-size: 14pt\">ORCID<\/span><br \/>\n<span style=\"font-size: 14pt\"><a href=\"https:\/\/orcid.org\/0000-0002-0355-4004\"><strong>https:\/\/orcid.org\/0000-0002-0355-4004<\/strong><\/a><br \/>\n<\/span><span style=\"font-size: 14pt\">Research Gate<\/span><br \/>\n<a href=\"https:\/\/www.researchgate.net\/profile\/Mariusz_Kolczynski\"><strong><span style=\"font-size: 14pt\">https:\/\/www.researchgate.net\/profile\/Mariusz_Kolczynski<\/span><\/strong><\/a><br \/>\n<span style=\"font-size: 14pt\">Google Scholar<\/span><br \/>\n<a href=\"https:\/\/scholar.google.com\/citations?hl=pl&amp;user=7qOwPfEAAAAJ\"><strong><span style=\"font-size: 14pt\">https:\/\/scholar.google.com\/citations?hl=pl&amp;user=7qOwPfEAAAAJ<\/span><\/strong><\/a><\/p>\n<p style=\"padding-left: 40px\"><strong><span style=\"font-size: 14pt\">Obszar zainteresowa\u0144 badawczych<\/span><\/strong><\/p>\n<ul>\n<li><span style=\"font-size: 14pt\">komunikowanie polityczne<\/span><\/li>\n<li><span style=\"font-size: 14pt\">marketing polityczny<\/span><\/li>\n<li><span style=\"font-size: 14pt\">mediatyzacja kampanii wyborczych<\/span><\/li>\n<\/ul>\n<p style=\"padding-left: 40px\"><strong><span style=\"font-size: 14pt\">Wybrane publikacje<\/span><\/strong><\/p>\n<p style=\"padding-left: 40px\"><span style=\"font-size: 14pt\">Strategie komunikowania politycznego, Wydawnictwo Uniwersytetu \u015al\u0105-skiego 2007<\/span><\/p>\n<p style=\"padding-left: 40px\"><span style=\"font-size: 14pt\">Hejt internetowy jako narz\u0119dzie dekompozycji wizerunku politycznego, Studia Politologiczne, vol. 45 , 2017<\/span><\/p>\n<p style=\"padding-left: 40px\"><span style=\"font-size: 14pt\">Reklama audiowizualna w kampanii wyborczej do Parlamentu Europejskiego w 2014 roku \u2013 w poszukiwaniu efektywnej strategii komunikacyjnej, [w:] M. Kolczy\u0144ski (red.) Polskie wybory 2014-2015. Kontekst krajowy i mi\u0119dzynarodowy &#8211; przebieg rywalizacji \u2013 konsekwencje polityczne, T.1., Wydawnictwo Uniwersytetu \u015al\u0105skiego, Katowice 2017<\/span><\/p>\n<p style=\"padding-left: 40px\"><span style=\"font-size: 14pt\">Spo\u0142eczny wymiar strategii wyborczych Prawa i Sprawiedliwo\u015bci, [w:] P. Grzywna, J. Lustig, N. St\u0119pie\u0144-Lampa, B. Zas\u0119pa (red.) Mi\u0119dzy pasj\u0105 a dzia\u0142aniem, Wydawnictwo Uniwersytetu \u015al\u0105skiego, Katowice 2017<\/span><\/p>\n<p style=\"padding-left: 40px\"><span style=\"font-size: 14pt\">Marketing polityczny w Polsce na (populistycznym) rozdro\u017cu, [w:] A. Czy\u017c, S. Kubas (red.) Na drodze do wyja\u015bnienia problem\u00f3w politycznych, Wydawnictwo Uniwersytetu \u015al\u0105skiego, Katowice 2018<\/span><\/p>\n<p style=\"padding-left: 40px\"><span style=\"font-size: 14pt\">Niechciany relikt ery premarketingowej w rywalizacji politycznej &#8211; nieodp\u0142atne audycje komitet\u00f3w wyborczych w telewizji publicznej w wyborach do parlamentu Europejskiego '2019, [w:] M. Kolczy\u0144ski (red.) Najwa\u017cniejsze wybory od 1989 roku? Wybory do Parlamentu Europejskiego w 2019 roku: wybrane aspekty kampanii wyborczej, Wydawnictwo A. Marsza\u0142ek, Toru\u0144 2019<\/span><\/p>\n<p style=\"padding-left: 40px\"><span style=\"font-size: 14pt\">Strategia komunikacyjna Konfederacji w wyborach w 2019 roku \u2013 pr\u00f3ba rekonstrukcji, Studia Politologiczne, vol.55, 2020<\/span><\/p>\n<p style=\"padding-left: 40px\"><strong><span style=\"font-size: 14pt\">Projekty badawcze<\/span><\/strong><\/p>\n<p style=\"padding-left: 40px\"><span style=\"font-size: 14pt\">2011-2013: Kierownik w projekcie pt. Obraz Prezydencji Polski w Radzie Unii Europejskiej (2011) w wybranych tytu\u0142ach prasy polskiej \u2013 grant NCN nr 2011\/01\/B\/HS5\/00524<\/span><\/p>\n<p style=\"padding-left: 40px\"><span style=\"font-size: 14pt\">2009-2011: Kierownik w projekcie pt. Obraz wybor\u00f3w do Parlamentu Europejskiego w polskich mediach. Analiza zawarto\u015bci medi\u00f3w \u2013 grant KBN nr 116211936<\/span><\/p>\n<p style=\"text-align: center\"><img class=\"alignnone wp-image-1033 size-full\" src=\"https:\/\/us.edu.pl\/instytut\/idkm\/wp-content\/uploads\/sites\/30\/Nieprzypisane\/12-kolczynski-01.jpg\" alt=\"\" width=\"400\" height=\"587\" srcset=\"https:\/\/us.edu.pl\/instytut\/idkm\/wp-content\/uploads\/sites\/30\/Nieprzypisane\/12-kolczynski-01.jpg 400w, https:\/\/us.edu.pl\/instytut\/idkm\/wp-content\/uploads\/sites\/30\/Nieprzypisane\/12-kolczynski-01-204x300.jpg 204w, https:\/\/us.edu.pl\/instytut\/idkm\/wp-content\/uploads\/sites\/30\/Nieprzypisane\/12-kolczynski-01-392x575.jpg 392w\" sizes=\"(max-width: 400px) 100vw, 400px\" \/><\/p>\n<p style=\"text-align: center\"><img class=\"alignnone wp-image-1034 size-full\" src=\"https:\/\/us.edu.pl\/instytut\/idkm\/wp-content\/uploads\/sites\/30\/Nieprzypisane\/12-kolczynski-02.jpg\" alt=\"\" width=\"400\" height=\"527\" srcset=\"https:\/\/us.edu.pl\/instytut\/idkm\/wp-content\/uploads\/sites\/30\/Nieprzypisane\/12-kolczynski-02.jpg 400w, https:\/\/us.edu.pl\/instytut\/idkm\/wp-content\/uploads\/sites\/30\/Nieprzypisane\/12-kolczynski-02-228x300.jpg 228w\" sizes=\"(max-width: 400px) 100vw, 400px\" \/><\/p>\n<p style=\"text-align: center\"><img class=\"alignnone wp-image-1035 size-full\" src=\"https:\/\/us.edu.pl\/instytut\/idkm\/wp-content\/uploads\/sites\/30\/Nieprzypisane\/12-kolczynski-03.jpg\" alt=\"\" width=\"400\" height=\"586\" srcset=\"https:\/\/us.edu.pl\/instytut\/idkm\/wp-content\/uploads\/sites\/30\/Nieprzypisane\/12-kolczynski-03.jpg 400w, https:\/\/us.edu.pl\/instytut\/idkm\/wp-content\/uploads\/sites\/30\/Nieprzypisane\/12-kolczynski-03-205x300.jpg 205w, https:\/\/us.edu.pl\/instytut\/idkm\/wp-content\/uploads\/sites\/30\/Nieprzypisane\/12-kolczynski-03-392x575.jpg 392w\" sizes=\"(max-width: 400px) 100vw, 400px\" \/><\/p>\n<p style=\"text-align: center\"><img class=\"alignnone wp-image-1036 size-full\" src=\"https:\/\/us.edu.pl\/instytut\/idkm\/wp-content\/uploads\/sites\/30\/Nieprzypisane\/12-kolczynski-04.jpg\" alt=\"\" width=\"400\" height=\"577\" srcset=\"https:\/\/us.edu.pl\/instytut\/idkm\/wp-content\/uploads\/sites\/30\/Nieprzypisane\/12-kolczynski-04.jpg 400w, https:\/\/us.edu.pl\/instytut\/idkm\/wp-content\/uploads\/sites\/30\/Nieprzypisane\/12-kolczynski-04-208x300.jpg 208w, https:\/\/us.edu.pl\/instytut\/idkm\/wp-content\/uploads\/sites\/30\/Nieprzypisane\/12-kolczynski-04-399x575.jpg 399w\" sizes=\"(max-width: 400px) 100vw, 400px\" \/><\/p>\n<p style=\"text-align: center\"><img class=\"alignnone wp-image-1044 size-full\" src=\"https:\/\/us.edu.pl\/instytut\/idkm\/wp-content\/uploads\/sites\/30\/Nieprzypisane\/12-kolczynski-06.jpg\" alt=\"\" width=\"400\" height=\"551\" srcset=\"https:\/\/us.edu.pl\/instytut\/idkm\/wp-content\/uploads\/sites\/30\/Nieprzypisane\/12-kolczynski-06.jpg 400w, https:\/\/us.edu.pl\/instytut\/idkm\/wp-content\/uploads\/sites\/30\/Nieprzypisane\/12-kolczynski-06-218x300.jpg 218w\" sizes=\"(max-width: 400px) 100vw, 400px\" \/><\/p>\n<p style=\"text-align: center\"><img class=\"alignnone wp-image-1037 size-full\" src=\"https:\/\/us.edu.pl\/instytut\/idkm\/wp-content\/uploads\/sites\/30\/Nieprzypisane\/12-kolczynski-05.jpg\" alt=\"\" width=\"400\" height=\"555\" srcset=\"https:\/\/us.edu.pl\/instytut\/idkm\/wp-content\/uploads\/sites\/30\/Nieprzypisane\/12-kolczynski-05.jpg 400w, https:\/\/us.edu.pl\/instytut\/idkm\/wp-content\/uploads\/sites\/30\/Nieprzypisane\/12-kolczynski-05-216x300.jpg 216w\" sizes=\"(max-width: 400px) 100vw, 400px\" \/><\/p>\n<p><\/p>","protected":false},"excerpt":{"rendered":"<p>dr hab. Mariusz Kolczy\u0144ski, prof. U\u015a Adres mailowy mariusz.kolczynski@us.edu.pl ORCID https:\/\/orcid.org\/0000-0002-0355-4004 Research Gate https:\/\/www.researchgate.net\/profile\/Mariusz_Kolczynski Google Scholar https:\/\/scholar.google.com\/citations?hl=pl&amp;user=7qOwPfEAAAAJ Obszar zainteresowa\u0144 badawczych komunikowanie polityczne marketing polityczny mediatyzacja kampanii wyborczych Wybrane publikacje Strategie komunikowania politycznego, Wydawnictwo Uniwersytetu \u015al\u0105-skiego 2007 Hejt internetowy jako narz\u0119dzie dekompozycji wizerunku politycznego, Studia Politologiczne, vol. 45 , 2017 Reklama audiowizualna w kampanii wyborczej do [&#8230;]<\/p>\n<p><a class=\"btn btn-secondary understrap-read-more-link\" href=\"https:\/\/us.edu.pl\/instytut\/idkm\/dr-hab-mariusz-kolczynski-prof-us\/\">Read More&#8230;<\/a><\/p>\n","protected":false},"author":202,"featured_media":0,"parent":0,"menu_order":0,"comment_status":"closed","ping_status":"closed","template":"","meta":{"_expiration-date-status":"saved","_expiration-date":0,"_expiration-date-type":"","_expiration-date-categories":[],"_expiration-date-options":[]},"acf":[],"_links":{"self":[{"href":"https:\/\/us.edu.pl\/instytut\/idkm\/wp-json\/wp\/v2\/pages\/1030"}],"collection":[{"href":"https:\/\/us.edu.pl\/instytut\/idkm\/wp-json\/wp\/v2\/pages"}],"about":[{"href":"https:\/\/us.edu.pl\/instytut\/idkm\/wp-json\/wp\/v2\/types\/page"}],"author":[{"embeddable":true,"href":"https:\/\/us.edu.pl\/instytut\/idkm\/wp-json\/wp\/v2\/users\/202"}],"replies":[{"embeddable":true,"href":"https:\/\/us.edu.pl\/instytut\/idkm\/wp-json\/wp\/v2\/comments?post=1030"}],"version-history":[{"count":5,"href":"https:\/\/us.edu.pl\/instytut\/idkm\/wp-json\/wp\/v2\/pages\/1030\/revisions"}],"predecessor-version":[{"id":1045,"href":"https:\/\/us.edu.pl\/instytut\/idkm\/wp-json\/wp\/v2\/pages\/1030\/revisions\/1045"}],"wp:attachment":[{"href":"https:\/\/us.edu.pl\/instytut\/idkm\/wp-json\/wp\/v2\/media?parent=1030"}],"curies":[{"name":"wp","href":"https:\/\/api.w.org\/{rel}","templated":true}]}}