{"id":1075,"date":"2021-01-18T11:16:37","date_gmt":"2021-01-18T10:16:37","guid":{"rendered":"https:\/\/us.edu.pl\/instytut\/idkm\/?page_id=1075"},"modified":"2024-11-28T11:04:07","modified_gmt":"2024-11-28T10:04:07","slug":"dr-hab-karolina-koc-michalska-prof-us","status":"publish","type":"page","link":"https:\/\/us.edu.pl\/instytut\/idkm\/11-2\/pracownicy\/dr-hab-karolina-koc-michalska-prof-us\/","title":{"rendered":"dr hab. Karolina Koc-Michalska, prof. U\u015a"},"content":{"rendered":"<p><\/p>\n<h2 style=\"text-align: center;\">dr hab. Karolina Koc-Michalska, prof. U\u015a<\/h2>\n<p style=\"text-align: center;\"><img class=\"alignnone wp-image-1072 size-full\" src=\"https:\/\/us.edu.pl\/instytut\/idkm\/wp-content\/uploads\/sites\/30\/2021\/01\/karolina-koc-michalska.jpg\" alt=\"\" width=\"635\" height=\"630\" srcset=\"https:\/\/us.edu.pl\/instytut\/idkm\/wp-content\/uploads\/sites\/30\/2021\/01\/karolina-koc-michalska.jpg 635w, https:\/\/us.edu.pl\/instytut\/idkm\/wp-content\/uploads\/sites\/30\/2021\/01\/karolina-koc-michalska-300x298.jpg 300w, https:\/\/us.edu.pl\/instytut\/idkm\/wp-content\/uploads\/sites\/30\/2021\/01\/karolina-koc-michalska-575x570.jpg 575w\" sizes=\"(max-width: 635px) 100vw, 635px\" \/><\/p>\n<p style=\"padding-left: 40px;\"><span style=\"font-size: 14pt;\">Adres mailowy<\/span><\/p>\n<p style=\"padding-left: 40px;\"><span style=\"font-size: 14pt;\"><a href=\"mailto:karolina.koc-michalska@us.edu.pl\"><strong>karolina.koc-michalska@us.edu.pl<\/strong><\/a><\/span><\/p>\n<p style=\"padding-left: 40px;\"><span style=\"font-size: 14pt;\">ORCID<\/span><\/p>\n<p style=\"padding-left: 40px;\"><span style=\"font-size: 14pt;\"><a href=\"https:\/\/orcid.org\/0000-0002-5354-5616\"><strong>https:\/\/orcid.org\/0000-0002-5354-5616<\/strong><\/a><\/span><\/p>\n<p style=\"padding-left: 40px;\"><span style=\"font-size: 14pt;\">Research Gate<\/span><\/p>\n<p style=\"padding-left: 40px;\"><span style=\"font-size: 14pt;\"><a href=\"https:\/\/www.researchgate.net\/profile\/Karolina_Michalska2\"><strong>https:\/\/www.researchgate.net\/profile\/Karolina_Michalska2<\/strong><\/a><\/span><\/p>\n<p style=\"padding-left: 40px;\"><span style=\"font-size: 14pt;\">Google Scholar<\/span><\/p>\n<p style=\"padding-left: 40px;\"><span style=\"font-size: 14pt;\"><a href=\"https:\/\/scholar.google.pl\/citations?hl=pl&amp;authuser=1&amp;user=6yb4AQgAAAAJ\"><strong>https:\/\/scholar.google.pl\/citations?hl=pl&amp;authuser=1&amp;user=6yb4AQgAAAAJ<\/strong><\/a><\/span><\/p>\n<p style=\"padding-left: 40px;\"><span style=\"font-size: 14pt;\"><strong>Obszar zainteresowa\u0144 badawczych<\/strong><\/span><\/p>\n<ul>\n<li><span style=\"font-size: 14pt;\">Komunikowanie polityczne<\/span><\/li>\n<li><span style=\"font-size: 14pt;\">Studia wyborcze<\/span><\/li>\n<li><span style=\"font-size: 14pt;\">Zaanga\u017cowanie polityczne<\/span><\/li>\n<li><span style=\"font-size: 14pt;\">Nowe media i spo\u0142ecze\u0144stwo<\/span><\/li>\n<li><span style=\"font-size: 14pt;\">Media i polityka<\/span><\/li>\n<li><span style=\"font-size: 14pt;\">Socjologia medi\u00f3w<\/span><\/li>\n<li><span style=\"font-size: 14pt;\">Opinia publiczna<\/span><\/li>\n<\/ul>\n<p style=\"padding-left: 40px;\"><span style=\"font-size: 14pt;\"><strong>Wybrane publikacje<\/strong><\/span><\/p>\n<p style=\"padding-left: 40px;\"><span style=\"font-size: 14pt;\">Boulianne S., Koc-Michalska K. (2022). The Role of Personality in Political Talk and Like-Minded Discussion, International Journal of Press\/Politics, 27(1), 285-310.<\/span><\/p>\n<p style=\"padding-left: 40px;\"><span style=\"font-size: 14pt;\">Koc-Michalska K., Schiffrin A., Lopez A., Boulianne S., Bimber B. (2021). From online political posting to mansplaining: the gender gap and social media in political discussion, Social Science Computer Review, 39 (2), 197-210.<\/span><\/p>\n<p style=\"padding-left: 40px;\"><span style=\"font-size: 14pt;\">Castro L., Str\u00f6mb\u00e4ck J., Esser F., Van Aelst P., de Vreese C., Aalberg T., Cardenal A.S., Corbu N., Hopmann D.N., Koc-Michalska K., Matthes J., Schemer C., Sheafer T., Splendore S., Stanyer J. <\/span><span style=\"font-size: 14pt;\">St\u0119pi\u0144ska A., \u0160t\u011btka V., Theocharis Y. (2021). Navigating high-choice European political information environments: a comparative analysis of news user profiles and political knowledge, International Journal of Press\/Politics, 1-33.<\/span><\/p>\n<p style=\"padding-left: 40px;\"><span style=\"font-size: 14pt;\">Skoric M.M., Zhu Q., Koc-Michalska K., Boulianne S., Bimber B., Selective avoidance on social media: a comparative study of western democracies, Social Science Computer Review, 1-18.<\/span><\/p>\n<p style=\"padding-left: 40px;\"><span style=\"font-size: 14pt;\">Lilleker D., Koc-Michalska K., Bimber B. (2021). Women learn while men talk?: revisiting gender differences in political engagement in online environments, Information, Communication &amp; Society, 24(14), 2037-2053.<\/span><\/p>\n<p style=\"padding-left: 40px;\"><span style=\"font-size: 14pt;\">Koc Michalska, K., Lilleker, D., Negrine, R., Gibson, R., Strudel, S., Vedel, T. (Red.) (2019). Social Media Campaigning in Europe. Routledge.<\/span><\/p>\n<p style=\"padding-left: 40px;\"><span style=\"font-size: 14pt;\">Koc Michalska, K., Lilleker, D. (Red.) (2018).\u00a0Digital Politics: Mobilization, Engagement and Participation. Routeledge.<\/span><\/p>\n<p style=\"padding-left: 40px;\"><span style=\"font-size: 14pt;\">GELOVANI, S., THEOCHARIS, Y., KOC-MICHALSKA, K., &amp; BIMBER, B. (2024). Intergroup ethnocentrism and social media: Evidence from three Western democracies. Information, Communication &amp; Society, 1\u201319 (online first)<\/span><\/p>\n<p style=\"padding-left: 40px;\"><span style=\"font-size: 14pt;\">BRUCE BIMBER, B., LABARRE, J., GOMEZ, D., NIKIFOROV, I., KOC-MICHALSKA, K., (2024) Media Use, Feelings of Being Devalued, and Democratically Corrosive Sentiment in the US, International Journal of Press\/Politics (online first)<\/span><\/p>\n<p style=\"padding-left: 40px;\"><span style=\"font-size: 14pt;\">RUSSMANN, U., KLINGER, U., &amp; KOC-MICHALSKA, K. (2024). Personal, Private, Emotional? How Political Parties Use Personalization Strategies on Facebook in the 2014 and 2019 EP Election Campaigns. Social Science Computer Review, 42(5), 1204\u20131222.<\/span><\/p>\n<p style=\"padding-left: 40px;\"><span style=\"font-size: 14pt;\">TULIN, M., HAMELEERS, M., DE VREESE, C., AALBERG, T., CORBU, N., VAN ERKEL, P., ESSER, F., GEHLE, L., HALAGIERA, D., HOPMANN, D. N., KOC-MICHALSKA, K., MATTHES, J., MIHELJ, S., SCHEMER, C., STETKA, V., STR\u00d6MB\u00c4CK, J., TERREN, L., &amp; THEOCHARIS, Y. (2024). Why do Citizens Choose to Read Fact-Checks in the Context of the Russian War in Ukraine? The Role of Directional and Accuracy Motivations in Nineteen Democracies. The International Journal of Press\/Politics, (online first).<\/span><\/p>\n<p style=\"padding-left: 40px;\"><span style=\"font-size: 14pt;\">BOULIANNE, S., COPELAND, L., &amp; KOC-MICHALSKA, K. (2024). Digital media and political consumerism in the United States, United Kingdom, and France. New Media &amp; Society, Vol. 26(4) 2110\u20132130<\/span><\/p>\n<p style=\"padding-left: 40px;\"><span style=\"font-size: 14pt;\">KLINGER, U., KOC-MICHALSKA, K., &amp; RUSSMANN, U. (2023). Are Campaigns Getting Uglier, and Who Is to Blame? Negativity, Dramatization and Populism on Facebook in the 2014 and 2019 EP Election Campaigns. Political Communication, 40(3), 263\u2013282.<\/span><\/p>\n<p style=\"padding-left: 40px;\"><span style=\"font-size: 14pt;\">THEOCHARIS, Y., BOULIANNE, S., KOC-MICHALSKA, K., &amp; BIMBER, B. (2023). Platform affordances and political participation: How social media reshape political engagement. West European Politics, 46(4), 788\u2013811.<\/span><\/p>\n<p style=\"padding-left: 40px;\"><span style=\"font-size: 14pt;\">KOC-MICHALSKA, K., LILLEKER, D., MICHALSKI, T., GIBSON, R., ZAJAC, J. (2021) . Facebook affordances and citizen engagement during elections: European political parties and their benefit from online strategies?, Journal of Information Technology &amp; Politics, 18(2), p.180-193.<\/span><\/p>\n<p style=\"padding-left: 40px;\"><span style=\"font-size: 14pt;\">KOC-MICHALSKA, K., SCHIFFRIN, A., LOPEZ, A., BOULIANNE, S., BIMBER, B. (2021). From Online Political Posting to Mansplaining\u202f: The Gender Gap and Social Media in Political Discussion. Social Science Computer Review, 39(2), 197-210.<\/span><\/p>\n<p style=\"padding-left: 40px;\"><span style=\"font-size: 14pt;\">KOC-MICHALSKA, K., BIMBER, B., BOULIANNE, S., GOMEZ, D., JENKINS, M. (2020). Public Beliefs about Falsehoods in News. International Journal of Press\/Politics, 25(3), 447-468.<\/span><\/p>\n<p>&nbsp;<\/p>\n<p style=\"padding-left: 40px;\"><span style=\"font-size: 14pt;\"><strong>Dodatkowe<\/strong><\/span><\/p>\n<p style=\"padding-left: 40px;\"><span style=\"font-size: 14pt;\">Profesor w Department of Communication &amp; Culture, Audiencia Business School we Francji<\/span><\/p>\n<p style=\"text-align: center;\"><img class=\"alignnone wp-image-1073 size-full\" src=\"https:\/\/us.edu.pl\/instytut\/idkm\/wp-content\/uploads\/sites\/30\/2021\/01\/15-kocmichalska-01.jpg\" alt=\"\" width=\"400\" height=\"561\" srcset=\"https:\/\/us.edu.pl\/instytut\/idkm\/wp-content\/uploads\/sites\/30\/2021\/01\/15-kocmichalska-01.jpg 400w, https:\/\/us.edu.pl\/instytut\/idkm\/wp-content\/uploads\/sites\/30\/2021\/01\/15-kocmichalska-01-214x300.jpg 214w\" sizes=\"(max-width: 400px) 100vw, 400px\" \/><\/p>\n<p style=\"text-align: center;\"><img class=\"alignnone wp-image-1074 size-full\" src=\"https:\/\/us.edu.pl\/instytut\/idkm\/wp-content\/uploads\/sites\/30\/2021\/01\/15-kocmichalska-02.jpg\" alt=\"\" width=\"400\" height=\"561\" srcset=\"https:\/\/us.edu.pl\/instytut\/idkm\/wp-content\/uploads\/sites\/30\/2021\/01\/15-kocmichalska-02.jpg 400w, https:\/\/us.edu.pl\/instytut\/idkm\/wp-content\/uploads\/sites\/30\/2021\/01\/15-kocmichalska-02-214x300.jpg 214w\" sizes=\"(max-width: 400px) 100vw, 400px\" \/><\/p>\n<p style=\"text-align: center;\"><img class=\"alignnone wp-image-2192 size-full aligncenter\" src=\"https:\/\/us.edu.pl\/instytut\/idkm\/wp-content\/uploads\/sites\/30\/Bez-kategorii\/19-koc-michalska-01.jpg\" alt=\"\" width=\"404\" height=\"543\" srcset=\"https:\/\/us.edu.pl\/instytut\/idkm\/wp-content\/uploads\/sites\/30\/Bez-kategorii\/19-koc-michalska-01.jpg 404w, https:\/\/us.edu.pl\/instytut\/idkm\/wp-content\/uploads\/sites\/30\/Bez-kategorii\/19-koc-michalska-01-223x300.jpg 223w\" sizes=\"(max-width: 404px) 100vw, 404px\" \/><\/p>\n<p style=\"text-align: center;\"><img class=\"alignnone wp-image-2196 size-full aligncenter\" src=\"https:\/\/us.edu.pl\/instytut\/idkm\/wp-content\/uploads\/sites\/30\/Bez-kategorii\/19-koc-michalska-02.jpg\" alt=\"\" width=\"404\" height=\"543\" srcset=\"https:\/\/us.edu.pl\/instytut\/idkm\/wp-content\/uploads\/sites\/30\/Bez-kategorii\/19-koc-michalska-02.jpg 404w, https:\/\/us.edu.pl\/instytut\/idkm\/wp-content\/uploads\/sites\/30\/Bez-kategorii\/19-koc-michalska-02-223x300.jpg 223w\" sizes=\"(max-width: 404px) 100vw, 404px\" \/><\/p>\n<p><\/p>","protected":false},"excerpt":{"rendered":"<p>dr hab. Karolina Koc-Michalska, prof. U\u015a Adres mailowy karolina.koc-michalska@us.edu.pl ORCID https:\/\/orcid.org\/0000-0002-5354-5616 Research Gate https:\/\/www.researchgate.net\/profile\/Karolina_Michalska2 Google Scholar https:\/\/scholar.google.pl\/citations?hl=pl&amp;authuser=1&amp;user=6yb4AQgAAAAJ Obszar zainteresowa\u0144 badawczych Komunikowanie polityczne Studia wyborcze Zaanga\u017cowanie polityczne Nowe media i spo\u0142ecze\u0144stwo Media i polityka Socjologia medi\u00f3w Opinia publiczna Wybrane publikacje Boulianne S., Koc-Michalska K. (2022). The Role of Personality in Political Talk and Like-Minded Discussion, International [&#8230;]<\/p>\n<p><a class=\"btn btn-secondary understrap-read-more-link\" href=\"https:\/\/us.edu.pl\/instytut\/idkm\/11-2\/pracownicy\/dr-hab-karolina-koc-michalska-prof-us\/\">Read More&#8230;<\/a><\/p>\n","protected":false},"author":202,"featured_media":0,"parent":150,"menu_order":0,"comment_status":"closed","ping_status":"closed","template":"","meta":{"_expiration-date-status":"","_expiration-date":0,"_expiration-date-type":"","_expiration-date-categories":[],"_expiration-date-options":[]},"acf":[],"_links":{"self":[{"href":"https:\/\/us.edu.pl\/instytut\/idkm\/wp-json\/wp\/v2\/pages\/1075"}],"collection":[{"href":"https:\/\/us.edu.pl\/instytut\/idkm\/wp-json\/wp\/v2\/pages"}],"about":[{"href":"https:\/\/us.edu.pl\/instytut\/idkm\/wp-json\/wp\/v2\/types\/page"}],"author":[{"embeddable":true,"href":"https:\/\/us.edu.pl\/instytut\/idkm\/wp-json\/wp\/v2\/users\/202"}],"replies":[{"embeddable":true,"href":"https:\/\/us.edu.pl\/instytut\/idkm\/wp-json\/wp\/v2\/comments?post=1075"}],"version-history":[{"count":10,"href":"https:\/\/us.edu.pl\/instytut\/idkm\/wp-json\/wp\/v2\/pages\/1075\/revisions"}],"predecessor-version":[{"id":2205,"href":"https:\/\/us.edu.pl\/instytut\/idkm\/wp-json\/wp\/v2\/pages\/1075\/revisions\/2205"}],"up":[{"embeddable":true,"href":"https:\/\/us.edu.pl\/instytut\/idkm\/wp-json\/wp\/v2\/pages\/150"}],"wp:attachment":[{"href":"https:\/\/us.edu.pl\/instytut\/idkm\/wp-json\/wp\/v2\/media?parent=1075"}],"curies":[{"name":"wp","href":"https:\/\/api.w.org\/{rel}","templated":true}]}}