{"id":1219,"date":"2021-09-22T18:09:10","date_gmt":"2021-09-22T16:09:10","guid":{"rendered":"https:\/\/us.edu.pl\/instytut\/idkm\/?page_id=1219"},"modified":"2022-03-09T19:37:17","modified_gmt":"2022-03-09T18:37:17","slug":"harmonogram-zajec-w-semestrze-letnim-2021-22","status":"publish","type":"page","link":"https:\/\/us.edu.pl\/instytut\/idkm\/dla-pracownika\/ogloszenia-biezace\/harmonogram-zajec-w-semestrze-letnim-2021-22\/","title":{"rendered":"Harmonogram zaj\u0119\u0107 w semestrze letnim 2021\/22"},"content":{"rendered":"<p><\/p>\n<p style=\"padding-left: 40px;\"><span style=\"font-size: 14pt;\">Drodzy Studenci;<\/span><br \/>\n<span style=\"font-size: 14pt;\">przedstawiamy harmonogramy zaj\u0119\u0107 w semestrze letnim 2021\/2022; w harmonogramach mog\u0105 nast\u0105pi\u0107 jeszcze drobne zmiany<\/span><\/p>\n<p style=\"padding-left: 40px;\"><span style=\"font-size: 14pt;\">Studia stacjonarne:<br \/>\n<a href=\"https:\/\/us.edu.pl\/instytut\/idkm\/wp-content\/uploads\/sites\/30\/2022\/03\/2022-lato-stacjonarne-03.pdf\" class=\"mtli_attachment mtli_pdf\" data-mtli=\"mtli_filesize295,47kB\">https:\/\/us.edu.pl\/instytut\/idkm\/wp-content\/uploads\/sites\/30\/2022\/03\/2022-lato-stacjonarne-03.pdf<\/a><br \/>\n(po aktualizacji 8 marca)<\/span><\/p>\n<p style=\"padding-left: 40px;\"><span style=\"font-size: 14pt;\">Studia niestacjonarne:<br \/>\n<a href=\"https:\/\/us.edu.pl\/instytut\/idkm\/wp-content\/uploads\/sites\/30\/Nieprzypisane\/2022-lato-niestacjonarne-01.pdf\" class=\"mtli_attachment mtli_pdf\" data-mtli=\"mtli_filesize372,11kB\">https:\/\/us.edu.pl\/instytut\/idkm\/wp-content\/uploads\/sites\/30\/Nieprzypisane\/2022-lato-niestacjonarne-01.pdf<\/a><br \/>\n<\/span><\/p>\n<p><\/p>\n<style type=\"text\/css\">a[data-mtli~=\"mtli_filesize295,47kB\"]:after {content:\" (295,47 kB)\"}a[data-mtli~=\"mtli_filesize372,11kB\"]:after {content:\" (372,11 kB)\"}<\/style>","protected":false},"excerpt":{"rendered":"<p>Drodzy Studenci; przedstawiamy harmonogramy zaj\u0119\u0107 w semestrze letnim 2021\/2022; w harmonogramach mog\u0105 nast\u0105pi\u0107 jeszcze drobne zmiany Studia stacjonarne: https:\/\/us.edu.pl\/instytut\/idkm\/wp-content\/uploads\/sites\/30\/2022\/03\/2022-lato-stacjonarne-03.pdf (po aktualizacji 8 marca) Studia niestacjonarne: https:\/\/us.edu.pl\/instytut\/idkm\/wp-content\/uploads\/sites\/30\/Nieprzypisane\/2022-lato-niestacjonarne-01.pdf [&#8230;]<\/p>\n<p><a class=\"btn btn-secondary understrap-read-more-link\" href=\"https:\/\/us.edu.pl\/instytut\/idkm\/dla-pracownika\/ogloszenia-biezace\/harmonogram-zajec-w-semestrze-letnim-2021-22\/\">Read More&#8230;<\/a><\/p>\n","protected":false},"author":202,"featured_media":1220,"parent":182,"menu_order":0,"comment_status":"closed","ping_status":"closed","template":"","meta":{"_expiration-date-status":"saved","_expiration-date":0,"_expiration-date-type":"","_expiration-date-categories":[],"_expiration-date-options":[]},"acf":[],"_links":{"self":[{"href":"https:\/\/us.edu.pl\/instytut\/idkm\/wp-json\/wp\/v2\/pages\/1219"}],"collection":[{"href":"https:\/\/us.edu.pl\/instytut\/idkm\/wp-json\/wp\/v2\/pages"}],"about":[{"href":"https:\/\/us.edu.pl\/instytut\/idkm\/wp-json\/wp\/v2\/types\/page"}],"author":[{"embeddable":true,"href":"https:\/\/us.edu.pl\/instytut\/idkm\/wp-json\/wp\/v2\/users\/202"}],"replies":[{"embeddable":true,"href":"https:\/\/us.edu.pl\/instytut\/idkm\/wp-json\/wp\/v2\/comments?post=1219"}],"version-history":[{"count":10,"href":"https:\/\/us.edu.pl\/instytut\/idkm\/wp-json\/wp\/v2\/pages\/1219\/revisions"}],"predecessor-version":[{"id":1337,"href":"https:\/\/us.edu.pl\/instytut\/idkm\/wp-json\/wp\/v2\/pages\/1219\/revisions\/1337"}],"up":[{"embeddable":true,"href":"https:\/\/us.edu.pl\/instytut\/idkm\/wp-json\/wp\/v2\/pages\/182"}],"wp:featuredmedia":[{"embeddable":true,"href":"https:\/\/us.edu.pl\/instytut\/idkm\/wp-json\/wp\/v2\/media\/1220"}],"wp:attachment":[{"href":"https:\/\/us.edu.pl\/instytut\/idkm\/wp-json\/wp\/v2\/media?parent=1219"}],"curies":[{"name":"wp","href":"https:\/\/api.w.org\/{rel}","templated":true}]}}