{"id":1395,"date":"2022-09-06T18:43:27","date_gmt":"2022-09-06T16:43:27","guid":{"rendered":"https:\/\/us.edu.pl\/instytut\/idkm\/?page_id=1395"},"modified":"2022-09-06T18:49:11","modified_gmt":"2022-09-06T16:49:11","slug":"powolanie-na-stanowisko-dyrektora-instytutu-dziennikarstwa-i-komunikacji-medialnej","status":"publish","type":"page","link":"https:\/\/us.edu.pl\/instytut\/idkm\/dla-pracownika\/ogloszenia-biezace\/powolanie-na-stanowisko-dyrektora-instytutu-dziennikarstwa-i-komunikacji-medialnej\/","title":{"rendered":"Powo\u0142anie na stanowisko dyrektora Instytutu Dziennikarstwa i Komunikacji Medialnej"},"content":{"rendered":"<p><\/p>\n<p style=\"padding-left: 40px;\"><span style=\"font-size: 14pt;\">Uprzejmie informujemy, i\u017c prof. dr hab. Mariusz Kolczy\u0144ski &#8211; dotychczasowy dyrektor Instytutu Dziennikarstwa i Komunikacji Medialnej otrzyma\u0142 w\u0142a\u015bnie nominacj\u0119 JM Rektora Uniwersytetu \u015al\u0105skiego na kolejn\u0105 kadencj\u0119.<\/span><\/p>\n<p>&nbsp;<\/p>\n<p><img class=\"wp-image-1396 size-full aligncenter\" src=\"https:\/\/us.edu.pl\/instytut\/idkm\/wp-content\/uploads\/sites\/30\/Bez-kategorii\/001.jpg\" alt=\"\" width=\"813\" height=\"1084\" srcset=\"https:\/\/us.edu.pl\/instytut\/idkm\/wp-content\/uploads\/sites\/30\/Bez-kategorii\/001.jpg 813w, https:\/\/us.edu.pl\/instytut\/idkm\/wp-content\/uploads\/sites\/30\/Bez-kategorii\/001-225x300.jpg 225w, https:\/\/us.edu.pl\/instytut\/idkm\/wp-content\/uploads\/sites\/30\/Bez-kategorii\/001-768x1024.jpg 768w, https:\/\/us.edu.pl\/instytut\/idkm\/wp-content\/uploads\/sites\/30\/Bez-kategorii\/001-431x575.jpg 431w\" sizes=\"(max-width: 813px) 100vw, 813px\" \/><\/p>","protected":false},"excerpt":{"rendered":"<p>Uprzejmie informujemy, i\u017c prof. dr hab. Mariusz Kolczy\u0144ski &#8211; dotychczasowy dyrektor Instytutu Dziennikarstwa i Komunikacji Medialnej otrzyma\u0142 w\u0142a\u015bnie nominacj\u0119 JM Rektora Uniwersytetu \u015al\u0105skiego na kolejn\u0105 kadencj\u0119. &nbsp; [&#8230;]<\/p>\n<p><a class=\"btn btn-secondary understrap-read-more-link\" href=\"https:\/\/us.edu.pl\/instytut\/idkm\/dla-pracownika\/ogloszenia-biezace\/powolanie-na-stanowisko-dyrektora-instytutu-dziennikarstwa-i-komunikacji-medialnej\/\">Read More&#8230;<\/a><\/p>\n","protected":false},"author":202,"featured_media":440,"parent":182,"menu_order":0,"comment_status":"closed","ping_status":"closed","template":"","meta":{"_expiration-date-status":"","_expiration-date":0,"_expiration-date-type":"","_expiration-date-categories":[],"_expiration-date-options":[]},"acf":[],"_links":{"self":[{"href":"https:\/\/us.edu.pl\/instytut\/idkm\/wp-json\/wp\/v2\/pages\/1395"}],"collection":[{"href":"https:\/\/us.edu.pl\/instytut\/idkm\/wp-json\/wp\/v2\/pages"}],"about":[{"href":"https:\/\/us.edu.pl\/instytut\/idkm\/wp-json\/wp\/v2\/types\/page"}],"author":[{"embeddable":true,"href":"https:\/\/us.edu.pl\/instytut\/idkm\/wp-json\/wp\/v2\/users\/202"}],"replies":[{"embeddable":true,"href":"https:\/\/us.edu.pl\/instytut\/idkm\/wp-json\/wp\/v2\/comments?post=1395"}],"version-history":[{"count":2,"href":"https:\/\/us.edu.pl\/instytut\/idkm\/wp-json\/wp\/v2\/pages\/1395\/revisions"}],"predecessor-version":[{"id":1404,"href":"https:\/\/us.edu.pl\/instytut\/idkm\/wp-json\/wp\/v2\/pages\/1395\/revisions\/1404"}],"up":[{"embeddable":true,"href":"https:\/\/us.edu.pl\/instytut\/idkm\/wp-json\/wp\/v2\/pages\/182"}],"wp:featuredmedia":[{"embeddable":true,"href":"https:\/\/us.edu.pl\/instytut\/idkm\/wp-json\/wp\/v2\/media\/440"}],"wp:attachment":[{"href":"https:\/\/us.edu.pl\/instytut\/idkm\/wp-json\/wp\/v2\/media?parent=1395"}],"curies":[{"name":"wp","href":"https:\/\/api.w.org\/{rel}","templated":true}]}}