{"id":1463,"date":"2022-11-25T18:09:49","date_gmt":"2022-11-25T17:09:49","guid":{"rendered":"https:\/\/us.edu.pl\/instytut\/idkm\/?page_id=1463"},"modified":"2025-11-24T14:56:50","modified_gmt":"2025-11-24T13:56:50","slug":"wyniki-i-etapu-olimpiady-wiedzy-o-mediach","status":"publish","type":"page","link":"https:\/\/us.edu.pl\/instytut\/idkm\/dla-pracownika\/ogloszenia-biezace\/wyniki-i-etapu-olimpiady-wiedzy-o-mediach\/","title":{"rendered":"Wyniki I etapu Olimpiady Wiedzy o Mediach"},"content":{"rendered":"<p><\/p>\n<p style=\"padding-left: 40px;\"><span style=\"font-size: 14pt;\">Przedstawiamy wyniki I etapu Olimpiady Wiedzy o Mediach w wojew\u00f3dztwie \u015bl\u0105skim \u2013 edycja 2025.<br \/>\n<\/span><br \/>\n<span style=\"font-size: 14pt;\">W wojew\u00f3dztwie \u015bl\u0105skim, do etapu okr\u0119gowego zakwalifikowa\u0142o si\u0119 36 uczennic i uczni\u00f3w szk\u00f3\u0142 \u015brednich. Gratulujemy m\u0142odzie\u017cy i opiekunom merytorycznym.<\/span><br \/>\n<span style=\"font-size: 14pt;\">Lista uczni\u00f3w zakwalifikowanych do \u015bl\u0105skiego etapu regionalnego Olimpiady Wiedzy o Mediach:<br \/>\n<\/span><br \/>\n<span style=\"font-size: 14pt;\">III LO im. S. \u017beromskiego w Bielsku-Bia\u0142ej<\/span><br \/>\n<strong><span style=\"font-size: 14pt;\">Malwina Konieczna<\/span><\/strong><br \/>\n<span style=\"font-size: 14pt;\"><strong>Natalia Gawlas<br \/>\nBarbara Wolna<\/strong><br \/>\n<\/span><br \/>\n<span style=\"font-size: 14pt;\">I LO im. J. S\u0142owackiego w Cz\u0119stochowie<\/span><br \/>\n<span style=\"font-size: 14pt;\"><strong>Barbara Tyra\u0142a<\/strong><br \/>\n<\/span><br \/>\n<span style=\"font-size: 14pt;\">V LO im. A. Mickiewicza w Cz\u0119stochowie<\/span><br \/>\n<strong><span style=\"font-size: 14pt;\">Anna Ma\u0142ek<\/span><\/strong><br \/>\n<strong><span style=\"font-size: 14pt;\">Oliwia Jo\u0144czyk<\/span><\/strong><br \/>\n<strong><span style=\"font-size: 14pt;\">Justyna Cyran<\/span><\/strong><br \/>\n<strong><span style=\"font-size: 14pt;\">Wiktoria Wojtasik<\/span><\/strong><br \/>\n<span style=\"font-size: 14pt;\"><strong>Piotr Wyrazik<\/strong><br \/>\n<\/span><br \/>\n<span style=\"font-size: 14pt;\">VIII LO Samorz\u0105dowe im. gen. J. Sowi\u0144skiego w Cz\u0119stochowie<\/span><br \/>\n<strong><span style=\"font-size: 14pt;\">Amelia Bagi\u0144ska<br \/>\n<\/span><\/strong><br \/>\n<span style=\"font-size: 14pt;\">Zesp\u00f3\u0142 Szk\u00f3\u0142 im. gen. W. Andersa w Cz\u0119stochowie<\/span><br \/>\n<span style=\"font-size: 14pt;\"><strong>Oleksandra Derkach<\/strong><br \/>\n<\/span><br \/>\n<span style=\"font-size: 14pt;\">I LO Dwuj\u0119zyczne im. E. Dembowskiego w Gliwicach<\/span><br \/>\n<span style=\"font-size: 14pt;\"><strong>Maja Ekiert<\/strong><br \/>\n<\/span><br \/>\n<span style=\"font-size: 14pt;\">II LO im. W. Wr\u00f3blewskiego w Gliwicach<\/span><br \/>\n<strong><span style=\"font-size: 14pt;\">Julia Olsza\u0144ska<\/span><\/strong><br \/>\n<span style=\"font-size: 14pt;\"><strong>Nadia Ko\u017aba<\/strong><br \/>\n<\/span><br \/>\n<span style=\"font-size: 14pt;\">VII LO w Gliwicach w ZSO nr 4 im. Piast\u00f3w \u015al\u0105skich w Gliwicach<\/span><br \/>\n<span style=\"font-size: 14pt;\"><strong>Maria Ha\u0142at<\/strong><br \/>\n<\/span><br \/>\n<span style=\"font-size: 14pt;\">II LO im. M. Konopnickiej w Katowicach<\/span><br \/>\n<strong><span style=\"font-size: 14pt;\">Micha\u0142 Filipkiewicz<\/span><\/strong><br \/>\n<strong><span style=\"font-size: 14pt;\">Monika Biega\u0144ska<\/span><\/strong><br \/>\n<span style=\"font-size: 14pt;\"><strong>Grzegorz Gzik<\/strong><br \/>\n<\/span><br \/>\n<span style=\"font-size: 14pt;\">III LO im. A. Mickiewicza w Katowicach<\/span><br \/>\n<strong><span style=\"font-size: 14pt;\">Julia Fo\u0142da<\/span><\/strong><br \/>\n<span style=\"font-size: 14pt;\"><strong>Jakub Lipowicz<\/strong><br \/>\n<\/span><br \/>\n<span style=\"font-size: 14pt;\">Zesp\u00f3\u0142 Szk\u00f3\u0142 nr 1 im. A. Mickiewicza w Lubli\u0144cu<\/span><br \/>\n<strong><span style=\"font-size: 14pt;\">Natalia Neliszer<\/span><\/strong><br \/>\n<strong><span style=\"font-size: 14pt;\">Hanna Malic<\/span><\/strong><br \/>\n<span style=\"font-size: 14pt;\"><strong>B\u0142a\u017cej Dylla<\/strong><br \/>\n<\/span><br \/>\n<span style=\"font-size: 14pt;\">IV LO im. S. Staszica w Sosnowcu<\/span><br \/>\n<strong><span style=\"font-size: 14pt;\">Iwo Jurkiewicz<\/span><\/strong><br \/>\n<strong><span style=\"font-size: 14pt;\">Micha\u0142 Konopka<\/span><\/strong><br \/>\n<strong><span style=\"font-size: 14pt;\">Zofia Stolpa<\/span><\/strong><br \/>\n<strong><span style=\"font-size: 14pt;\">Kuba Kotelski<\/span><\/strong><br \/>\n<strong><span style=\"font-size: 14pt;\">Zuzanna Kita<\/span><\/strong><br \/>\n<span style=\"font-size: 14pt;\"><strong>Joanna Ro\u017cek<\/strong><br \/>\n<\/span><br \/>\n<span style=\"font-size: 14pt;\">I LO im. L. Kruczkowskiego w Tychach<\/span><br \/>\n<span style=\"font-size: 14pt;\"><strong>Natalia Franecka<\/strong><br \/>\n<\/span><br \/>\n<span style=\"font-size: 14pt;\">I LO im. 14 Pu\u0142ku Powsta\u0144c\u00f3w \u015al\u0105skich w Wodzis\u0142awiu \u015al\u0105skim<\/span><br \/>\n<strong><span style=\"font-size: 14pt;\">Hanna Pil\u015bniak<\/span><\/strong><br \/>\n<span style=\"font-size: 14pt;\"><strong>Otylia Ziarnik<\/strong><br \/>\n<\/span><br \/>\n<span style=\"font-size: 14pt;\">II LO im. Heleny Malczewskiej w Zawierciu<\/span><br \/>\n<span style=\"font-size: 14pt;\"><strong>Elena Lusini<\/strong><br \/>\n<\/span><br \/>\n<span style=\"font-size: 14pt;\">I LO im. M. Kopernika w \u017bywcu<\/span><br \/>\n<strong><span style=\"font-size: 14pt;\">Aleksandra Detko<\/span><\/strong><br \/>\n<strong><span style=\"font-size: 14pt;\">Arkadiusz Lejawa<\/span><\/strong><br \/>\n<strong><span style=\"font-size: 14pt;\">Niepubliczne LO Cogito w \u017bywcu<\/span><\/strong><br \/>\n<strong><span style=\"font-size: 14pt;\">Miko\u0142aj Frycz<\/span><\/strong><\/p>\n<p>&nbsp;<\/p>\n<h1 class=\"html-h1 xdj266r x14z9mp xat24cr x1lziwak xexx8yu xyri2b x18d9i69 x1c1uobl x1vvkbs x1heor9g x1qlqyl8 x1pd3egz x1a2a7pz\" style=\"padding-left: 80px;\"><span style=\"font-size: 14pt;\">Sekretarz okr\u0119gowego komitetu mgr Micha\u0142 Rams-\u0141ugowski\u00a0<\/span><\/h1>\n<p style=\"padding-left: 40px;\"><strong><span style=\"font-size: 14pt;\">\u00a0<\/span><\/strong><\/p>\n<p>&nbsp;<\/p>\n<p style=\"text-align: center;\"><a href=\"https:\/\/owm.edu.pl\/\"><span style=\"font-size: 14pt;\">STRONA G\u0141\u00d3WNA OLIMPIADY<\/span><\/a><\/p>\n<p>&nbsp;<\/p>\n<hr \/>\n<p style=\"padding-left: 40px;\">\n<p><\/p>","protected":false},"excerpt":{"rendered":"<p>Przedstawiamy wyniki I etapu Olimpiady Wiedzy o Mediach w wojew\u00f3dztwie \u015bl\u0105skim \u2013 edycja 2025. W wojew\u00f3dztwie \u015bl\u0105skim, do etapu okr\u0119gowego zakwalifikowa\u0142o si\u0119 36 uczennic i uczni\u00f3w szk\u00f3\u0142 \u015brednich. Gratulujemy m\u0142odzie\u017cy i opiekunom merytorycznym. Lista uczni\u00f3w zakwalifikowanych do \u015bl\u0105skiego etapu regionalnego Olimpiady Wiedzy o Mediach: III LO im. S. \u017beromskiego w Bielsku-Bia\u0142ej Malwina Konieczna Natalia Gawlas [&#8230;]<\/p>\n<p><a class=\"btn btn-secondary understrap-read-more-link\" href=\"https:\/\/us.edu.pl\/instytut\/idkm\/dla-pracownika\/ogloszenia-biezace\/wyniki-i-etapu-olimpiady-wiedzy-o-mediach\/\">Read More&#8230;<\/a><\/p>\n","protected":false},"author":202,"featured_media":1464,"parent":182,"menu_order":0,"comment_status":"closed","ping_status":"closed","template":"","meta":{"_expiration-date-status":"","_expiration-date":0,"_expiration-date-type":"","_expiration-date-categories":[],"_expiration-date-options":[]},"acf":[],"_links":{"self":[{"href":"https:\/\/us.edu.pl\/instytut\/idkm\/wp-json\/wp\/v2\/pages\/1463"}],"collection":[{"href":"https:\/\/us.edu.pl\/instytut\/idkm\/wp-json\/wp\/v2\/pages"}],"about":[{"href":"https:\/\/us.edu.pl\/instytut\/idkm\/wp-json\/wp\/v2\/types\/page"}],"author":[{"embeddable":true,"href":"https:\/\/us.edu.pl\/instytut\/idkm\/wp-json\/wp\/v2\/users\/202"}],"replies":[{"embeddable":true,"href":"https:\/\/us.edu.pl\/instytut\/idkm\/wp-json\/wp\/v2\/comments?post=1463"}],"version-history":[{"count":10,"href":"https:\/\/us.edu.pl\/instytut\/idkm\/wp-json\/wp\/v2\/pages\/1463\/revisions"}],"predecessor-version":[{"id":3021,"href":"https:\/\/us.edu.pl\/instytut\/idkm\/wp-json\/wp\/v2\/pages\/1463\/revisions\/3021"}],"up":[{"embeddable":true,"href":"https:\/\/us.edu.pl\/instytut\/idkm\/wp-json\/wp\/v2\/pages\/182"}],"wp:featuredmedia":[{"embeddable":true,"href":"https:\/\/us.edu.pl\/instytut\/idkm\/wp-json\/wp\/v2\/media\/1464"}],"wp:attachment":[{"href":"https:\/\/us.edu.pl\/instytut\/idkm\/wp-json\/wp\/v2\/media?parent=1463"}],"curies":[{"name":"wp","href":"https:\/\/api.w.org\/{rel}","templated":true}]}}