{"id":1588,"date":"2023-05-12T09:47:21","date_gmt":"2023-05-12T07:47:21","guid":{"rendered":"https:\/\/us.edu.pl\/instytut\/idkm\/?page_id=1588"},"modified":"2023-05-12T09:50:06","modified_gmt":"2023-05-12T07:50:06","slug":"zagadnienia-egzaminacyjne-2023-studia-i-i-ii-stopnia","status":"publish","type":"page","link":"https:\/\/us.edu.pl\/instytut\/idkm\/dla-pracownika\/ogloszenia-biezace\/zagadnienia-egzaminacyjne-2023-studia-i-i-ii-stopnia\/","title":{"rendered":"Zagadnienia egzaminacyjne 2023 &#8211; studia I i II stopnia"},"content":{"rendered":"<p><\/p>\n<p style=\"padding-left: 40px;\"><span style=\"font-size: 14pt;\">Uprzejmie informujemy, i\u017c dost\u0119pne s\u0105 arkusze zagadnie\u0144 egzaminacyjnych dla studi\u00f3w I oraz II stopnia.<\/span><\/p>\n<p style=\"padding-left: 40px;\"><span style=\"font-size: 14pt;\"><a href=\"https:\/\/us.edu.pl\/instytut\/idkm\/wp-content\/uploads\/sites\/30\/2023\/05\/IDKM_Pytania-egzaminacyjne_studia-I-stopnia.pdf\" class=\"mtli_attachment mtli_pdf\" data-mtli=\"mtli_filesize92,62kB\">https:\/\/us.edu.pl\/instytut\/idkm\/wp-content\/uploads\/sites\/30\/2023\/05\/IDKM_Pytania-egzaminacyjne_studia-I-stopnia.pdf<\/a><\/span><\/p>\n<p style=\"padding-left: 40px;\"><span style=\"font-size: 14pt;\"><a href=\"https:\/\/us.edu.pl\/instytut\/idkm\/wp-content\/uploads\/sites\/30\/2023\/05\/IDKM_Pytania-egzaminacyjne_studia-II-stopnia.pdf\" class=\"mtli_attachment mtli_pdf\" data-mtli=\"mtli_filesize97,61kB\">https:\/\/us.edu.pl\/instytut\/idkm\/wp-content\/uploads\/sites\/30\/2023\/05\/IDKM_Pytania-egzaminacyjne_studia-II-stopnia.pdf<\/a><\/span><\/p>\n<p><\/p>\n<style type=\"text\/css\">a[data-mtli~=\"mtli_filesize92,62kB\"]:after {content:\" (92,62 kB)\"}a[data-mtli~=\"mtli_filesize97,61kB\"]:after {content:\" (97,61 kB)\"}<\/style>","protected":false},"excerpt":{"rendered":"<p>Uprzejmie informujemy, i\u017c dost\u0119pne s\u0105 arkusze zagadnie\u0144 egzaminacyjnych dla studi\u00f3w I oraz II stopnia. https:\/\/us.edu.pl\/instytut\/idkm\/wp-content\/uploads\/sites\/30\/2023\/05\/IDKM_Pytania-egzaminacyjne_studia-I-stopnia.pdf https:\/\/us.edu.pl\/instytut\/idkm\/wp-content\/uploads\/sites\/30\/2023\/05\/IDKM_Pytania-egzaminacyjne_studia-II-stopnia.pdf [&#8230;]<\/p>\n<p><a class=\"btn btn-secondary understrap-read-more-link\" href=\"https:\/\/us.edu.pl\/instytut\/idkm\/dla-pracownika\/ogloszenia-biezace\/zagadnienia-egzaminacyjne-2023-studia-i-i-ii-stopnia\/\">Read More&#8230;<\/a><\/p>\n","protected":false},"author":202,"featured_media":1589,"parent":182,"menu_order":0,"comment_status":"closed","ping_status":"closed","template":"","meta":{"_expiration-date-status":"","_expiration-date":0,"_expiration-date-type":"","_expiration-date-categories":[],"_expiration-date-options":[]},"acf":[],"_links":{"self":[{"href":"https:\/\/us.edu.pl\/instytut\/idkm\/wp-json\/wp\/v2\/pages\/1588"}],"collection":[{"href":"https:\/\/us.edu.pl\/instytut\/idkm\/wp-json\/wp\/v2\/pages"}],"about":[{"href":"https:\/\/us.edu.pl\/instytut\/idkm\/wp-json\/wp\/v2\/types\/page"}],"author":[{"embeddable":true,"href":"https:\/\/us.edu.pl\/instytut\/idkm\/wp-json\/wp\/v2\/users\/202"}],"replies":[{"embeddable":true,"href":"https:\/\/us.edu.pl\/instytut\/idkm\/wp-json\/wp\/v2\/comments?post=1588"}],"version-history":[{"count":2,"href":"https:\/\/us.edu.pl\/instytut\/idkm\/wp-json\/wp\/v2\/pages\/1588\/revisions"}],"predecessor-version":[{"id":1591,"href":"https:\/\/us.edu.pl\/instytut\/idkm\/wp-json\/wp\/v2\/pages\/1588\/revisions\/1591"}],"up":[{"embeddable":true,"href":"https:\/\/us.edu.pl\/instytut\/idkm\/wp-json\/wp\/v2\/pages\/182"}],"wp:featuredmedia":[{"embeddable":true,"href":"https:\/\/us.edu.pl\/instytut\/idkm\/wp-json\/wp\/v2\/media\/1589"}],"wp:attachment":[{"href":"https:\/\/us.edu.pl\/instytut\/idkm\/wp-json\/wp\/v2\/media?parent=1588"}],"curies":[{"name":"wp","href":"https:\/\/api.w.org\/{rel}","templated":true}]}}