{"id":1595,"date":"2023-06-03T15:53:25","date_gmt":"2023-06-03T13:53:25","guid":{"rendered":"https:\/\/us.edu.pl\/instytut\/idkm\/?page_id=1595"},"modified":"2024-11-08T10:23:27","modified_gmt":"2024-11-08T09:23:27","slug":"konferencja","status":"publish","type":"page","link":"https:\/\/us.edu.pl\/instytut\/idkm\/konferencja\/","title":{"rendered":"Konferencja &#8222;Komunikacja medialna w badaniach i praktyce&#8221; 2024"},"content":{"rendered":"<p><\/p>\n<p style=\"text-align: center;\" align=\"JUSTIFY\"><span style=\"font-family: arial, helvetica, sans-serif; font-size: 18pt;\"><img class=\"alignnone wp-image-1916 size-full\" src=\"https:\/\/us.edu.pl\/instytut\/idkm\/wp-content\/uploads\/sites\/30\/Bez-kategorii\/stripe_01.jpg\" alt=\"\" width=\"800\" height=\"533\" srcset=\"https:\/\/us.edu.pl\/instytut\/idkm\/wp-content\/uploads\/sites\/30\/Bez-kategorii\/stripe_01.jpg 800w, https:\/\/us.edu.pl\/instytut\/idkm\/wp-content\/uploads\/sites\/30\/Bez-kategorii\/stripe_01-300x200.jpg 300w, https:\/\/us.edu.pl\/instytut\/idkm\/wp-content\/uploads\/sites\/30\/Bez-kategorii\/stripe_01-768x512.jpg 768w, https:\/\/us.edu.pl\/instytut\/idkm\/wp-content\/uploads\/sites\/30\/Bez-kategorii\/stripe_01-575x383.jpg 575w\" sizes=\"(max-width: 800px) 100vw, 800px\" \/><\/span><\/p>\n<p style=\"text-align: center;\" align=\"JUSTIFY\"><span style=\"font-family: arial, helvetica, sans-serif; font-size: 18pt;\">Konferencja z cyklu \u201eKomunikacja medialna w badaniach i praktyce\u201d,<br \/>\nkt\u00f3rej temat przewodni brzmi \u201eZmiana w mediach \u2013 Media w czasie zmiany\u201d. Konferencja jest organizowana przez Instytut Dziennikarstwa i Komunikacji Medialnej Uniwersytetu \u015al\u0105skiego w Katowicach i odb\u0119dzie si\u0119 w dniach 18-19 listopada 2024 roku w formie stacjonarnej w Ustroniu<\/span><\/p>\n<p style=\"text-align: center;\"><a href=\"https:\/\/docs.google.com\/forms\/d\/e\/1FAIpQLSfZpRxPhhWKfja8ziGN5E0eeCG_-HxLJHigTxU15GH92u5jyQ\/viewform\"><span style=\"font-size: 18pt;\">przejd\u017a do formularza rejestracyjnego<\/span><\/a><\/p>\n<p style=\"text-align: center;\"><img class=\"wp-image-1926 size-full aligncenter\" src=\"https:\/\/us.edu.pl\/instytut\/idkm\/wp-content\/uploads\/sites\/30\/Bez-kategorii\/katowice.jpg\" alt=\"\" width=\"563\" height=\"150\" srcset=\"https:\/\/us.edu.pl\/instytut\/idkm\/wp-content\/uploads\/sites\/30\/Bez-kategorii\/katowice.jpg 563w, https:\/\/us.edu.pl\/instytut\/idkm\/wp-content\/uploads\/sites\/30\/Bez-kategorii\/katowice-300x80.jpg 300w\" sizes=\"(max-width: 563px) 100vw, 563px\" \/><\/p>\n<p style=\"text-align: center;\"><img class=\"alignnone wp-image-1917 size-full aligncenter\" src=\"https:\/\/us.edu.pl\/instytut\/idkm\/wp-content\/uploads\/sites\/30\/Bez-kategorii\/patroni.jpg\" alt=\"\" width=\"568\" height=\"179\" srcset=\"https:\/\/us.edu.pl\/instytut\/idkm\/wp-content\/uploads\/sites\/30\/Bez-kategorii\/patroni.jpg 568w, https:\/\/us.edu.pl\/instytut\/idkm\/wp-content\/uploads\/sites\/30\/Bez-kategorii\/patroni-300x95.jpg 300w\" sizes=\"(max-width: 568px) 100vw, 568px\" \/><\/p>\n<p style=\"text-align: center;\"><span style=\"font-size: 12pt;\">Wydarzenie realizowane jest w pa\u015bmie Miasto-Region-Akademia, w ramach obchod\u00f3w Europejskiego Miasta Nauki Katowice 2024<\/span><br \/>\n<span style=\"font-size: 12pt;\">Wydarzenie jest dofinansowane ze \u015brodk\u00f3w Wojew\u00f3dztwa \u015al\u0105skiego \u2013 Wsp\u00f3\u0142organizatora Europejskiego Miasta Nauki Katowice 2024<\/span><\/p>\n<p>&nbsp;<\/p>\n<p style=\"text-align: center;\"><a href=\"https:\/\/us.edu.pl\/instytut\/idkm\/wp-content\/uploads\/sites\/30\/Bez-kategorii\/program-maly_10-1.pdf\" class=\"mtli_attachment mtli_pdf\" data-mtli=\"mtli_filesize149,03kB\"><span style=\"font-size: 18pt;\"><strong>PROGRAM KONFERENCJI<\/strong><\/span><\/a><\/p>\n<p>&nbsp;<\/p>\n<p style=\"padding-left: 40px;\" align=\"RIGHT\"><span style=\"font-family: arial, helvetica, sans-serif; font-size: 14pt;\">\u201e<i><b>Bo ludzie nie lubi\u0105 zmian. Ale je\u015bli zmiana nast\u0105pi dostatecznie szybko, przeskakuj\u0105 tylko z jednej normalno\u015bci do drugiej.\u201d<\/b><\/i><\/span><\/p>\n<p style=\"padding-left: 40px;\" align=\"RIGHT\"><span style=\"font-family: arial, helvetica, sans-serif; font-size: 14pt;\"><b>Terry Pratchett, \u201e\u015awiat finansjery\u201d<\/b><\/span><\/p>\n<p style=\"padding-left: 40px;\" align=\"JUSTIFY\"><span style=\"font-family: arial, helvetica, sans-serif; font-size: 14pt;\">Zapraszamy Pa\u0144stwa na drug\u0105 konferencj\u0119 z cyklu \u201eKomunikacja medialna w badaniach i praktyce\u201d, kt\u00f3rej temat przewodni brzmi \u201eZmiana w mediach \u2013 Media w czasie zmiany\u201d. Konferencja jest organizowana przez Instytut Dziennikarstwa i Komunikacji Medialnej Uniwersytetu \u015al\u0105skiego w Katowicach i odb\u0119dzie si\u0119 w dniach 18-19 listopada 2024 roku w formie stacjonarnej w Ustroniu.<\/span><\/p>\n<p style=\"padding-left: 40px;\" align=\"JUSTIFY\"><span style=\"font-family: arial, helvetica, sans-serif; font-size: 14pt;\">Motywem przewodnim tegorocznego spotkania b\u0119dzie istota zmiany, kt\u00f3rej do\u015bwiadcza Polska i \u015bwiat. W ci\u0105gu ostatnich kilku lat byli\u015bmy \u015bwiadkami zawrotnych przeobra\u017ce\u0144 spo\u0142ecznych, historycznych, ekonomicznych, politycznych i innych. Wszystkim tym do\u015bwiadczeniom jednostkowym i masowym towarzyszy\u0142y media i platformy (Castells 2012; Klinger et al. 2024) \u2013 jednocze\u015bnie jako \u015brodek komunikacji, \u0142\u0105czno\u015bci, nacisku, fragmentaryzacji, integracji, informacji i dezinformacji. To na nas naukowcach i praktykach spoczywa odpowiedzialno\u015b\u0107 dog\u0142\u0119bnego poznania zachodz\u0105cych w otoczeniu przemian, a jednocze\u015bnie ich wyja\u015bnienia i oswojenia nowej rzeczywisto\u015bci spo\u0142ecznej. Zgodnie z t\u0105 ide\u0105, celem naszej konferencji jest umo\u017cliwienie zebrania spostrze\u017ce\u0144 i wynik\u00f3w bada\u0144 na temat transformacji, kt\u00f3re zasz\u0142y w perspektywie ostatnich lat. W czasie tego okresu nast\u0105pi\u0142y zmiany systemowe i spo\u0142eczne, dokonuj\u0105ce si\u0119 pod wp\u0142ywem zar\u00f3wno rewolucji (pojedynczych wydarze\u0144), jaki ewolucji (powolnych zmian jako\u015bciowych). Dotycz\u0105 one mi\u0119dzy innymi przemian pokoleniowych w sposobie korzystania z medi\u00f3w czy rozwoju cyfrowych technologii komunikacyjnych.<\/span><\/p>\n<p style=\"padding-left: 40px;\" align=\"JUSTIFY\"><span style=\"font-family: arial, helvetica, sans-serif; font-size: 14pt;\">W ramach naszej konferencji szczeg\u00f3ln\u0105 uwag\u0119 chcieliby\u015bmy po\u015bwi\u0119ci\u0107 nast\u0119puj\u0105cym zagadnieniom:<\/span><\/p>\n<p style=\"padding-left: 40px;\" align=\"JUSTIFY\"><span style=\"font-family: arial, helvetica, sans-serif; font-size: 14pt;\">1. Zmiany w teorii komunikowania masowego \u2013 panel po\u015bwi\u0119cony pami\u0119ci i dorobkowi naukowemu Profesora Stanis\u0142awa Michalczyka, maj\u0105cy stanowi\u0107 przegl\u0105d najwa\u017cniejszych teorii \u015bredniego zasi\u0119gu i innych oraz wynik\u00f3w bada\u0144 Profesora Michalczyka.<\/span><\/p>\n<p style=\"padding-left: 40px;\" align=\"JUSTIFY\"><span style=\"font-family: arial, helvetica, sans-serif; font-size: 14pt;\">2. Zmiany w \u015brodowisku platform \u2013 jakie przemiany w komunikacji wprowadza sztuczna inteligencja, a tak\u017ce jak\u0105 rol\u0119 odgrywaj\u0105 media spo\u0142eczno\u015bciowe, w szczeg\u00f3lno\u015bci w procesie komunikowania (si\u0119) m\u0142odego pokolenia.<\/span><\/p>\n<p style=\"padding-left: 40px;\" align=\"JUSTIFY\"><span style=\"font-family: arial, helvetica, sans-serif; font-size: 14pt;\">3. \u015awiat w drastycznej zmianie \u2013 koncentracja na obrazie katastrof, kryzys\u00f3w i konflikt\u00f3w przedstawianych w mediach i za po\u015brednictwem platform medialnych <\/span><\/p>\n<p style=\"padding-left: 40px;\" align=\"JUSTIFY\"><span style=\"font-family: arial, helvetica, sans-serif; font-size: 14pt;\">4. Zmiany w polityce \u2013 przedstawienie wynik\u00f3w analiz kampanii wyborczych i cyfrowej komunikacji politycznej.<\/span><\/p>\n<p style=\"padding-left: 40px;\" align=\"JUSTIFY\"><span style=\"font-family: arial, helvetica, sans-serif; font-size: 14pt;\">5. Zmiany w mediach \u2013 pr\u00f3ba dokonania diagnozy funkcjonowania \u201estarych\u201d medi\u00f3w w nowej ods\u0142onie, komunikowania lokalnego i komunikacji spo\u0142ecznej, a tak\u017ce najwa\u017cniejszych zmian w hybrydowych systemach medialnych w Polsce i na \u015bwiecie.<\/span><\/p>\n<p style=\"padding-left: 40px;\" align=\"JUSTIFY\"><span style=\"font-family: arial, helvetica, sans-serif; font-size: 14pt;\">6. Zmiany w procesie komunikowania spo\u0142ecznego i medialnego \u2013 pokazanie odmienno\u015bci oraz r\u00f3\u017cnorodno\u015bci komunikowania mi\u0119dzynarodowego i mi\u0119dzykulturowego oraz wzi\u0119cie pod uwag\u0119 analizy medi\u00f3w i platform mniejszo\u015bci i diaspor.<\/span><\/p>\n<p style=\"padding-left: 40px;\" align=\"JUSTIFY\"><span style=\"font-family: arial, helvetica, sans-serif; font-size: 14pt;\">7. Przyk\u0142ady zmian \u2013 przedstawienie analizy przypadk\u00f3w dotycz\u0105cych komunikowania si\u0119 w dynamicznie przeobra\u017caj\u0105cych si\u0119 czasach, lecz r\u00f3wnie\u017c skupienie uwagi na aspektach historycznych, kt\u00f3re kszta\u0142tuj\u0105 aktualn\u0105 rzeczywisto\u015b\u0107 spo\u0142eczno-medialn\u0105.<\/span><\/p>\n<p style=\"padding-left: 40px;\" align=\"JUSTIFY\"><span style=\"font-family: arial, helvetica, sans-serif; font-size: 14pt;\">8. Zmiany w rozrywce &#8211; uwzgl\u0119dnienie dynamiki zmian w rozrywce i nowych technologiach lecz r\u00f3wnie\u017c ustalenie jak technologie medialne determinuj\u0105 \u201eurozrywkowienie\u201d r\u00f3\u017cnych obszar\u00f3w ludzkiego \u017cycia.<\/span><\/p>\n<p style=\"padding-left: 40px;\"><strong><span style=\"font-size: 14pt;\">Op\u0142ata konferencyjna wynosi:<\/span><\/strong><\/p>\n<p style=\"padding-left: 40px;\"><span style=\"font-size: 14pt;\">\u2022 800 z\u0142 &#8211; op\u0142ata podstawowa za udzia\u0142 w konferencji (pok\u00f3j dwuosobowy)<\/span><\/p>\n<p style=\"padding-left: 40px;\"><span style=\"font-size: 14pt;\">\u2022 900 z\u0142 &#8211; op\u0142ata podstawowa za udzia\u0142 w konferencji (pok\u00f3j jednoosobowy)<\/span><\/p>\n<p style=\"padding-left: 40px;\"><span style=\"font-size: 14pt;\">\u2022 750 z\u0142 &#8211; op\u0142ata dla cz\u0142onki\u0144 i cz\u0142onk\u00f3w PTKS (pok\u00f3j dwuosobowy)<\/span><\/p>\n<p style=\"padding-left: 40px;\"><span style=\"font-size: 14pt;\">\u2022 850 z\u0142 &#8211; op\u0142ata dla cz\u0142onki\u0144 i cz\u0142onk\u00f3w PTKS (pok\u00f3j jednoosobowy)<\/span><\/p>\n<p style=\"padding-left: 40px;\"><span style=\"font-size: 14pt;\">\u2022 650 z\u0142 &#8211; op\u0142ata dla doktorantek i doktorant\u00f3w (zakwaterowanie w pokoju dwuosobowym)<\/span><\/p>\n<p style=\"padding-left: 80px;\"><span style=\"font-size: 14pt;\">W jej ramach zapewniamy materia\u0142y konferencyjne, nocleg, wy\u017cywienie (w tym uroczyst\u0105 kolacj\u0119 w pierwszym dniu konferencji) oraz publikacj\u0119 (po wcze\u015bniejszej recenzji) w monografii zbiorowej w wydawnictwie z listy MEiN dla tekst\u00f3w, kt\u00f3re zostan\u0105 zaakceptowane przez redaktor\u00f3w tomu. Konferencja obj\u0119ta jest patronatem Polskiego Towarzystwa Komunikacji Spo\u0142ecznej i Centrum Badania Opinii Spo\u0142ecznej.<\/span><\/p>\n<p>&nbsp;<\/p>\n<p style=\"padding-left: 120px;\"><strong><span style=\"font-size: 14pt;\">W tytule przelewu nale\u017cy poda\u0107:<\/span><\/strong><br \/>\n<span style=\"font-size: 14pt;\">Imi\u0119 i nazwisko Uczestnika\/Uczestniczki<\/span><br \/>\n<span style=\"font-size: 14pt;\">Afiliacja<\/span><br \/>\n<span style=\"font-size: 14pt;\">Akronim konferencji: Konferencja IDKM U\u015a<\/span><\/p>\n<p style=\"padding-left: 120px;\"><span style=\"font-size: 14pt;\">UNIWERYSTET \u015aL\u0104SKI W KATOWICACH<\/span><br \/>\n<span style=\"font-size: 14pt;\">74 1050 1214 1000 0007 0000 7909<\/span><\/p>\n<p style=\"padding-left: 200px;\"><span style=\"font-size: 14pt;\"><br \/>\nkontakt: <a href=\"mailto:konferencja.idikm.us@gmail.com\">konferencja.idikm.us@gmail.com<\/a><\/span><\/p>\n<p>&nbsp;<\/p>\n<table class=\" alignright\" style=\"height: 714px; width: 90%; margin-left: 80px;\" border=\"0\" width=\"90%\" cellspacing=\"0\" cellpadding=\"9\">\n<tbody>\n<tr valign=\"TOP\">\n<td width=\"48%\">\n<p align=\"LEFT\"><span style=\"font-family: arial, helvetica, sans-serif; font-size: 14pt;\">Przewodnicz\u0105cy rady naukowej konferencji:<\/span><\/p>\n<p align=\"LEFT\"><span style=\"font-family: arial, helvetica, sans-serif; font-size: 14pt;\">dr hab. Mariusz Kolczy\u0144ski, prof. U\u015a<\/span><\/p>\n<p align=\"LEFT\"><span style=\"font-family: arial, helvetica, sans-serif; font-size: 14pt;\">Sk\u0142ad komitetu naukowego:<\/span><\/p>\n<p align=\"LEFT\"><span style=\"font-family: arial, helvetica, sans-serif; font-size: 14pt;\">dr hab. Ma\u0142gorzata Adamik-Szysiak, prof. UMCS<\/span><\/p>\n<p align=\"LEFT\"><span style=\"font-family: arial, helvetica, sans-serif; font-size: 14pt;\">prof. Carmen Carret\u00f3n Ballester, Uniwersytet Alicante, Hiszpania<\/span><\/p>\n<p align=\"LEFT\"><span style=\"font-family: arial, helvetica, sans-serif; font-size: 14pt;\">dr hab. Olga D\u0105browska-Cendrowska, prof. UJK, Uniwersytet Jana Kochanowskiego w Kielcach<\/span><\/p>\n<p align=\"LEFT\"><span style=\"font-family: arial, helvetica, sans-serif; font-size: 14pt;\">dr hab. Krystyna Doktorowicz, prof. U\u015a, Uniwersytet \u015al\u0105ski w Katowicach<\/span><\/p>\n<p align=\"LEFT\"><span style=\"font-family: arial, helvetica, sans-serif; font-size: 14pt;\">dr hab. Micha\u0142 G\u0142owacki, prof. UW<\/span><\/p>\n<p align=\"LEFT\"><span style=\"font-family: arial, helvetica, sans-serif; font-size: 14pt;\">prof. dr hab. Jerzy Go\u0142uchowski, Uniwersytet Ekonomiczny w Katowicach<\/span><\/p>\n<p align=\"LEFT\"><span style=\"font-family: arial, helvetica, sans-serif; font-size: 14pt;\">prof. dr hab. Agnieszka Hess, Uniwersytet Jagiello\u0144ski w Krakowie<\/span><\/p>\n<p align=\"LEFT\"><span style=\"font-family: arial, helvetica, sans-serif; font-size: 14pt;\">prof. dr hab. Iwona Hofman, Uniwersytet Marii Curie-Sk\u0142odowskiej w Lublinie<\/span><\/p>\n<p align=\"LEFT\"><span style=\"font-family: arial, helvetica, sans-serif; font-size: 14pt;\">prof. Ulrike Klinger, Uniwersytet Europejski Viadrina w Frankfurcie nad Odr\u0105, RFN<\/span><\/p>\n<p align=\"LEFT\"><span style=\"font-family: arial, helvetica, sans-serif; font-size: 14pt;\">dr hab. Katarzyna Konarska, prof. UWr, Uniwersytet Wroc\u0142awski<\/span><\/p>\n<p align=\"LEFT\"><span style=\"font-family: arial, helvetica, sans-serif; font-size: 14pt;\">dr hab. Ma\u0142gorzata \u0141osiewicz, prof. UG<\/span><\/p>\n<p align=\"LEFT\"><span style=\"font-family: arial, helvetica, sans-serif; font-size: 14pt;\">dr hab. Agnieszka \u0141ukasik-Turecka, Katolicki Uniwersytet Lubelski<\/span><\/p>\n<p align=\"LEFT\"><span style=\"font-family: arial, helvetica, sans-serif; font-size: 14pt;\">prof. dr hab. Ewa Maj, Uniwersytet Marii Curie-Sk\u0142odowskiej w Lublinie<\/span><\/p>\n<p align=\"LEFT\"><span style=\"font-family: arial, helvetica, sans-serif; font-size: 14pt;\">dr hab. Ewa Marciniak, prof. UW, Uniwersytet Warszawski<\/span><\/p>\n<p align=\"LEFT\"><span style=\"font-family: arial, helvetica, sans-serif; font-size: 14pt;\">prof. Marta Mart\u00edn Llaguno, Uniwersytet Alicante, Hiszpania<\/span><\/p>\n<p align=\"LEFT\"><span style=\"font-family: arial, helvetica, sans-serif; font-size: 14pt;\">dr hab. Szymon Ossowski, prof. UAM, Uniwersytet im. Adama Mickiewicza w Poznaniu<\/span><\/p>\n<p align=\"LEFT\"><span style=\"font-family: arial, helvetica, sans-serif; font-size: 14pt;\">dr hab. Dorota Piontek, prof. UAM, Uniwersytet im. Adama Mickiewicza w Poznaniu<\/span><\/p>\n<p align=\"LEFT\"><span style=\"font-family: arial, helvetica, sans-serif; font-size: 14pt;\">prof. dr hab. Kazimierz Wolny-Zmorzy\u0144ski, Uniwersytet \u015al\u0105ski<br \/>\nw Katowicach<\/span><\/p>\n<\/td>\n<td width=\"2%\"><\/td>\n<td width=\"50%\">\n<p align=\"LEFT\"><span style=\"font-family: arial, helvetica, sans-serif; font-size: 14pt;\">Przewodnicz\u0105ca komitetu organizacyjnego:<\/span><\/p>\n<p align=\"LEFT\"><span style=\"font-family: arial, helvetica, sans-serif; font-size: 14pt;\">dr hab. Dagmara G\u0142uszek-Szafraniec,<br \/>\nprof. U\u015a<\/span><\/p>\n<p align=\"LEFT\"><span style=\"font-family: arial, helvetica, sans-serif; font-size: 14pt;\">Sk\u0142ad komitetu organizacyjnego:<\/span><\/p>\n<p align=\"LEFT\"><span style=\"font-family: arial, helvetica, sans-serif; font-size: 14pt;\">dr Agnieszka Grzesiok-Horosz<\/span><\/p>\n<p align=\"LEFT\"><span style=\"font-family: arial, helvetica, sans-serif; font-size: 14pt;\">dr hab. Damian Guzek, prof. U\u015a<\/span><\/p>\n<p align=\"LEFT\"><span style=\"font-family: arial, helvetica, sans-serif; font-size: 14pt;\">mgr Przemys\u0142aw Kantorski<\/span><\/p>\n<p align=\"LEFT\"><span style=\"font-family: arial, helvetica, sans-serif; font-size: 14pt;\">dr Monika Kornacka-Grzonka<\/span><\/p>\n<p align=\"LEFT\"><span style=\"font-family: arial, helvetica, sans-serif; font-size: 14pt;\">dr Barbara Leja<\/span><\/p>\n<p align=\"LEFT\"><span style=\"font-family: arial, helvetica, sans-serif; font-size: 14pt;\">mgr Zbigniew Markowski<\/span><\/p>\n<p align=\"LEFT\"><span style=\"font-family: arial, helvetica, sans-serif; font-size: 14pt;\">dr hab. Yuliana Palagnyuk, prof. U\u015a<\/span><\/p>\n<p align=\"LEFT\"><span style=\"font-family: arial, helvetica, sans-serif; font-size: 14pt;\">mgr Micha\u0142 Rams-\u0141ugowski<\/span><\/p>\n<p align=\"LEFT\"><span style=\"font-family: arial, helvetica, sans-serif; font-size: 14pt;\">mgr Anna S\u0142ania<\/span><\/p>\n<p align=\"LEFT\"><span style=\"font-family: arial, helvetica, sans-serif; font-size: 14pt;\">dr Waldemar Sobera<\/span><\/p>\n<p align=\"LEFT\"><span style=\"font-family: arial, helvetica, sans-serif; font-size: 14pt;\">dr hab. Wojciech Welskop, prof. U\u015a<\/span><\/p>\n<p align=\"LEFT\"><span style=\"font-family: arial, helvetica, sans-serif; font-size: 14pt;\">dr \u0141ukasz Wielgosz<\/span><\/p>\n<p align=\"LEFT\"><span style=\"font-family: arial, helvetica, sans-serif; font-size: 14pt;\">mgr Anna Wichrowska<\/span><\/p>\n<\/td>\n<\/tr>\n<tr>\n<td>\n<p align=\"LEFT\"><span style=\"font-family: arial, helvetica, sans-serif; font-size: 14pt;\">\u00a0<\/span><\/p>\n<\/td>\n<td><\/td>\n<td>\n<p align=\"LEFT\"><span style=\"font-family: arial, helvetica, sans-serif; font-size: 14pt;\">\u00a0<\/span><\/p>\n<\/td>\n<\/tr>\n<tr>\n<td colspan=\"3\">\n<p style=\"text-align: center;\" align=\"LEFT\"><span style=\"font-family: arial, helvetica, sans-serif; font-size: 14pt;\"><span style=\"font-family: Verdana, Arial, Helvetica, sans-serif; font-size: 18.6667px; text-align: center;\">Wydarzeniem towarzysz\u0105cym konferencj<span style=\"font-size: 14pt;\">i b\u0119d\u0105 warsztaty komunikacyjne dla szk\u00f3\u0142 \u015brednich.<\/span><\/span><\/span><\/p>\n<p style=\"text-align: center;\"><span style=\"font-size: 14pt;\"><a href=\"https:\/\/us.edu.pl\/instytut\/idkm\/wp-content\/uploads\/sites\/30\/Bez-kategorii\/Program-warsztatow.pdf\" class=\"mtli_attachment mtli_pdf\" data-mtli=\"mtli_filesize227,57kB\">PROGRAM WARSZTAT\u00d3W<\/a><\/span><\/p>\n<\/td>\n<\/tr>\n<\/tbody>\n<\/table>\n<p>&nbsp;<\/p>\n<p>&nbsp;<\/p>\n<style type=\"text\/css\">a[data-mtli~=\"mtli_filesize149,03kB\"]:after {content:\" (149,03 kB)\"}a[data-mtli~=\"mtli_filesize227,57kB\"]:after {content:\" (227,57 kB)\"}<\/style>","protected":false},"excerpt":{"rendered":"<p>Konferencja z cyklu \u201eKomunikacja medialna w badaniach i praktyce\u201d, kt\u00f3rej temat przewodni brzmi \u201eZmiana w mediach \u2013 Media w czasie zmiany\u201d. Konferencja jest organizowana przez Instytut Dziennikarstwa i Komunikacji Medialnej Uniwersytetu \u015al\u0105skiego w Katowicach i odb\u0119dzie si\u0119 w dniach 18-19 listopada 2024 roku w formie stacjonarnej w Ustroniu przejd\u017a do formularza rejestracyjnego Wydarzenie realizowane jest [&#8230;]<\/p>\n<p><a class=\"btn btn-secondary understrap-read-more-link\" href=\"https:\/\/us.edu.pl\/instytut\/idkm\/konferencja\/\">Read More&#8230;<\/a><\/p>\n","protected":false},"author":202,"featured_media":1916,"parent":0,"menu_order":0,"comment_status":"closed","ping_status":"closed","template":"","meta":{"_expiration-date-status":"","_expiration-date":0,"_expiration-date-type":"","_expiration-date-categories":[],"_expiration-date-options":[]},"acf":[],"_links":{"self":[{"href":"https:\/\/us.edu.pl\/instytut\/idkm\/wp-json\/wp\/v2\/pages\/1595"}],"collection":[{"href":"https:\/\/us.edu.pl\/instytut\/idkm\/wp-json\/wp\/v2\/pages"}],"about":[{"href":"https:\/\/us.edu.pl\/instytut\/idkm\/wp-json\/wp\/v2\/types\/page"}],"author":[{"embeddable":true,"href":"https:\/\/us.edu.pl\/instytut\/idkm\/wp-json\/wp\/v2\/users\/202"}],"replies":[{"embeddable":true,"href":"https:\/\/us.edu.pl\/instytut\/idkm\/wp-json\/wp\/v2\/comments?post=1595"}],"version-history":[{"count":10,"href":"https:\/\/us.edu.pl\/instytut\/idkm\/wp-json\/wp\/v2\/pages\/1595\/revisions"}],"predecessor-version":[{"id":2176,"href":"https:\/\/us.edu.pl\/instytut\/idkm\/wp-json\/wp\/v2\/pages\/1595\/revisions\/2176"}],"wp:featuredmedia":[{"embeddable":true,"href":"https:\/\/us.edu.pl\/instytut\/idkm\/wp-json\/wp\/v2\/media\/1916"}],"wp:attachment":[{"href":"https:\/\/us.edu.pl\/instytut\/idkm\/wp-json\/wp\/v2\/media?parent=1595"}],"curies":[{"name":"wp","href":"https:\/\/api.w.org\/{rel}","templated":true}]}}