{"id":1656,"date":"2023-10-06T13:36:31","date_gmt":"2023-10-06T11:36:31","guid":{"rendered":"https:\/\/us.edu.pl\/instytut\/idkm\/?page_id=1656"},"modified":"2026-01-09T09:11:08","modified_gmt":"2026-01-09T08:11:08","slug":"dr-hab-yuliana-palagnyuk-prof-us","status":"publish","type":"page","link":"https:\/\/us.edu.pl\/instytut\/idkm\/11-2\/pracownicy\/dr-hab-yuliana-palagnyuk-prof-us\/","title":{"rendered":"dr hab. Yuliana Palagnyuk, prof. U\u015a"},"content":{"rendered":"<p><\/p>\n<h3 style=\"text-align: center;\">dr hab. Yuliana Palagnyuk, prof. U\u015a<\/h3>\n<p style=\"text-align: center;\"><img class=\"aligncenter wp-image-1657 size-full\" src=\"https:\/\/us.edu.pl\/instytut\/idkm\/wp-content\/uploads\/sites\/30\/Bez-kategorii\/Yuliana_Palagnyuk.jpg\" alt=\"\" width=\"635\" height=\"630\" srcset=\"https:\/\/us.edu.pl\/instytut\/idkm\/wp-content\/uploads\/sites\/30\/Bez-kategorii\/Yuliana_Palagnyuk.jpg 635w, https:\/\/us.edu.pl\/instytut\/idkm\/wp-content\/uploads\/sites\/30\/Bez-kategorii\/Yuliana_Palagnyuk-300x298.jpg 300w, https:\/\/us.edu.pl\/instytut\/idkm\/wp-content\/uploads\/sites\/30\/Bez-kategorii\/Yuliana_Palagnyuk-575x570.jpg 575w\" sizes=\"(max-width: 635px) 100vw, 635px\" \/><\/p>\n<p style=\"padding-left: 40px;\"><span style=\"font-size: 14pt;\">Adres mailowy<br \/>\n<\/span><span style=\"font-size: 14pt;\"><a href=\"mailto:yuliana.palagnyuk@us.edu.pl\"><span style=\"color: #002e5a;\"><span style=\"font-family: Arial, serif;\"><span lang=\"pl-PL\"><b>yuliana.palagnyuk@us.edu.pl<\/b><\/span><\/span><\/span><\/a><br \/>\n<\/span><span style=\"font-size: 14pt;\">ORCID<br \/>\n<\/span><span style=\"font-size: 14pt;\"><a href=\"https:\/\/orcid.org\/0000-0003-1019-8498\"><strong>https:\/\/orcid.org\/0000-0003-1019-8498<\/strong><\/a><br \/>\n<\/span><span style=\"font-size: 14pt;\">Research Gate<br \/>\n<\/span><span style=\"font-size: 14pt;\"><a href=\"https:\/\/www.researchgate.net\/profile\/Yuliana-Palagnyuk\"><strong>https:\/\/www.researchgate.net\/profile\/Yuliana-Palagnyuk<\/strong><\/a><br \/>\n<\/span><span style=\"font-size: 14pt;\">Google Scholar<br \/>\n<\/span><a href=\"https:\/\/scholar.google.com.ua\/citations?user=UsVYmacAAAAJ&amp;hl=uk\"><strong><span style=\"font-size: 14pt;\">https:\/\/scholar.google.com.ua\/citations?user=UsVYmacAAAAJ&amp;hl=uk<\/span><\/strong><\/a><br \/>\n<span style=\"font-size: 14pt;\">Web of Science<br \/>\n<\/span><span style=\"font-size: 14pt;\"><a href=\"https:\/\/www.webofscience.com\/wos\/author\/record\/IAP-4351-2023\"><strong>https:\/\/www.webofscience.com\/wos\/author\/record\/IAP-4351-2023<\/strong><\/a><br \/>\n<\/span><span style=\"font-size: 14pt;\">Academia.edu<br \/>\n<\/span><span style=\"font-size: 14pt;\"><a href=\"https:\/\/silesian.academia.edu\/YulianaPalagnyuk\"><strong>https:\/\/silesian.academia.edu\/YulianaPalagnyuk<\/strong><\/a><br \/>\nScopus<br \/>\n<a href=\"https:\/\/www.scopus.com\/authid\/detail.uri?authorId=58998212700\"><strong>https:\/\/www.scopus.com\/authid\/detail.uri?authorId=58998212700<\/strong><\/a><br \/>\n<\/span><\/p>\n<p>&nbsp;<\/p>\n<p style=\"padding-left: 40px;\"><strong><span style=\"font-size: 14pt;\">Obszar zainteresowa\u0144 badawczych<\/span><\/strong><\/p>\n<ul>\n<li><span style=\"font-size: 14pt;\">media i demokracja<\/span><\/li>\n<li><span style=\"font-size: 14pt;\">regulacja medi\u00f3w<\/span><\/li>\n<li><span style=\"font-size: 14pt;\">media w Ukrainie<\/span><\/li>\n<li><span style=\"font-size: 14pt;\">relacje elit politycznych i medialnych<\/span><\/li>\n<li><span style=\"font-size: 14pt;\">integracja europejska i spo\u0142ecze\u0144stwo obywatelskie<\/span><\/li>\n<\/ul>\n<p style=\"padding-left: 40px;\"><strong><span style=\"font-size: 14pt;\">Wybrane publikacje<\/span><\/strong><\/p>\n<p style=\"padding-left: 40px;\" align=\"JUSTIFY\"><span style=\"font-size: 14pt;\">Palagnyuk, Y. (2025). Threat, savior, or victim? How Ukrainian online news media represent labor migrants during Russia\u2019s aggression against Ukraine. Przegl\u0105d Wschodnioeuropejski, 16(2), 141\u2013152. <a href=\"https:\/\/doi.org\/10.31648\/pw.12120\">https:\/\/doi.org\/10.31648\/pw.12120<\/a><\/span><\/p>\n<p style=\"padding-left: 40px;\" align=\"JUSTIFY\"><span style=\"font-size: 14pt;\">Palagnyuk, Y. (2025). Public Opinion in Ukraine on European Integration During Russia\u2019s War Against Ukraine. Przegl\u0105d Politilogiczny, 2005\/1, pp. 115\u2013127. <a href=\"https:\/\/doi.org\/10.14746\/pp.2025.30.1.7\">https:\/\/doi.org\/10.14746\/pp.2025.30.1.7<\/a><\/span><\/p>\n<p style=\"padding-left: 40px;\" align=\"JUSTIFY\"><span style=\"color: #002e5a; font-size: 14pt;\"><span lang=\"en-US\">Palagnyuk, Y. (2023). Involving Youth in the Development of Civil Society in Ukraine by Applying Mechanisms of Infor<span style=\"font-size: 14pt;\">mation Communication and Control in Times of War. Media i Spo\u0142ecze\u0144stwo. Medioznawstwo, komunikologia, semiologia, socjologia medi\u00f3w 19, 1\u20135. DOI 10.5604\/01.3001.0054.1949.<\/span><\/span><\/span><\/p>\n<p style=\"padding-left: 40px;\" align=\"JUSTIFY\"><span style=\"font-size: 14pt;\">Palagnyuk, Y. (2023). Formuvannn\u00e2 fahovih kompetencij students\u2019koi molodi v procesi praktik. Mykolaiv: T.V. Yemelianova. <a href=\"https:\/\/doi.org\/10.34132\/IDU.2023.03\">https:\/\/doi.org\/10.34132\/IDU.2023.03<\/a>. (Formation of professional competencies of student youth in the process of practice)<\/span><\/p>\n<p style=\"padding-left: 40px;\" align=\"JUSTIFY\"><span style=\"font-size: 14pt;\"><span style=\"color: #002e5a;\"><span lang=\"pl-PL\"><span style=\"font-size: 14pt;\">Palagnyuk, Y. (2023). Media Freedom in Ukraine in the Context of Constitutional Reform. Horyzonty Polityki, 14(47), 7<\/span>1\u201390. DOI: 10.35765\/HP.2409.<\/span><\/span><\/span><\/p>\n<p style=\"padding-left: 40px;\">Palagnyuk, Y., Kornacka-Grzonka, M. (2023). <span style=\"color: #002e5a;\"><span lang=\"en-US\">All the Faces of the First Lady: The Media Coverage of Olena Zelenska in Poland and Ukraine During the War. In: Turska-Kawa, A., Kasi\u0144ska-Metryka, A., Pa\u0142ka-Suchojad, K. (eds) War in Ukraine. Media and Emotions. Palgrave Macmillan, Cham. <\/span><\/span><a href=\"https:\/\/doi.org\/10.1007\/978-3-031-37608-5_7\"><span lang=\"en-US\">https:\/\/doi.org\/10.1007\/978-3-031-37608-5_7<\/span><\/a><span style=\"color: #002e5a;\"><span lang=\"en-US\">. eBook ISBN 978-3-031-37608-5, Print ISBN 978-3-031-37607-8<\/span><\/span><\/p>\n<p style=\"padding-left: 40px;\" align=\"JUSTIFY\"><span style=\"font-size: 14pt;\"><span style=\"color: #002e5a;\"><span lang=\"en-US\">Palagnyuk, Y., Soroka, S. (2021). Why \u201cgreen politics\u201d is not popular in Ukraine? Reasons of failure of the Party of Greens of Ukraine in the 2002 elections and afterwards. <\/span><\/span><span style=\"color: #002e5a;\"><span lang=\"pl-PL\">Przegl\u0105d Sejmowy 1(162)\/2021, p. 109-125. \u00a0<a href=\"https:\/\/doi.org\/10.31268\/PS.2021.06\">https:\/\/doi.org\/10.31268\/PS.2021.06<\/a><\/span><\/span><\/span><\/p>\n<p style=\"padding-left: 40px;\" align=\"JUSTIFY\"><span style=\"font-size: 14pt;\"><span style=\"color: #002e5a;\"><span lang=\"pl-PL\">Palagnyuk, Y, Faichuk, O. (Red.) <\/span><\/span><span style=\"color: #002e5a;\"><span lang=\"en-US\">(2021). Youth Participation in the Development of Civil Society in Ukraine. <\/span><\/span><span style=\"color: #002e5a;\"><span lang=\"pl-PL\">Mykolayiv: Ilion, 328 p. ISBN 978-617-534-000-0. DOI: 10.34132\/IDU.2021.01 <\/span><\/span><\/span><\/p>\n<p style=\"padding-left: 40px;\" align=\"JUSTIFY\"><span style=\"font-size: 14pt;\"><span style=\"color: #002e5a;\"><span lang=\"pl-PL\">Palagnyuk, Y., Soroka, S. (2020). <\/span><\/span><span style=\"color: #002e5a;\"><span lang=\"en-US\">Historical Path Dependency and Media Freedom: Poland and Ukraine in the 1990s. <\/span><\/span><span style=\"color: #002e5a;\"><span lang=\"pl-PL\">Studia Warminskie, 57, p. 401-414. DOI: 10.31648\/sw.4629 <\/span><\/span><\/span><\/p>\n<p style=\"padding-left: 40px;\" align=\"JUSTIFY\"><span style=\"font-size: 14pt;\"><span style=\"color: #002e5a;\"><span lang=\"pl-PL\">Palagnyuk, Y, Shkirchak, S. (Red.) <\/span><\/span><span style=\"color: #002e5a;\"><span lang=\"en-US\">(2018). Actual Issues of Social Transformations in Ukraine: European Integration and Security Aspects. Mykolayiv: PMBSNU Publishing House, 300 p. ISBN 978-966-336-395-0 <a href=\"https:\/\/dspace.chmnu.edu.ua\/jspui\/handle\/123456789\/260\">https:\/\/dspace.chmnu.edu.ua\/jspui\/handle\/123456789\/260<\/a><\/span><\/span><\/span><\/p>\n<p style=\"padding-left: 40px;\" align=\"JUSTIFY\"><span style=\"font-size: 14pt;\"><span style=\"color: #002e5a;\"><span lang=\"en-US\">Palagnyuk, Y. (2014). \u0414\u0435\u0440\u0436\u0430\u0432\u043d\u0430 \u0454\u0432\u0440\u043e\u0456\u043d\u0442\u0435\u0433\u0440\u0430\u0446\u0456\u0439\u043d\u0430 \u043f\u043e\u043b\u0456\u0442\u0438\u043a\u0430 \u0423\u043a\u0440\u0430\u0457\u043d\u0438: \u0442\u0435\u043e\u0440\u0456\u044f, \u043c\u0435\u0442\u043e\u0434\u043e\u043b\u043e\u0433\u0456\u044f, \u043c\u0435\u0445\u0430\u043d\u0456\u0437\u043c\u0438 (State Policy towards European Integration of Ukraine: Theory, Methodology, Mechanisms). Mykolayiv: PMBSNU Publishing House, 392\u00a0p. ISBN 978-966-336-308-0<\/span><\/span><span style=\"color: #002e5a;\"><span lang=\"uk-UA\">.<\/span><\/span><span style=\"color: #002e5a;\"><span lang=\"en-US\"> <a href=\"https:\/\/dspace.chmnu.edu.ua\/jspui\/handle\/123456789\/323\">https:\/\/dspace.chmnu.edu.ua\/jspui\/handle\/123456789\/323<\/a><\/span><\/span><\/span><\/p>\n<p style=\"padding-left: 40px;\" align=\"JUSTIFY\"><span style=\"color: #002e5a; font-size: 14pt;\"><span lang=\"en-US\">Palagnyuk, Y. (2013). Formation of State Policy of Ukraine towards European Integration. Przegl\u0105d Politologiczny, \u2116 4, p.\u00a0251\u2013262.<\/span><\/span><\/p>\n<p style=\"padding-left: 40px;\" align=\"JUSTIFY\"><span style=\"font-size: 14pt;\"><span style=\"color: #002e5a;\"><span lang=\"en-US\">Palagnyuk, Y. (2012). \u0414\u0435\u0440\u0436\u0430\u0432\u043d\u0435 \u0440\u0435\u0433\u0443\u043b\u044e\u0432\u0430\u043d\u043d\u044f \u0430\u0443\u0434\u0456\u043e\u0432\u0456\u0437\u0443\u0430\u043b\u044c\u043d\u0438\u0445 \u0437\u0430\u0441\u043e\u0431\u0456\u0432 \u043c\u0430\u0441\u043e\u0432\u043e\u0457 \u043a\u043e\u043c\u0443\u043d\u0456\u043a\u0430\u0446\u0456\u0457: \u0454\u0432\u0440\u043e\u043f\u0435\u0439\u0441\u044c\u043a\u0438\u0439 \u0434\u043e\u0441\u0432\u0456\u0434 \u0442\u0430 \u0423\u043a\u0440\u0430\u0457\u043d\u0430 (State Regulation of the Audiovisual Mass Media: European Experience and Ukraine). Mykolayiv: PMBSNU Publishing House, 236 p. ISBN 978-966-336-226-7<\/span><\/span><span style=\"color: #002e5a;\"><span lang=\"uk-UA\">.<\/span><\/span><\/span><\/p>\n<p style=\"padding-left: 40px;\" align=\"JUSTIFY\"><span style=\"color: #002e5a; font-size: 14pt;\"><span lang=\"en-US\">Palagnyuk, Y. (2012). State Policy towards European Integration: Theoretical Analysis. \u015arodkowoeuropejskie Studia Polityczne, \u2116\u00a03, p. 249\u2013262. <\/span><\/span><\/p>\n<p style=\"padding-left: 40px;\" align=\"JUSTIFY\"><span style=\"font-size: 14pt;\"><span style=\"color: #002e5a;\"><span lang=\"en-US\">Palagnyuk, Y. (2011). European Neighborhood Policy as a Cooperation Instrument between Ukraine and the EU. <\/span><\/span><span style=\"color: #002e5a;\"><span lang=\"pl-PL\">Rocznik Integracji Europejskiej, \u2116 5, p. 91\u201397. <\/span><\/span><\/span><\/p>\n<p style=\"padding-left: 40px;\" align=\"JUSTIFY\"><span style=\"color: #002e5a; font-size: 14pt;\"><span lang=\"pl-PL\">Palagniuk, J. (2008). <a href=\"https:\/\/fbc.pionier.net.pl\/search\/query?q=dc_title%3A%22Specyfika+reformowania+rynku+medialnego+Ukrainy%3A+osi%C4%85gni%C4%99cia%2C+problemy+i+perspektywy%22\">Specyfika reformowania rynku medialnego Ukrainy: osi\u0105gni\u0119cia, problemy i perspektywy<\/a>. Rocznik Prasoznawczy, II\/2008, s. 39-57.<\/span><\/span><\/p>\n<p style=\"padding-left: 40px;\"><span style=\"font-size: 14pt;\"><strong><br \/>\nProjekty badawcze<\/strong><\/span><\/p>\n<p style=\"padding-left: 40px;\"><span style=\"font-size: 14pt;\">2025\u20132026: Koordynator projektu oraz cz\u0142onek zespo\u0142u w projekcie \u201cSocially innovative Ukrainian Centres in Central Europe: Empowerment and Social Support&#8221; (SUCCESS) of the Social Innovation Initiative; European Social Fund Agency, project #: ESF-SI-2024-UA-01-0068; Uniwersytet \u015al\u0105ski w Katowicach.<\/span><\/p>\n<p style=\"padding-left: 40px;\"><span style=\"color: #002e5a; font-size: 14pt;\"><span lang=\"en-US\">2020-2022: Wykonawca w projekcie Erasmus+ Programme of the EU Jean Monnet 619910-EPP-1-2020-1-UA-EPPJMO-PROJECT \u00abAcademy of EU studies for students and pupils\u00bb, Narodowy Uniwersytet Czarnomorski im. Petra Mohy\u0142y.<\/span><\/span><\/p>\n<p style=\"padding-left: 40px;\" align=\"JUSTIFY\"><span style=\"color: #002e5a; font-size: 14pt;\"><span lang=\"en-US\">2019-2022: Wykonawca w projekcie Erasmus+ Programme of the European Union Jean Monnet Module 610664-EPP-1-2019-1-UA-EPPJMO-MODULE \u00abGovernance in the EU and Politics of European integration\u00bb, Narodowy Uniwersytet Czarnomorski im. Petra Mohy\u0142y. <a href=\"http:\/\/eugov.chmnu.edu.ua\/\">http:\/\/eugov.chmnu.edu.ua\/<\/a>.<\/span><\/span><\/p>\n<p style=\"padding-left: 40px;\" align=\"JUSTIFY\"><span style=\"color: #002e5a; font-size: 14pt;\"><span lang=\"uk-UA\">2019-2022: Kierownik, autor wniosku o grant badawczy dla m\u0142odych naukowc\u00f3w finansowany przez Rz\u0105d Ukrainy \u00abFormation of conceptual bases of involving patriotic active youth to the development of civil society as a factor of social security of Ukraine\u201d, \u2116 0119U100118, Narodowy Uniwersytet Czarnomorski im. Petra Mohy\u0142y. <\/span><\/span><\/p>\n<p style=\"padding-left: 40px;\" align=\"JUSTIFY\"><span style=\"font-size: 14pt;\"><span style=\"color: #002e5a;\"><span lang=\"uk-UA\">2016-2019: Kierownik, autor wniosku o grant badawczy dla m\u0142odych naukowc\u00f3w finansowany przez Rz\u0105d Ukrainy \u00abRealization of public policy towards European integration by involving civil society to this process <\/span><\/span><span style=\"color: #002e5a;\"><span lang=\"en-US\">i<\/span><\/span><span style=\"color: #002e5a;\"><span lang=\"uk-UA\">n the conditions of strengthening national security of Ukraine\u201d, \u2116 0119U100118, Narodowy Uniwersytet Czarnomorski im. Petra Mohy\u0142y. <\/span><\/span><\/span><\/p>\n<p style=\"padding-left: 40px;\" align=\"JUSTIFY\"><span style=\"font-size: 14pt;\"><span style=\"color: #002e5a;\"><span lang=\"uk-UA\">2017: <\/span><\/span><span style=\"color: #002e5a;\"><span lang=\"en-US\">Indywidualne<\/span><\/span> <span style=\"color: #002e5a;\"><span lang=\"en-US\">stypendium<\/span><\/span> <span style=\"color: #002e5a;\"><span lang=\"en-US\">Parlamentu<\/span><\/span> <span style=\"color: #002e5a;\"><span lang=\"en-US\">Ukrainy<\/span><\/span> <span style=\"color: #002e5a;\"><span lang=\"en-US\">dla<\/span><\/span> <span style=\"color: #002e5a;\"><span lang=\"en-US\">najzdolniejszych<\/span><\/span> <span style=\"color: #002e5a;\"><span lang=\"en-US\">m<\/span><\/span><span style=\"color: #002e5a;\"><span lang=\"uk-UA\">\u0142<\/span><\/span><span style=\"color: #002e5a;\"><span lang=\"en-US\">odych<\/span><\/span> <span style=\"color: #002e5a;\"><span lang=\"en-US\">uczonych<\/span><\/span> <span style=\"color: #002e5a;\"><span lang=\"en-US\">w<\/span><\/span><span style=\"color: #002e5a;\"><span lang=\"uk-UA\"> 2017 <\/span><\/span><span style=\"color: #002e5a;\"><span lang=\"en-US\">r<\/span><\/span><span style=\"color: #002e5a;\"><span lang=\"uk-UA\">. <\/span><\/span><span style=\"color: #002e5a;\"><span lang=\"en-US\">na<\/span><\/span> <span style=\"color: #002e5a;\"><span lang=\"en-US\">temat<\/span><\/span><span style=\"color: #002e5a;\"><span lang=\"uk-UA\"> \u201c<\/span><\/span><span style=\"color: #002e5a;\"><span lang=\"en-US\">Improvement<\/span><\/span> <span style=\"color: #002e5a;\"><span lang=\"en-US\">of<\/span><\/span> <span style=\"color: #002e5a;\"><span lang=\"en-US\">mechanisms<\/span><\/span> <span style=\"color: #002e5a;\"><span lang=\"en-US\">of<\/span><\/span> <span style=\"color: #002e5a;\"><span lang=\"en-US\">realization<\/span><\/span> <span style=\"color: #002e5a;\"><span lang=\"en-US\">of<\/span><\/span> <span style=\"color: #002e5a;\"><span lang=\"en-US\">public<\/span><\/span> <span style=\"color: #002e5a;\"><span lang=\"en-US\">policy<\/span><\/span> <span style=\"color: #002e5a;\"><span lang=\"en-US\">towards<\/span><\/span> <span style=\"color: #002e5a;\"><span lang=\"en-US\">European<\/span><\/span> <span style=\"color: #002e5a;\"><span lang=\"en-US\">integration<\/span><\/span> <span style=\"color: #002e5a;\"><span lang=\"en-US\">in<\/span><\/span> <span style=\"color: #002e5a;\"><span lang=\"en-US\">the<\/span><\/span> <span style=\"color: #002e5a;\"><span lang=\"en-US\">conditions<\/span><\/span> <span style=\"color: #002e5a;\"><span lang=\"en-US\">of<\/span><\/span> <span style=\"color: #002e5a;\"><span lang=\"en-US\">contemporary<\/span><\/span> <span style=\"color: #002e5a;\"><span lang=\"en-US\">social<\/span><\/span> <span style=\"color: #002e5a;\"><span lang=\"en-US\">and<\/span><\/span> <span style=\"color: #002e5a;\"><span lang=\"en-US\">security<\/span><\/span> <span style=\"color: #002e5a;\"><span lang=\"en-US\">threats<\/span><\/span><span style=\"color: #002e5a;\"><span lang=\"uk-UA\">\u201d, <\/span><\/span><span style=\"color: #002e5a;\"><span lang=\"en-US\">Narodowy<\/span><\/span> <span style=\"color: #002e5a;\"><span lang=\"en-US\">Uniwersytet<\/span><\/span> <span style=\"color: #002e5a;\"><span lang=\"en-US\">Czarnomorski<\/span><\/span> <span style=\"color: #002e5a;\"><span lang=\"en-US\">im<\/span><\/span><span style=\"color: #002e5a;\"><span lang=\"uk-UA\">. <\/span><\/span><span style=\"color: #002e5a;\"><span lang=\"en-US\">Petra Mohy\u0142y.<\/span><\/span><\/span><\/p>\n<p style=\"padding-left: 40px;\" align=\"JUSTIFY\"><span style=\"font-size: 14pt;\"><span style=\"color: #002e5a;\"><span lang=\"en-US\">2012-2013: Wykonawca w projekcie i wsp\u00f3\u0142autor wniosku o grant Erasmus+ Programme of the European Union Jean Monnet \u00abInformation and Research Activity on the European Integration\u00bb 529061-LLP-2012-UA-AJM-IC \u00abEuropean Integration: Implementation of Eur<span style=\"font-size: 14pt;\">opean Standards and principles in Ukraine\u00bb, Narodowy Uniwersytet Czarnomorski im. <\/span><\/span><span lang=\"pl-PL\">Petra Mohy\u0142y. <a href=\"https:\/\/mk-eu.at.ua\/material\/13.1-Booklet.pdf\" class=\"mtli_attachment mtli_pdf\">https:\/\/mk-eu.at.ua\/material\/13.1-Booklet.pdf<\/a>.<\/span><\/span><\/span><\/p>\n<p style=\"padding-left: 40px;\" align=\"JUSTIFY\"><span style=\"color: #002e5a; font-size: 14pt;\"><span lang=\"en-US\">2008-2013: Wykonawca w projekcie \u201cHigher Educational Support Program \/ Academic Fellowship Project\u201d, Open Society Institute, Narodowy Uniwersytet Czarnomorski im. Petra Mohy\u0142y.<\/span><\/span><\/p>\n<p style=\"padding-left: 40px;\" align=\"JUSTIFY\"><span style=\"font-size: 14pt;\">2023 &#8211; prez. &#8211; cz\u0142onek rady redakcyjnej czasopisma akademickiego \u201eAdministracja Publiczna i Rozw\u00f3j Regionalny\u201d (Ukraina). <a href=\"https:\/\/pard.mk.ua\/index.php\/journal\/palagnyuk\">https:\/\/pard.mk.ua\/index.php\/journal\/palagnyuk<\/a> Uj\u0119ty w wykazie publikacji naukowych Ukrainy na temat administracji publicznej (kategoria \u201eB\u201d), Rozporz\u0105dzenie Ministra O\u015bwiaty i Nauki Ukrainy z dnia 17.03.2020 r. nr 409.<\/span><\/p>\n<p>&nbsp;<\/p>\n<p>&nbsp;<\/p>\n<p style=\"text-align: center; padding-left: 40px;\"><img class=\"wp-image-1794 size-full aligncenter\" src=\"https:\/\/us.edu.pl\/instytut\/idkm\/wp-content\/uploads\/sites\/30\/Bez-kategorii\/Yuliana_Palagnyuk_07.jpg\" alt=\"\" width=\"400\" height=\"571\" srcset=\"https:\/\/us.edu.pl\/instytut\/idkm\/wp-content\/uploads\/sites\/30\/Bez-kategorii\/Yuliana_Palagnyuk_07.jpg 400w, https:\/\/us.edu.pl\/instytut\/idkm\/wp-content\/uploads\/sites\/30\/Bez-kategorii\/Yuliana_Palagnyuk_07-210x300.jpg 210w\" sizes=\"(max-width: 400px) 100vw, 400px\" \/><\/p>\n<p style=\"text-align: center; padding-left: 40px;\"><img class=\"alignnone wp-image-1659 size-full aligncenter\" src=\"https:\/\/us.edu.pl\/instytut\/idkm\/wp-content\/uploads\/sites\/30\/Bez-kategorii\/Yuliana_Palagnyuk_01.jpg\" alt=\"\" width=\"400\" height=\"571\" srcset=\"https:\/\/us.edu.pl\/instytut\/idkm\/wp-content\/uploads\/sites\/30\/Bez-kategorii\/Yuliana_Palagnyuk_01.jpg 400w, https:\/\/us.edu.pl\/instytut\/idkm\/wp-content\/uploads\/sites\/30\/Bez-kategorii\/Yuliana_Palagnyuk_01-210x300.jpg 210w\" sizes=\"(max-width: 400px) 100vw, 400px\" \/><\/p>\n<p style=\"text-align: center; padding-left: 40px;\"><img class=\"alignnone wp-image-1660 size-full\" src=\"https:\/\/us.edu.pl\/instytut\/idkm\/wp-content\/uploads\/sites\/30\/Bez-kategorii\/Yuliana_Palagnyuk_02.jpg\" alt=\"\" width=\"400\" height=\"571\" srcset=\"https:\/\/us.edu.pl\/instytut\/idkm\/wp-content\/uploads\/sites\/30\/Bez-kategorii\/Yuliana_Palagnyuk_02.jpg 400w, https:\/\/us.edu.pl\/instytut\/idkm\/wp-content\/uploads\/sites\/30\/Bez-kategorii\/Yuliana_Palagnyuk_02-210x300.jpg 210w\" sizes=\"(max-width: 400px) 100vw, 400px\" \/><\/p>\n<p style=\"text-align: center; padding-left: 40px;\"><img class=\"alignnone wp-image-1661 size-full\" src=\"https:\/\/us.edu.pl\/instytut\/idkm\/wp-content\/uploads\/sites\/30\/Bez-kategorii\/Yuliana_Palagnyuk_03.jpg\" alt=\"\" width=\"400\" height=\"571\" srcset=\"https:\/\/us.edu.pl\/instytut\/idkm\/wp-content\/uploads\/sites\/30\/Bez-kategorii\/Yuliana_Palagnyuk_03.jpg 400w, https:\/\/us.edu.pl\/instytut\/idkm\/wp-content\/uploads\/sites\/30\/Bez-kategorii\/Yuliana_Palagnyuk_03-210x300.jpg 210w\" sizes=\"(max-width: 400px) 100vw, 400px\" \/><\/p>\n<p style=\"text-align: center; padding-left: 40px;\"><img class=\"alignnone wp-image-1662 size-full\" src=\"https:\/\/us.edu.pl\/instytut\/idkm\/wp-content\/uploads\/sites\/30\/Bez-kategorii\/Yuliana_Palagnyuk_04.jpg\" alt=\"\" width=\"400\" height=\"571\" srcset=\"https:\/\/us.edu.pl\/instytut\/idkm\/wp-content\/uploads\/sites\/30\/Bez-kategorii\/Yuliana_Palagnyuk_04.jpg 400w, https:\/\/us.edu.pl\/instytut\/idkm\/wp-content\/uploads\/sites\/30\/Bez-kategorii\/Yuliana_Palagnyuk_04-210x300.jpg 210w\" sizes=\"(max-width: 400px) 100vw, 400px\" \/><\/p>\n<p style=\"text-align: center; padding-left: 40px;\"><img class=\"alignnone wp-image-1663 size-full\" src=\"https:\/\/us.edu.pl\/instytut\/idkm\/wp-content\/uploads\/sites\/30\/Bez-kategorii\/Yuliana_Palagnyuk_05.jpg\" alt=\"\" width=\"400\" height=\"571\" srcset=\"https:\/\/us.edu.pl\/instytut\/idkm\/wp-content\/uploads\/sites\/30\/Bez-kategorii\/Yuliana_Palagnyuk_05.jpg 400w, https:\/\/us.edu.pl\/instytut\/idkm\/wp-content\/uploads\/sites\/30\/Bez-kategorii\/Yuliana_Palagnyuk_05-210x300.jpg 210w\" sizes=\"(max-width: 400px) 100vw, 400px\" \/><\/p>\n<p style=\"text-align: center; padding-left: 40px;\"><img class=\"wp-image-1664 size-full alignnone\" src=\"https:\/\/us.edu.pl\/instytut\/idkm\/wp-content\/uploads\/sites\/30\/Bez-kategorii\/Yuliana_Palagnyuk_06.jpg\" alt=\"\" width=\"400\" height=\"571\" srcset=\"https:\/\/us.edu.pl\/instytut\/idkm\/wp-content\/uploads\/sites\/30\/Bez-kategorii\/Yuliana_Palagnyuk_06.jpg 400w, https:\/\/us.edu.pl\/instytut\/idkm\/wp-content\/uploads\/sites\/30\/Bez-kategorii\/Yuliana_Palagnyuk_06-210x300.jpg 210w\" sizes=\"(max-width: 400px) 100vw, 400px\" \/><\/p>\n<p><\/p>","protected":false},"excerpt":{"rendered":"<p>dr hab. Yuliana Palagnyuk, prof. U\u015a Adres mailowy yuliana.palagnyuk@us.edu.pl ORCID https:\/\/orcid.org\/0000-0003-1019-8498 Research Gate https:\/\/www.researchgate.net\/profile\/Yuliana-Palagnyuk Google Scholar https:\/\/scholar.google.com.ua\/citations?user=UsVYmacAAAAJ&amp;hl=uk Web of Science https:\/\/www.webofscience.com\/wos\/author\/record\/IAP-4351-2023 Academia.edu https:\/\/silesian.academia.edu\/YulianaPalagnyuk Scopus https:\/\/www.scopus.com\/authid\/detail.uri?authorId=58998212700 &nbsp; Obszar zainteresowa\u0144 badawczych media i demokracja regulacja medi\u00f3w media w Ukrainie relacje elit politycznych i medialnych integracja europejska i spo\u0142ecze\u0144stwo obywatelskie Wybrane publikacje Palagnyuk, Y. (2025). Threat, savior, or [&#8230;]<\/p>\n<p><a class=\"btn btn-secondary understrap-read-more-link\" href=\"https:\/\/us.edu.pl\/instytut\/idkm\/11-2\/pracownicy\/dr-hab-yuliana-palagnyuk-prof-us\/\">Read More&#8230;<\/a><\/p>\n","protected":false},"author":202,"featured_media":0,"parent":150,"menu_order":0,"comment_status":"closed","ping_status":"closed","template":"","meta":{"_expiration-date-status":"","_expiration-date":0,"_expiration-date-type":"","_expiration-date-categories":[],"_expiration-date-options":[]},"acf":[],"_links":{"self":[{"href":"https:\/\/us.edu.pl\/instytut\/idkm\/wp-json\/wp\/v2\/pages\/1656"}],"collection":[{"href":"https:\/\/us.edu.pl\/instytut\/idkm\/wp-json\/wp\/v2\/pages"}],"about":[{"href":"https:\/\/us.edu.pl\/instytut\/idkm\/wp-json\/wp\/v2\/types\/page"}],"author":[{"embeddable":true,"href":"https:\/\/us.edu.pl\/instytut\/idkm\/wp-json\/wp\/v2\/users\/202"}],"replies":[{"embeddable":true,"href":"https:\/\/us.edu.pl\/instytut\/idkm\/wp-json\/wp\/v2\/comments?post=1656"}],"version-history":[{"count":10,"href":"https:\/\/us.edu.pl\/instytut\/idkm\/wp-json\/wp\/v2\/pages\/1656\/revisions"}],"predecessor-version":[{"id":3113,"href":"https:\/\/us.edu.pl\/instytut\/idkm\/wp-json\/wp\/v2\/pages\/1656\/revisions\/3113"}],"up":[{"embeddable":true,"href":"https:\/\/us.edu.pl\/instytut\/idkm\/wp-json\/wp\/v2\/pages\/150"}],"wp:attachment":[{"href":"https:\/\/us.edu.pl\/instytut\/idkm\/wp-json\/wp\/v2\/media?parent=1656"}],"curies":[{"name":"wp","href":"https:\/\/api.w.org\/{rel}","templated":true}]}}