{"id":2233,"date":"2025-01-08T22:55:22","date_gmt":"2025-01-08T21:55:22","guid":{"rendered":"https:\/\/us.edu.pl\/instytut\/idkm\/?page_id=2233"},"modified":"2025-01-14T23:15:28","modified_gmt":"2025-01-14T22:15:28","slug":"redaktor-henryk-grzonka","status":"publish","type":"page","link":"https:\/\/us.edu.pl\/instytut\/idkm\/11-2\/pracownicy\/redaktor-henryk-grzonka\/","title":{"rendered":"Redaktor Henryk Grzonka"},"content":{"rendered":"<p><\/p>\n<p style=\"text-align: center;\"><img class=\"alignnone wp-image-2295 size-full\" style=\"text-align: center;\" src=\"https:\/\/us.edu.pl\/instytut\/idkm\/wp-content\/uploads\/sites\/30\/Bez-kategorii\/henryk-grzonka.jpg\" alt=\"\" width=\"640\" height=\"640\" srcset=\"https:\/\/us.edu.pl\/instytut\/idkm\/wp-content\/uploads\/sites\/30\/Bez-kategorii\/henryk-grzonka.jpg 640w, https:\/\/us.edu.pl\/instytut\/idkm\/wp-content\/uploads\/sites\/30\/Bez-kategorii\/henryk-grzonka-300x300.jpg 300w, https:\/\/us.edu.pl\/instytut\/idkm\/wp-content\/uploads\/sites\/30\/Bez-kategorii\/henryk-grzonka-400x400.jpg 400w, https:\/\/us.edu.pl\/instytut\/idkm\/wp-content\/uploads\/sites\/30\/Bez-kategorii\/henryk-grzonka-575x575.jpg 575w\" sizes=\"(max-width: 640px) 100vw, 640px\" \/><\/p>\n<p style=\"padding-left: 40px;\"><span style=\"font-size: 14pt;\">Adres mailowy<br \/>\n<a href=\"mailto:henryk.grzonka@us.edu.pl\">henryk.grzonka@us.edu.pl<\/a><\/span><\/p>\n<p style=\"padding-left: 40px;\"><span style=\"font-size: 14pt;\">Absolwent WNS Uniwersytetu \u015al\u0105skiego (1982). Od 1982 by\u0142 dziennikarzem Polskiego Radia Katowice. Pracowa\u0142 jako prezenter, publicysta, a tak\u017ce reporter i sprawozdawca sportowy publicznej radiofonii. Specjalizowa\u0142 si\u0119 w szczeg\u00f3lno\u015bci w sporcie \u017cu\u017clowym i kolarstwie. Relacjonowa\u0142 na radiowej antenie przebieg sportowych wydarze\u0144 w kraju i na \u015bwiecie, w tym kilkakrotnie letnie i zimowe igrzyska olimpijskie, mistrzostwa \u015bwiata w kolarstwie, ponad 450 imprez rangi mistrzostw \u015bwiata i Europy w je\u017adzie na \u017cu\u017clu. Na antenie radiowej zajmowa\u0142 si\u0119 tak\u017ce propagowaniem \u015al\u0105ska i jego kultury, oraz badaniem dziej\u00f3w polskiej radiofonii. W latach 1998\u20132006 i 2008-2011 kierowa\u0142 dzia\u0142alno\u015bci\u0105 programow\u0105, a w latach 2011\u20132016 pe\u0142ni\u0142 funkcj\u0119 Prezesa Zarz\u0105du i Redaktora Naczelnego Polskiego Radia Katowice. Zaj\u0119cia dydaktyczne na Wydziale Nauk Spo\u0142ecznych prowadzi od 2005 roku. Autor licznych publikacji ksi\u0105\u017ckowych po\u015bwi\u0119conych g\u0142\u00f3wnie historii sportu (w tym pierwszej w \u015bwiecie encyklopedii sportu \u017cu\u017clowego) oraz historii radiofonii na G\u00f3rnym \u015al\u0105sku.<\/span><\/p>\n<p style=\"padding-left: 40px;\"><span style=\"font-size: 14pt;\">Odznaczony m.in. Krzy\u017cem Kawalerskim Orderu Odrodzenia Polski (2012), Sreb<\/span><span style=\"font-size: 14pt;\">rnym Krzy\u017cem Zas\u0142ugi (2002), Odznak\u0105 Za zas\u0142ugi dla Wojew\u00f3dztwa \u015al\u0105skiego (2017), z\u0142ot\u0105 i srebrn\u0105 odznak\u0105 Za Zas\u0142ugi dla Sportu (2003, 2007), Odznak\u0105 Za Zas\u0142ugi dla Uniwersytetu \u015al\u0105skiego (2016). Laureat Platynowego Lauru Umiej\u0119tno\u015bci i Kompetencji (2012) oraz Nagrody Animus Silesiae (2012). W 2016 roku otrzyma\u0142 Studencki Laur.<\/span><\/p>\n<h2 style=\"padding-left: 40px;\"><span style=\"font-size: 14pt;\">Publikacje ksi\u0105\u017ckowe<\/span><\/h2>\n<ul>\n<li style=\"list-style-type: none;\">\n<ul>\n<li><span style=\"font-size: 14pt;\">Speedway \u2013 ma\u0142a encyklopedia, Katowice 1995 ISBN 83-905638-0-0<\/span><\/li>\n<li><span style=\"font-size: 14pt;\">Speedway \u2013 indywidualne mistrzostwa Polski, Katowice 1998 ISBN 83-905638-2-7<\/span><\/li>\n<li><span style=\"font-size: 14pt;\">Polskie Radio Katowice 1927 \u2013 2007, Katowice 2007 ISBN 978-83-915545-7-9<\/span><\/li>\n<li><span style=\"font-size: 14pt;\">Polskie Radio Katowice 1927 \u2013 2012, Katowice 2012, ISBN 13 978-83-9155445-8-6<\/span><\/li>\n<li><span style=\"font-size: 14pt;\">Stadion \u015al\u0105ski. Kocio\u0142 Czarownic 1956-2018, Katowice 2018, wsp\u00f3\u0142autor, ISBN 978-83-948956-0-0<\/span><\/li>\n<li><span style=\"font-size: 14pt;\">Programy z Kot\u0142a Czarownic, Katowice 2018, ISBN 978-83-64210-57-0<\/span><\/li>\n<li><span style=\"font-size: 14pt;\">Stanis\u0142aw Ligo\u0144 1897-1954 Ziemia \u015awi\u0119ta w obiektywie Karlika z &#8222;Kocyndra&#8221;, Katowice 2019, ISBN 978-83-64210-70-09<\/span><\/li>\n<li><span style=\"font-size: 14pt;\">Kryterium As\u00f3w. Wy\u015bcig Przyja\u017ani Polski i Czechos\u0142owacji. Wy\u015bcigi Wydawnictwa Wyniki, Katowice 2021 ISBN 978-83-64210-53-2<\/span><\/li>\n<li><span style=\"font-size: 14pt;\">Wy\u015bcig Szosami Zag\u0142\u0119bia, Wy\u015bcig Wodzis\u0142aw &#8211; Karvina &#8211; Wodzis\u0142aw. Wy\u015bcigi Wydawnictwa Wyniki Tom II, Katowice 2023 ISBN 978-83-67152-25-9<\/span><\/li>\n<li><span style=\"font-size: 14pt;\">Czarny sport czyste emocje. Historia sportu \u017cu\u017clowego w Rybniku 1932-2022 (Rybnik 2022) wsp\u00f3\u0142autor, ISBN 978-83-954927-1-6<\/span><\/li>\n<\/ul>\n<\/li>\n<\/ul>\n<p style=\"text-align: center; padding-left: 40px;\"><img class=\"wp-image-2269 size-full\" src=\"https:\/\/us.edu.pl\/instytut\/idkm\/wp-content\/uploads\/sites\/30\/Bez-kategorii\/20-henryk-grzonka_01.jpg\" alt=\"\" width=\"400\" height=\"571\" srcset=\"https:\/\/us.edu.pl\/instytut\/idkm\/wp-content\/uploads\/sites\/30\/Bez-kategorii\/20-henryk-grzonka_01.jpg 400w, https:\/\/us.edu.pl\/instytut\/idkm\/wp-content\/uploads\/sites\/30\/Bez-kategorii\/20-henryk-grzonka_01-210x300.jpg 210w\" sizes=\"(max-width: 400px) 100vw, 400px\" \/><\/p>\n<p style=\"text-align: center; padding-left: 40px;\"><img class=\"alignnone wp-image-2240 size-full\" src=\"https:\/\/us.edu.pl\/instytut\/idkm\/wp-content\/uploads\/sites\/30\/2025\/01\/20-henryk-grzonka_02.jpg\" alt=\"\" width=\"400\" height=\"571\" srcset=\"https:\/\/us.edu.pl\/instytut\/idkm\/wp-content\/uploads\/sites\/30\/2025\/01\/20-henryk-grzonka_02.jpg 400w, https:\/\/us.edu.pl\/instytut\/idkm\/wp-content\/uploads\/sites\/30\/2025\/01\/20-henryk-grzonka_02-210x300.jpg 210w\" sizes=\"(max-width: 400px) 100vw, 400px\" \/><\/p>\n<p style=\"text-align: center; padding-left: 40px;\"><img class=\"aligncenter wp-image-2244 size-full\" src=\"https:\/\/us.edu.pl\/instytut\/idkm\/wp-content\/uploads\/sites\/30\/2025\/01\/20-henryk-grzonka_03.jpg\" alt=\"\" width=\"571\" height=\"400\" srcset=\"https:\/\/us.edu.pl\/instytut\/idkm\/wp-content\/uploads\/sites\/30\/2025\/01\/20-henryk-grzonka_03.jpg 571w, https:\/\/us.edu.pl\/instytut\/idkm\/wp-content\/uploads\/sites\/30\/2025\/01\/20-henryk-grzonka_03-300x210.jpg 300w\" sizes=\"(max-width: 571px) 100vw, 571px\" \/><\/p>\n<p style=\"text-align: center; padding-left: 40px;\"><img class=\"alignnone wp-image-2247 size-full\" src=\"https:\/\/us.edu.pl\/instytut\/idkm\/wp-content\/uploads\/sites\/30\/2025\/01\/20-henryk-grzonka_04.jpg\" alt=\"\" width=\"400\" height=\"571\" srcset=\"https:\/\/us.edu.pl\/instytut\/idkm\/wp-content\/uploads\/sites\/30\/2025\/01\/20-henryk-grzonka_04.jpg 400w, https:\/\/us.edu.pl\/instytut\/idkm\/wp-content\/uploads\/sites\/30\/2025\/01\/20-henryk-grzonka_04-210x300.jpg 210w\" sizes=\"(max-width: 400px) 100vw, 400px\" \/><\/p>\n<p style=\"text-align: center; padding-left: 40px;\"><img class=\"alignnone wp-image-2249 size-full\" src=\"https:\/\/us.edu.pl\/instytut\/idkm\/wp-content\/uploads\/sites\/30\/2025\/01\/20-henryk-grzonka_05.jpg\" alt=\"\" width=\"400\" height=\"571\" srcset=\"https:\/\/us.edu.pl\/instytut\/idkm\/wp-content\/uploads\/sites\/30\/2025\/01\/20-henryk-grzonka_05.jpg 400w, https:\/\/us.edu.pl\/instytut\/idkm\/wp-content\/uploads\/sites\/30\/2025\/01\/20-henryk-grzonka_05-210x300.jpg 210w\" sizes=\"(max-width: 400px) 100vw, 400px\" \/><\/p>\n<p style=\"text-align: center; padding-left: 40px;\"><span style=\"font-size: 14pt;\"><img class=\"alignnone wp-image-2253 size-full\" src=\"https:\/\/us.edu.pl\/instytut\/idkm\/wp-content\/uploads\/sites\/30\/2025\/01\/20-henryk-grzonka_06.jpg\" alt=\"\" width=\"400\" height=\"571\" srcset=\"https:\/\/us.edu.pl\/instytut\/idkm\/wp-content\/uploads\/sites\/30\/2025\/01\/20-henryk-grzonka_06.jpg 400w, https:\/\/us.edu.pl\/instytut\/idkm\/wp-content\/uploads\/sites\/30\/2025\/01\/20-henryk-grzonka_06-210x300.jpg 210w\" sizes=\"(max-width: 400px) 100vw, 400px\" \/><\/span><\/p>\n<p style=\"text-align: center; padding-left: 40px;\"><img class=\"alignnone wp-image-2256 size-full\" src=\"https:\/\/us.edu.pl\/instytut\/idkm\/wp-content\/uploads\/sites\/30\/2025\/01\/20-henryk-grzonka_07.jpg\" alt=\"\" width=\"400\" height=\"571\" srcset=\"https:\/\/us.edu.pl\/instytut\/idkm\/wp-content\/uploads\/sites\/30\/2025\/01\/20-henryk-grzonka_07.jpg 400w, https:\/\/us.edu.pl\/instytut\/idkm\/wp-content\/uploads\/sites\/30\/2025\/01\/20-henryk-grzonka_07-210x300.jpg 210w\" sizes=\"(max-width: 400px) 100vw, 400px\" \/><\/p>\n<p style=\"text-align: center; padding-left: 40px;\"><img class=\"alignnone wp-image-2260 size-full\" src=\"https:\/\/us.edu.pl\/instytut\/idkm\/wp-content\/uploads\/sites\/30\/2025\/01\/20-henryk-grzonka_08.jpg\" alt=\"\" width=\"400\" height=\"571\" srcset=\"https:\/\/us.edu.pl\/instytut\/idkm\/wp-content\/uploads\/sites\/30\/2025\/01\/20-henryk-grzonka_08.jpg 400w, https:\/\/us.edu.pl\/instytut\/idkm\/wp-content\/uploads\/sites\/30\/2025\/01\/20-henryk-grzonka_08-210x300.jpg 210w\" sizes=\"(max-width: 400px) 100vw, 400px\" \/><\/p>\n<p style=\"text-align: center; padding-left: 40px;\"><span style=\"font-size: 14pt;\"><img class=\"alignnone wp-image-2264 size-full\" src=\"https:\/\/us.edu.pl\/instytut\/idkm\/wp-content\/uploads\/sites\/30\/2025\/01\/20-henryk-grzonka_09.jpg\" alt=\"\" width=\"400\" height=\"571\" srcset=\"https:\/\/us.edu.pl\/instytut\/idkm\/wp-content\/uploads\/sites\/30\/2025\/01\/20-henryk-grzonka_09.jpg 400w, https:\/\/us.edu.pl\/instytut\/idkm\/wp-content\/uploads\/sites\/30\/2025\/01\/20-henryk-grzonka_09-210x300.jpg 210w\" sizes=\"(max-width: 400px) 100vw, 400px\" \/><\/span><\/p>\n<p style=\"text-align: center; padding-left: 40px;\"><img class=\"alignnone wp-image-2285 size-full\" src=\"https:\/\/us.edu.pl\/instytut\/idkm\/wp-content\/uploads\/sites\/30\/Bez-kategorii\/20-henryk-grzonka_10.jpg\" alt=\"\" width=\"400\" height=\"571\" srcset=\"https:\/\/us.edu.pl\/instytut\/idkm\/wp-content\/uploads\/sites\/30\/Bez-kategorii\/20-henryk-grzonka_10.jpg 400w, https:\/\/us.edu.pl\/instytut\/idkm\/wp-content\/uploads\/sites\/30\/Bez-kategorii\/20-henryk-grzonka_10-210x300.jpg 210w\" sizes=\"(max-width: 400px) 100vw, 400px\" \/><\/p>\n<p><\/p>","protected":false},"excerpt":{"rendered":"<p>Adres mailowy henryk.grzonka@us.edu.pl Absolwent WNS Uniwersytetu \u015al\u0105skiego (1982). Od 1982 by\u0142 dziennikarzem Polskiego Radia Katowice. Pracowa\u0142 jako prezenter, publicysta, a tak\u017ce reporter i sprawozdawca sportowy publicznej radiofonii. Specjalizowa\u0142 si\u0119 w szczeg\u00f3lno\u015bci w sporcie \u017cu\u017clowym i kolarstwie. Relacjonowa\u0142 na radiowej antenie przebieg sportowych wydarze\u0144 w kraju i na \u015bwiecie, w tym kilkakrotnie letnie i zimowe igrzyska [&#8230;]<\/p>\n<p><a class=\"btn btn-secondary understrap-read-more-link\" href=\"https:\/\/us.edu.pl\/instytut\/idkm\/11-2\/pracownicy\/redaktor-henryk-grzonka\/\">Read More&#8230;<\/a><\/p>\n","protected":false},"author":202,"featured_media":2295,"parent":150,"menu_order":0,"comment_status":"closed","ping_status":"closed","template":"","meta":{"_expiration-date-status":"","_expiration-date":0,"_expiration-date-type":"","_expiration-date-categories":[],"_expiration-date-options":[]},"acf":[],"_links":{"self":[{"href":"https:\/\/us.edu.pl\/instytut\/idkm\/wp-json\/wp\/v2\/pages\/2233"}],"collection":[{"href":"https:\/\/us.edu.pl\/instytut\/idkm\/wp-json\/wp\/v2\/pages"}],"about":[{"href":"https:\/\/us.edu.pl\/instytut\/idkm\/wp-json\/wp\/v2\/types\/page"}],"author":[{"embeddable":true,"href":"https:\/\/us.edu.pl\/instytut\/idkm\/wp-json\/wp\/v2\/users\/202"}],"replies":[{"embeddable":true,"href":"https:\/\/us.edu.pl\/instytut\/idkm\/wp-json\/wp\/v2\/comments?post=2233"}],"version-history":[{"count":10,"href":"https:\/\/us.edu.pl\/instytut\/idkm\/wp-json\/wp\/v2\/pages\/2233\/revisions"}],"predecessor-version":[{"id":2308,"href":"https:\/\/us.edu.pl\/instytut\/idkm\/wp-json\/wp\/v2\/pages\/2233\/revisions\/2308"}],"up":[{"embeddable":true,"href":"https:\/\/us.edu.pl\/instytut\/idkm\/wp-json\/wp\/v2\/pages\/150"}],"wp:featuredmedia":[{"embeddable":true,"href":"https:\/\/us.edu.pl\/instytut\/idkm\/wp-json\/wp\/v2\/media\/2295"}],"wp:attachment":[{"href":"https:\/\/us.edu.pl\/instytut\/idkm\/wp-json\/wp\/v2\/media?parent=2233"}],"curies":[{"name":"wp","href":"https:\/\/api.w.org\/{rel}","templated":true}]}}