{"id":2578,"date":"2025-05-13T20:15:34","date_gmt":"2025-05-13T18:15:34","guid":{"rendered":"https:\/\/us.edu.pl\/instytut\/idkm\/?page_id=2578"},"modified":"2025-05-13T20:16:41","modified_gmt":"2025-05-13T18:16:41","slug":"mgr-anna-slania","status":"publish","type":"page","link":"https:\/\/us.edu.pl\/instytut\/idkm\/11-2\/pracownicy\/mgr-anna-slania\/","title":{"rendered":"Mgr Anna S\u0142ania"},"content":{"rendered":"<p><\/p>\n<h3 style=\"text-align: center;\">Mgr Anna S\u0142ania<\/h3>\n<h3 style=\"text-align: center;\"><img class=\"aligncenter wp-image-2580 size-full\" src=\"https:\/\/us.edu.pl\/instytut\/idkm\/wp-content\/uploads\/sites\/30\/Bez-kategorii\/anna-slania.jpg\" alt=\"\" width=\"640\" height=\"640\" srcset=\"https:\/\/us.edu.pl\/instytut\/idkm\/wp-content\/uploads\/sites\/30\/Bez-kategorii\/anna-slania.jpg 640w, https:\/\/us.edu.pl\/instytut\/idkm\/wp-content\/uploads\/sites\/30\/Bez-kategorii\/anna-slania-300x300.jpg 300w, https:\/\/us.edu.pl\/instytut\/idkm\/wp-content\/uploads\/sites\/30\/Bez-kategorii\/anna-slania-400x400.jpg 400w, https:\/\/us.edu.pl\/instytut\/idkm\/wp-content\/uploads\/sites\/30\/Bez-kategorii\/anna-slania-575x575.jpg 575w\" sizes=\"(max-width: 640px) 100vw, 640px\" \/><\/h3>\n<p style=\"padding-left: 40px;\"><span style=\"font-size: 14pt;\">Adres mailowy: <\/span><br \/>\n<strong><a href=\"mailto:anna.slania@us.edu.pl\"><span style=\"font-size: 14pt;\">anna.slania@us.edu.pl<\/span><\/a><\/strong><br \/>\n<span style=\"font-size: 14pt;\">ORCID: <\/span><br \/>\n<strong><a href=\"https:\/\/orcid.org\/0000-0002-4939-1714\"><span style=\"font-size: 14pt;\">https:\/\/orcid.org\/0000-0002-4939-1714<\/span><\/a><\/strong><br \/>\n<span style=\"font-size: 14pt;\">Rsearch Gate: <\/span><br \/>\n<strong><a href=\"https:\/\/www.researchgate.net\/profile\/Anna_Slania\"><span style=\"font-size: 14pt;\">https:\/\/www.researchgate.net\/profile\/Anna_Slania<\/span><\/a><\/strong><br \/>\n<span style=\"font-size: 14pt;\">Google Scholar: <\/span><br \/>\n<strong><a href=\"https:\/\/scholar.google.com\/citations?user=DCpBLIAAAAAJ&amp;hl=pl&amp;oi=ao\"><span style=\"font-size: 14pt;\">https:\/\/scholar.google.com\/citations?user=DCpBLIAAAAAJ&amp;hl=pl&amp;oi=ao<\/span><\/a><\/strong><\/p>\n<p style=\"padding-left: 40px;\"><strong><span style=\"font-size: 14pt;\">Obszar zainteresowa\u0144 badawczych:<\/span><\/strong><\/p>\n<ul>\n<li><span style=\"font-size: 14pt;\">Obraz przemocy w mediach i kulturze<\/span><\/li>\n<li><span style=\"font-size: 14pt;\">Dziennikarstwo wojenne i pokojowe<\/span><\/li>\n<li><span style=\"font-size: 14pt;\">Stosunki mi\u0119dzynarodowe (ze szczeg\u00f3lnym uwzgl\u0119dnieniem USA oraz Bliskiego Wschodu)<\/span><\/li>\n<li><span style=\"font-size: 14pt;\">Konflikty zbrojne, terroryzm, przest\u0119pczo\u015b\u0107 zorganizowana<\/span><\/li>\n<\/ul>\n<p style=\"padding-left: 40px;\"><strong><span style=\"font-size: 14pt;\">Temat dysertacji doktorskiej:<\/span><\/strong><\/p>\n<p style=\"padding-left: 40px;\"><span style=\"font-size: 14pt;\">Dziennikarstwo wojenne czy pokojowe? Modele relacjonowanie konfliktu izraelsko-palesty\u0144skiego w mediach ameryka\u0144skich, arabskich oraz izraelskich w 2021 roku<\/span><\/p>\n<p style=\"padding-left: 40px;\"><strong><span style=\"font-size: 14pt;\">Wybrane publikacje:<\/span><\/strong><\/p>\n<p style=\"padding-left: 40px;\"><span style=\"font-size: 14pt;\">S\u0142ania, A. (2023). War and Peace Journalism in Mass Shootings Coverage &#8211; Case Study of a School Shooting in the U.S. Uvalde.\u00a0Horyzonty Polityki,\u00a014(48), 177-196. https:\/\/doi.org\/10.35765\/hp.2432<\/span><\/p>\n<p style=\"padding-left: 40px;\"><strong><span style=\"font-size: 14pt;\">Redakcje, z kt\u00f3rymi wsp\u00f3\u0142pracowa\u0142a\/wsp\u00f3\u0142pracuje:<\/span><\/strong><\/p>\n<p style=\"padding-left: 40px;\"><span style=\"font-size: 14pt;\">Artpapier, Onet, Noizz, Salam Lab<\/span><\/p>\n<p><\/p>","protected":false},"excerpt":{"rendered":"<p>Mgr Anna S\u0142ania Adres mailowy: anna.slania@us.edu.pl ORCID: https:\/\/orcid.org\/0000-0002-4939-1714 Rsearch Gate: https:\/\/www.researchgate.net\/profile\/Anna_Slania Google Scholar: https:\/\/scholar.google.com\/citations?user=DCpBLIAAAAAJ&amp;hl=pl&amp;oi=ao Obszar zainteresowa\u0144 badawczych: Obraz przemocy w mediach i kulturze Dziennikarstwo wojenne i pokojowe Stosunki mi\u0119dzynarodowe (ze szczeg\u00f3lnym uwzgl\u0119dnieniem USA oraz Bliskiego Wschodu) Konflikty zbrojne, terroryzm, przest\u0119pczo\u015b\u0107 zorganizowana Temat dysertacji doktorskiej: Dziennikarstwo wojenne czy pokojowe? Modele relacjonowanie konfliktu izraelsko-palesty\u0144skiego w mediach ameryka\u0144skich, [&#8230;]<\/p>\n<p><a class=\"btn btn-secondary understrap-read-more-link\" href=\"https:\/\/us.edu.pl\/instytut\/idkm\/11-2\/pracownicy\/mgr-anna-slania\/\">Read More&#8230;<\/a><\/p>\n","protected":false},"author":202,"featured_media":2580,"parent":150,"menu_order":0,"comment_status":"closed","ping_status":"closed","template":"","meta":{"_expiration-date-status":"","_expiration-date":0,"_expiration-date-type":"","_expiration-date-categories":[],"_expiration-date-options":[]},"acf":[],"_links":{"self":[{"href":"https:\/\/us.edu.pl\/instytut\/idkm\/wp-json\/wp\/v2\/pages\/2578"}],"collection":[{"href":"https:\/\/us.edu.pl\/instytut\/idkm\/wp-json\/wp\/v2\/pages"}],"about":[{"href":"https:\/\/us.edu.pl\/instytut\/idkm\/wp-json\/wp\/v2\/types\/page"}],"author":[{"embeddable":true,"href":"https:\/\/us.edu.pl\/instytut\/idkm\/wp-json\/wp\/v2\/users\/202"}],"replies":[{"embeddable":true,"href":"https:\/\/us.edu.pl\/instytut\/idkm\/wp-json\/wp\/v2\/comments?post=2578"}],"version-history":[{"count":2,"href":"https:\/\/us.edu.pl\/instytut\/idkm\/wp-json\/wp\/v2\/pages\/2578\/revisions"}],"predecessor-version":[{"id":2586,"href":"https:\/\/us.edu.pl\/instytut\/idkm\/wp-json\/wp\/v2\/pages\/2578\/revisions\/2586"}],"up":[{"embeddable":true,"href":"https:\/\/us.edu.pl\/instytut\/idkm\/wp-json\/wp\/v2\/pages\/150"}],"wp:featuredmedia":[{"embeddable":true,"href":"https:\/\/us.edu.pl\/instytut\/idkm\/wp-json\/wp\/v2\/media\/2580"}],"wp:attachment":[{"href":"https:\/\/us.edu.pl\/instytut\/idkm\/wp-json\/wp\/v2\/media?parent=2578"}],"curies":[{"name":"wp","href":"https:\/\/api.w.org\/{rel}","templated":true}]}}