{"id":2703,"date":"2025-07-07T17:41:10","date_gmt":"2025-07-07T15:41:10","guid":{"rendered":"https:\/\/us.edu.pl\/instytut\/idkm\/?page_id=2703"},"modified":"2026-02-15T14:49:53","modified_gmt":"2026-02-15T13:49:53","slug":"mgr-michal-rams-lugowski","status":"publish","type":"page","link":"https:\/\/us.edu.pl\/instytut\/idkm\/11-2\/pracownicy\/mgr-michal-rams-lugowski\/","title":{"rendered":"mgr Micha\u0142 Rams-\u0141ugowski"},"content":{"rendered":"<p><\/p>\n<h3 style=\"text-align: center;\" align=\"JUSTIFY\">mgr Micha\u0142 Rams-\u0141ugowski<\/h3>\n<h3 style=\"text-align: center;\" align=\"JUSTIFY\"><b><\/b><img class=\"alignnone wp-image-3174 size-full\" src=\"https:\/\/us.edu.pl\/instytut\/idkm\/wp-content\/uploads\/sites\/30\/Bez-kategorii\/michal_rams-lugowski-1.jpg\" alt=\"\" width=\"640\" height=\"640\" srcset=\"https:\/\/us.edu.pl\/instytut\/idkm\/wp-content\/uploads\/sites\/30\/Bez-kategorii\/michal_rams-lugowski-1.jpg 640w, https:\/\/us.edu.pl\/instytut\/idkm\/wp-content\/uploads\/sites\/30\/Bez-kategorii\/michal_rams-lugowski-1-300x300.jpg 300w, https:\/\/us.edu.pl\/instytut\/idkm\/wp-content\/uploads\/sites\/30\/Bez-kategorii\/michal_rams-lugowski-1-400x400.jpg 400w, https:\/\/us.edu.pl\/instytut\/idkm\/wp-content\/uploads\/sites\/30\/Bez-kategorii\/michal_rams-lugowski-1-575x575.jpg 575w\" sizes=\"(max-width: 640px) 100vw, 640px\" \/><\/h3>\n<p>&nbsp;<\/p>\n<p style=\"padding-left: 40px;\" align=\"JUSTIFY\"><span style=\"font-size: 14pt;\">Adres mailowy: <\/span><br \/>\n<strong><span style=\"font-size: 14pt;\"><a href=\"mailto:michal.rams-lugowski@us.edu.pl\">michal.rams-lugowski@us.edu.pl<\/a><\/span><\/strong><br \/>\n<span style=\"font-size: 14pt;\">ORCID: <\/span><br \/>\n<strong><a href=\"https:\/\/orcid.org\/0000-0002-5815-0875\"><span style=\"font-size: 14pt;\">https:\/\/orcid.org\/0000-0002-5815-0875<\/span><\/a><\/strong><br \/>\n<span style=\"font-size: 14pt;\">Rsearch Gate: <\/span><br \/>\n<strong><a href=\"https:\/\/www.researchgate.net\/profile\/Michal-Rams-Lugowski-2\"><span style=\"font-size: 14pt;\">https:\/\/www.researchgate.net\/profile\/Michal-Rams-Lugowski-2<\/span><\/a><\/strong><br \/>\n<span style=\"font-size: 14pt;\">Google Scholar: <\/span><br \/>\n<strong><a href=\"https:\/\/scholar.google.com\/citations?user=cxt9NPYAAAAJ\"><span style=\"font-size: 14pt;\">https:\/\/scholar.google.com\/citations?user=cxt9NPYAAAAJ<\/span><\/a><\/strong><\/p>\n<p style=\"padding-left: 40px;\"><strong><span style=\"font-size: 14pt;\">Obszar zainteresowa\u0144 badawczych:<\/span><\/strong><\/p>\n<ul>\n<li><span style=\"font-size: 14pt;\">marksizm<\/span><\/li>\n<li><span style=\"font-size: 14pt;\">ideologia i produkcja podmiotowo\u015bci<\/span><\/li>\n<li><span style=\"font-size: 14pt;\">ekonomia polityczna medi\u00f3w<\/span><\/li>\n<li><span style=\"font-size: 14pt;\">teoria kapitalizmu kognitywnego<\/span><\/li>\n<li><span style=\"font-size: 14pt;\">materialistyczna teoria dobra wsp\u00f3lnego<\/span><\/li>\n<li><span style=\"font-size: 14pt;\">sfera publiczna i kontrpubliczno\u015bci<\/span><\/li>\n<li><span style=\"font-size: 14pt;\">filozofia polityczna komunikowania i medi\u00f3w<\/span><\/li>\n<li><span style=\"font-size: 14pt;\">teorie spiskowe<\/span><\/li>\n<\/ul>\n<p style=\"padding-left: 40px;\" align=\"JUSTIFY\"><strong><span style=\"font-size: 14pt;\">Temat dysertacji doktorskiej:<\/span><\/strong><\/p>\n<p style=\"padding-left: 40px;\" align=\"JUSTIFY\"><span style=\"font-size: 14pt;\">Kontrpodmiotowo\u015b\u0107, kontrpubliczno\u015b\u0107 i dobro wsp\u00f3lne. Ekonomia polityczna polskich medi\u00f3w anarchistycznych<\/span><\/p>\n<p style=\"padding-left: 40px;\" align=\"JUSTIFY\"><span style=\"font-size: 14pt;\"><b>Wybrane publikacje:<\/b><\/span><\/p>\n<p style=\"padding-left: 40px;\"><span style=\"font-size: 14pt;\">Matuszewski, P. i Rams-\u0141ugowski, M. (2026). Social influence and network structure: How conspiracy theories spread on social media. <em>Social Science Research<\/em>, 133. <a href=\"https:\/\/doi.org\/10.1016\/j.ssresearch.2025.103282\">https:\/\/doi.org\/10.1016\/j.ssresearch.2025.103282<\/a><\/span><\/p>\n<p style=\"padding-left: 40px;\"><span style=\"font-size: 14pt;\">Rams-\u0141ugowski, M. (2025). Zasada wymiany i sfera publiczna. Polityczne czytanie Adorna. <em>Praktyka Teoretyczna<\/em>, 55(1). <a href=\"https:\/\/doi.org\/10.19195\/prt.2025.1.6\">https:\/\/doi.org\/10.19195\/prt.2025.1.6<\/a><\/span><\/p>\n<p style=\"padding-left: 40px;\"><span style=\"font-size: 14pt;\">Matuszewski, P. i Rams-\u0141ugowski, M. (2025). In Search of a Conspiracy A Practical Guide for Identifying Conspiracy Theories in Unstructured Textual Data. <em>Polish Sociological Review<\/em>, 229(1). <a href=\"https:\/\/doi.org\/10.26412\/psr229.04\">https:\/\/doi.org\/10.26412\/psr229.04<\/a><\/span><\/p>\n<p style=\"padding-left: 40px;\"><span style=\"font-size: 14pt;\">Matuszewski, P., Rams-\u0141ugowski, M. i Paw\u0142owski, J. (2024). From Political Treason to the Metaphysical Struggle Between Good and Evil. Levels of Political Conspiracy Theories and Their Consequences for Diffusion. <em>Journal of Comparative Politics<\/em>, 17(1).<\/span><\/p>\n<p style=\"padding-left: 40px;\"><span style=\"font-size: 14pt;\">Rams-\u0141ugowski, M. (2023). How to Produce a Radical Subject? Dialectics of a Philosophical Institution of the Common. W A. Snelgrove, D. McKerracher i M. Lawrence (Red.), <em>Underground Theory<\/em> (s. 48\u201362). Theory Underground.<\/span><\/p>\n<p style=\"padding-left: 40px;\"><span style=\"font-size: 14pt;\">Rams-\u0141ugowski, M. (2022). Jacques Lacan jako teoretyk komunikowania. <em>Kultura \u2013 Media \u2013 Teologia<\/em>, 50, 166\u2013169. <a href=\"https:\/\/doi.org\/10.21697\/kmt.50.9\">https:\/\/doi.org\/10.21697\/kmt.50.9<\/a><\/span><\/p>\n<p style=\"padding-left: 40px;\"><span style=\"font-size: 14pt;\">Rams-\u0141ugowski, M. (2021). Can there be a Hegelian Anarchism? Dialectics of Contemporary Democracy. <em>Hegel Jahrbuch<\/em>, 2021(1), 538\u2013544. <a href=\"https:\/\/doi.org\/10.3790\/hgjb.2024.14486411\">https:\/\/doi.org\/10.3790\/hgjb.2024.14486411<\/a><\/span><\/p>\n<p style=\"padding-left: 40px;\" align=\"JUSTIFY\"><span style=\"font-size: 14pt;\"><b>Projekty badawcze:<\/b><\/span><\/p>\n<p style=\"padding-left: 40px;\"><span style=\"font-size: 14pt;\">\u201eThe Potential of Digital\u201d Optimising Trustworthy Digital Contact (PODtrust)\u201d, stypendysta i cz\u0142onek zespo\u0142u badawczego, projekt realizowany w ramach grantu Trans-Atlantic Platform (T-AP) for Social Sciences and Humanities w latach 2025\u20132027, kierownik projektu: dr hab. Damian Guzek, prof. U\u015a.<\/span><\/p>\n<p style=\"padding-left: 40px;\"><span style=\"font-size: 14pt;\">\u201eRegaining linkage? Digital technologies improving civic engagement, political organisations and democracy (RELINK2)\u201d, cz\u0142onek zespo\u0142u badawczego, projekt realizowany w ramach COST CA23114 w latach 2024\u20132028, kierownik projektu: dr hab. Micha\u0142 Jacu\u0144ski, prof. UWr.<\/span><\/p>\n<p style=\"padding-left: 40px;\"><span style=\"font-size: 14pt;\">\u201eRedressing Radical Polarisation: Strengthening European Civil Spheres facing Illiberal Digital Media (DepolarisingEU)\u201d, cz\u0142onek zespo\u0142u badawczego, projekt realizowany w ramach COST CA22165 w latach 2023\u20132027, kierowniczka projektu: dr Mar\u00eda Luengo Cruz, prof. Universidad Carlos III de Madrid.<\/span><\/p>\n<p style=\"padding-left: 40px;\"><span style=\"font-size: 14pt;\">\u201eEra cyfrowa a kampania elektoralna: por\u00f3wnanie wybor\u00f3w w Polsce 2023 i w Niemczech 2021\u201d, asystent badawczy, grant Polsko-Niemieckiej Fundacji na Rzecz Nauki realizowany przez Uniwersytet \u015al\u0105ski w Katowicach i Europa-Universit\u00e4t Viadrina Frankfurt (Oder) w latach 2023\u20132024, kierowniczka projektu: prof. Ulrike Klinger.<\/span><\/p>\n<p style=\"padding-left: 40px;\"><span style=\"font-size: 14pt;\">\u201ePotencja\u0142 polityczny teorii spiskowych. Studium Polski i S\u0142owenii\u201d, asystent badawczy, projekt realizowany na Uniwersytecie \u015al\u0105skim w Katowicach w ramach grantu OPUS LAP NCN (2020\/39\/I\/HS5\/00176) w latach 2021\u20132025, kierowniczka projektu: dr hab. Agnieszka Turska-Kawa, prof. U\u015a.<\/span><\/p>\n<p style=\"padding-left: 40px;\" align=\"JUSTIFY\"><span style=\"font-size: 14pt;\"><b>Wybrane przek\u0142ady<\/b><\/span><\/p>\n<p style=\"padding-left: 40px;\"><span style=\"font-size: 14pt;\">Oskar Negt i Alexander Kluge, Podstawowe elementy ekonomii politycznej si\u0142y roboczej, \u201eMa\u0142y Format\u201d 9\u201310\/2024, <a href=\"http:\/\/malyformat.com\/2024\/12\/podstawowe-elementy-ekonomii-politycznej-sily-roboczej\/\">malyformat.com\/2024\/12\/podstawowe-elementy-ekonomii-politycznej-sily-roboczej\/<\/a>.<\/span><\/p>\n<p style=\"padding-left: 40px;\"><span style=\"font-size: 14pt;\">Officine della formazione, Rozum przeciwko procedurom: 7 tez z wewn\u0105trz i przeciwko uniwersytetowi, \u201ePraktyka Teoretyczna\u201d, 10.04.2024, <a href=\"https:\/\/www.praktykateoretyczna.pl\/artykuly\/palestine-statement-of-support-and-solidarity\/rozum-przeciwko-procedurom-7-tez-z-wewnatrz-i-przeciwko-uniwersytetowi\/\">https:\/\/www.praktykateoretyczna.pl\/artykuly\/palestine-statement-of-support-and-solidarity\/rozum-przeciwko-procedurom-7-tez-z-wewnatrz-i-przeciwko-uniwersytetowi\/<\/a>.<\/span><\/p>\n<p style=\"padding-left: 40px;\"><span style=\"font-size: 14pt;\">Theodor W. Adorno, Wprowadzenie do dialektyki (wyk\u0142ady 1\u20135), Poj\u0119cia przy pracy, Katowice 2024, <a href=\"https:\/\/pl.anarchistlibraries.net\/library\/wprowadzenie-do-dialektyki-1-5\">https:\/\/pl.anarchistlibraries.net\/library\/wprowadzenie-do-dialektyki-1-5<\/a>.<\/span><\/p>\n<p style=\"padding-left: 40px;\"><span style=\"font-size: 14pt;\">Donatella Di Cesare, Dekonstruuj\u0105c anarchi\u0119, \u201eNieczytelne\u201d, 28.07.2024, <a href=\"https:\/\/nieczytelne.com\/2024\/07\/28\/dekonstruujac-anarchie\/\">https:\/\/nieczytelne.com\/2024\/07\/28\/dekonstruujac-anarchie\/<\/a>.<\/span><\/p>\n<p style=\"padding-left: 40px;\"><span style=\"font-size: 14pt;\">Gigi Roggero, Na wojnie ze \u015bwiatem. Pami\u0119ci Mario Trontiego, \u201eNieczytelne\u201d, 28.08.2023, <a href=\"https:\/\/nieczytelne.com\/2023\/08\/21\/na-wojnie-ze-swiatem\/\">https:\/\/nieczytelne.com\/2023\/08\/21\/na-wojnie-ze-swiatem\/<\/a>.<\/span><\/p>\n<p style=\"padding-left: 40px;\"><span style=\"font-size: 14pt;\">Gigi Roggero, Operaismo: nauka zniszczenia, Nieczytelne\/Poj\u0119cia przy pracy, 2023, <a href=\"https:\/\/nieczytelne.com\/wydania\/operaismo-nauka-zniszczenia\/\">https:\/\/nieczytelne.com\/wydania\/operaismo-nauka-zniszczenia\/<\/a>.<\/span><\/p>\n<p><\/p>","protected":false},"excerpt":{"rendered":"<p>mgr Micha\u0142 Rams-\u0141ugowski &nbsp; Adres mailowy: michal.rams-lugowski@us.edu.pl ORCID: https:\/\/orcid.org\/0000-0002-5815-0875 Rsearch Gate: https:\/\/www.researchgate.net\/profile\/Michal-Rams-Lugowski-2 Google Scholar: https:\/\/scholar.google.com\/citations?user=cxt9NPYAAAAJ Obszar zainteresowa\u0144 badawczych: marksizm ideologia i produkcja podmiotowo\u015bci ekonomia polityczna medi\u00f3w teoria kapitalizmu kognitywnego materialistyczna teoria dobra wsp\u00f3lnego sfera publiczna i kontrpubliczno\u015bci filozofia polityczna komunikowania i medi\u00f3w teorie spiskowe Temat dysertacji doktorskiej: Kontrpodmiotowo\u015b\u0107, kontrpubliczno\u015b\u0107 i dobro wsp\u00f3lne. Ekonomia polityczna polskich [&#8230;]<\/p>\n<p><a class=\"btn btn-secondary understrap-read-more-link\" href=\"https:\/\/us.edu.pl\/instytut\/idkm\/11-2\/pracownicy\/mgr-michal-rams-lugowski\/\">Read More&#8230;<\/a><\/p>\n","protected":false},"author":202,"featured_media":3174,"parent":150,"menu_order":0,"comment_status":"closed","ping_status":"closed","template":"","meta":{"_expiration-date-status":"","_expiration-date":0,"_expiration-date-type":"","_expiration-date-categories":[],"_expiration-date-options":[]},"acf":[],"_links":{"self":[{"href":"https:\/\/us.edu.pl\/instytut\/idkm\/wp-json\/wp\/v2\/pages\/2703"}],"collection":[{"href":"https:\/\/us.edu.pl\/instytut\/idkm\/wp-json\/wp\/v2\/pages"}],"about":[{"href":"https:\/\/us.edu.pl\/instytut\/idkm\/wp-json\/wp\/v2\/types\/page"}],"author":[{"embeddable":true,"href":"https:\/\/us.edu.pl\/instytut\/idkm\/wp-json\/wp\/v2\/users\/202"}],"replies":[{"embeddable":true,"href":"https:\/\/us.edu.pl\/instytut\/idkm\/wp-json\/wp\/v2\/comments?post=2703"}],"version-history":[{"count":10,"href":"https:\/\/us.edu.pl\/instytut\/idkm\/wp-json\/wp\/v2\/pages\/2703\/revisions"}],"predecessor-version":[{"id":3185,"href":"https:\/\/us.edu.pl\/instytut\/idkm\/wp-json\/wp\/v2\/pages\/2703\/revisions\/3185"}],"up":[{"embeddable":true,"href":"https:\/\/us.edu.pl\/instytut\/idkm\/wp-json\/wp\/v2\/pages\/150"}],"wp:featuredmedia":[{"embeddable":true,"href":"https:\/\/us.edu.pl\/instytut\/idkm\/wp-json\/wp\/v2\/media\/3174"}],"wp:attachment":[{"href":"https:\/\/us.edu.pl\/instytut\/idkm\/wp-json\/wp\/v2\/media?parent=2703"}],"curies":[{"name":"wp","href":"https:\/\/api.w.org\/{rel}","templated":true}]}}