{"id":2758,"date":"2025-07-15T15:49:13","date_gmt":"2025-07-15T13:49:13","guid":{"rendered":"https:\/\/us.edu.pl\/instytut\/idkm\/?page_id=2758"},"modified":"2025-11-28T14:50:58","modified_gmt":"2025-11-28T13:50:58","slug":"dr-emilia-moddelmog-anweiler","status":"publish","type":"page","link":"https:\/\/us.edu.pl\/instytut\/idkm\/dr-emilia-moddelmog-anweiler\/","title":{"rendered":"dr Emilia Moddelmog-Anweiler"},"content":{"rendered":"<p><\/p>\n<h3 style=\"text-align: center;\"><span lang=\"pl\">dr\u00a0<\/span>Emilia Moddelmog-Anweiler<\/h3>\n<h3 style=\"text-align: center;\"><img class=\"alignnone wp-image-2762 size-full aligncenter\" src=\"https:\/\/us.edu.pl\/instytut\/idkm\/wp-content\/uploads\/sites\/30\/Bez-kategorii\/emilia_moddelmog-anweiler.jpg\" alt=\"\" width=\"640\" height=\"640\" srcset=\"https:\/\/us.edu.pl\/instytut\/idkm\/wp-content\/uploads\/sites\/30\/Bez-kategorii\/emilia_moddelmog-anweiler.jpg 640w, https:\/\/us.edu.pl\/instytut\/idkm\/wp-content\/uploads\/sites\/30\/Bez-kategorii\/emilia_moddelmog-anweiler-300x300.jpg 300w, https:\/\/us.edu.pl\/instytut\/idkm\/wp-content\/uploads\/sites\/30\/Bez-kategorii\/emilia_moddelmog-anweiler-400x400.jpg 400w, https:\/\/us.edu.pl\/instytut\/idkm\/wp-content\/uploads\/sites\/30\/Bez-kategorii\/emilia_moddelmog-anweiler-575x575.jpg 575w\" sizes=\"(max-width: 640px) 100vw, 640px\" \/><\/h3>\n<p style=\"padding-left: 40px;\"><span style=\"font-size: 14pt;\"><span style=\"color: #002e5a;\">Adres mailowy<\/span><span style=\"color: #002e5a;\"><br \/>\n<\/span><strong><a href=\"mailto:emilia.moddelmog-anweiler@us.edu.pl\">emilia.moddelmog-anweiler@us.edu.pl<\/a><\/strong><\/span><\/p>\n<p style=\"padding-left: 40px;\"><span style=\"font-size: 14pt;\"><span style=\"color: #002e5a;\">ORCID<br \/>\n<\/span><\/span><strong><span style=\"font-size: 14pt;\"><a href=\"https:\/\/orcid.org\/0000-0003-0297-8101\">https:\/\/orcid.org\/0000-0003-0297-8101<\/a><\/span><\/strong><\/p>\n<p style=\"padding-left: 40px;\"><span style=\"font-size: 14pt;\"><span style=\"color: #002e5a;\">Research Gate<br \/>\n<\/span><strong><a href=\"https:\/\/www.researchgate.net\/profile\/Emilia-Moddelmog-Anweiler-2?ev=hdr_xprf\">https:\/\/www.researchgate.net\/profile\/Emilia-Moddelmog-Anweiler-2?ev=hdr_xprf<\/a><\/strong><\/span><\/p>\n<p style=\"padding-left: 40px;\"><span style=\"font-size: 14pt;\"><span style=\"color: #002e5a;\">Google Scholar<\/span><span style=\"color: #002e5a;\"><br \/>\n<\/span><strong><a href=\"https:\/\/scholar.google.com\/citations?user=phHk3l8AAAAJ&amp;hl=pl&amp;oi=ao\">https:\/\/scholar.google.com\/citations?user=phHk3l8AAAAJ&amp;hl=pl&amp;oi=ao<\/a><\/strong><\/span><\/p>\n<p style=\"padding-left: 40px;\"><strong><span style=\"color: #002e5a; font-size: 14pt;\">Obszar zainteresowa\u0144 badawczych<\/span><\/strong><\/p>\n<ul>\n<li><span style=\"color: #002e5a; font-size: 14pt;\">Polityka w komunikacji cyfrowej<\/span><\/li>\n<li><span style=\"color: #002e5a; font-size: 14pt;\">Reprezentacje spo\u0142eczne i polityczne<\/span><\/li>\n<li><span style=\"color: #002e5a; font-size: 14pt;\">Socjologiczne badania jako\u015bciowe i analiza dyskursu<\/span><\/li>\n<li><span style=\"color: #002e5a; font-size: 14pt;\">Religia &#8211; sfera publiczna \u2013 media<\/span><\/li>\n<li><span style=\"color: #002e5a; font-size: 14pt;\"><span style=\"color: #002e5a; font-size: 14pt;\">Badania nad populizmem<\/span><\/span><\/li>\n<\/ul>\n<p style=\"padding-left: 40px;\"><strong><span style=\"color: #002e5a; font-size: 14pt;\">Wybrane publikacje<\/span><\/strong><\/p>\n<p style=\"padding-left: 40px;\"><span style=\"font-size: 14pt;\">Emilia Moddelmog-Anweiler, Zdzis\u0142aw Mach (eds.), <em>Religion in the Public Sphere in Central and Eastern Europe<\/em>, Berlin 2022 pp.358 ISBN:\u00a0<a href=\"https:\/\/www.worldcat.org\/isbn\/9783631702031\">978-3-631-70203-1<\/a> DOI:\u00a0<a href=\"https:\/\/doi.org\/10.3726\/b19828\">10.3726\/b19828<\/a><\/span><\/p>\n<p style=\"padding-left: 40px;\"><span style=\"font-size: 14pt;\">Autorskie rozdzia\u0142y w tym tomie:<\/span><\/p>\n<p style=\"padding-left: 80px;\"><span style=\"font-size: 14pt;\">Moddelmog-Anweiler, E., &amp; Mach, Z., Religious identities and religious pluralism in Central\/Eastern Europe, [in:] Emilia Moddelmog-Anweiler, Zdzis\u0142aw Mach (eds.), <em>Religion in the Public Sphere in Central and Eastern Europe<\/em>, Berlin 2022, pp. 13-62.<\/span><\/p>\n<p style=\"padding-left: 80px;\"><span style=\"font-size: 14pt;\">E. Moddelmog-Anweiler, A model example or complicated cooperation? Ecumenical dialogue as a local narrative on religious pluralism in the region of Cieszyn Silesia [in:] Emilia Moddelmog-Anweiler, Zdzis\u0142aw Mach (eds.), <em>Religion in the Public Sphere in Central and Eastern Europe<\/em>, Berlin 2022, pp.253-304.<\/span><\/p>\n<p style=\"padding-left: 80px;\"><span style=\"font-size: 14pt;\">E. Moddelmog-Anweiler, The specificity of Church-state relationship model in Central\/Eastern Europe, [in:] Emilia Moddelmog-Anweiler, Zdzis\u0142aw Mach (eds.), <em>Religion in the Public Sphere in Central and Eastern Europe<\/em>, Berlin 2022, pp. 323-342.<\/span><\/p>\n<p style=\"padding-left: 40px;\"><span style=\"font-size: 14pt;\">Asavei, M., Daj\u010d, H., Jari\u0107, I., Kowalski, K., Kubik, J., Mach, Z., &#8230; &amp; Moddelmog-Anweiler, E. Glossary of basic concepts in socio-cultural studies of populism.\u00a0<em>Populist Rebellion Against Modernity in 21st-Century Eastern Europe: Neo-Traditionalism and Neo-Feudalism.<\/em> Working Paper nr 3, 2020. <a href=\"https:\/\/populism-europe.com\/wp%20content\/uploads\/2021\/02\/Working-Paper-3.pdf\" class=\"mtli_attachment mtli_pdf\">https:\/\/populism-europe.com\/wp content\/uploads\/2021\/02\/Working-Paper-3.pdf<\/a><\/span><\/p>\n<p style=\"padding-left: 40px;\"><span style=\"font-size: 14pt;\">K.Kowalski, E.Moddelmog-Anweiler, 2025 \u201cInstitutions of Culture and Populism in Poland: Re-Imagining Narratives of National and European Heritage\u201d.\u00a0<em>Politeja<\/em> 22 (5(99): 213-35.\u00a0<a href=\"https:\/\/doi.org\/10.12797\/Politeja.22.2025.99.09\">10.12797\/Politeja.22.2025.99.09<\/a>.<\/span><\/p>\n<p style=\"padding-left: 40px;\"><span style=\"font-size: 14pt;\">Emilia Moddelmog-Anweiler, Religia w przestrzeni \u017cycia publicznego w regionach Europy \u015arodkowej. Cechy modelu \u015brodkowoeuropejskiego, \u201ePOLITEJA\u201d Pismo Wydzia\u0142u Studi\u00f3w Mi\u0119dzynarodowych i Politycznych Uniwersytetu Jagiello\u0144skiego, nr 46\/2017, s.103-139. DOI:\u00a0<a href=\"https:\/\/doi.org\/10.12797\/politeja.14.2017.46.06\">10.12797\/Politeja.14.2017.46.06<\/a><\/span><\/p>\n<p style=\"padding-left: 40px;\"><span style=\"font-size: 14pt;\">Emilia Moddelmog-Anweiler, <em>To\u017csamo\u015b\u0107 \u2013 religia \u2013 miasto. Konteksty obecno\u015bci to\u017csamo\u015bci religijnej w lokalnej przestrzeni \u017cycia publicznego w Europie \u015arodkowo-Wschodniej<\/em>, \u201cEdukacja Mi\u0119dzykulturowa\u201d, Pismo Wydzia\u0142 Etnologii i Nauk o Edukacji Uniwersytetu \u015al\u0105skiego, tom 4\/2015, s.38-54. DOI:\u00a010.15804\/em.2015.02<\/span><\/p>\n<p style=\"padding-left: 40px;\"><span style=\"font-size: 14pt;\">Emilia Moddelmog-Anweiler, <em>Legacy of religious identities in the urban space of Bielsko-Bia\u0142a<\/em>, \u201ePrace Geograficzne\u201d, Uniwersytet Jagiello\u0144ski, nr 137\/2014, s. 137-158. DOI:\u00a0<a href=\"https:\/\/doi.org\/10.4467\/20833113pg.14.013.2158\">10.4467\/20833113PG.14.013.2158<\/a><\/span><\/p>\n<p style=\"padding-left: 40px;\"><span style=\"font-size: 14pt;\">Emilia Moddelmog-Anweiler, \u201eProgram sztokholmski \u2013 realizacja wsp\u00f3lnej polityka migracyjna w Unii Europejskiej jako wyzwanie integracji [w:]: E. Molendowski (red.), Globalizacja i regionalizacja we wsp\u00f3\u0142czesnym \u015bwiecie. Ksi\u0119ga jubileuszowa dedykowana Profesor Irenie Pietrzyk, Wydawnictwo Uniwersytetu Ekonomicznego w Krakowie, Krak\u00f3w 2012, s.507-520. <a href=\"https:\/\/ruj.uj.edu.pl\/entities\/publication\/b4fc6369-70ba-44cd-a1fa-e1013afd8d23\">https:\/\/ruj.uj.edu.pl\/entities\/publication\/b4fc6369-70ba-44cd-a1fa-e1013afd8d23<\/a><\/span><\/p>\n<p style=\"padding-left: 40px;\"><span style=\"font-size: 14pt;\">Emilia Moddelmog, <em>Rooted cosmopolitans &#8211; idea to\u017csamo\u015bci transnarodowej i znaczenie granic w Europie<\/em> [w:] J. Ja\u0144czak, M. Musia\u0142-Karg (red.), \u201eGranice wewn\u0119trzne i zewn\u0119trzne UE. Pomi\u0119dzy otwarto\u015bci\u0105 a izolacj\u0105\u201d, Wyd. Naukowe Wydzia\u0142 Nauk Politycznych i Dziennikarstwa UAM, Collegium Polonicum, Pozna\u0144 2011, s. 155-167. <a href=\"https:\/\/ruj.uj.edu.pl\/bitstreams\/05f05935-20a2-4be5-916f-919b1ec67219\/download\">https:\/\/ruj.uj.edu.pl\/bitstreams\/05f05935-20a2-4be5-916f-919b1ec67219\/download<\/a><\/span><\/p>\n<p style=\"padding-left: 40px;\"><span style=\"font-size: 14pt;\">Emilia Moddelmog, \u201c<em>Mobile workers and migrants. EU perspective on managing migration flows<\/em>\u201d, [w:] M. Rebes (red.), <em>Euro-Facta: Kultura a komunikacja<\/em>, Tom 2, Ksi\u0119garnia Akademicka, Krak\u00f3w 2010, s.385-406. <a href=\"https:\/\/ruj.uj.edu.pl\/entities\/publication\/a8916e41-c5e3-4dff-a3c5-de0c8985c3f3\">https:\/\/ruj.uj.edu.pl\/entities\/publication\/a8916e41-c5e3-4dff-a3c5-de0c8985c3f3<\/a><\/span><\/p>\n<p style=\"padding-left: 40px; text-align: center;\"><span style=\"font-size: 14pt;\"><img class=\"alignnone wp-image-2812 size-full\" src=\"https:\/\/us.edu.pl\/instytut\/idkm\/wp-content\/uploads\/sites\/30\/Bez-kategorii\/emilia-moddelmog-anweiler_02.jpg\" alt=\"\" width=\"404\" height=\"543\" srcset=\"https:\/\/us.edu.pl\/instytut\/idkm\/wp-content\/uploads\/sites\/30\/Bez-kategorii\/emilia-moddelmog-anweiler_02.jpg 404w, https:\/\/us.edu.pl\/instytut\/idkm\/wp-content\/uploads\/sites\/30\/Bez-kategorii\/emilia-moddelmog-anweiler_02-223x300.jpg 223w\" sizes=\"(max-width: 404px) 100vw, 404px\" \/><\/span><\/p>\n<p style=\"padding-left: 40px; text-align: center;\"><img class=\"aligncenter wp-image-2822 size-full\" src=\"https:\/\/us.edu.pl\/instytut\/idkm\/wp-content\/uploads\/sites\/30\/Bez-kategorii\/emilia-moddelmog-anweiler_01-1.jpg\" alt=\"\" width=\"404\" height=\"543\" srcset=\"https:\/\/us.edu.pl\/instytut\/idkm\/wp-content\/uploads\/sites\/30\/Bez-kategorii\/emilia-moddelmog-anweiler_01-1.jpg 404w, https:\/\/us.edu.pl\/instytut\/idkm\/wp-content\/uploads\/sites\/30\/Bez-kategorii\/emilia-moddelmog-anweiler_01-1-223x300.jpg 223w\" sizes=\"(max-width: 404px) 100vw, 404px\" \/><\/p>\n<p>&nbsp;<\/p>\n<p style=\"padding-left: 40px;\"><strong><span style=\"font-size: 14pt;\">Projekty badawcze<\/span><\/strong><\/p>\n<p style=\"padding-left: 40px;\"><span style=\"font-size: 14pt;\"><em>PODtrust The Potential of Digital: Optimising Trustworthy Digital Contact<\/em>, realizowanego <\/span><br \/>\n<span style=\"font-size: 14pt;\">w ramach konkursu Democracy, Governance and Trust NCN we wsp\u00f3\u0142pracy z sieci\u0105 Trans-Atlantic Platform for Social Sciences and Humanities (T-AP), projekt mi\u0119dzynarodowy realizowany w latach 2025-2027 na Uniwersytecie \u015al\u0105skim, pod kierownictwem dr hab. Damiana Guzka prof. U\u015a we wsp\u00f3\u0142pracy z Uniwersytetem w Sheffield (Wielka Brytania), Uniwersyteteme w Ottawie (Kanada) oraz Audencia Business School (Francja). Stanowisko: post-doc w zespole polskim, Instytut Dziennikarstwa i Komunikacji Medialnej, Uniwersytet \u015al\u0105ski. Projekt w realizacji.<br \/>\n<\/span><br \/>\n<span style=\"font-size: 14pt;\">POPREBEL \u201e<em>Populist rebellion against modernity in 21st-century Eastern Europe: neo-traditionalism and neofeudalism<\/em>\u201d Horizon2020 Research and Innovation Actions, project mi\u0119dzynarodowy realizowany pod kierownictwem University College London w latach 2019-2022, Stanowisko: asystentka badawcza \u2013 realizacja bada\u0144 jako\u015bciowych w zespole polskim w Instytucie Europeistyki, Uniwersytetu Jagiello\u0144skiego.<\/span><\/p>\n<p style=\"padding-left: 40px;\"><span style=\"font-size: 14pt;\">\u201e<em>Miejsce religii w sferze publicznej. To\u017csamo\u015b\u0107 religijna w wieloreligijnych regionach Europy \u015arodkowo-Wschodniej na podstawie wybranych region\u00f3w Polski, Ukrainy i S\u0142owacji<\/em>\u201d Narodowe Centrum Nauki, Opus 6, 2012\/07 \/ B \/ HS6 \/ 02509. Wykonawca bada\u0144 jako\u015bciowych i koordynatorka projektu. Projekt zrealizowany.<\/span><\/p>\n<p style=\"padding-left: 40px;\"><span style=\"font-size: 14pt;\">\u201e<em>Wp\u0142yw integracji europejskiej na przemiany kulturowe i rozw\u00f3j spo\u0142eczno-gospodarczy Euroregionu \u00bb \u015al\u0105sk Cieszy\u0144ski\u00ab<\/em>(2010-2012), projekt badawczy realizowany pod kierownictwem prof. dr hab. Janusza J. W\u0119ca, Instytut Nauk Polityczych, Uniwersytet Jagiello\u0144ski, grant Ministerstwa Nauki i Szkolnictwa Wy\u017cszego. Wykonawca bada\u0144 jako\u015bciowych (wywiad\u00f3w) z przedstawicielami Euroregionu \u015al\u0105sk Cieszy\u0144ski w Polsce i w Czechach.<\/span><\/p>\n<p style=\"padding-left: 40px;\"><span style=\"font-size: 14pt;\">RECON <em>Reconstituting Democracy in Europe<\/em>, 6 Program Ramowy Komisji Europejskiej 2007-2011, Instytut Europeistyki Uniwersytet Jagiello\u0144ski. Dzia\u0142anie: opracowanie materia\u0142\u00f3w pre-research, analiza prasy: obraz i narracje to\u017csamo\u015bci europejskiej w prasie.<\/span><\/p>\n<p><\/p>","protected":false},"excerpt":{"rendered":"<p>dr\u00a0Emilia Moddelmog-Anweiler Adres mailowy emilia.moddelmog-anweiler@us.edu.pl ORCID https:\/\/orcid.org\/0000-0003-0297-8101 Research Gate https:\/\/www.researchgate.net\/profile\/Emilia-Moddelmog-Anweiler-2?ev=hdr_xprf Google Scholar https:\/\/scholar.google.com\/citations?user=phHk3l8AAAAJ&amp;hl=pl&amp;oi=ao Obszar zainteresowa\u0144 badawczych Polityka w komunikacji cyfrowej Reprezentacje spo\u0142eczne i polityczne Socjologiczne badania jako\u015bciowe i analiza dyskursu Religia &#8211; sfera publiczna \u2013 media Badania nad populizmem Wybrane publikacje Emilia Moddelmog-Anweiler, Zdzis\u0142aw Mach (eds.), Religion in the Public Sphere in Central and Eastern [&#8230;]<\/p>\n<p><a class=\"btn btn-secondary understrap-read-more-link\" href=\"https:\/\/us.edu.pl\/instytut\/idkm\/dr-emilia-moddelmog-anweiler\/\">Read More&#8230;<\/a><\/p>\n","protected":false},"author":202,"featured_media":0,"parent":0,"menu_order":0,"comment_status":"closed","ping_status":"closed","template":"","meta":{"_expiration-date-status":"","_expiration-date":0,"_expiration-date-type":"","_expiration-date-categories":[],"_expiration-date-options":[]},"acf":[],"_links":{"self":[{"href":"https:\/\/us.edu.pl\/instytut\/idkm\/wp-json\/wp\/v2\/pages\/2758"}],"collection":[{"href":"https:\/\/us.edu.pl\/instytut\/idkm\/wp-json\/wp\/v2\/pages"}],"about":[{"href":"https:\/\/us.edu.pl\/instytut\/idkm\/wp-json\/wp\/v2\/types\/page"}],"author":[{"embeddable":true,"href":"https:\/\/us.edu.pl\/instytut\/idkm\/wp-json\/wp\/v2\/users\/202"}],"replies":[{"embeddable":true,"href":"https:\/\/us.edu.pl\/instytut\/idkm\/wp-json\/wp\/v2\/comments?post=2758"}],"version-history":[{"count":10,"href":"https:\/\/us.edu.pl\/instytut\/idkm\/wp-json\/wp\/v2\/pages\/2758\/revisions"}],"predecessor-version":[{"id":3027,"href":"https:\/\/us.edu.pl\/instytut\/idkm\/wp-json\/wp\/v2\/pages\/2758\/revisions\/3027"}],"wp:attachment":[{"href":"https:\/\/us.edu.pl\/instytut\/idkm\/wp-json\/wp\/v2\/media?parent=2758"}],"curies":[{"name":"wp","href":"https:\/\/api.w.org\/{rel}","templated":true}]}}