{"id":3032,"date":"2025-12-03T19:43:20","date_gmt":"2025-12-03T18:43:20","guid":{"rendered":"https:\/\/us.edu.pl\/instytut\/idkm\/?page_id=3032"},"modified":"2025-12-03T19:44:00","modified_gmt":"2025-12-03T18:44:00","slug":"anna-wichrowska","status":"publish","type":"page","link":"https:\/\/us.edu.pl\/instytut\/idkm\/11-2\/pracownicy\/anna-wichrowska\/","title":{"rendered":"Anna Wichrowska"},"content":{"rendered":"<p><\/p>\n<h3 style=\"text-align: center;\">mgr Anna Wichrowska<br \/>\n<img class=\"alignnone wp-image-3033 size-full\" src=\"https:\/\/us.edu.pl\/instytut\/idkm\/wp-content\/uploads\/sites\/30\/Bez-kategorii\/anna-wichrowska.jpg\" alt=\"\" width=\"640\" height=\"640\" srcset=\"https:\/\/us.edu.pl\/instytut\/idkm\/wp-content\/uploads\/sites\/30\/Bez-kategorii\/anna-wichrowska.jpg 640w, https:\/\/us.edu.pl\/instytut\/idkm\/wp-content\/uploads\/sites\/30\/Bez-kategorii\/anna-wichrowska-300x300.jpg 300w, https:\/\/us.edu.pl\/instytut\/idkm\/wp-content\/uploads\/sites\/30\/Bez-kategorii\/anna-wichrowska-400x400.jpg 400w, https:\/\/us.edu.pl\/instytut\/idkm\/wp-content\/uploads\/sites\/30\/Bez-kategorii\/anna-wichrowska-575x575.jpg 575w\" sizes=\"(max-width: 640px) 100vw, 640px\" \/><\/h3>\n<p style=\"padding-left: 40px;\"><span style=\"font-size: 14pt;\">Adres mailowy<\/span><\/p>\n<p style=\"padding-left: 40px;\"><strong><span style=\"font-size: 14pt;\"><a href=\"mailto:Anna.wichrowska@us.edu.pl\">anna.wichrowska@us.edu.pl<\/a><\/span><\/strong><\/p>\n<p style=\"padding-left: 40px;\"><span style=\"font-size: 14pt;\">ORCID<\/span><\/p>\n<p style=\"padding-left: 40px;\"><strong><span style=\"font-size: 14pt;\"><a href=\"https:\/\/orcid.org\/0009-0005-5866-5923\">https:\/\/orcid.org\/0009-0005-5866-5923<\/a><\/span><\/strong><\/p>\n<p style=\"padding-left: 40px;\"><strong><span style=\"font-size: 14pt;\">Obszary zainteresowa\u0144 badawczych:<\/span><\/strong><\/p>\n<ul>\n<li style=\"list-style-type: none;\">\n<ul>\n<li><span style=\"font-size: 14pt;\">Sport w mediach<\/span><\/li>\n<li><span style=\"font-size: 14pt;\">Nag\u0142o\u015bnienie Igrzysk Olimpijskich<\/span><\/li>\n<li><span style=\"font-size: 14pt;\">Mediatyzacja sportu<\/span><\/li>\n<li><span style=\"font-size: 14pt;\">Kultura wsp\u00f3\u0142czesna<\/span><\/li>\n<li><span style=\"font-size: 14pt;\">Kultury fanowskie, w szczeg\u00f3lno\u015bci kultury fan\u00f3w sportowych<\/span><\/li>\n<\/ul>\n<\/li>\n<\/ul>\n<p style=\"padding-left: 40px;\"><strong><span style=\"font-size: 14pt;\">Temat dysertacji doktorskiej:<\/span><\/strong><\/p>\n<p style=\"padding-left: 40px;\"><span style=\"font-size: 14pt;\">Mediatyzacja sportu artystycznego. Przyk\u0142ad \u0142y\u017cwiarstwa figurowego.<\/span><\/p>\n<p><\/p>","protected":false},"excerpt":{"rendered":"<p>mgr Anna Wichrowska Adres mailowy anna.wichrowska@us.edu.pl ORCID https:\/\/orcid.org\/0009-0005-5866-5923 Obszary zainteresowa\u0144 badawczych: Sport w mediach Nag\u0142o\u015bnienie Igrzysk Olimpijskich Mediatyzacja sportu Kultura wsp\u00f3\u0142czesna Kultury fanowskie, w szczeg\u00f3lno\u015bci kultury fan\u00f3w sportowych Temat dysertacji doktorskiej: Mediatyzacja sportu artystycznego. Przyk\u0142ad \u0142y\u017cwiarstwa figurowego. [&#8230;]<\/p>\n<p><a class=\"btn btn-secondary understrap-read-more-link\" href=\"https:\/\/us.edu.pl\/instytut\/idkm\/11-2\/pracownicy\/anna-wichrowska\/\">Read More&#8230;<\/a><\/p>\n","protected":false},"author":202,"featured_media":3033,"parent":150,"menu_order":0,"comment_status":"closed","ping_status":"closed","template":"","meta":{"_expiration-date-status":"","_expiration-date":0,"_expiration-date-type":"","_expiration-date-categories":[],"_expiration-date-options":[]},"acf":[],"_links":{"self":[{"href":"https:\/\/us.edu.pl\/instytut\/idkm\/wp-json\/wp\/v2\/pages\/3032"}],"collection":[{"href":"https:\/\/us.edu.pl\/instytut\/idkm\/wp-json\/wp\/v2\/pages"}],"about":[{"href":"https:\/\/us.edu.pl\/instytut\/idkm\/wp-json\/wp\/v2\/types\/page"}],"author":[{"embeddable":true,"href":"https:\/\/us.edu.pl\/instytut\/idkm\/wp-json\/wp\/v2\/users\/202"}],"replies":[{"embeddable":true,"href":"https:\/\/us.edu.pl\/instytut\/idkm\/wp-json\/wp\/v2\/comments?post=3032"}],"version-history":[{"count":2,"href":"https:\/\/us.edu.pl\/instytut\/idkm\/wp-json\/wp\/v2\/pages\/3032\/revisions"}],"predecessor-version":[{"id":3035,"href":"https:\/\/us.edu.pl\/instytut\/idkm\/wp-json\/wp\/v2\/pages\/3032\/revisions\/3035"}],"up":[{"embeddable":true,"href":"https:\/\/us.edu.pl\/instytut\/idkm\/wp-json\/wp\/v2\/pages\/150"}],"wp:featuredmedia":[{"embeddable":true,"href":"https:\/\/us.edu.pl\/instytut\/idkm\/wp-json\/wp\/v2\/media\/3033"}],"wp:attachment":[{"href":"https:\/\/us.edu.pl\/instytut\/idkm\/wp-json\/wp\/v2\/media?parent=3032"}],"curies":[{"name":"wp","href":"https:\/\/api.w.org\/{rel}","templated":true}]}}