{"id":805,"date":"2020-11-14T15:27:08","date_gmt":"2020-11-14T14:27:08","guid":{"rendered":"https:\/\/us.edu.pl\/instytut\/idkm\/?page_id=805"},"modified":"2020-11-15T16:47:56","modified_gmt":"2020-11-15T15:47:56","slug":"agnieszka-grzesiok-horosz","status":"publish","type":"page","link":"https:\/\/us.edu.pl\/instytut\/idkm\/agnieszka-grzesiok-horosz\/","title":{"rendered":"Agnieszka Grzesiok-Horosz"},"content":{"rendered":"<p><\/p>\n<h3 style=\"text-align: center\">dr Agnieszka Grzesiok-Horosz<\/h3>\n<p style=\"text-align: center\"><img class=\"alignnone wp-image-806 size-full\" src=\"https:\/\/us.edu.pl\/instytut\/idkm\/wp-content\/uploads\/sites\/30\/Nieprzypisane\/agnieszka-grzesiok-horosz.jpg\" alt=\"\" width=\"640\" height=\"640\" srcset=\"https:\/\/us.edu.pl\/instytut\/idkm\/wp-content\/uploads\/sites\/30\/Nieprzypisane\/agnieszka-grzesiok-horosz.jpg 640w, https:\/\/us.edu.pl\/instytut\/idkm\/wp-content\/uploads\/sites\/30\/Nieprzypisane\/agnieszka-grzesiok-horosz-400x400.jpg 400w, https:\/\/us.edu.pl\/instytut\/idkm\/wp-content\/uploads\/sites\/30\/Nieprzypisane\/agnieszka-grzesiok-horosz-300x300.jpg 300w, https:\/\/us.edu.pl\/instytut\/idkm\/wp-content\/uploads\/sites\/30\/Nieprzypisane\/agnieszka-grzesiok-horosz-575x575.jpg 575w\" sizes=\"(max-width: 640px) 100vw, 640px\" \/><\/p>\n<p style=\"padding-left: 40px\"><span style=\"font-size: 14pt\">Adres mailowy<\/span><br \/>\n<strong><a href=\"mailto:agnieszka.grzesiok-horosz@us.edu.pl\"><span style=\"font-size: 14pt\">agnieszka.grzesiok-horosz@us.edu.pl<\/span><\/a><\/strong><br \/>\n<span style=\"font-size: 14pt\">ORCID<\/span><br \/>\n<a href=\"https:\/\/orcid.org\/0000-0002-9810-4216\"><strong><span style=\"font-size: 14pt\">https:\/\/orcid.org\/0000-0002-9810-4216<\/span><\/strong><\/a><br \/>\n<span style=\"font-size: 14pt\">Research Gate<\/span><br \/>\n<strong><a href=\"https:\/\/www.researchgate.net\/profile\/Agnieszka_Grzesiok-Horosz\"><span style=\"font-size: 14pt\">https:\/\/www.researchgate.net\/profile\/Agnieszka_Grzesiok-Horosz<\/span><\/a><\/strong><br \/>\n<span style=\"font-size: 14pt\">Google Scholar<\/span><br \/>\n<strong><a href=\"https:\/\/scholar.google.com\/citations?user=625tR-0AAAAJ&amp;hl=pl\"><span style=\"font-size: 14pt\">https:\/\/scholar.google.com\/citations?user=625tR-0AAAAJ&amp;hl=pl<\/span><\/a><\/strong><\/p>\n<p style=\"padding-left: 40px\"><strong><span style=\"font-size: 14pt\">Obszar zainteresowa\u0144 badawczych<\/span><\/strong><\/p>\n<ul>\n<li><span style=\"font-size: 14pt\">Zmiany spowodowane post\u0119pem technologicznym w prawie medi\u00f3w i prawie autorskim.<\/span><\/li>\n<li><span style=\"font-size: 14pt\">Aktualne wyzwania prawa i przestrzeni cyfrowej.<\/span><br \/>\n<span style=\"font-size: 14pt\"><span style=\"font-size: 14pt\"><br \/>\n<strong>Wybrane publikacje<\/strong><\/span><\/span><\/li>\n<\/ul>\n<p style=\"padding-left: 40px\"><span style=\"font-size: 14pt\">Odpowiedzialno\u015b\u0107 administracyjnoprawna dostawc\u00f3w us\u0142ug medialnych za propagowanie mowy nienawi\u015bci \/ Agnieszka Grzesiok-Horosz.\/\/ Opolskie Studia Administracyjno-Prawne. &#8211; 2020, nr 1, s. 9-28.<\/span><br \/>\n<a href=\"https:\/\/czasopisma.uni.opole.pl\/index.php\/osap\/article\/view\/2161\/1708\"><span style=\"font-size: 14pt\">https:\/\/czasopisma.uni.opole.pl\/index.php\/osap\/article\/view\/2161\/1708<\/span><\/a><\/p>\n<p style=\"padding-left: 40px\"><span style=\"font-size: 14pt\">Krajowa Rada Radiofonii i Telewizji a Rada Medi\u00f3w Narodowych \/ Agnieszka Grzesiok-Horosz.\/\/ Studia Politicae Universitatis Silesiansis. &#8211; T. 27 (2019), s. 103-132.<\/span><br \/>\n<a href=\"https:\/\/www.journals.us.edu.pl\/index.php\/SPUS\/article\/view\/8301\"><span style=\"font-size: 14pt\">https:\/\/www.journals.us.edu.pl\/index.php\/SPUS\/article\/view\/8301<\/span><\/a><\/p>\n<p style=\"padding-left: 40px\"><span style=\"font-size: 14pt\">\u015arodki prawne w razie odmowy udzielenia prasie informacji \/ Agnieszka Grzesiok-Horosz.\/\/ Rocz. Prasozn. &#8211; R. 11 (2017), s. 173-183<\/span><br \/>\n<a href=\"https:\/\/sbc.org.pl\/Content\/305218\/Grzesiok-Horosz_159-172.pdf\" class=\"mtli_attachment mtli_pdf\"><span style=\"font-size: 14pt\">https:\/\/sbc.org.pl\/Content\/305218\/Grzesiok-Horosz_159-172.pdf<\/span><\/a><\/p>\n<p style=\"padding-left: 40px\"><span style=\"font-size: 14pt\">Prawa wy\u0142\u0105czne firm fonograficznych \/ Agnieszka Grzesiok-Horosz.\/\/ W: Prawo handlowe : mi\u0119dzy teori\u0105, praktyk\u0105 a orzecznictwem: ksi\u0119ga jubileuszowa dedykowana profesorowi Januszowi A. Strz\u0119pce. &#8211; Warszawa: Wydawnictwo C. H. Beck, 2019. &#8211; s. 405-412<\/span><\/p>\n<p style=\"padding-left: 40px\"><span style=\"font-size: 14pt\">Prawne uwarunkowania kampanii wyborczej do Parlamentu Europejskiego \/ Agnieszka Grzesiok-Horosz.\/\/ W: Najwa\u017cniejsze wybory od 1989 roku? : wybory do Parlamentu Europejskiego w 2019 roku: Wybrane aspekty kampanii wyborczej. &#8211; Toru\u0144 : Wydawnictwo Adam Marsza\u0142ek, 2019. &#8211; s. 9-57.<\/span><\/p>\n<p style=\"padding-left: 40px\"><span style=\"font-size: 14pt\">Status prawny rubryki &#8222;Napisali o Nas&#8221; \/ Agnieszka Grzesiok-Horosz.\/\/ W: Komunikowanie lokalno-regionalne w dobie spo\u0142ecze\u0144stwa medialnego. T. 1, Problemy teoretyczno-praktyczne. &#8211; Katowice : Wydawnictwo Uniwersytetu \u015al\u0105skiego, 2018. &#8211; s. 132-147.<\/span><\/p>\n<p style=\"padding-left: 40px\"><span style=\"font-size: 14pt\">Wady o\u015bwiadczenia woli; U\u017cytkowanie, Zastaw; Najem (w:) Kodeks cywilny : komentarz \/ red. Mariusz Za\u0142ucki; &#8211; Wyd. 2.zm. &#8211; Warszawa : Wydawnictwo C.H. Beck, 2020. &#8211; 2114 stron &#8211; (Komentarze Kompaktowe).<\/span><\/p>\n<p><\/p>","protected":false},"excerpt":{"rendered":"<p>dr Agnieszka Grzesiok-Horosz Adres mailowy agnieszka.grzesiok-horosz@us.edu.pl ORCID https:\/\/orcid.org\/0000-0002-9810-4216 Research Gate https:\/\/www.researchgate.net\/profile\/Agnieszka_Grzesiok-Horosz Google Scholar https:\/\/scholar.google.com\/citations?user=625tR-0AAAAJ&amp;hl=pl Obszar zainteresowa\u0144 badawczych Zmiany spowodowane post\u0119pem technologicznym w prawie medi\u00f3w i prawie autorskim. Aktualne wyzwania prawa i przestrzeni cyfrowej. Wybrane publikacje Odpowiedzialno\u015b\u0107 administracyjnoprawna dostawc\u00f3w us\u0142ug medialnych za propagowanie mowy nienawi\u015bci \/ Agnieszka Grzesiok-Horosz.\/\/ Opolskie Studia Administracyjno-Prawne. &#8211; 2020, nr 1, s. [&#8230;]<\/p>\n<p><a class=\"btn btn-secondary understrap-read-more-link\" href=\"https:\/\/us.edu.pl\/instytut\/idkm\/agnieszka-grzesiok-horosz\/\">Read More&#8230;<\/a><\/p>\n","protected":false},"author":202,"featured_media":841,"parent":0,"menu_order":0,"comment_status":"closed","ping_status":"closed","template":"","meta":{"_expiration-date-status":"saved","_expiration-date":0,"_expiration-date-type":"","_expiration-date-categories":[],"_expiration-date-options":[]},"acf":[],"_links":{"self":[{"href":"https:\/\/us.edu.pl\/instytut\/idkm\/wp-json\/wp\/v2\/pages\/805"}],"collection":[{"href":"https:\/\/us.edu.pl\/instytut\/idkm\/wp-json\/wp\/v2\/pages"}],"about":[{"href":"https:\/\/us.edu.pl\/instytut\/idkm\/wp-json\/wp\/v2\/types\/page"}],"author":[{"embeddable":true,"href":"https:\/\/us.edu.pl\/instytut\/idkm\/wp-json\/wp\/v2\/users\/202"}],"replies":[{"embeddable":true,"href":"https:\/\/us.edu.pl\/instytut\/idkm\/wp-json\/wp\/v2\/comments?post=805"}],"version-history":[{"count":8,"href":"https:\/\/us.edu.pl\/instytut\/idkm\/wp-json\/wp\/v2\/pages\/805\/revisions"}],"predecessor-version":[{"id":924,"href":"https:\/\/us.edu.pl\/instytut\/idkm\/wp-json\/wp\/v2\/pages\/805\/revisions\/924"}],"wp:featuredmedia":[{"embeddable":true,"href":"https:\/\/us.edu.pl\/instytut\/idkm\/wp-json\/wp\/v2\/media\/841"}],"wp:attachment":[{"href":"https:\/\/us.edu.pl\/instytut\/idkm\/wp-json\/wp\/v2\/media?parent=805"}],"curies":[{"name":"wp","href":"https:\/\/api.w.org\/{rel}","templated":true}]}}