{"id":892,"date":"2020-11-15T13:04:58","date_gmt":"2020-11-15T12:04:58","guid":{"rendered":"https:\/\/us.edu.pl\/instytut\/idkm\/?page_id=892"},"modified":"2020-11-15T16:52:30","modified_gmt":"2020-11-15T15:52:30","slug":"zbigniew-markowski","status":"publish","type":"page","link":"https:\/\/us.edu.pl\/instytut\/idkm\/zbigniew-markowski\/","title":{"rendered":"red. Zbigniew Markowski"},"content":{"rendered":"<p><\/p>\n<h3 style=\"text-align: center\">red. Zbigniew Markowski<\/h3>\n<p style=\"text-align: center\"><img class=\"aligncenter wp-image-888 size-full\" src=\"https:\/\/us.edu.pl\/instytut\/idkm\/wp-content\/uploads\/sites\/30\/2020\/11\/zbigniew-markowski-1.jpg\" alt=\"\" width=\"640\" height=\"640\" srcset=\"https:\/\/us.edu.pl\/instytut\/idkm\/wp-content\/uploads\/sites\/30\/2020\/11\/zbigniew-markowski-1.jpg 640w, https:\/\/us.edu.pl\/instytut\/idkm\/wp-content\/uploads\/sites\/30\/2020\/11\/zbigniew-markowski-1-400x400.jpg 400w, https:\/\/us.edu.pl\/instytut\/idkm\/wp-content\/uploads\/sites\/30\/2020\/11\/zbigniew-markowski-1-300x300.jpg 300w, https:\/\/us.edu.pl\/instytut\/idkm\/wp-content\/uploads\/sites\/30\/2020\/11\/zbigniew-markowski-1-575x575.jpg 575w\" sizes=\"(max-width: 640px) 100vw, 640px\" \/><\/p>\n<p style=\"padding-left: 40px\"><span style=\"font-size: 14pt\">Adres mailowy<\/span><br \/>\n<a href=\"mailto:zbigniew.markowski@us.edu.pl\"><strong><span style=\"font-size: 14pt\">zbigniew.markowski@us.edu.pl<\/span><\/strong><\/a><\/p>\n<p style=\"padding-left: 40px\"><strong><span style=\"font-size: 14pt\">Redakcje, w kt\u00f3rych pracuje\/pracowa\u0142<\/span><\/strong><\/p>\n<p style=\"padding-left: 40px\"><span style=\"font-size: 14pt\">Telewizja Katowice, Auto Klub Magazyn, Portal Powiatu Tarnog\u00f3rskiego, Poznaj \u015al\u0105sk, Antryj.pl<\/span><\/p>\n<p style=\"padding-left: 40px\"><strong><span style=\"font-size: 14pt\">Redakcje, z kt\u00f3rymi wsp\u00f3\u0142pracuje\/wsp\u00f3\u0142pracowa\u0142<\/span><\/strong><\/p>\n<p style=\"padding-left: 40px\"><span style=\"font-size: 14pt\">Dziennik Zachodni, Gwarek, G\u0142os Wybrze\u017ca<\/span><\/p>\n<p style=\"padding-left: 40px\"><strong><span style=\"font-size: 14pt\">Media, w kt\u00f3rych pe\u0142ni\u0142 funkcj\u0119 redaktora (dyrektora, kierownika redakcji, redaktora wydania)<\/span><\/strong><\/p>\n<p style=\"padding-left: 40px\"><span style=\"font-size: 14pt\">Telewizja Katowice, Auto Klub Magazyn, Portal Powiatu Tarnog\u00f3rskiego, Poznaj \u015al\u0105sk, Antryj.pl<\/span><\/p>\n<p style=\"padding-left: 40px\"><strong><span style=\"font-size: 14pt\">Portale internetowe z dorobkiem autorskim<\/span><\/strong><\/p>\n<p style=\"padding-left: 40px\"><span style=\"font-size: 14pt\"><a href=\"https:\/\/www.tg.net.pl\">www.tg.net.pl<\/a>. <a href=\"http:\/\/www.poznaj-slask.pl\">www.poznaj-slask.pl<\/a>, <a href=\"http:\/\/www.kuchnia-slaska.pl\">www.kuchnia-slaska.pl<\/a>, <a href=\"http:\/\/www.antryj.pl\">www.antryj.pl<\/a>, <a href=\"http:\/\/www.gwarki.tg.net.pl\">www.gwarki.tg.net.pl<\/a>, <a href=\"http:\/\/www.gwarki.tg.net.pl\">www.kici-kici.pl <\/a><\/span><\/p>\n<p style=\"padding-left: 40px\"><strong><span style=\"font-size: 14pt\">Serwisy filmowe z dorobkiem autorskim<\/span><\/strong><\/p>\n<p style=\"padding-left: 40px\"><span style=\"font-size: 14pt\"><a href=\"https:\/\/www.youtube.com\/user\/silesiaonline\/\">https:\/\/www.youtube.com\/user\/silesiaonline\/<\/a><\/span><\/p>\n<p style=\"padding-left: 40px\"><strong><span style=\"font-size: 14pt\">Osobista strona www<\/span><\/strong><\/p>\n<p style=\"padding-left: 40px\"><a href=\"http:\/\/www.24.edu.pl\"><span style=\"font-size: 14pt\">www.24.edu.pl <\/span><\/a><\/p>\n<p style=\"padding-left: 40px\"><strong><span style=\"font-size: 14pt\">Publikacje popularyzatorskie<\/span><\/strong><\/p>\n<p style=\"padding-left: 40px\"><span style=\"font-size: 14pt\">Wsp\u00f3\u0142autor: Ad futuram rei memoriam, Tarnowskie G\u00f3ry, 2018<\/span><\/p>\n<p><\/p>","protected":false},"excerpt":{"rendered":"<p>red. Zbigniew Markowski Adres mailowy zbigniew.markowski@us.edu.pl Redakcje, w kt\u00f3rych pracuje\/pracowa\u0142 Telewizja Katowice, Auto Klub Magazyn, Portal Powiatu Tarnog\u00f3rskiego, Poznaj \u015al\u0105sk, Antryj.pl Redakcje, z kt\u00f3rymi wsp\u00f3\u0142pracuje\/wsp\u00f3\u0142pracowa\u0142 Dziennik Zachodni, Gwarek, G\u0142os Wybrze\u017ca Media, w kt\u00f3rych pe\u0142ni\u0142 funkcj\u0119 redaktora (dyrektora, kierownika redakcji, redaktora wydania) Telewizja Katowice, Auto Klub Magazyn, Portal Powiatu Tarnog\u00f3rskiego, Poznaj \u015al\u0105sk, Antryj.pl Portale internetowe z [&#8230;]<\/p>\n<p><a class=\"btn btn-secondary understrap-read-more-link\" href=\"https:\/\/us.edu.pl\/instytut\/idkm\/zbigniew-markowski\/\">Read More&#8230;<\/a><\/p>\n","protected":false},"author":202,"featured_media":0,"parent":0,"menu_order":0,"comment_status":"closed","ping_status":"closed","template":"","meta":{"_expiration-date-status":"saved","_expiration-date":0,"_expiration-date-type":"","_expiration-date-categories":[],"_expiration-date-options":[]},"acf":[],"_links":{"self":[{"href":"https:\/\/us.edu.pl\/instytut\/idkm\/wp-json\/wp\/v2\/pages\/892"}],"collection":[{"href":"https:\/\/us.edu.pl\/instytut\/idkm\/wp-json\/wp\/v2\/pages"}],"about":[{"href":"https:\/\/us.edu.pl\/instytut\/idkm\/wp-json\/wp\/v2\/types\/page"}],"author":[{"embeddable":true,"href":"https:\/\/us.edu.pl\/instytut\/idkm\/wp-json\/wp\/v2\/users\/202"}],"replies":[{"embeddable":true,"href":"https:\/\/us.edu.pl\/instytut\/idkm\/wp-json\/wp\/v2\/comments?post=892"}],"version-history":[{"count":6,"href":"https:\/\/us.edu.pl\/instytut\/idkm\/wp-json\/wp\/v2\/pages\/892\/revisions"}],"predecessor-version":[{"id":931,"href":"https:\/\/us.edu.pl\/instytut\/idkm\/wp-json\/wp\/v2\/pages\/892\/revisions\/931"}],"wp:attachment":[{"href":"https:\/\/us.edu.pl\/instytut\/idkm\/wp-json\/wp\/v2\/media?parent=892"}],"curies":[{"name":"wp","href":"https:\/\/api.w.org\/{rel}","templated":true}]}}