{"id":963,"date":"2020-11-17T10:38:40","date_gmt":"2020-11-17T09:38:40","guid":{"rendered":"https:\/\/us.edu.pl\/instytut\/idkm\/?page_id=963"},"modified":"2020-11-17T10:45:02","modified_gmt":"2020-11-17T09:45:02","slug":"dr-hab-miroslawa-wielopolska-szymura","status":"publish","type":"page","link":"https:\/\/us.edu.pl\/instytut\/idkm\/dr-hab-miroslawa-wielopolska-szymura\/","title":{"rendered":"dr hab. Miros\u0142awa Wielopolska-Szymura"},"content":{"rendered":"<p><\/p>\n<h3 style=\"text-align: center\">dr hab. Miros\u0142awa Wielopolska-Szymura<\/h3>\n<p style=\"text-align: center\"><img class=\"alignnone wp-image-964 size-full\" src=\"https:\/\/us.edu.pl\/instytut\/idkm\/wp-content\/uploads\/sites\/30\/Nieprzypisane\/miroslawa-wielopolska-szymura.jpg\" alt=\"\" width=\"640\" height=\"640\" srcset=\"https:\/\/us.edu.pl\/instytut\/idkm\/wp-content\/uploads\/sites\/30\/Nieprzypisane\/miroslawa-wielopolska-szymura.jpg 640w, https:\/\/us.edu.pl\/instytut\/idkm\/wp-content\/uploads\/sites\/30\/Nieprzypisane\/miroslawa-wielopolska-szymura-400x400.jpg 400w, https:\/\/us.edu.pl\/instytut\/idkm\/wp-content\/uploads\/sites\/30\/Nieprzypisane\/miroslawa-wielopolska-szymura-300x300.jpg 300w, https:\/\/us.edu.pl\/instytut\/idkm\/wp-content\/uploads\/sites\/30\/Nieprzypisane\/miroslawa-wielopolska-szymura-575x575.jpg 575w\" sizes=\"(max-width: 640px) 100vw, 640px\" \/><\/p>\n<p style=\"padding-left: 40px\"><span style=\"font-size: 14pt\">Adres mailowy<\/span><br \/>\n<a href=\"mailto:miroslawa.wielopolska-szymura@us.edu.pl\"><strong><span style=\"font-size: 14pt\">miroslawa.wielopolska-szymura@us.edu.pl<\/span><\/strong><\/a><br \/>\n<span style=\"font-size: 14pt\">ORCID<\/span><br \/>\n<a href=\"https:\/\/orcid.org\/0000-0002-7951-3698\"><strong><span style=\"font-size: 14pt\">https:\/\/orcid.org\/0000-0002-7951-3698<\/span><\/strong><\/a><br \/>\n<span style=\"font-size: 14pt\">Research Gate<\/span><br \/>\n<a href=\"https:\/\/www.researchgate.net\/profile\/Miroslawa_Wielopolska-Szymura\"><strong><span style=\"font-size: 14pt\">https:\/\/www.researchgate.net\/profile\/Miroslawa_Wielopolska-Szymura<\/span><\/strong><\/a><br \/>\n<span style=\"font-size: 14pt\">Google Scholar<\/span><br \/>\n<a href=\"https:\/\/scholar.google.pl\/citations?user=SXtqhY4AAAAJ&amp;hl=pl\"><strong><span style=\"font-size: 14pt\">https:\/\/scholar.google.pl\/citations?user=SXtqhY4AAAAJ&amp;hl=pl<\/span><\/strong><\/a><br \/>\n<span style=\"font-size: 14pt\">Academia.edu<\/span><br \/>\n<a href=\"https:\/\/silesian.academia.edu\/MiroslawaWielopolskaSzymura\"><strong><span style=\"font-size: 14pt\">https:\/\/silesian.academia.edu\/MiroslawaWielopolskaSzymura<\/span><\/strong><\/a><\/p>\n<p style=\"padding-left: 40px\"><strong><span style=\"font-size: 14pt\">Obszar zainteresowa\u0144 badawczych<\/span><\/strong><\/p>\n<ul>\n<li><span style=\"font-size: 14pt\">Radio jako \u015brodek przekazu<\/span><\/li>\n<li><span style=\"font-size: 14pt\">Cyfryzacja i konwergencja radia w Polsce i na \u015bwiecie<\/span><\/li>\n<li><span style=\"font-size: 14pt\">Media masowe w komunikowaniu mi\u0119dzynarodowym i mi\u0119dzykulturowym<\/span><\/li>\n<li><span style=\"font-size: 14pt\">Media publiczne w Polsce i na \u015bwiecie<\/span><\/li>\n<\/ul>\n<p style=\"padding-left: 40px\"><strong><span style=\"font-size: 14pt\">Wybrane publikacje<\/span><\/strong><\/p>\n<p style=\"padding-left: 40px\"><span style=\"font-size: 14pt\">Politicization of Press Coverage on Culture in Opinion Weeklies \u2013 Word and Image \/ Matylda S\u0119k-Iwanek, Miros\u0142awa Wielopolska-Szymura \/\/ W: The Elites of the Media versus the Elites of Politics in Poland. Edited By Z. Oniszczuk, D. G\u0142uszek-Szafraniec and M. Wielopolska-Szymura. Berlin: Peter Lang, 2020. ISBN 978-3-631-80067-6.<\/span><\/p>\n<p style=\"padding-left: 40px\"><span style=\"font-size: 14pt\">Rozg\u0142o\u015bnie BBC World Service, Radio France Internationale i Voice Of America w\u00a0komunikowaniu mi\u0119dzynarodowym. Od propagandy do dyplomacji publicznej. Wydawnictwo U\u015a. Katowice 2019. ISBN 978-83-226-3660-2. <a href=\"https:\/\/rebus.us.edu.pl\/handle\/20.500.12128\/16479\">https:\/\/rebus.us.edu.pl\/handle\/20.500.12128\/16479<\/a><\/span><\/p>\n<p style=\"padding-left: 40px\"><span style=\"font-size: 14pt\">Radio w polityce, polityka w radiu \u2013 formy wykorzystania radia w komunikowaniu politycznym. \u201eMedia. Kultura. Komunikacja Spo\u0142eczna\u201d nr 15\/2, 2019. <a href=\"https:\/\/czasopisma.uwm.edu.pl\/index.php\/mkks\/article\/view\/5133\">https:\/\/czasopisma.uwm.edu.pl\/index.php\/mkks\/article\/view\/5133<\/a><\/span><\/p>\n<p style=\"padding-left: 40px\"><span style=\"font-size: 14pt\">International radio broadcasting \u2013 a case of Radio Poland \u2013 an external service of Polish public radio. \u201ePolitical Preferences\u201d, nr 19, 2018. <a href=\"https:\/\/rebus.us.edu.pl\/handle\/20.500.12128\/6547\">https:\/\/rebus.us.edu.pl\/handle\/20.500.12128\/6547<\/a><\/span><\/p>\n<p style=\"padding-left: 40px\"><span style=\"font-size: 14pt\">Mi\u0119dzykulturowe komunikowanie lokalne: etniczne radio spo\u0142eczne w Australii. W: Komunikowanie lokalno-regionalne w dobie spo\u0142ecze\u0144stwa medialnego. T. 1, Problemy teoretyczno-praktyczne. Wydawnictwo U\u015a, Katowice 2018. ISBN 978-83-226-3364-9<\/span><\/p>\n<p style=\"padding-left: 40px\"><span style=\"font-size: 14pt\">Radio dla zagranicy \u2013 od \u00bbhard power\u00ab do \u00bbsoft power\u00ab w mi\u0119dzynarodowej nadawczo\u015bci radiowej. \u201eActa Universitatis Lodziensis. Folia Litteraria Polonica\u201d. 1(39), 2017. <a href=\"https:\/\/czasopisma.uni.lodz.pl\/polonica\/article\/view\/1914\">https:\/\/czasopisma.uni.lodz.pl\/polonica\/article\/view\/1914<\/a><\/span><\/p>\n<p style=\"padding-left: 40px\"><span style=\"font-size: 14pt\">Dw\u00f3jka \u2013 radio z kultur\u0105. O kulturotw\u00f3rczej misji Programu 2 Polskiego Radia \u2013 uj\u0119cie monograficzne. \u201eMedia. Kultura. Komunikacja spo\u0142eczna\u201d, nr 12\/4, 2016. <a href=\"https:\/\/czasopisma.uwm.edu.pl\/index.php\/mkks\/article\/view\/3007\">https:\/\/czasopisma.uwm.edu.pl\/index.php\/mkks\/article\/view\/3007<\/a><\/span><\/p>\n<p style=\"padding-left: 40px\"><span style=\"font-size: 14pt\">Media w s\u0142u\u017cbie si\u0142 zbrojnych. Polityka informacyjna Departamentu Obrony USA \u2013 zarys zagadnienia. [w:] Mediatyzacja komunikowania politycznego. W kr\u0119gu bada\u0144 politologicznych i medioznawczych. Red. M. Adamik-Szysiak. Wydawnictwo UMCS, Lublin 2015.<\/span><\/p>\n<p style=\"padding-left: 40px\"><span style=\"font-size: 14pt\">Radio as an old and a new medium: Sustaining cultural identities of listeners. [w:] Radio: The Resilient Medium. Red. G. Starkey, G. Stachyra, M. Oliveira. Centre for Research in Media and Cultural Studies, Sunderland 2014.<\/span><\/p>\n<p style=\"padding-left: 40px\"><strong><span style=\"font-size: 14pt\">Projekty badawcze<\/span><\/strong><\/p>\n<p style=\"padding-left: 40px\"><span style=\"font-size: 14pt\">2016-2020: Wykonawca w projekcie pt. Powi\u0105zania pomi\u0119dzy elitami sfery medi\u00f3w i polityki w Polsce w perspektywie do\u015bwiadcze\u0144 niemieckich, Narodowe Centrum Nauki, Opus 10, 2015\/19 \/ B \/ HSS \/ 00429. Projekt zrealizowany<\/span><\/p>\n<p style=\"text-align: center\"><img class=\"alignnone wp-image-967 size-full\" src=\"https:\/\/us.edu.pl\/instytut\/idkm\/wp-content\/uploads\/sites\/30\/Nieprzypisane\/09-wieloposka-01.jpg\" alt=\"\" width=\"400\" height=\"577\" srcset=\"https:\/\/us.edu.pl\/instytut\/idkm\/wp-content\/uploads\/sites\/30\/Nieprzypisane\/09-wieloposka-01.jpg 400w, https:\/\/us.edu.pl\/instytut\/idkm\/wp-content\/uploads\/sites\/30\/Nieprzypisane\/09-wieloposka-01-208x300.jpg 208w, https:\/\/us.edu.pl\/instytut\/idkm\/wp-content\/uploads\/sites\/30\/Nieprzypisane\/09-wieloposka-01-399x575.jpg 399w\" sizes=\"(max-width: 400px) 100vw, 400px\" \/><\/p>\n<p><\/p>","protected":false},"excerpt":{"rendered":"<p>dr hab. Miros\u0142awa Wielopolska-Szymura Adres mailowy miroslawa.wielopolska-szymura@us.edu.pl ORCID https:\/\/orcid.org\/0000-0002-7951-3698 Research Gate https:\/\/www.researchgate.net\/profile\/Miroslawa_Wielopolska-Szymura Google Scholar https:\/\/scholar.google.pl\/citations?user=SXtqhY4AAAAJ&amp;hl=pl Academia.edu https:\/\/silesian.academia.edu\/MiroslawaWielopolskaSzymura Obszar zainteresowa\u0144 badawczych Radio jako \u015brodek przekazu Cyfryzacja i konwergencja radia w Polsce i na \u015bwiecie Media masowe w komunikowaniu mi\u0119dzynarodowym i mi\u0119dzykulturowym Media publiczne w Polsce i na \u015bwiecie Wybrane publikacje Politicization of Press Coverage on Culture [&#8230;]<\/p>\n<p><a class=\"btn btn-secondary understrap-read-more-link\" href=\"https:\/\/us.edu.pl\/instytut\/idkm\/dr-hab-miroslawa-wielopolska-szymura\/\">Read More&#8230;<\/a><\/p>\n","protected":false},"author":202,"featured_media":964,"parent":0,"menu_order":0,"comment_status":"closed","ping_status":"closed","template":"","meta":{"_expiration-date-status":"saved","_expiration-date":0,"_expiration-date-type":"","_expiration-date-categories":[],"_expiration-date-options":[]},"acf":[],"_links":{"self":[{"href":"https:\/\/us.edu.pl\/instytut\/idkm\/wp-json\/wp\/v2\/pages\/963"}],"collection":[{"href":"https:\/\/us.edu.pl\/instytut\/idkm\/wp-json\/wp\/v2\/pages"}],"about":[{"href":"https:\/\/us.edu.pl\/instytut\/idkm\/wp-json\/wp\/v2\/types\/page"}],"author":[{"embeddable":true,"href":"https:\/\/us.edu.pl\/instytut\/idkm\/wp-json\/wp\/v2\/users\/202"}],"replies":[{"embeddable":true,"href":"https:\/\/us.edu.pl\/instytut\/idkm\/wp-json\/wp\/v2\/comments?post=963"}],"version-history":[{"count":3,"href":"https:\/\/us.edu.pl\/instytut\/idkm\/wp-json\/wp\/v2\/pages\/963\/revisions"}],"predecessor-version":[{"id":968,"href":"https:\/\/us.edu.pl\/instytut\/idkm\/wp-json\/wp\/v2\/pages\/963\/revisions\/968"}],"wp:featuredmedia":[{"embeddable":true,"href":"https:\/\/us.edu.pl\/instytut\/idkm\/wp-json\/wp\/v2\/media\/964"}],"wp:attachment":[{"href":"https:\/\/us.edu.pl\/instytut\/idkm\/wp-json\/wp\/v2\/media?parent=963"}],"curies":[{"name":"wp","href":"https:\/\/api.w.org\/{rel}","templated":true}]}}