{"id":1181,"date":"2020-04-15T13:50:36","date_gmt":"2020-04-15T11:50:36","guid":{"rendered":"http:\/\/us.edu.pl\/instytut\/ifiz\/?page_id=1181"},"modified":"2026-03-06T13:55:51","modified_gmt":"2026-03-06T12:55:51","slug":"laboratorium-badania-niskich-aktywnosci","status":"publish","type":"page","link":"https:\/\/us.edu.pl\/instytut\/ifiz\/nauka\/laboratoria\/laboratorium-badania-niskich-aktywnosci\/","title":{"rendered":"Laboratorium Badania Niskich Aktywno\u015bci"},"content":{"rendered":"<p>[vc_row][vc_column]\r\n                <div class=\"text-modules\">\r\n                    <div class=\"container\">\r\n                        <h3 class=\"page-title text__title\">Laboratorium Badania Niskich Aktywno\u015bci<\/h3>\r\n                        <div class=\"text-modules__content\"><p><strong>Kierownik:<\/strong> dr Agata Walencik-\u0141ata, <a href=\"mailto:agata.walencik@us.edu.pl\">agata.walencik@us.edu.pl<\/a><\/p>\n<p><strong>Opiekunowie:<\/strong><\/p>\n<ul>\n<li>dr hab. Beata Koz\u0142owska, <a href=\"mailto:beata.kozlowska@us.edu.pl\">beata.kozlowska@us.edu.pl<\/a><\/li>\n<li>dr Agata Walencik-\u0141ata, <a href=\"mailto:agata.walencik@us.edu.pl\">agata.walencik@us.edu.pl<\/a><\/li>\n<\/ul>\n<p><strong>Tel\/Phone:<\/strong> + 48 32 3497739<\/p>\n<p><strong>Lokalizacja:<\/strong> H\/-1\/11, H\/-1\/14<\/p>\n<p>&nbsp;<\/p>\n<h3>O NAS<\/h3>\n<p>W laboratorium prowadzone s\u0105 badania interdyscyplinarne na pograniczu fizyki, nauk o Ziemi wykorzystuj\u0105ce metody fizyki j\u0105drowej do badania promieniotw\u00f3rczo\u015bci w \u015brodowisku \u017cycia cz\u0142owieka.<\/p>\n<h3>NASZA APARATURA:<\/h3>\n<ul>\n<li>Liczniki ciek\u0142oscyntylacyjne: Tri-Carb 5110TR,1414 WinSpectral \u03b1\/b, pozwalaj\u0105ce na separacje promieniowania alfa i beta.<\/li>\n<li>Przeno\u015bny monitor radonu &#8211; RAD7 firmy Durridge z przystawk\u0105 Rad Aqua.<\/li>\n<li>Laboratoryjne spektrometry promieniowania gamma z detektorem p\u00f3\u0142przewodnikowym HPGe i detektor germanowy wysokiej czysto\u015bci o \u015brednicy kryszta\u0142u 60.7 mm i kriostatu (Cryo-Pulse 5 Plus) chodzonego systemem elektronicznym firmy Canberra-Packard. Detektor pozwala na pomiar izotop\u00f3w w zakresie energetycznym od 40 keV do 10 MeV. Jest to nowoczesny detektor o wydajno\u015bci wzgl\u0119dnej 20 %, zdolno\u015bci rozdzielczej (FWHM) 1.8 keV i charakteryzuj\u0105cy si\u0119 stosunkiem Fotopik\/Compton: 50:1 dla linii 1.33 MeV pochodz\u0105cej od 60Co. Rejestracja i analiza danych przeprowadzana jest za pomoc\u0105 oprogramowania Genie2000.<\/li>\n<li>Spektrometr promieniowania \u03b1 7401VR firmy Canberra-Packard wyposa\u017cony w detektory p\u00f3\u0142przewodnikowe PIPS o powierzchni czynnej 300 mm<sup>2<\/sup>.<\/li>\n<\/ul>\n<p>&nbsp;<\/p>\n<h3>TEMATYKA BADAWCZA:<\/h3>\n<ul>\n<li>Pomiary st\u0119\u017ce\u0144 aktywno\u015bci izotop\u00f3w \u03b1 i \u03b2- promieniotw\u00f3rczych technik\u0105 spektrometrii ciek\u0142oscyntylacyjnej (LSC), g\u0142\u00f3wnie izotop\u00f3w <sup>222<\/sup>Ra, <sup>226,228<\/sup>Ra w wodach.<\/li>\n<li>Pomiary st\u0119\u017cenia aktywno\u015bci <sup>222<\/sup>Rn w powietrzu z wykorzystaniem detektor\u00f3w PICO \u2013 RAD technik\u0105 LSC.<\/li>\n<li>Pomiary st\u0119\u017cenia aktywno\u015bci izotop\u00f3w <sup>220,222<\/sup>Rn w powietrzu, wodzie i powietrzu glebowym z wykorzystaniem przeno\u015bnego monitora radonu &#8211; RAD7.<\/li>\n<li>Analiza pr\u00f3b \u015brodowiskowych technik\u0105 spektrometrii promieniowania gamma. Pomiar st\u0119\u017ce\u0144 aktywno\u015bci izotop\u00f3w emituj\u0105cych promieniowanie gamma w zakresie od 50 do 3000 keV laboratoryjnie wykorzystuj\u0105c detektory p\u00f3\u0142przewodnikowy HPGe pozwalaj\u0105ce na wysokorozdzielcz\u0105 analiz\u0119 spektraln\u0105 widma promieniowania.<\/li>\n<li>Pomiar st\u0119\u017ce\u0144 aktywno\u015bci izotop\u00f3w: <sup>234,238<\/sup>U w pr\u00f3bach \u015brodowiskowych: wodach i ska\u0142ach technik\u0105 spektrometrii alfa. Pomiar pr\u00f3b poprzedzony jest wcze\u015bniejsz\u0105 preparatyk\u0105 chemiczn\u0105.<\/li>\n<\/ul>\n<p>\n<\/div>\r\n                    <\/div>\r\n                <\/div>            \r\n                    <div class=\"container\">\r\n                        <div class=\"gallery gallery_3\" data-images-in-row=\"3\">\r\n                            \r\n                            <div class=\"row m-0\">\r\n                                <a data-fancybox-group=\"button\" title=\"Licznik ciek\u0142oscyntylacyjny Tricarb 5110TR \u03b1\/\u03b2\" data-fancybox=\"7059\" href=\"https:\/\/us.edu.pl\/instytut\/ifiz\/wp-content\/uploads\/sites\/39\/Laboratoria\/Lab_bad_niskich_aktywnosci_2.jpg\" class=\"gallery__item thumbnail\"\r\n                                    style=\"background-image: url(https:\/\/us.edu.pl\/instytut\/ifiz\/wp-content\/uploads\/sites\/39\/Laboratoria\/Lab_bad_niskich_aktywnosci_2.jpg)\"> <span class=\"d-none\">https:\/\/us.edu.pl\/instytut\/ifiz\/wp-content\/uploads\/sites\/39\/Laboratoria\/Lab_bad_niskich_aktywnosci_2.jpg<\/span> <\/a><a data-fancybox-group=\"button\" title=\"Stanowisko pomiarowe z spektrometrem promieniowania gamma.\" data-fancybox=\"7059\" href=\"https:\/\/us.edu.pl\/instytut\/ifiz\/wp-content\/uploads\/sites\/39\/Laboratoria\/Lab_bad_niskich_aktywnosci.jpg\" class=\"gallery__item thumbnail\"\r\n                                    style=\"background-image: url(https:\/\/us.edu.pl\/instytut\/ifiz\/wp-content\/uploads\/sites\/39\/Laboratoria\/Lab_bad_niskich_aktywnosci.jpg)\"> <span class=\"d-none\">https:\/\/us.edu.pl\/instytut\/ifiz\/wp-content\/uploads\/sites\/39\/Laboratoria\/Lab_bad_niskich_aktywnosci.jpg<\/span> <\/a><a data-fancybox-group=\"button\" title=\"Stanowisko pomiarowe z spektrometrem promieniowania gamma.\" data-fancybox=\"7059\" href=\"https:\/\/us.edu.pl\/instytut\/ifiz\/wp-content\/uploads\/sites\/39\/Laboratoria\/Lab_bad_niskich_aktywnosci_3.jpg\" class=\"gallery__item thumbnail\"\r\n                                    style=\"background-image: url(https:\/\/us.edu.pl\/instytut\/ifiz\/wp-content\/uploads\/sites\/39\/Laboratoria\/Lab_bad_niskich_aktywnosci_3.jpg)\"> <span class=\"d-none\">https:\/\/us.edu.pl\/instytut\/ifiz\/wp-content\/uploads\/sites\/39\/Laboratoria\/Lab_bad_niskich_aktywnosci_3.jpg<\/span> <\/a>\r\n                            <\/div>\r\n                    <\/div>\r\n                <\/div>\r\n                <div class=\"text-modules\">\r\n                    <div class=\"container\">\r\n                        \r\n                        <div class=\"text-modules__content\"><p>Fot. 1. Licznik ciek\u0142oscyntylacyjny Tricarb 5110TR \u03b1\/\u03b2.<\/p>\n<p>Fot. 2, 3. Stanowisko pomiarowe z spektrometrem promieniowania \u03b3.<\/p>\n<\/div>\r\n                    <\/div>\r\n                <\/div>[\/vc_column][\/vc_row]<\/p>","protected":false},"excerpt":{"rendered":"<p>[vc_row][vc_column][\/vc_column][\/vc_row] [&#8230;]<\/p>\n<p><a class=\"btn btn-secondary understrap-read-more-link\" href=\"https:\/\/us.edu.pl\/instytut\/ifiz\/nauka\/laboratoria\/laboratorium-badania-niskich-aktywnosci\/\">Read More&#8230;<\/a><\/p>\n","protected":false},"author":104,"featured_media":0,"parent":1177,"menu_order":10,"comment_status":"closed","ping_status":"closed","template":"","meta":{"_expiration-date-status":"","_expiration-date":0,"_expiration-date-type":"","_expiration-date-categories":[],"_expiration-date-options":[]},"acf":[],"_links":{"self":[{"href":"https:\/\/us.edu.pl\/instytut\/ifiz\/wp-json\/wp\/v2\/pages\/1181"}],"collection":[{"href":"https:\/\/us.edu.pl\/instytut\/ifiz\/wp-json\/wp\/v2\/pages"}],"about":[{"href":"https:\/\/us.edu.pl\/instytut\/ifiz\/wp-json\/wp\/v2\/types\/page"}],"author":[{"embeddable":true,"href":"https:\/\/us.edu.pl\/instytut\/ifiz\/wp-json\/wp\/v2\/users\/104"}],"replies":[{"embeddable":true,"href":"https:\/\/us.edu.pl\/instytut\/ifiz\/wp-json\/wp\/v2\/comments?post=1181"}],"version-history":[{"count":0,"href":"https:\/\/us.edu.pl\/instytut\/ifiz\/wp-json\/wp\/v2\/pages\/1181\/revisions"}],"up":[{"embeddable":true,"href":"https:\/\/us.edu.pl\/instytut\/ifiz\/wp-json\/wp\/v2\/pages\/1177"}],"wp:attachment":[{"href":"https:\/\/us.edu.pl\/instytut\/ifiz\/wp-json\/wp\/v2\/media?parent=1181"}],"curies":[{"name":"wp","href":"https:\/\/api.w.org\/{rel}","templated":true}]}}