{"id":1229,"date":"2020-04-15T16:35:45","date_gmt":"2020-04-15T14:35:45","guid":{"rendered":"http:\/\/us.edu.pl\/instytut\/ifiz\/?page_id=1229"},"modified":"2026-03-06T14:05:46","modified_gmt":"2026-03-06T13:05:46","slug":"laboratorium-mikroskopii-ze-skanujaca-sonda","status":"publish","type":"page","link":"https:\/\/us.edu.pl\/instytut\/ifiz\/nauka\/laboratoria\/laboratorium-mikroskopii-ze-skanujaca-sonda\/","title":{"rendered":"Laboratorium mikroskopii ze skanuj\u0105c\u0105 sond\u0105"},"content":{"rendered":"<p>[vc_row][vc_column]\r\n                <div class=\"text-modules\">\r\n                    <div class=\"container\">\r\n                        <h3 class=\"page-title text__title\">Laboratorium mikroskopii ze skanuj\u0105c\u0105 sond\u0105<\/h3>\r\n                        <div class=\"text-modules__content\"><p><strong>Opiekun<\/strong><strong>:<\/strong> dr Marcin Wojtyniak, <a href=\"mailto:marcin.wojtyniak@us.edu.pl\">marcin.wojtyniak@us.edu.pl<\/a><\/p>\n<h3>O NAS<\/h3>\n<p>Laboratorium wykorzystuje zaawansowane mikroskopy sond skanuj\u0105cych do bada\u0144 powierzchni i w\u0142a\u015bciwo\u015bci mechanicznych r\u00f3\u017cnorodnych materia\u0142\u00f3w \u2013 od kryszta\u0142\u00f3w i polimer\u00f3w po struktury biologiczne. Prowadzone analizy obejmuj\u0105 m.in. topografi\u0119, chropowato\u015b\u0107 powierzchni, si\u0142y oddzia\u0142ywa\u0144 oraz spr\u0119\u017cysto\u015b\u0107 materia\u0142\u00f3w w skali nanometrycznej. Sprawd\u017a szczeg\u00f3\u0142y dotycz\u0105ce aparatury, bada\u0144 i dost\u0119pnych us\u0142ug.<\/p>\n<h3>NASZA APARATURA<\/h3>\n<ul>\n<li>Mikroskop ze skanuj\u0105c\u0105 sond\u0105 VT500 AFM\/STM Omicron<\/li>\n<li>Mikroskop si\u0142 atomowych NanoWizard3 JPK<\/li>\n<\/ul>\n<h3>TEMATYKA BADAWCZA<\/h3>\n<p>Z pomoc\u0105 mikroskop\u00f3w prowadzono badania powierzchni (topografii) kryszta\u0142\u00f3w, polikryszta\u0142\u00f3w, szkie\u0142, polimer\u00f3w, cienkich warstw metalicznych i polimerowych oraz materia\u0142\u00f3w biologicznych, w tym tward\u00f3wki i rog\u00f3wki oka oraz \u015bcian kom\u00f3rek ro\u015blinnych. Prowadzono r\u00f3wnie\u017c pomiary si\u0142 adhezji i si\u0142 oddzia\u0142ywania (tzn. spektroskopia si\u0142) oraz pomiary spr\u0119\u017cysto\u015bci polimer\u00f3w i materia\u0142\u00f3w biologicznych (w\u0142\u00f3kien celulozowych).<\/p>\n<p>Rozpocz\u0119to pomiary spr\u0119\u017cysto\u015bci kom\u00f3rek ro\u015blinnych i zwierz\u0119cych w \u015brodowisku wodnym.<\/p>\n<h3>PRACE BADAWCZE<\/h3>\n<ul>\n<li>W\u0142a\u015bciwo\u015bci strukturalne, elektronowe i magnetyczne materia\u0142\u00f3w litych oraz nano- i bio-uk\u0142ad\u00f3w<\/li>\n<li>Badani \u015bcian kom\u00f3rek ro\u015blinnych<\/li>\n<li>Topografia i chropowato\u015b\u0107 powierzchni cienkich warstw polimerowych<\/li>\n<\/ul>\n<h3>ZAKRES US\u0141UG<\/h3>\n<p>Wyznaczanie sk\u0142adu pierwiastkowego badanych materia\u0142\u00f3w<\/p>\n<\/div>\r\n                    <\/div>\r\n                <\/div>            \r\n                    <div class=\"container\">\r\n                        <div class=\"gallery gallery_2\" data-images-in-row=\"2\">\r\n                            \r\n                            <div class=\"row m-0\">\r\n                                <a data-fancybox-group=\"button\" title=\"\" data-fancybox=\"2797\" href=\"https:\/\/us.edu.pl\/instytut\/ifiz\/wp-content\/uploads\/sites\/39\/Laboratoria\/Mikroskop-ze-skanuj\u0105c\u0105-sond\u0105-VT500-AFM_STM-Omicron.jpg\" class=\"gallery__item thumbnail\"\r\n                                    style=\"background-image: url(https:\/\/us.edu.pl\/instytut\/ifiz\/wp-content\/uploads\/sites\/39\/Laboratoria\/Mikroskop-ze-skanuj\u0105c\u0105-sond\u0105-VT500-AFM_STM-Omicron-1024x768.jpg)\"> <span class=\"d-none\">https:\/\/us.edu.pl\/instytut\/ifiz\/wp-content\/uploads\/sites\/39\/Laboratoria\/Mikroskop-ze-skanuj\u0105c\u0105-sond\u0105-VT500-AFM_STM-Omicron.jpg<\/span> <\/a><a data-fancybox-group=\"button\" title=\"\" data-fancybox=\"2797\" href=\"https:\/\/us.edu.pl\/instytut\/ifiz\/wp-content\/uploads\/sites\/39\/Laboratoria\/Mikroskop-si\u0142-atomowych-NanoWizard3-JPK.jpg\" class=\"gallery__item thumbnail\"\r\n                                    style=\"background-image: url(https:\/\/us.edu.pl\/instytut\/ifiz\/wp-content\/uploads\/sites\/39\/Laboratoria\/Mikroskop-si\u0142-atomowych-NanoWizard3-JPK-1024x768.jpg)\"> <span class=\"d-none\">https:\/\/us.edu.pl\/instytut\/ifiz\/wp-content\/uploads\/sites\/39\/Laboratoria\/Mikroskop-si\u0142-atomowych-NanoWizard3-JPK.jpg<\/span> <\/a>\r\n                            <\/div>\r\n                    <\/div>\r\n                <\/div>\r\n                <div class=\"text-modules\">\r\n                    <div class=\"container\">\r\n                        \r\n                        <div class=\"text-modules__content\"><p>Fot. 1. Mikroskop ze skanuj\u0105c\u0105 sond\u0105 VT500 AFM\/STM Omicron.<\/p>\n<p>Fot. 2. Mikroskop si\u0142 atomowych NanoWizard3 JPK.<\/p>\n<\/div>\r\n                    <\/div>\r\n                <\/div>[\/vc_column][\/vc_row]<\/p>","protected":false},"excerpt":{"rendered":"<p>[vc_row][vc_column][\/vc_column][\/vc_row] [&#8230;]<\/p>\n<p><a class=\"btn btn-secondary understrap-read-more-link\" href=\"https:\/\/us.edu.pl\/instytut\/ifiz\/nauka\/laboratoria\/laboratorium-mikroskopii-ze-skanujaca-sonda\/\">Read More&#8230;<\/a><\/p>\n","protected":false},"author":104,"featured_media":0,"parent":1177,"menu_order":25,"comment_status":"closed","ping_status":"closed","template":"","meta":{"_expiration-date-status":"","_expiration-date":0,"_expiration-date-type":"","_expiration-date-categories":[],"_expiration-date-options":[]},"acf":[],"_links":{"self":[{"href":"https:\/\/us.edu.pl\/instytut\/ifiz\/wp-json\/wp\/v2\/pages\/1229"}],"collection":[{"href":"https:\/\/us.edu.pl\/instytut\/ifiz\/wp-json\/wp\/v2\/pages"}],"about":[{"href":"https:\/\/us.edu.pl\/instytut\/ifiz\/wp-json\/wp\/v2\/types\/page"}],"author":[{"embeddable":true,"href":"https:\/\/us.edu.pl\/instytut\/ifiz\/wp-json\/wp\/v2\/users\/104"}],"replies":[{"embeddable":true,"href":"https:\/\/us.edu.pl\/instytut\/ifiz\/wp-json\/wp\/v2\/comments?post=1229"}],"version-history":[{"count":0,"href":"https:\/\/us.edu.pl\/instytut\/ifiz\/wp-json\/wp\/v2\/pages\/1229\/revisions"}],"up":[{"embeddable":true,"href":"https:\/\/us.edu.pl\/instytut\/ifiz\/wp-json\/wp\/v2\/pages\/1177"}],"wp:attachment":[{"href":"https:\/\/us.edu.pl\/instytut\/ifiz\/wp-json\/wp\/v2\/media?parent=1229"}],"curies":[{"name":"wp","href":"https:\/\/api.w.org\/{rel}","templated":true}]}}