{"id":1233,"date":"2020-04-15T16:36:50","date_gmt":"2020-04-15T14:36:50","guid":{"rendered":"http:\/\/us.edu.pl\/instytut\/ifiz\/?page_id=1233"},"modified":"2026-03-06T14:12:54","modified_gmt":"2026-03-06T13:12:54","slug":"laboratorium-reodielektryczne","status":"publish","type":"page","link":"https:\/\/us.edu.pl\/instytut\/ifiz\/nauka\/laboratoria\/laboratorium-reodielektryczne\/","title":{"rendered":"Laboratorium Reodielektryczne"},"content":{"rendered":"<p>[vc_row][vc_column]\r\n                <div class=\"text-modules\">\r\n                    <div class=\"container\">\r\n                        <h3 class=\"page-title text__title\">Laboratorium Reodielektryczne<\/h3>\r\n                        <div class=\"text-modules__content\"><p><strong>Kierownik: <\/strong>prof. dr hab. Marian Paluch, <a href=\"mailto:marian.paluch@us.edu.pl\">marian.paluch@us.edu.pl<\/a><\/p>\n<p><strong>Opiekunowie:<\/strong><\/p>\n<ul>\n<li>prof. dr hab. \u017baneta, Wojnarowska, <a href=\"mailto:zaneta.wojnarowska@us.edu.pl\">zaneta.wojnarowska@us.edu.pl<\/a>,<\/li>\n<li>dr hab. in\u017c. Justyna Knapik-Kowalczuk, <a href=\"mailto:justyna.knapik-kowalczuk@us.edu.pl\">justyna.knapik-kowalczuk@us.edu.pl<\/a><\/li>\n<\/ul>\n<h3>O NAS<\/h3>\n<p>Laboratorium specjalizuje si\u0119 w badaniach w\u0142a\u015bciwo\u015bci lepko-spr\u0119\u017cystych i reodielektrycznych materia\u0142\u00f3w, w tym amorficznych farmaceutyk\u00f3w, polimer\u00f3w i cieczy jonowych. Nowoczesny reometr i systemy temperaturowe pozwalaj\u0105 na precyzyjne pomiary w szerokim zakresie temperatur oraz analiz\u0119 wp\u0142ywu si\u0142 \u015bcinaj\u0105cych i dodatk\u00f3w na struktur\u0119 i stabilno\u015b\u0107 materia\u0142\u00f3w.<\/p>\n<h3>NASZA APARATURA<\/h3>\n<ol>\n<li>Reometr Ares G2 (wyposa\u017cony w akcesoria do bada\u0144 reodielektrycznych oraz dynamicznej analizy mechanicznej);<\/li>\n<li>System ch\u0142odz\u0105cy do reometru (wyposa\u017cony w air chiller oraz baz\u0119 do pod\u0142\u0105czenia dewaru z ciek\u0142ym azotem);<\/li>\n<li>System temperaturowy do reometru;<\/li>\n<li>Piecyk pr\u00f3\u017cniowy ThermoScientific VT6060M (umo\u017cliwiaj\u0105cy suszenie w atmosferze argonu lub innego inertnego gazu);<\/li>\n<li>Pompa pr\u00f3\u017cniowa ThermoScientific (umo\u017cliwiaj\u0105ca odprowadzanie skroplin odporna na substancje chemiczne);<\/li>\n<li>Klimatyzator o wysokiej mocy niezb\u0119dny do dzia\u0142ania Reometru z air chiller\u2019em.<\/li>\n<\/ol>\n<h3>TEMATYKA BADAWCZA<\/h3>\n<ol>\n<li>Badanie w\u0142a\u015bciwo\u015bci lepko-spr\u0119\u017cystych amorficznych farmaceutyk\u00f3w;<\/li>\n<li>Badanie wp\u0142ywu si\u0142y \u015bcinaj\u0105cej na fizyczn\u0105 stabilno\u015b\u0107 amorficznych farmaceutyk\u00f3w;<\/li>\n<li>Badanie zmian uporz\u0105dkowania ciek\u0142okrystalicznych materia\u0142\u00f3w wywo\u0142anych \u015bcinaniem;<\/li>\n<li>Badanie procesu wtapiania leku w matryce polimerow\u0105 po zastosowaniu dzia\u0142aj\u0105cej na uk\u0142ad si\u0142y \u015bcinaj\u0105cej;<\/li>\n<li>Badanie wp\u0142ywu dodatk\u00f3w polimerowych na lepko-spr\u0119\u017cyste w\u0142a\u015bciwo\u015bci oraz tendencj\u0119 do re-krystalizacji amorficznych substancji leczniczych;<\/li>\n<li>Badanie wp\u0142ywu nanoporowatych materia\u0142\u00f3w krzemionkowych na w\u0142a\u015bciwo\u015bci lepko-spr\u0119\u017cyste oraz fizyczn\u0105 stabilno\u015b\u0107 amorficznych farmaceutyk\u00f3w;<\/li>\n<li>Badanie w\u0142a\u015bciwo\u015bci lepko-spr\u0119\u017cystych polimer\u00f3w;<\/li>\n<li>Badanie w\u0142asno\u015bci reodielektrycznych cieczy jonowych i polimer\u00f3w;<\/li>\n<li>Badania lepko\u015bci cieczy jonowych w szerokim zakresie temperatur (od -100\u00b0C do 150\u00b0C);<\/li>\n<li>Badania tendencji materia\u0142u do tworzenia nanostruktur.<\/li>\n<\/ol>\n<h3>ZAKRES US\u0141UG<\/h3>\n<ol>\n<li>Pomiary lepko\u015bci w zakresie temperatur -150\u00b0C \u2013 200\u00b0C;<\/li>\n<li>Pomiary reodielektryczne w zakresie temperatur -150\u00b0C \u2013 200\u00b0C;<\/li>\n<li>Badania w\u0142asno\u015bci lepko-spr\u0119\u017cystych materia\u0142\u00f3w;<\/li>\n<li>Badania modu\u0142u stratno\u015bci i modu\u0142u zachowawczego polimer\u00f3w i uk\u0142ad\u00f3w niskomolekularnychlokaln\u0105 analiz\u0105 sk\u0142adu chemicznego w zakresie rozmiar\u00f3w 10 nm &#8211; 1 mm.<\/li>\n<\/ol>\n<p>\n<\/div>\r\n                    <\/div>\r\n                <\/div>[\/vc_column][\/vc_row]<\/p>","protected":false},"excerpt":{"rendered":"<p>[vc_row][vc_column][\/vc_column][\/vc_row] [&#8230;]<\/p>\n<p><a class=\"btn btn-secondary understrap-read-more-link\" href=\"https:\/\/us.edu.pl\/instytut\/ifiz\/nauka\/laboratoria\/laboratorium-reodielektryczne\/\">Read More&#8230;<\/a><\/p>\n","protected":false},"author":104,"featured_media":0,"parent":1177,"menu_order":40,"comment_status":"closed","ping_status":"closed","template":"","meta":{"_expiration-date-status":"","_expiration-date":0,"_expiration-date-type":"","_expiration-date-categories":[],"_expiration-date-options":[]},"acf":[],"_links":{"self":[{"href":"https:\/\/us.edu.pl\/instytut\/ifiz\/wp-json\/wp\/v2\/pages\/1233"}],"collection":[{"href":"https:\/\/us.edu.pl\/instytut\/ifiz\/wp-json\/wp\/v2\/pages"}],"about":[{"href":"https:\/\/us.edu.pl\/instytut\/ifiz\/wp-json\/wp\/v2\/types\/page"}],"author":[{"embeddable":true,"href":"https:\/\/us.edu.pl\/instytut\/ifiz\/wp-json\/wp\/v2\/users\/104"}],"replies":[{"embeddable":true,"href":"https:\/\/us.edu.pl\/instytut\/ifiz\/wp-json\/wp\/v2\/comments?post=1233"}],"version-history":[{"count":0,"href":"https:\/\/us.edu.pl\/instytut\/ifiz\/wp-json\/wp\/v2\/pages\/1233\/revisions"}],"up":[{"embeddable":true,"href":"https:\/\/us.edu.pl\/instytut\/ifiz\/wp-json\/wp\/v2\/pages\/1177"}],"wp:attachment":[{"href":"https:\/\/us.edu.pl\/instytut\/ifiz\/wp-json\/wp\/v2\/media?parent=1233"}],"curies":[{"name":"wp","href":"https:\/\/api.w.org\/{rel}","templated":true}]}}