{"id":1239,"date":"2020-04-15T16:39:12","date_gmt":"2020-04-15T14:39:12","guid":{"rendered":"http:\/\/us.edu.pl\/instytut\/ifiz\/?page_id=1239"},"modified":"2026-03-06T14:18:56","modified_gmt":"2026-03-06T13:18:56","slug":"laboratorium-spektroskopii-molekularnej","status":"publish","type":"page","link":"https:\/\/us.edu.pl\/instytut\/ifiz\/nauka\/laboratoria\/laboratorium-spektroskopii-molekularnej\/","title":{"rendered":"Laboratorium spektroskopii molekularnej"},"content":{"rendered":"<p>[vc_row][vc_column]\r\n                <div class=\"text-modules\">\r\n                    <div class=\"container\">\r\n                        <h3 class=\"page-title text__title\">Laboratorium spektroskopii molekularnej<\/h3>\r\n                        <div class=\"text-modules__content\"><p><strong>Kierownik:\u00a0<\/strong><\/p>\n<p><strong>Opiekun<\/strong><strong>:<\/strong> dr Mateusz Dulski, <a href=\"mailto:mateusz.dulski@us.edu.pl\">mateusz.dulski@us.edu.pl<\/a><\/p>\n<p>&nbsp;<\/p>\n<h3>O NAS<\/h3>\n<p>Laboratorium oferuje zaawansowane badania widmowe w szerokim zakresie spektralnym \u2013 od UV, przez widzialne, NIR, po \u015bredni\u0105 podczerwie\u0144 \u2013 z wykorzystaniem spektroskopii IR, UV-Vis, fluorescencji oraz Ramana. Aparatura umo\u017cliwia analiz\u0119 materia\u0142\u00f3w organicznych, nieorganicznych, biologicznych i alotropowych form w\u0119gla w r\u00f3\u017cnych stanach skupienia oraz w funkcji temperatury i ci\u015bnienia.<\/p>\n<h3>NASZA APARATURA<\/h3>\n<ul>\n<li>spektrometr FTIR Bio-Rad 6000 z mikrosko-pem UMA500,<\/li>\n<li>spektrometr FTIR Cary 640,<\/li>\n<li>spektrometr FTIR iS50,<\/li>\n<li>konfokalny spektrometr rozproszenia Ramana WITec alfa 300R,<\/li>\n<li>spektrometr NIR Jasco V770,<\/li>\n<li>mikrospektrofotometr UV-Vis-NIR CRAIC,<\/li>\n<li>spektrometr fluorescencyjny Cary Eclipse,<\/li>\n<li>spektrometr UV-Vis Cary 60,<\/li>\n<li>laser argonowy AR.<\/li>\n<\/ul>\n<h3>TEMATYKA BADAWCZA<\/h3>\n<p>Laboratorium sk\u0142ada si\u0119 z trzech pracowni i wyposa\u017cone jest w spektrometry i mikroskopy umo\u017cliwiaj\u0105ce badania widm molekularnych w szerokim zakresie spektralnym, od ultrafioletu (UV), poprzez zakres widzialny (Vis) i blisk\u0105 podczerwie\u0144 (NIR), do zakresu \u015brodkowej podczerwieni (IR). Umo\u017cliwia rejestracje widma absorpcyjnych i odbiciowych (IR, UV-Vis), a tak\u017ce widm fluorescencyjnych (wzbudzenie: 200-900 nm, emisja: 200-900 nm) oraz widm rozproszenia Ramana (dla linii wzbudzaj\u0105cych 532 i 632 nm).<\/p>\n<p>Badania widm wibracyjnych prowadzone by\u0142y w szerokim zakresie spektralnym od bliskiej podczerwieni (nadtony; 800 nm-25 \u03bcm d\u0142ugo\u015bci fali) do podczerwie\u0144 \u015brodkowej (25 \u03bcm-2,5 \u03bcm) oraz z wykorzystaniem spektroskopii rozproszenia Ramana zakresie do 4000 do 100 cm<sup>-1<\/sup>. Wykonywane by\u0142y dla szerokiej gamy substancji w fazie sta\u0142ej, ciek\u0142ej i gazowej (IR). Na ich podstawie wyznaczano parametry fizyko-chemiczne materia\u0142\u00f3w, takich jak: farmaceutki, polimery, ciek\u0142e kryszta\u0142y, minera\u0142y, alotropowe postacie w\u0119gla (grafit, grafen, nanorurki, sadza, w\u0119gle amorficzne), materia\u0142y pochodzenia ro\u015blinnego i zwierz\u0119cego (w tym kom\u00f3rki i tkanki). Widm rejestrowano w warunkach normalnych, a tak\u017ce w funkcji temperatury (na wyposa\u017ceniu pracowni znajduj\u0105 si\u0119 komory pomiarowe i regulatory temperatury umo\u017cliwiaj\u0105ce pomiary w zakresie od -196\u00b0C do 1500\u00b0C) oraz ci\u015bnie\u0144 do 10 GPa (kowad\u0142a diamentowe).<\/p>\n<p>Pomiary widm podczerwonych prowadzone by\u0142y w \u015bwietle niespolaryzowanym, a dla materia\u0142\u00f3w uporz\u0105dkowanych przestrzennie (kryszta\u0142y) lub orientacyjnie (ciek\u0142e kryszta\u0142y) w \u015bwietle spolaryzowanym. Korzystano z wielu tryb\u00f3w pomiarowych i tak: transmisji (kuwety cieczowe, cienkie folie, pastylki KBr), odbicia (odbicie refleksyjne i dyfuzyjne), ATR (technik\u0105 ca\u0142kowitego wewn\u0119trznego odbicia) \u2013 na wyposa\u017ceniu pracowni znajduje si\u0119 szereg wyspecjalizowanych przystawek pomiarowych umo\u017cliwiaj\u0105cych rejestracje widm zar\u00f3wno w warunkach normalnych, a tak\u017ce w funkcji temperatury (od temperatury ciek\u0142ego azotu do 1500\u00b0C) oraz w warunkach wysokiego ci\u015bnienia (kowad\u0142a diamentowe). Z kolei mikroskop podczerwieni, sprz\u0119\u017cony ze spektrometrem FTS Bio-Rad 6000, umo\u017cliwia\u0142 rejestracje widm z obszar\u00f3w powierzchni o rozmiarach oko\u0142o 20&#215;20 \u03bcm oraz wykonywanie map intensywno\u015bci \u2013 map koncentracji sk\u0142adnik\u00f3w.<\/p>\n<p>Polaryzacyjne widma rozproszenia Ramana mierzono punktowo, ale wykonywano r\u00f3wnie\u017c mapy intensywno\u015bci pasm, umo\u017cliwiaj\u0105ce wyznaczenie rozk\u0142adu wybranych sk\u0142adnik\u00f3w na powierzchni pr\u00f3bki oraz tzw. profile wg\u0142\u0119bne, okre\u015blaj\u0105ce zmiany koncentracji sk\u0142adnik\u00f3w z g\u0142\u0119boko\u015bci\u0105. W przypadku kryszta\u0142\u00f3w i ciek\u0142ych kryszta\u0142\u00f3w prowadzono r\u00f3wnie\u017c analizy stopnia depolaryzacji pasm, co umo\u017cliwia analizy symetrii struktury kryszta\u0142\u00f3w.<\/p>\n<p>Widma wzbudze\u0144 elektronowych mierzono metodami transmisyjnymi i odbiciowymi w zakresie UV-Vis (190-1600 nm) dla roztwor\u00f3w badanych substancji, jak r\u00f3wnie\u017c dla pr\u00f3bek proszkowych i kryszta\u0142\u00f3w oraz cienkich folii. Prowadzono r\u00f3wnie\u017c rejestracje i analizy widm fluorescencji zwi\u0105zk\u00f3w organicznych (w tym farmaceutyk\u00f3w), polimer\u00f3w oraz kryszta\u0142\u00f3w i proszk\u00f3w, a tak\u017ce materia\u0142\u00f3w biologicznych (w tym kolagenu, rog\u00f3wki i tward\u00f3wki oka).<\/p>\n<h3>ZAKRES US\u0141UG<\/h3>\n<p>Badania i analiza widm wibracyjnych: ramanowskich (dla linii wzbudzaj\u0105cych 532 i 633 nm) i podczerwonych\u00a0 w zakresie \u015brodkowej i zakresie bliskiej podczerwieni. Rejestracja widm punktowych oraz mapowanie ramanowskie i podczerwone. Analizy: struktury i drga\u0144 cz\u0105steczek (wsparte obliczeniami DFT), wp\u0142ywu oddzia\u0142ywa\u0144 mi\u0119dzymolekularnych na widma wibracyjne (w tym oddzia\u0142ywa\u0144 wodorowych), struktury i dynamiki uk\u0142ad\u00f3w molekularnych, temperatur i charakteru przej\u015b\u0107 fazowych (kryszta\u0142y, ciek\u0142e kryszta\u0142y, substancje amorficzne).<\/p>\n<p>Badania widm elektronowych absorpcyjnych i fluorescencyjnych w zakresie UV-Vis w szerokim zakresie temperatur (-169 do 600\u00b0C).<\/p>\n<p>Pomiary mog\u0105 by\u0107 wykonywane dla materia\u0142\u00f3w organicznych i nieorganicznych, alotropowych form w\u0119gla oraz materia\u0142\u00f3w biologicznych, w szerokim zakresie temperatur (od -169 do 1500\u00b0C).<\/p>\n<\/div>\r\n                    <\/div>\r\n                <\/div>            \r\n                    <div class=\"container\">\r\n                        <div class=\"gallery gallery_3\" data-images-in-row=\"3\">\r\n                            \r\n                            <div class=\"row m-0\">\r\n                                <a data-fancybox-group=\"button\" title=\"\" data-fancybox=\"5775\" href=\"https:\/\/us.edu.pl\/instytut\/ifiz\/wp-content\/uploads\/sites\/39\/Laboratoria\/Fourierowski-spektrometr-podczerwieni-Carry-640-FTIR-Agilent.jpg\" class=\"gallery__item thumbnail\"\r\n                                    style=\"background-image: url(https:\/\/us.edu.pl\/instytut\/ifiz\/wp-content\/uploads\/sites\/39\/Laboratoria\/Fourierowski-spektrometr-podczerwieni-Carry-640-FTIR-Agilent.jpg)\"> <span class=\"d-none\">https:\/\/us.edu.pl\/instytut\/ifiz\/wp-content\/uploads\/sites\/39\/Laboratoria\/Fourierowski-spektrometr-podczerwieni-Carry-640-FTIR-Agilent.jpg<\/span> <\/a><a data-fancybox-group=\"button\" title=\"\" data-fancybox=\"5775\" href=\"https:\/\/us.edu.pl\/instytut\/ifiz\/wp-content\/uploads\/sites\/39\/Laboratoria\/Fourierowski-spektrometr-podczerwieni-Bio-Rad-FTS6000-z-mikroskopem-UMA500.jpg\" class=\"gallery__item thumbnail\"\r\n                                    style=\"background-image: url(https:\/\/us.edu.pl\/instytut\/ifiz\/wp-content\/uploads\/sites\/39\/Laboratoria\/Fourierowski-spektrometr-podczerwieni-Bio-Rad-FTS6000-z-mikroskopem-UMA500.jpg)\"> <span class=\"d-none\">https:\/\/us.edu.pl\/instytut\/ifiz\/wp-content\/uploads\/sites\/39\/Laboratoria\/Fourierowski-spektrometr-podczerwieni-Bio-Rad-FTS6000-z-mikroskopem-UMA500.jpg<\/span> <\/a><a data-fancybox-group=\"button\" title=\"\" data-fancybox=\"5775\" href=\"https:\/\/us.edu.pl\/instytut\/ifiz\/wp-content\/uploads\/sites\/39\/Laboratoria\/Spektrometr-NIR-V770-Jasco.jpg\" class=\"gallery__item thumbnail\"\r\n                                    style=\"background-image: url(https:\/\/us.edu.pl\/instytut\/ifiz\/wp-content\/uploads\/sites\/39\/Laboratoria\/Spektrometr-NIR-V770-Jasco.jpg)\"> <span class=\"d-none\">https:\/\/us.edu.pl\/instytut\/ifiz\/wp-content\/uploads\/sites\/39\/Laboratoria\/Spektrometr-NIR-V770-Jasco.jpg<\/span> <\/a><a data-fancybox-group=\"button\" title=\"\" data-fancybox=\"5775\" href=\"https:\/\/us.edu.pl\/instytut\/ifiz\/wp-content\/uploads\/sites\/39\/Laboratoria\/Spektrometr-fluorescencyjny-Cary-Eclipse-Agilent.jpg\" class=\"gallery__item thumbnail\"\r\n                                    style=\"background-image: url(https:\/\/us.edu.pl\/instytut\/ifiz\/wp-content\/uploads\/sites\/39\/Laboratoria\/Spektrometr-fluorescencyjny-Cary-Eclipse-Agilent.jpg)\"> <span class=\"d-none\">https:\/\/us.edu.pl\/instytut\/ifiz\/wp-content\/uploads\/sites\/39\/Laboratoria\/Spektrometr-fluorescencyjny-Cary-Eclipse-Agilent.jpg<\/span> <\/a><a data-fancybox-group=\"button\" title=\"\" data-fancybox=\"5775\" href=\"https:\/\/us.edu.pl\/instytut\/ifiz\/wp-content\/uploads\/sites\/39\/Laboratoria\/Ramanowski-mikroskop-konfokalny-WITek-alpha-300R.jpg\" class=\"gallery__item thumbnail\"\r\n                                    style=\"background-image: url(https:\/\/us.edu.pl\/instytut\/ifiz\/wp-content\/uploads\/sites\/39\/Laboratoria\/Ramanowski-mikroskop-konfokalny-WITek-alpha-300R.jpg)\"> <span class=\"d-none\">https:\/\/us.edu.pl\/instytut\/ifiz\/wp-content\/uploads\/sites\/39\/Laboratoria\/Ramanowski-mikroskop-konfokalny-WITek-alpha-300R.jpg<\/span> <\/a><a data-fancybox-group=\"button\" title=\"\" data-fancybox=\"5775\" href=\"https:\/\/us.edu.pl\/instytut\/ifiz\/wp-content\/uploads\/sites\/39\/Laboratoria\/Fourierowski-spektrometr-podczerwieni-iS50-Thermo-Fischer-Scientific.jpg\" class=\"gallery__item thumbnail\"\r\n                                    style=\"background-image: url(https:\/\/us.edu.pl\/instytut\/ifiz\/wp-content\/uploads\/sites\/39\/Laboratoria\/Fourierowski-spektrometr-podczerwieni-iS50-Thermo-Fischer-Scientific.jpg)\"> <span class=\"d-none\">https:\/\/us.edu.pl\/instytut\/ifiz\/wp-content\/uploads\/sites\/39\/Laboratoria\/Fourierowski-spektrometr-podczerwieni-iS50-Thermo-Fischer-Scientific.jpg<\/span> <\/a>\r\n                            <\/div>\r\n                    <\/div>\r\n                <\/div>\r\n                <div class=\"text-modules\">\r\n                    <div class=\"container\">\r\n                        \r\n                        <div class=\"text-modules__content\"><p>Fot. 1. Fourierowski spektrometr podczerwieni Carry 640 FTIR Agilent.<\/p>\n<p>Fot. 2. Fourierowski spektrometr podczerwieni Bio-Rad FTS6000 z mikroskopem UMA500.<\/p>\n<p>Fot. 3. Spektrometr NIR V770 Jasco.<\/p>\n<p>Fot. 4. Spektrometr fluorescencyjny Cary Eclipse Agilent.<\/p>\n<p>Fot. 5. Ramanowski mikroskop konfokalny WITek alpha 300R.<\/p>\n<p>Fot. 6. Fourierowski spektrometr podczerwieni iS50 Thermo-Fischer Scientific.<\/p>\n<\/div>\r\n                    <\/div>\r\n                <\/div>[\/vc_column][\/vc_row]<\/p>","protected":false},"excerpt":{"rendered":"<p>[vc_row][vc_column][\/vc_column][\/vc_row] [&#8230;]<\/p>\n<p><a class=\"btn btn-secondary understrap-read-more-link\" href=\"https:\/\/us.edu.pl\/instytut\/ifiz\/nauka\/laboratoria\/laboratorium-spektroskopii-molekularnej\/\">Read More&#8230;<\/a><\/p>\n","protected":false},"author":104,"featured_media":0,"parent":1177,"menu_order":60,"comment_status":"closed","ping_status":"closed","template":"","meta":{"_expiration-date-status":"","_expiration-date":0,"_expiration-date-type":"","_expiration-date-categories":[],"_expiration-date-options":[]},"acf":[],"_links":{"self":[{"href":"https:\/\/us.edu.pl\/instytut\/ifiz\/wp-json\/wp\/v2\/pages\/1239"}],"collection":[{"href":"https:\/\/us.edu.pl\/instytut\/ifiz\/wp-json\/wp\/v2\/pages"}],"about":[{"href":"https:\/\/us.edu.pl\/instytut\/ifiz\/wp-json\/wp\/v2\/types\/page"}],"author":[{"embeddable":true,"href":"https:\/\/us.edu.pl\/instytut\/ifiz\/wp-json\/wp\/v2\/users\/104"}],"replies":[{"embeddable":true,"href":"https:\/\/us.edu.pl\/instytut\/ifiz\/wp-json\/wp\/v2\/comments?post=1239"}],"version-history":[{"count":0,"href":"https:\/\/us.edu.pl\/instytut\/ifiz\/wp-json\/wp\/v2\/pages\/1239\/revisions"}],"up":[{"embeddable":true,"href":"https:\/\/us.edu.pl\/instytut\/ifiz\/wp-json\/wp\/v2\/pages\/1177"}],"wp:attachment":[{"href":"https:\/\/us.edu.pl\/instytut\/ifiz\/wp-json\/wp\/v2\/media?parent=1239"}],"curies":[{"name":"wp","href":"https:\/\/api.w.org\/{rel}","templated":true}]}}