{"id":1243,"date":"2020-04-15T16:42:27","date_gmt":"2020-04-15T14:42:27","guid":{"rendered":"http:\/\/us.edu.pl\/instytut\/ifiz\/?page_id=1243"},"modified":"2026-03-06T14:23:45","modified_gmt":"2026-03-06T13:23:45","slug":"laboratorium-szerokopasmowej-spektroskopii-dielektrycznej","status":"publish","type":"page","link":"https:\/\/us.edu.pl\/instytut\/ifiz\/nauka\/laboratoria\/laboratorium-szerokopasmowej-spektroskopii-dielektrycznej\/","title":{"rendered":"Laboratorium Szerokopasmowej Spektroskopii Dielektrycznej"},"content":{"rendered":"<p>[vc_row][vc_column]\r\n                <div class=\"text-modules\">\r\n                    <div class=\"container\">\r\n                        <h3 class=\"page-title text__title\">Laboratorium Badania Niskich Aktywno\u015bci<\/h3>\r\n                        <div class=\"text-modules__content\"><p><strong>Kierownik: <\/strong>prof. dr hab. Marian Paluch, <a href=\"mailto:marian.paluch@us.edu.pl\">marian.paluch@us.edu.pl<\/a><\/p>\n<p><strong>Opiekunowie:<\/strong><\/p>\n<ul>\n<li>dr hab. in\u017c Justyna Knapik-Kowalczuk, <a href=\"mailto:justyna.knapik-kowalczuk@us.edu.pl\">justyna.knapik-kowalczuk@us.edu.pl<\/a><\/li>\n<li>prof. dr hab. \u017baneta Wojnarowska, <a href=\"mailto:zaneta.wojnarowska@us.edu.pl\">zaneta.wojnarowska@us.edu.pl<\/a><\/li>\n<\/ul>\n<p>&nbsp;<\/p>\n<h3>O NAS<\/h3>\n<p>Laboratorium wyposa\u017cone w szerokopasmowe spektrometry dielektryczne umo\u017cliwia badania dynamiki molekularnej materia\u0142\u00f3w, w tym amorficznych farmaceutyk\u00f3w, polimer\u00f3w i cieczy jonowych, w szerokim zakresie temperatur i cz\u0119stotliwo\u015bci. Aparatura pozwala na analiz\u0119 proces\u00f3w relaksacyjnych, przewodnictwa jonowego oraz wp\u0142ywu ograniczonej przestrzeni i dodatk\u00f3w na stabilno\u015b\u0107 i w\u0142a\u015bciwo\u015bci materia\u0142\u00f3w.<\/p>\n<h3>NASZA APARATURA<\/h3>\n<ol>\n<li>Szerokopasmowy spektrometr dielektryczny &#8211; zawiera:<\/li>\n<\/ol>\n<ul>\n<li>standardowy modu\u0142 pomiarowy Alpha-A;<\/li>\n<li>system regulacji temperatury Quatro cryosystem;<\/li>\n<li>100L dewar na ciek\u0142y azot;<\/li>\n<li>komor\u0119 pomiarow\u0105;<\/li>\n<li>systemy steruj\u0105co-rejestruj\u0105ce: PC PCI-GPIB, monitor 22&#8243;LCD, system operacyjny;<\/li>\n<li>oprogramowanie WinDETA , WinIMP ,WinFIT;<\/li>\n<li>\u00a0pomp\u0119 pr\u00f3\u017cniow\u0105 MVP;<\/li>\n<li>\u00a0uk\u0142ad do badania wysokich cz\u0119stotliwo\u015bci;<\/li>\n<li>\u00a0uk\u0142ad do badania odpowiedzi dielektrycznej uk\u0142adu w warunkach wysokiego napi\u0119cia \u00b1500V<\/li>\n<\/ul>\n<ol start=\"2\">\n<li>Szerokopasmowy spektrometr dielektryczny &#8211; zawiera:<\/li>\n<\/ol>\n<ul>\n<li>standardowy modu\u0142 pomiarowy Alpha-A;<\/li>\n<li>system regulacji temperatury Quatro cryosystem;<\/li>\n<li>100L dewar na ciek\u0142y azot;<\/li>\n<li>komor\u0119 pomiarow\u0105;<\/li>\n<li>systemy steruj\u0105co-rejestruj\u0105ce: PC PCI-GPIB, monitor 22&#8243;LCD, system operacyjny;<\/li>\n<li>oprogramowanie WinDETA , WinIMP ,WinFIT;<\/li>\n<li>pomp\u0119 pr\u00f3\u017cniow\u0105 MVP;<\/li>\n<li>uk\u0142ad do pomiaru impedancji w wysokich cz\u0119stotliwo\u015bciach 106-109Hz<\/li>\n<\/ul>\n<ol start=\"3\">\n<li>Szerokopasmowy Spektrometr Dielektryczny &#8211; zawiera:<\/li>\n<\/ol>\n<ul>\n<li>standardowy modu\u0142 pomiarowy Alpha-A;<\/li>\n<li>system regulacji temperatury Quatro cryosystem;<\/li>\n<li>100L dewar na ciek\u0142y azot;<\/li>\n<li>komor\u0119 pomiarow\u0105;<\/li>\n<li>systemy steruj\u0105co-rejestruj\u0105ce: PC PCI-GPIB, monitor 22&#8243;LCD, system operacyjny;<\/li>\n<li>oprogramowanie WinDETA , WinIMP ,WinFIT;<\/li>\n<li>pomp\u0119 pr\u00f3\u017cniow\u0105 MVP<\/li>\n<\/ul>\n<ol start=\"4\">\n<li>Pompa pr\u00f3\u017cniowa N840.3.F<\/li>\n<li>Suszarka pr\u00f3\u017cniowa JSR JSV<\/li>\n<\/ol>\n<h3>TEMATYKA BADAWCZA<\/h3>\n<ol>\n<li>Badanie dynamiki molekularnej amorficznych farmaceutyk\u00f3w (Lider: prof dr hab. Marian Paluch);<\/li>\n<li>Badanie fizycznej stabilno\u015bci \/ tendencji do re-krystalizacji amorficznych farmaceutyk\u00f3w (Lider: prof dr hab. Marian Paluch);<\/li>\n<li>Badanie tautomeryzacji oraz mutarotacji w materia\u0142ach amorficznych (Lider: prof dr hab. Marian Paluch);<\/li>\n<li>Badanie granicy rozpuszczalno\u015bci lek\u00f3w w matrycach polimerowych (Lider: prof dr hab. Marian Paluch);<\/li>\n<li>Badanie wp\u0142ywu dodatk\u00f3w polimerowych na dynamik\u0119 molekularna oraz tendencj\u0119 do re-krystalizacji amorficznych substancji leczniczych (Lider: prof dr hab. Marian Paluch);<\/li>\n<li>Badanie wp\u0142ywu nisko-molekularnych substancji pomocniczych na dynamik\u0119 molekularn\u0105 oraz fizyczn\u0105 stabilno\u015bci amorficznych lek\u00f3w (Lider: prof dr hab. Marian Paluch);<\/li>\n<li>Badanie wp\u0142ywu nanoporowatych materia\u0142\u00f3w krzemionkowych na fizyczn\u0105 stabilno\u015b\u0107 amorficznych farmaceutyk\u00f3w (Lider: prof dr hab. Marian Paluch);<\/li>\n<li>Badanie dynamiki molekularnej polimer\u00f3w (Lider: prof dr hab. Marian Paluch);<\/li>\n<li>Badanie dynamiki molekularnej materia\u0142\u00f3w ciek\u0142okrystalicznych (Lider: prof dr hab. Marian Paluch);<\/li>\n<li>Badanie dynamiki molekularnej alkoholi (Lider: prof. dr hab. Marian Paluch);<\/li>\n<li>Badania w\u0142asno\u015bci przewodz\u0105cych materia\u0142\u00f3w jonowych (Lider: prof dr hab. Marian Paluch);<\/li>\n<li>Badania mechanizmu transportu \u0142adunku protonowych i aprotonowych cieczy jonowych oraz ich odpowiednik\u00f3w makromolekularnych (Lider: prof dr hab. Marian Paluch)<\/li>\n<li>Badania proces\u00f3w relaksacyjnych w fazach cieczy przech\u0142odzonej i szklistej substancji jonowych (Lider: prof dr hab. Marian Paluch)<\/li>\n<li>Badanie wp\u0142ywu ograniczonej przestrzeni na dynamik\u0119 molekularn\u0105 nisko-molekularnych cieczy (Lider: prof dr hab. Marian Paluch)<\/li>\n<li>Badanie wp\u0142ywu ograniczonej przestrzeni na dynamik\u0119 molekularn\u0105 polimer\u00f3w (Lider: (Lider: prof dr hab. Marian Paluch &#8211; IH = 54)<\/li>\n<li>Badanie wp\u0142ywu ograniczenia przestrzennego na konformacj\u0119 moleku\u0142 (Lider: prof dr hab. Marian Paluch)<\/li>\n<li>Badanie wp\u0142ywu ograniczonej przestrzeni na schemat wi\u0105za\u0144 wodorowych i architektur\u0119 sub-molekularnych struktur (Lider: prof dr hab. Marian Paluch)<\/li>\n<li>Wp\u0142yw wygrzewania na w\u0142a\u015bciwo\u015bci dynamiczne materia\u0142\u00f3w ograniczonych przestrzennie (Lider: prof dr hab. Marian Paluch)<\/li>\n<li>Badanie kinetyki polimeryzacji jonowych z otwarciem pier\u015bcienia w r\u00f3\u017cnych warunkach termodynamicznych (Lider: prof dr hab. Marian Paluch)<\/li>\n<li>Badanie kinetyki polimeryzacji dla reakcji wolno-rodnikowych w r\u00f3\u017cnych warunkach termodynamicznych (Lider: prof dr hab. Marian Paluch)<\/li>\n<li>Charakterystyka cieczy jonowych (Lider: dr hab. Marzena Dzida)<\/li>\n<\/ol>\n<h3>ZAKRES US\u0141UG<\/h3>\n<ul>\n<li>Pomiary impedancji w zakresie cz\u0119stotliwo\u015bci 10<sup>-2<\/sup> \u2013 10<sup>6<\/sup> Hz oraz temperaturach -140\u00b0C \u2013 400\u00b0C.<\/li>\n<li>Pomiary impedancji w polu elektrycznym \u00b1500V.<\/li>\n<\/ul>\n<p>\n<\/div>\r\n                    <\/div>\r\n                <\/div>[\/vc_column][\/vc_row]<\/p>","protected":false},"excerpt":{"rendered":"<p>[vc_row][vc_column][\/vc_column][\/vc_row] [&#8230;]<\/p>\n<p><a class=\"btn btn-secondary understrap-read-more-link\" href=\"https:\/\/us.edu.pl\/instytut\/ifiz\/nauka\/laboratoria\/laboratorium-szerokopasmowej-spektroskopii-dielektrycznej\/\">Read More&#8230;<\/a><\/p>\n","protected":false},"author":104,"featured_media":0,"parent":1177,"menu_order":80,"comment_status":"closed","ping_status":"closed","template":"","meta":{"_expiration-date-status":"","_expiration-date":0,"_expiration-date-type":"","_expiration-date-categories":[],"_expiration-date-options":[]},"acf":[],"_links":{"self":[{"href":"https:\/\/us.edu.pl\/instytut\/ifiz\/wp-json\/wp\/v2\/pages\/1243"}],"collection":[{"href":"https:\/\/us.edu.pl\/instytut\/ifiz\/wp-json\/wp\/v2\/pages"}],"about":[{"href":"https:\/\/us.edu.pl\/instytut\/ifiz\/wp-json\/wp\/v2\/types\/page"}],"author":[{"embeddable":true,"href":"https:\/\/us.edu.pl\/instytut\/ifiz\/wp-json\/wp\/v2\/users\/104"}],"replies":[{"embeddable":true,"href":"https:\/\/us.edu.pl\/instytut\/ifiz\/wp-json\/wp\/v2\/comments?post=1243"}],"version-history":[{"count":0,"href":"https:\/\/us.edu.pl\/instytut\/ifiz\/wp-json\/wp\/v2\/pages\/1243\/revisions"}],"up":[{"embeddable":true,"href":"https:\/\/us.edu.pl\/instytut\/ifiz\/wp-json\/wp\/v2\/pages\/1177"}],"wp:attachment":[{"href":"https:\/\/us.edu.pl\/instytut\/ifiz\/wp-json\/wp\/v2\/media?parent=1243"}],"curies":[{"name":"wp","href":"https:\/\/api.w.org\/{rel}","templated":true}]}}