{"id":1270,"date":"2020-04-16T13:01:56","date_gmt":"2020-04-16T11:01:56","guid":{"rendered":"http:\/\/us.edu.pl\/instytut\/ifiz\/?page_id=1270"},"modified":"2026-03-10T13:56:34","modified_gmt":"2026-03-10T12:56:34","slug":"pracownia-wzrostu-monokrysztalow","status":"publish","type":"page","link":"https:\/\/us.edu.pl\/instytut\/ifiz\/nauka\/laboratoria\/pracownia-wzrostu-monokrysztalow\/","title":{"rendered":"Pracownia wzrostu monokryszta\u0142\u00f3w"},"content":{"rendered":"<p>[vc_row][vc_column]\r\n                <div class=\"text-modules\">\r\n                    <div class=\"container\">\r\n                        <h3 class=\"page-title text__title\">Pracownia wzrostu monokryszta\u0142\u00f3w<\/h3>\r\n                        <div class=\"text-modules__content\"><p><strong>Kierownik:<\/strong> dr Monika Oboz, <a href=\"mailto:monika.oboz@us.edu.pl\">monika.oboz@us.edu.pl<\/a><\/p>\n<p><strong>Opiekunowie: <\/strong><\/p>\n<ul>\n<li>dr Magdalena Szubka, <a href=\"mailto:magdalena.szubka@us.edu.pl\">magdalena.szubka@us.edu.pl<\/a><\/li>\n<li>dr Adam Guzik, <a href=\"mailto:adam.guzik@us.edu.pl\">adam.guzik@us.edu.pl<\/a><\/li>\n<\/ul>\n<h3>O NAS<\/h3>\n<p><span class=\"NormalTextRun SCXW254503786 BCX8\">W pracowni uzyskuje si\u0119 materia\u0142y\u00a0<\/span><span class=\"NormalTextRun SCXW254503786 BCX8\">zwi\u0105zk\u00f3w mi\u0119dzymetalicznych na bazie ziem rzadkich i metali przej\u015bciowych\u00a0<\/span><span class=\"NormalTextRun SCXW254503786 BCX8\">w postaci monokrystalicznej, jak r\u00f3wnie\u017c polikrystalicznej. W tym celu wykorzystuje\u00a0<\/span><span class=\"NormalTextRun SCXW254503786 BCX8\">si\u0119 metod\u0119\u00a0<\/span><span class=\"NormalTextRun SpellingErrorV2Themed SCXW254503786 BCX8\">Czochralskiego<\/span><span class=\"NormalTextRun SCXW254503786 BCX8\">\u00a0z lewituj\u0105cego wsadu<\/span><span class=\"NormalTextRun SCXW254503786 BCX8\">\u00a0oraz topienie indukcyjne.<\/span><span class=\"NormalTextRun SCXW254503786 BCX8\">\u00a0Prowadzone badania<\/span><span class=\"NormalTextRun SCXW254503786 BCX8\">\u00a0<\/span><span class=\"NormalTextRun SCXW254503786 BCX8\">\u0142\u0105cz\u0105 wiedz\u0119<\/span><span class=\"NormalTextRun SCXW254503786 BCX8\">\u00a0<\/span><span class=\"NormalTextRun SCXW254503786 BCX8\">i umiej\u0119tno\u015bci z pogranicza chemii i fizyki.<\/span><\/p>\n<h3>NASZA APARATURA<\/h3>\n<ul>\n<li aria-setsize=\"-1\" data-leveltext=\"\uf0b7\" data-font=\"Symbol\" data-listid=\"4\" data-list-defn-props=\"{&quot;335552541&quot;:1,&quot;335559683&quot;:0,&quot;335559684&quot;:-2,&quot;335559685&quot;:720,&quot;335559991&quot;:360,&quot;469769226&quot;:&quot;Symbol&quot;,&quot;469769242&quot;:[8226],&quot;469777803&quot;:&quot;left&quot;,&quot;469777804&quot;:&quot;\uf0b7&quot;,&quot;469777815&quot;:&quot;hybridMultilevel&quot;}\" data-aria-posinset=\"1\" data-aria-level=\"1\"><span data-contrast=\"auto\">generator tranzystorowy wysokiej cz\u0119stotliwo\u015bci 15kW;<\/span><span data-ccp-props=\"{&quot;201341983&quot;:0,&quot;335559739&quot;:0,&quot;335559740&quot;:240}\">\u00a0<\/span><\/li>\n<\/ul>\n<ul>\n<li aria-setsize=\"-1\" data-leveltext=\"\uf0b7\" data-font=\"Symbol\" data-listid=\"4\" data-list-defn-props=\"{&quot;335552541&quot;:1,&quot;335559683&quot;:0,&quot;335559684&quot;:-2,&quot;335559685&quot;:720,&quot;335559991&quot;:360,&quot;469769226&quot;:&quot;Symbol&quot;,&quot;469769242&quot;:[8226],&quot;469777803&quot;:&quot;left&quot;,&quot;469777804&quot;:&quot;\uf0b7&quot;,&quot;469777815&quot;:&quot;hybridMultilevel&quot;}\" data-aria-posinset=\"2\" data-aria-level=\"1\"><span data-contrast=\"auto\">g\u0142owica z uk\u0142adem oscylacyjnym wysokiej cz\u0119stotliwo\u015bci;<\/span><span data-ccp-props=\"{&quot;201341983&quot;:0,&quot;335559739&quot;:0,&quot;335559740&quot;:240}\">\u00a0<\/span><\/li>\n<\/ul>\n<ul>\n<li aria-setsize=\"-1\" data-leveltext=\"\uf0b7\" data-font=\"Symbol\" data-listid=\"4\" data-list-defn-props=\"{&quot;335552541&quot;:1,&quot;335559683&quot;:0,&quot;335559684&quot;:-2,&quot;335559685&quot;:720,&quot;335559991&quot;:360,&quot;469769226&quot;:&quot;Symbol&quot;,&quot;469769242&quot;:[8226],&quot;469777803&quot;:&quot;left&quot;,&quot;469777804&quot;:&quot;\uf0b7&quot;,&quot;469777815&quot;:&quot;hybridMultilevel&quot;}\" data-aria-posinset=\"3\" data-aria-level=\"1\"><span data-contrast=\"auto\">pompa turbomolekularna;<\/span><span data-ccp-props=\"{&quot;201341983&quot;:0,&quot;335559739&quot;:0,&quot;335559740&quot;:240}\">\u00a0<\/span><\/li>\n<\/ul>\n<ul>\n<li aria-setsize=\"-1\" data-leveltext=\"\uf0b7\" data-font=\"Symbol\" data-listid=\"4\" data-list-defn-props=\"{&quot;335552541&quot;:1,&quot;335559683&quot;:0,&quot;335559684&quot;:-2,&quot;335559685&quot;:720,&quot;335559991&quot;:360,&quot;469769226&quot;:&quot;Symbol&quot;,&quot;469769242&quot;:[8226],&quot;469777803&quot;:&quot;left&quot;,&quot;469777804&quot;:&quot;\uf0b7&quot;,&quot;469777815&quot;:&quot;hybridMultilevel&quot;}\" data-aria-posinset=\"4\" data-aria-level=\"1\"><span data-contrast=\"auto\">generator w. cz. REL-25 z wyposa\u017ceniem;<\/span><span data-ccp-props=\"{&quot;201341983&quot;:0,&quot;335559739&quot;:0,&quot;335559740&quot;:240}\">\u00a0<\/span><\/li>\n<\/ul>\n<ul>\n<li aria-setsize=\"-1\" data-leveltext=\"\uf0b7\" data-font=\"Symbol\" data-listid=\"4\" data-list-defn-props=\"{&quot;335552541&quot;:1,&quot;335559683&quot;:0,&quot;335559684&quot;:-2,&quot;335559685&quot;:720,&quot;335559991&quot;:360,&quot;469769226&quot;:&quot;Symbol&quot;,&quot;469769242&quot;:[8226],&quot;469777803&quot;:&quot;left&quot;,&quot;469777804&quot;:&quot;\uf0b7&quot;,&quot;469777815&quot;:&quot;hybridMultilevel&quot;}\" data-aria-posinset=\"5\" data-aria-level=\"1\"><span data-contrast=\"auto\">pompa turbomolekularna;<\/span><span data-ccp-props=\"{&quot;201341983&quot;:0,&quot;335559739&quot;:0,&quot;335559740&quot;:240}\">\u00a0<\/span><\/li>\n<\/ul>\n<ul>\n<li aria-setsize=\"-1\" data-leveltext=\"\uf0b7\" data-font=\"Symbol\" data-listid=\"4\" data-list-defn-props=\"{&quot;335552541&quot;:1,&quot;335559683&quot;:0,&quot;335559684&quot;:-2,&quot;335559685&quot;:720,&quot;335559991&quot;:360,&quot;469769226&quot;:&quot;Symbol&quot;,&quot;469769242&quot;:[8226],&quot;469777803&quot;:&quot;left&quot;,&quot;469777804&quot;:&quot;\uf0b7&quot;,&quot;469777815&quot;:&quot;hybridMultilevel&quot;}\" data-aria-posinset=\"6\" data-aria-level=\"1\"><span data-contrast=\"auto\">generator w. cz. GIS-10 z wyposa\u017ceniem;<\/span><span data-ccp-props=\"{&quot;201341983&quot;:0,&quot;335559739&quot;:0,&quot;335559740&quot;:240}\">\u00a0<\/span><\/li>\n<\/ul>\n<ul>\n<li aria-setsize=\"-1\" data-leveltext=\"\uf0b7\" data-font=\"Symbol\" data-listid=\"4\" data-list-defn-props=\"{&quot;335552541&quot;:1,&quot;335559683&quot;:0,&quot;335559684&quot;:-2,&quot;335559685&quot;:720,&quot;335559991&quot;:360,&quot;469769226&quot;:&quot;Symbol&quot;,&quot;469769242&quot;:[8226],&quot;469777803&quot;:&quot;left&quot;,&quot;469777804&quot;:&quot;\uf0b7&quot;,&quot;469777815&quot;:&quot;hybridMultilevel&quot;}\" data-aria-posinset=\"7\" data-aria-level=\"1\"><span data-contrast=\"auto\">pompa turbomolekularna.<\/span><span data-ccp-props=\"{&quot;201341983&quot;:0,&quot;335559739&quot;:0,&quot;335559740&quot;:240}\">\u00a0<\/span><\/li>\n<\/ul>\n<h3>TEMATYKA BADAWCZA<\/h3>\n<ol>\n<li aria-setsize=\"-1\" data-leveltext=\"%1.\" data-font=\"\" data-listid=\"3\" data-list-defn-props=\"{&quot;335552541&quot;:0,&quot;335559685&quot;:720,&quot;335559991&quot;:360,&quot;469769242&quot;:[65533,0],&quot;469777803&quot;:&quot;left&quot;,&quot;469777804&quot;:&quot;%1.&quot;,&quot;469777815&quot;:&quot;multilevel&quot;}\" data-aria-posinset=\"1\" data-aria-level=\"1\"><span data-contrast=\"none\">Badanie oddzia\u0142ywa\u0144 magnetycznych w monokryszta\u0142ach zwi\u0105zk\u00f3w mi\u0119dzymetalicznych pierwiastk\u00f3w ziem rzadkich z metalami przej\u015bciowymi;<\/span><span data-ccp-props=\"{&quot;134233117&quot;:true,&quot;134233118&quot;:true,&quot;201341983&quot;:0,&quot;335551550&quot;:6,&quot;335551620&quot;:6,&quot;335557856&quot;:16777215,&quot;335559740&quot;:240}\">\u00a0<\/span><\/li>\n<li><span data-contrast=\"none\">Otrzymywanie i badania zwi\u0105zk\u00f3w mi\u0119dzymetalicznych wykazuj\u0105cych gigantyczny efekt magnetokaloryczny.<\/span><span data-ccp-props=\"{&quot;134233117&quot;:true,&quot;134233118&quot;:true,&quot;201341983&quot;:0,&quot;335551550&quot;:6,&quot;335551620&quot;:6,&quot;335557856&quot;:16777215,&quot;335559740&quot;:240}\">\u00a0<\/span><\/li>\n<\/ol>\n<h3>ZAKRES US\u0141UG<\/h3>\n<p><span class=\"TextRun SCXW258606360 BCX8\" lang=\"PL-PL\" xml:lang=\"PL-PL\" data-contrast=\"none\"><span class=\"NormalTextRun SCXW258606360 BCX8\">Pracownia wzrostu monokryszta\u0142\u00f3w wyposa\u017cona jest w trzy urz\u0105dzenia do hodowli monokryszta\u0142\u00f3w metod\u0105\u00a0<\/span><span class=\"NormalTextRun SpellingErrorV2Themed SCXW258606360 BCX8\">Czochralskiego<\/span><span class=\"NormalTextRun SCXW258606360 BCX8\">\u00a0z lewituj\u0105cego wsadu. Uk\u0142ady umo\u017cliwiaj\u0105 otrzymanie dobrej jako\u015bci monokryszta\u0142\u00f3w z niewielkiej ilo\u015bci wsadu (~1g). Ponadto, stapianie materia\u0142\u00f3w wyj\u015bciowych zachodzi bez kontaktu tygla z pr\u00f3bk\u0105, co zapobiega dostawaniu si\u0119 zanieczyszcze\u0144 z tygla do pr\u00f3bki. Uzyskiwane metod\u0105\u00a0<\/span><span class=\"NormalTextRun SpellingErrorV2Themed SCXW258606360 BCX8\">Czochralskiego<\/span><span class=\"NormalTextRun SCXW258606360 BCX8\">\u00a0monokryszta\u0142y maj\u0105 d\u0142ugo\u015b\u0107 kilku centymetr\u00f3w oraz \u015brednic\u0119 kilku milimetr\u00f3w. Uk\u0142ady do hodowli monokryszta\u0142\u00f3w s\u0105 jednymi z nielicznych w Polsce, kt\u00f3re pozwalaj\u0105 otrzymywa\u0107 monokryszta\u0142y zwi\u0105zk\u00f3w mi\u0119dzymetalicznych na bazie pierwiastk\u00f3w ziem rzadkich i metali przej\u015bciowych. Ponadto urz\u0105dzenia wykorzystywane s\u0105 r\u00f3wnie\u017c do otrzymywania pr\u00f3bek polikrystalicznych w wyniku topienia indukcyjnego.<\/span><\/span><span class=\"EOP SCXW258606360 BCX8\" data-ccp-props=\"{&quot;134233118&quot;:true,&quot;201341983&quot;:0,&quot;335551550&quot;:6,&quot;335551620&quot;:6,&quot;335557856&quot;:16777215,&quot;335559740&quot;:240}\">\u00a0<\/span><\/p>\n<\/div>\r\n                    <\/div>\r\n                <\/div>[\/vc_column][\/vc_row]<\/p>","protected":false},"excerpt":{"rendered":"<p>[vc_row][vc_column][\/vc_column][\/vc_row] [&#8230;]<\/p>\n<p><a class=\"btn btn-secondary understrap-read-more-link\" href=\"https:\/\/us.edu.pl\/instytut\/ifiz\/nauka\/laboratoria\/pracownia-wzrostu-monokrysztalow\/\">Read More&#8230;<\/a><\/p>\n","protected":false},"author":104,"featured_media":0,"parent":1177,"menu_order":300,"comment_status":"closed","ping_status":"closed","template":"","meta":{"_expiration-date-status":"","_expiration-date":0,"_expiration-date-type":"","_expiration-date-categories":[],"_expiration-date-options":[]},"acf":[],"_links":{"self":[{"href":"https:\/\/us.edu.pl\/instytut\/ifiz\/wp-json\/wp\/v2\/pages\/1270"}],"collection":[{"href":"https:\/\/us.edu.pl\/instytut\/ifiz\/wp-json\/wp\/v2\/pages"}],"about":[{"href":"https:\/\/us.edu.pl\/instytut\/ifiz\/wp-json\/wp\/v2\/types\/page"}],"author":[{"embeddable":true,"href":"https:\/\/us.edu.pl\/instytut\/ifiz\/wp-json\/wp\/v2\/users\/104"}],"replies":[{"embeddable":true,"href":"https:\/\/us.edu.pl\/instytut\/ifiz\/wp-json\/wp\/v2\/comments?post=1270"}],"version-history":[{"count":0,"href":"https:\/\/us.edu.pl\/instytut\/ifiz\/wp-json\/wp\/v2\/pages\/1270\/revisions"}],"up":[{"embeddable":true,"href":"https:\/\/us.edu.pl\/instytut\/ifiz\/wp-json\/wp\/v2\/pages\/1177"}],"wp:attachment":[{"href":"https:\/\/us.edu.pl\/instytut\/ifiz\/wp-json\/wp\/v2\/media?parent=1270"}],"curies":[{"name":"wp","href":"https:\/\/api.w.org\/{rel}","templated":true}]}}