{"id":1429,"date":"2020-04-20T15:05:10","date_gmt":"2020-04-20T13:05:10","guid":{"rendered":"http:\/\/us.edu.pl\/instytut\/ifiz\/?page_id=1429"},"modified":"2021-01-24T16:54:33","modified_gmt":"2021-01-24T15:54:33","slug":"efekt-pola-poprzecznego-i-kwanto-mechaniczny-model-muzyki","status":"publish","type":"page","link":"https:\/\/us.edu.pl\/instytut\/ifiz\/nauka\/zespoly-badawcze\/efekt-pola-poprzecznego-i-kwanto-mechaniczny-model-muzyki\/","title":{"rendered":"Efekt pola poprzecznego i kwanto-mechaniczny model muzyki"},"content":{"rendered":"<p>[vc_row el_class=&#8221;container&#8221;][vc_column][vc_row_inner][vc_column_inner width=&#8221;1\/4&#8243;]\r\n                <div class=\"text-modules\">\r\n                    <div class=\"container\">\r\n                        \r\n                        <div class=\"text-modules__content\"><p><strong>Lider:<\/strong><\/p>\n<ul>\n<li><a href=\"https:\/\/ab.us.edu.pl\/emp?id=6052\">prof. dr hab. Bogus\u0142aw Fugiel<\/a><\/li>\n<\/ul>\n<p><img class=\"alignnone size-medium wp-image-2596\" src=\"https:\/\/us.edu.pl\/instytut\/ifiz\/wp-content\/uploads\/sites\/39\/Zespoly-badawcze\/b_fugiel-156x300.jpg\" alt=\"\" width=\"156\" height=\"300\" srcset=\"https:\/\/us.edu.pl\/instytut\/ifiz\/wp-content\/uploads\/sites\/39\/Zespoly-badawcze\/b_fugiel-156x300.jpg 156w, https:\/\/us.edu.pl\/instytut\/ifiz\/wp-content\/uploads\/sites\/39\/Zespoly-badawcze\/b_fugiel.jpg 260w\" sizes=\"(max-width: 156px) 100vw, 156px\" \/><\/p>\n<\/div>\r\n                    <\/div>\r\n                <\/div>[\/vc_column_inner][vc_column_inner width=&#8221;3\/4&#8243;]\r\n                <div class=\"text-modules\">\r\n                    <div class=\"container\">\r\n                        \r\n                        <div class=\"text-modules__content\"><\/p>\n<h4>Dotychczasowa tematyka bada\u0144<\/h4>\n<p><strong>Zjawiska nieliniowe w magnetykach i ferroelektrykach: <\/strong><\/p>\n<p>podatno\u015bciowa funkcja skaluj\u0105ca, r\u00f3wnanie stanu, energia swobodna, wyk\u0142adniki szczelinowe, skalowanie, punkt krytyczny indukowany polem elektrycznym, punkt tr\u00f3jkrytyczny, niezmienniki krytyczne, in\u017cynieria domenowa, pole koercji, anizotropia zjawisk relaksacyjnych, elektryczne pr\u0105dy depolaryzacji, ciep\u0142o w\u0142a\u015bciwe, rola pola elektrycznego o r\u00f3\u017cnych konfiguracjach, zjawiska pami\u0119ci<\/p>\n<p><strong>Najwa\u017cniejsze osi\u0105gni\u0119cie<\/strong><\/p>\n<p>Odkrycie, wraz z dr. Krzysztofem \u0106wikielem, efektu pola poprzecznego (<em>transverse field effect<\/em>); potencjalne zastosowanie w medycynie sportowej, transporcie \u015brodk\u00f3w farmaceutycznych i spo\u017cywczych, w meteorologii (Bogus\u0142aw Fugiel &amp; Toshio Kikuta\u00a0(2020)\u00a0TGS crystal as a maximum temperature thermometer, Philosophical Magazine, <a href=\"https:\/\/doi.org\/10.1080\/14786435.2020.1844329\">https:\/\/<\/a><a href=\"https:\/\/doi.org\/10.1080\/14786435.2020.1844329\">doi.org\/10.1080\/14786435.2020.1844329<\/a>)<\/p>\n<h4>Aktualna tematyka bada\u0144<\/h4>\n<p><strong>Muzyka kwantowa<\/strong><\/p>\n<p><img class=\"alignnone wp-image-2594 size-full\" src=\"https:\/\/us.edu.pl\/instytut\/ifiz\/wp-content\/uploads\/sites\/39\/Zespoly-badawcze\/muzyka_kwantowa.png\" alt=\"\" width=\"708\" height=\"73\" srcset=\"https:\/\/us.edu.pl\/instytut\/ifiz\/wp-content\/uploads\/sites\/39\/Zespoly-badawcze\/muzyka_kwantowa.png 708w, https:\/\/us.edu.pl\/instytut\/ifiz\/wp-content\/uploads\/sites\/39\/Zespoly-badawcze\/muzyka_kwantowa-300x31.png 300w, https:\/\/us.edu.pl\/instytut\/ifiz\/wp-content\/uploads\/sites\/39\/Zespoly-badawcze\/muzyka_kwantowa-575x59.png 575w\" sizes=\"(max-width: 708px) 100vw, 708px\" \/><\/p>\n<\/div>\r\n                    <\/div>\r\n                <\/div>[\/vc_column_inner][\/vc_row_inner][\/vc_column][\/vc_row]<\/p>","protected":false},"excerpt":{"rendered":"<p>[vc_row el_class=&#8221;container&#8221;][vc_column][vc_row_inner][vc_column_inner width=&#8221;1\/4&#8243;][\/vc_column_inner][vc_column_inner width=&#8221;3\/4&#8243;][\/vc_column_inner][\/vc_row_inner][\/vc_column][\/vc_row] [&#8230;]<\/p>\n<p><a class=\"btn btn-secondary understrap-read-more-link\" href=\"https:\/\/us.edu.pl\/instytut\/ifiz\/nauka\/zespoly-badawcze\/efekt-pola-poprzecznego-i-kwanto-mechaniczny-model-muzyki\/\">Read More&#8230;<\/a><\/p>\n","protected":false},"author":104,"featured_media":0,"parent":321,"menu_order":110,"comment_status":"closed","ping_status":"closed","template":"","meta":{"_expiration-date-status":"saved","_expiration-date":0,"_expiration-date-type":"","_expiration-date-categories":[],"_expiration-date-options":[]},"acf":[],"_links":{"self":[{"href":"https:\/\/us.edu.pl\/instytut\/ifiz\/wp-json\/wp\/v2\/pages\/1429"}],"collection":[{"href":"https:\/\/us.edu.pl\/instytut\/ifiz\/wp-json\/wp\/v2\/pages"}],"about":[{"href":"https:\/\/us.edu.pl\/instytut\/ifiz\/wp-json\/wp\/v2\/types\/page"}],"author":[{"embeddable":true,"href":"https:\/\/us.edu.pl\/instytut\/ifiz\/wp-json\/wp\/v2\/users\/104"}],"replies":[{"embeddable":true,"href":"https:\/\/us.edu.pl\/instytut\/ifiz\/wp-json\/wp\/v2\/comments?post=1429"}],"version-history":[{"count":0,"href":"https:\/\/us.edu.pl\/instytut\/ifiz\/wp-json\/wp\/v2\/pages\/1429\/revisions"}],"up":[{"embeddable":true,"href":"https:\/\/us.edu.pl\/instytut\/ifiz\/wp-json\/wp\/v2\/pages\/321"}],"wp:attachment":[{"href":"https:\/\/us.edu.pl\/instytut\/ifiz\/wp-json\/wp\/v2\/media?parent=1429"}],"curies":[{"name":"wp","href":"https:\/\/api.w.org\/{rel}","templated":true}]}}