{"id":1430,"date":"2020-04-20T15:05:39","date_gmt":"2020-04-20T13:05:39","guid":{"rendered":"http:\/\/us.edu.pl\/instytut\/ifiz\/?page_id=1430"},"modified":"2026-04-02T14:48:31","modified_gmt":"2026-04-02T12:48:31","slug":"poszukiwania-nowych-rozwiazan-w-interdyscyplinarnych-naukach-medycznych-przy-zastosowaniu-metod-fizyki-jadrowej","status":"publish","type":"page","link":"https:\/\/us.edu.pl\/instytut\/ifiz\/nauka\/zespoly-badawcze\/poszukiwania-nowych-rozwiazan-w-interdyscyplinarnych-naukach-medycznych-przy-zastosowaniu-metod-fizyki-jadrowej\/","title":{"rendered":"Poszukiwania nowych rozwi\u0105za\u0144 w interdyscyplinarnych naukach medycznych przy zastosowaniu metod fizyki j\u0105drowej"},"content":{"rendered":"<p>[vc_row el_class=&#8221;container&#8221;][vc_column][vc_raw_html]JTNDZGl2JTIwY2xhc3MlM0QlMjJyZXNlYXJjaC1jb250YWluZXIlMjIlM0UlMEElMjAlMjAlMjAlMjAlMEElMjAlMjAlMjAlMjAlM0NoZWFkZXIlMjBjbGFzcyUzRCUyMmhlYWRlci1jbGVhbiUyMiUzRSUwQSUyMCUyMCUyMCUyMCUyMCUyMCUyMCUyMCUzQ2gxJTNFQmFkYWN6JTIwaW5keXdpZHVhbG55JTNDJTJGaDElM0UlMEElMjAlMjAlMjAlMjAlMjAlMjAlMjAlMjAlM0NwJTNFUG9zenVraXdhbmlhJTIwbm93eWNoJTIwcm96d2klQzQlODV6YSVDNSU4NCUyMHclMjBpbnRlcmR5c2N5cGxpbmFybnljaCUyMG5hdWthY2glMjBtZWR5Y3pueWNoJTIwcHJ6eSUyMHphc3Rvc293YW5pdSUyMG1ldG9kJTIwZml6eWtpJTIwaiVDNCU4NWRyb3dlai4lM0MlMkZwJTNFJTBBJTIwJTIwJTIwJTIwJTNDJTJGaGVhZGVyJTNFJTBBJTBBJTIwJTIwJTIwJTIwJTNDZGl2JTIwY2xhc3MlM0QlMjJjb250ZW50LWdyaWQlMjIlM0UlMEElMjAlMjAlMjAlMjAlMjAlMjAlMjAlMjAlMEElMjAlMjAlMjAlMjAlMjAlMjAlMjAlMjAlM0NkaXYlMjBjbGFzcyUzRCUyMmNvbHVtbi1sZWZ0JTIyJTNFJTBBJTIwJTIwJTIwJTIwJTIwJTIwJTIwJTIwJTIwJTIwJTIwJTIwJTNDZGl2JTIwY2xhc3MlM0QlMjJzZWN0aW9uLWJveCUyMiUzRSUwQSUyMCUyMCUyMCUyMCUyMCUyMCUyMCUyMCUyMCUyMCUyMCUyMCUyMCUyMCUyMCUyMCUzQ3NwYW4lMjBjbGFzcyUzRCUyMmxhYmVsLXRpdGxlJTIyJTNFTGlkZXIlMjBaZXNwbyVDNSU4MnUlM0MlMkZzcGFuJTNFJTBBJTIwJTIwJTIwJTIwJTIwJTIwJTIwJTIwJTIwJTIwJTIwJTIwJTIwJTIwJTIwJTIwJTNDZGl2JTIwY2xhc3MlM0QlMjJsZWFkZXItbmFtZSUyMiUzRWRyJTIwaGFiLiUyMEFkYW0lMjBLb25lZmElQzUlODIlMkMlMjBwcm9mLiUyMFUlQzUlOUElM0MlMkZkaXYlM0UlMEElMjAlMjAlMjAlMjAlMjAlMjAlMjAlMjAlMjAlMjAlMjAlMjAlMjAlMjAlMjAlMjAlMjAlMjAlMjAlMjAlMjAlMjAlMjAlMjAlMjAlMjAlMjAlM0MlMkZkaXYlM0UlMEElMjAlMjAlMjAlMjAlMjAlMjAlMjAlMjAlMjAlMjAlMjAlMjAlMjAlMjAlMjAlMjAlMjAlMjAlM0NkaXYlMjBjbGFzcyUzRCUyMmNvbHVtbi1yaWdodCUyMiUzRSUwQSUyMCUyMCUyMCUyMCUyMCUyMCUyMCUyMCUyMCUyMCUyMCUyMCUzQ2RpdiUyMGNsYXNzJTNEJTIyc2VjdGlvbi1ib3glMjIlM0UlMEElMjAlMjAlMjAlMjAlMjAlMjAlMjAlMjAlMjAlMjAlMjAlMjAlMjAlMjAlMjAlMjAlM0NzcGFuJTIwY2xhc3MlM0QlMjJsYWJlbC10aXRsZSUyMiUzRVJlYWxpemFjamElMjBwcm9qZWt0JUMzJUIzdyUzQyUyRnNwYW4lM0UlMEElMjAlMjAlMjAlMjAlMjAlMjAlMjAlMjAlMjAlMjAlMjAlMjAlMjAlMjAlMjAlMjAlM0NkaXYlMjBjbGFzcyUzRCUyMmdvYWxzLWdyaWQlMjIlM0UlMEElMjAlMjAlMjAlMjAlMjAlMjAlMjAlMjAlMjAlMjAlMjAlMjAlMjAlMjAlMjAlMjAlMjAlMjAlMjAlMjAlM0NkaXYlM0UlMEElMjAlMjAlMjAlMjAlMjAlMjAlMjAlMjAlMjAlMjAlMjAlMjAlMjAlMjAlMjAlMjAlMjAlMjAlMjAlMjAlMjAlMjAlMjAlMjAlM0NkaXYlMjBjbGFzcyUzRCUyMmdvYWwtc3RhdHVzJTIwc3RhdHVzLXRvZG8lMjIlM0VXJTIwVFJBS0NJRSUzQyUyRmRpdiUzRSUwQSUyMCUyMCUyMCUyMCUyMCUyMCUyMCUyMCUyMCUyMCUyMCUyMCUyMCUyMCUyMCUyMCUyMCUyMCUyMCUyMCUyMCUyMCUyMCUyMCUzQ2RpdiUyMGNsYXNzJTNEJTIyZ29hbC1pdGVtJTIyJTNFQmFkYW5pYSUyMHdwJUM1JTgyeXd1JTIwbmFub2N6JUM0JTg1c3RlayUyMHolQzUlODJvdGElMjBpJTIwaW5ueWNoJTIwd3licmFueWNoJTIwbWV0YWxpJTIwd3Byb3dhZHpvbnljaCUyMGRvJTIwb2JzemFydSUyMHRrYW5raSUyMG5vd290d29yb3dlaiUyMG5hJTIwd3pyb3N0JTIwZGF3a2klMjB3JTIwdGVyYXBpaSUyMGVsZWt0cm9ub3dlaiUyMGklMjBwcm90b25vd2VqJTIwbm93b3R3b3IlQzMlQjN3LiUzQyUyRmRpdiUzRSUwQSUyMCUyMCUyMCUyMCUyMCUyMCUyMCUyMCUyMCUyMCUyMCUyMCUyMCUyMCUyMCUyMCUyMCUyMCUyMCUyMCUyMCUyMCUyMCUyMCUzQ2RpdiUyMGNsYXNzJTNEJTIyZ29hbC1pdGVtJTIyJTNFT3ByYWNvd2FuaWUlMjB0ZXJhcGlpJTIwYm9yb3dvJTIwLSUyMG5ldXRyb25vd2VqJTIwJTI4Qk5DVCUyOSUyMHByenklMjB3eWtvcnp5c3Rhbml1JTIwJUM1JUJBciVDMyVCM2QlQzUlODJhJTIwQ2YtMjUyLiUyMCUzQyUyRmRpdiUzRSUwQSUyMCUyMCUyMCUyMCUyMCUyMCUyMCUyMCUyMCUyMCUyMCUyMCUyMCUyMCUyMCUyMCUyMCUyMCUyMCUyMCUyMCUyMCUyMCUyMCUzQ2RpdiUyMGNsYXNzJTNEJTIyZ29hbC1pdGVtJTIyJTNFWmFwcm9qZWt0b3dhbmllJTIwb3MlQzUlODJvbnklMjByZWR1a3VqJUM0JTg1Y2VqJTIwcHJvbWllbmlvd2FuaWUlMjBuZXV0cm9ub3dlJTIwdyUyMG9iciVDNCU5OWJpZSUyMGltcGxhbnRvd2FueWNoJTIwdXJ6JUM0JTg1ZHplJUM1JTg0JTIwa2FyZGlvbG9naWN6bnljaCUyMGRsYSUyMHBhY2plbnQlQzMlQjN3JTIwcG9kZGFueWNoJTIwbGVjemVuaXUlMjB6ZXduJUM0JTk5dHJ6bnltaSUyMHd5c29rb2VuZXJnZXR5Y3pueW1pJTIwd2klQzQlODV6a2FtaSUyMGZvdG9ub3d5bWkuJTNDJTJGZGl2JTNFJTBBJTIwJTIwJTIwJTIwJTIwJTIwJTIwJTIwJTIwJTIwJTIwJTIwJTIwJTIwJTIwJTIwJTIwJTIwJTIwJTIwJTIwJTIwJTIwJTIwJTNDZGl2JTIwY2xhc3MlM0QlMjJnb2FsLWl0ZW0lMjIlM0VQb3N6dWtpd2FuaWElMjBub3d5Y2glMjByYWRpb2l6b3RvcCVDMyVCM3clMjBkbyUyMHphc3Rvc293YSVDNSU4NCUyMHclMjAlQzUlOUJ3aWF0b3dlaiUyMGRpYWdub3N0eWNlJTIwJTI4c2N5bnR5Z3JhZmlpJTI5JTJDJTIwdGVyYXBpaSUyMHJhZGlvaXpvdG9wb3dlaiUyMGklMjBicmFjaHl0ZXJhcGlpLiUzQyUyRmRpdiUzRSUwQSUyMCUyMCUyMCUyMCUyMCUyMCUyMCUyMCUyMCUyMCUyMCUyMCUyMCUyMCUyMCUyMCUyMCUyMCUyMCUyMCUyMCUyMCUyMCUyMCUzQ2RpdiUyMGNsYXNzJTNEJTIyZ29hbC1pdGVtJTIyJTNFT3ByYWNvd2FuaWUlMjBtb2RlbHUlMjB3aSVDNCU4NXpraSUyMDYlMjBNViUyMEZGRiUyMGdlbmVyb3dhbmVqJTIwdyUyMHVyeiVDNCU4NWR6ZW5pYSUyMEN5YmVyS25pZmUlMjBNNi4lM0MlMkZkaXYlM0UlMEElMjAlMjAlMjAlMjAlMjAlMjAlMjAlMjAlMjAlMjAlMjAlMjAlMjAlMjAlMjAlMjAlMjAlMjAlMjAlMjAlM0MlMkZkaXYlM0UlMEElMjAlMjAlMjAlMjAlMjAlMjAlMjAlMjAlMjAlMjAlMjAlMjAlMjAlMjAlMjAlMjAlMjAlMjAlMjAlMjAlM0NkaXYlM0UlMEElMjAlMjAlMjAlMjAlMjAlMjAlMjAlMjAlMjAlMjAlMjAlMjAlMjAlMjAlMjAlMjAlMjAlMjAlMjAlMjAlMjAlMjAlMjAlMjAlM0NkaXYlMjBjbGFzcyUzRCUyMmdvYWwtc3RhdHVzJTIwc3RhdHVzLWRvbmUlMjIlM0VaQUtPJUM1JTgzQ1pPTkUlM0MlMkZkaXYlM0UlMEElMjAlMjAlMjAlMjAlMjAlMjAlMjAlMjAlMjAlMjAlMjAlMjAlMjAlMjAlMjAlMjAlMjAlMjAlMjAlMjAlMjAlMjAlMjAlMjAlM0NkaXYlMjBjbGFzcyUzRCUyMmdvYWwtaXRlbSUyMiUzRVphayVDNSU4MmFkYW55bSUyMGVmZWt0ZW0lMjBqZXN0JTIwd3l6bmFjemVuaWUlMjB6YWxlJUM1JUJDbm8lQzUlOUJjaSUyMHBvbWklQzQlOTlkenklMjBzdCVDNCU5OSVDNSVCQ2VuaWVtJTIwbmFub2N6JUM0JTg1c3RlayUyMHolQzUlODJvdGElMjBpJTIwaWNoJTIwa3N6dGElQzUlODJ0ZW0lMjBhJTIwd3pyb3N0ZW0lMjBkYXdraSUyMGRsYSUyMHdpJUM0JTg1emVrJTIwcHJvdG9ub3d5Y2glMjBpJTIwZWxla3Ryb25vd3ljaCUyMHN0b3Nvd2FueWNoJTIwb2Rwb3dpZWRuaW8lMjAlMjB3JTIwdGVyYXBpaSUyMGhhZHJvbm93ZWolMjBpJTIwdGVsZXJhZGlvdGVyYXBpaS4lM0MlMkZkaXYlM0UlMEElMjAlMjAlMjAlMjAlMjAlMjAlMjAlMjAlMjAlMjAlMjAlMjAlMjAlMjAlMjAlMjAlMjAlMjAlMjAlMjAlMjAlMjAlMjAlMjAlM0NkaXYlMjBjbGFzcyUzRCUyMmdvYWwtaXRlbSUyMiUzRVNwb2R6aWV3YW55bSUyMGVmZWt0ZW0lMjBqZXN0JTIwemFwcm9qZWt0b3dhbmllJTIwdGVyYXBpaSUyMGJvcm93byUyMCVFMiU4MCU5MyUyMG5ldXRyb25vd2VqJTIwdyUyMG9wYXJjaXUlMjBvJTIwd2klQzQlODV6ayVDNCU5OSUyMG5ldXRyb24lQzMlQjN3JTIwemUlMjAlQzUlQkFyJUMzJUIzZCVDNSU4MmElMjBDZi0yNTIuJTIwJTNDJTJGZGl2JTNFJTBBJTIwJTIwJTIwJTIwJTIwJTIwJTIwJTIwJTIwJTIwJTIwJTIwJTIwJTIwJTIwJTIwJTIwJTIwJTIwJTIwJTNDJTJGZGl2JTNFJTBBJTIwJTIwJTIwJTIwJTIwJTIwJTIwJTIwJTIwJTIwJTIwJTIwJTIwJTIwJTIwJTIwJTIwJTIwJTIwJTIwJTIwJTIwJTIwJTIwJTNDZGl2JTIwY2xhc3MlM0QlMjJnb2FsLWl0ZW0lMjIlM0VQcmFrdHljem55bSUyMHphayVDNSU4MmFkYW55bSUyMGVmZWt0ZW0lMjBqZXN0JTIwb3ByYWNvd2FuaWUlMjBvcyVDNSU4Mm9ueSUyMHBvY2glQzUlODJhbmlhaiVDNCU4NWNlaiUyMHNwb3dvbG5pb25lJTIwbmV1dHJvbnklMjB3JTIwb2JyJUM0JTk5YmllJTIwaW1wbGFudG93YW55Y2glMjB1cnolQzQlODVkemUlQzUlODQlMjBrYXJkaW9sb2dpY3pueWNoJTIwdSUyMHBhY2plbnQlQzMlQjN3JTIwb25rb2xvZ2ljem55Y2glMjBsZWN6b255Y2glMjB3eXNva29lbmVyZ2V0eWN6bnltaSUyMHdpJUM0JTg1emthbWklMjBmb3Rvbm93eW1pJTIwaSUyMG9wYXRlbnRvd2FuaWUlMjB0ZWolMjBvcyVDNSU4Mm9ueS4lM0MlMkZkaXYlM0UlMEElMjAlMjAlMjAlMjAlMjAlMjAlMjAlMjAlMjAlMjAlMjAlMjAlMjAlMjAlMjAlMjAlMjAlMjAlMjAlMjAlMjAlMjAlMjAlMjAlM0NkaXYlMjBjbGFzcyUzRCUyMmdvYWwtaXRlbSUyMiUzRU9jemVraXdhbnltJTIwZWZla3RlbSUyMGplc3QlMjB6bmFsZXppZW5pZSUyMHJhZGlvaXpvdG9wJUMzJUIzdyUyQyUyMGt0JUMzJUIzcmUlMjBiJUM0JTk5ZHppZSUyMG1vJUM1JUJDbmElMjB6YXN0b3Nvd2ElQzQlODclMjB3JTIwbWVkeWN5bmllJTIwbnVrbGVhcm5laiUyMGklMjBicmFjaHl0ZXJhcGlpLiUyMCUwQUIlQzQlOTlkJUM0JTg1JTIweiVDNSU4Mm8lQzUlQkNvbmUlMjBzdG9zb3duZSUyMHduaW9za2klMjBvJTIwZmluYW5zb3dhbmllJTIwdyUyMHJhbWFjaCUyMGtvbmt1cnMlQzMlQjN3JTIwTkNOLiUyMEJhZGFuaWElMjB6YW93b2N1aiVDNCU4NSUyMHBvd2klQzQlOTlrc3plbmllbSUyMGRvcm9ia3UlMjBuYXVrb3dlZ28lMkMlMjBjbyUyMHBvendvbGklMjB1enlza2ElQzQlODclMjBhd2FucyUyMG5hdWtvd3kuJTNDJTJGZGl2JTNFJTBBJTIwJTIwJTIwJTIwJTIwJTIwJTIwJTIwJTIwJTIwJTIwJTIwJTIwJTIwJTIwJTIwJTIwJTIwJTIwJTIwJTIwJTIwJTIwJTIwJTNDZGl2JTIwY2xhc3MlM0QlMjJnb2FsLWl0ZW0lMjIlM0VPcHJhY293YW55JTIwbW9kZWwlMjB3aWF6a2klMjBwb3MlQzUlODJ1JUM1JUJDeSUyMGRvJTIwd3l0d29yemVuaWElMjBkYW55Y2glMjBkbyUyMHVjemVuaWElMjBzeXN0ZW0lQzMlQjN3JTIwb3BhcnR5Y2glMjBuYSUyMHN6dHVjem55Y2glMjBzaWVjaWFjaCUyMG5ldXJvbm93eWNoLiUzQyUyRmRpdiUzRSUwQSUyMCUyMCUyMCUyMCUyMCUyMCUyMCUyMCUyMCUyMCUyMCUyMCUyMCUyMCUyMCUyMCUyMCUyMCUyMCUyMCUzQyUyRmRpdiUzRSUwQSUyMCUyMCUyMCUyMCUyMCUyMCUyMCUyMCUyMCUyMCUyMCUyMCUyMCUyMCUyMCUyMCUzQyUyRmRpdiUzRSUwQSUyMCUyMCUyMCUyMCUyMCUyMCUyMCUyMCUyMCUyMCUyMCUyMCUzQyUyRmRpdiUzRSUwQSUyMCUyMCUyMCUyMCUyMCUyMCUyMCUyMCUyMCUyMCUyMCUyMCUzQ2RpdiUyMGNsYXNzJTNEJTIyc2VjdGlvbi1ib3glMjIlMjBzdHlsZSUzRCUyMm1hcmdpbi10b3AlM0ElMjAxMHB4JTNCJTIyJTNFJTBBJTIwJTIwJTIwJTIwJTIwJTIwJTIwJTIwJTIwJTIwJTIwJTIwJTIwJTIwJTIwJTIwJTNDc3BhbiUyMGNsYXNzJTNEJTIybGFiZWwtdGl0bGUlMjIlM0VTJUM1JTgyb3dhJTIwa2x1Y3pvd2UlM0MlMkZzcGFuJTNFJTBBJTIwJTIwJTIwJTIwJTIwJTIwJTIwJTIwJTIwJTIwJTIwJTIwJTIwJTIwJTIwJTIwJTNDZGl2JTIwY2xhc3MlM0QlMjJ0YWctY29udGFpbmVyJTIyJTNFJTBBJTIwJTIwJTIwJTIwJTIwJTIwJTIwJTIwJTIwJTIwJTIwJTIwJTIwJTIwJTIwJTIwJTIwJTIwJTIwJTIwJTNDc3BhbiUyMGNsYXNzJTNEJTIydGFnLWl0ZW0lMjIlM0VOQU5PQ1olQzQlODRTVEVDWktJJTNDJTJGc3BhbiUzRSUwQSUyMCUyMCUyMCUyMCUyMCUyMCUyMCUyMCUyMCUyMCUyMCUyMCUyMCUyMCUyMCUyMCUyMCUyMCUyMCUyMCUzQ3NwYW4lMjBjbGFzcyUzRCUyMnRhZy1pdGVtJTIyJTNFVEVSQVBJQSUyMFBST1RPTk9XQSUzQyUyRnNwYW4lM0UlMEElMjAlMjAlMjAlMjAlMjAlMjAlMjAlMjAlMjAlMjAlMjAlMjAlMjAlMjAlMjAlMjAlMjAlMjAlMjAlMjAlM0NzcGFuJTIwY2xhc3MlM0QlMjJ0YWctaXRlbSUyMlRFUkFQSUElMjBFTEVLVFJPTk9XQSUzQyUyRnNwYW4lM0UlMEElMjAlMjAlMjAlMjAlMjAlMjAlMjAlMjAlMjAlMjAlMjAlMjAlMjAlMjAlMjAlMjAlMjAlMjAlMjAlMjAlM0NzcGFuJTIwY2xhc3MlM0QlMjJ0YWctaXRlbSUyMiUzRU1vbnRlJTIwQ2FybG8lM0MlMkZzcGFuJTNFJTBBJTIwJTIwJTIwJTIwJTIwJTIwJTIwJTIwJTIwJTIwJTIwJTIwJTIwJTIwJTIwJTIwJTIwJTIwJTIwJTIwJTNDc3BhbiUyMGNsYXNzJTNEJTIydGFnLWl0ZW0lMjIlM0VSQURJT0laT1RPUFklM0MlMkZzcGFuJTNFJTBBJTIwJTIwJTIwJTIwJTIwJTIwJTIwJTIwJTIwJTIwJTIwJTIwJTIwJTIwJTIwJTIwJTIwJTIwJTIwJTIwJTNDc3BhbiUyMGNsYXNzJTNEJTIydGFnLWl0ZW0lMjIlM0VCTkNUJTNDJTJGc3BhbiUzRSUwQSUyMCUyMCUyMCUyMCUyMCUyMCUyMCUyMCUyMCUyMCUyMCUyMCUyMCUyMCUyMCUyMCUzQyUyRmRpdiUzRSUwQSUyMCUyMCUyMCUyMCUyMCUyMCUyMCUyMCUyMCUyMCUyMCUyMCUzQyUyRmRpdiUzRSUwQSUyMCUyMCUyMCUyMCUyMCUyMCUyMCUyMCUzQyUyRmRpdiUzRSUwQSUwQSUyMCUyMCUyMCUyMCUzQyUyRmRpdiUzRSUwQSUzQyUyRmRpdiUzRSUwQQ==[\/vc_raw_html][\/vc_column][\/vc_row]<\/p>","protected":false},"excerpt":{"rendered":"<p>[vc_row el_class=&#8221;container&#8221;][vc_column][vc_raw_html]JTNDZGl2JTIwY2xhc3MlM0QlMjJyZXNlYXJjaC1jb250YWluZXIlMjIlM0UlMEElMjAlMjAlMjAlMjAlMEElMjAlMjAlMjAlMjAlM0NoZWFkZXIlMjBjbGFzcyUzRCUyMmhlYWRlci1jbGVhbiUyMiUzRSUwQSUyMCUyMCUyMCUyMCUyMCUyMCUyMCUyMCUzQ2gxJTNFQmFkYWN6JTIwaW5keXdpZHVhbG55JTNDJTJGaDElM0UlMEElMjAlMjAlMjAlMjAlMjAlMjAlMjAlMjAlM0NwJTNFUG9zenVraXdhbmlhJTIwbm93eWNoJTIwcm96d2klQzQlODV6YSVDNSU4NCUyMHclMjBpbnRlcmR5c2N5cGxpbmFybnljaCUyMG5hdWthY2glMjBtZWR5Y3pueWNoJTIwcHJ6eSUyMHphc3Rvc293YW5pdSUyMG1ldG9kJTIwZml6eWtpJTIwaiVDNCU4NWRyb3dlai4lM0MlMkZwJTNFJTBBJTIwJTIwJTIwJTIwJTNDJTJGaGVhZGVyJTNFJTBBJTBBJTIwJTIwJTIwJTIwJTNDZGl2JTIwY2xhc3MlM0QlMjJjb250ZW50LWdyaWQlMjIlM0UlMEElMjAlMjAlMjAlMjAlMjAlMjAlMjAlMjAlMEElMjAlMjAlMjAlMjAlMjAlMjAlMjAlMjAlM0NkaXYlMjBjbGFzcyUzRCUyMmNvbHVtbi1sZWZ0JTIyJTNFJTBBJTIwJTIwJTIwJTIwJTIwJTIwJTIwJTIwJTIwJTIwJTIwJTIwJTNDZGl2JTIwY2xhc3MlM0QlMjJzZWN0aW9uLWJveCUyMiUzRSUwQSUyMCUyMCUyMCUyMCUyMCUyMCUyMCUyMCUyMCUyMCUyMCUyMCUyMCUyMCUyMCUyMCUzQ3NwYW4lMjBjbGFzcyUzRCUyMmxhYmVsLXRpdGxlJTIyJTNFTGlkZXIlMjBaZXNwbyVDNSU4MnUlM0MlMkZzcGFuJTNFJTBBJTIwJTIwJTIwJTIwJTIwJTIwJTIwJTIwJTIwJTIwJTIwJTIwJTIwJTIwJTIwJTIwJTNDZGl2JTIwY2xhc3MlM0QlMjJsZWFkZXItbmFtZSUyMiUzRWRyJTIwaGFiLiUyMEFkYW0lMjBLb25lZmElQzUlODIlMkMlMjBwcm9mLiUyMFUlQzUlOUElM0MlMkZkaXYlM0UlMEElMjAlMjAlMjAlMjAlMjAlMjAlMjAlMjAlMjAlMjAlMjAlMjAlMjAlMjAlMjAlMjAlMjAlMjAlMjAlMjAlMjAlMjAlMjAlMjAlMjAlMjAlMjAlM0MlMkZkaXYlM0UlMEElMjAlMjAlMjAlMjAlMjAlMjAlMjAlMjAlMjAlMjAlMjAlMjAlMjAlMjAlMjAlMjAlMjAlMjAlM0NkaXYlMjBjbGFzcyUzRCUyMmNvbHVtbi1yaWdodCUyMiUzRSUwQSUyMCUyMCUyMCUyMCUyMCUyMCUyMCUyMCUyMCUyMCUyMCUyMCUzQ2RpdiUyMGNsYXNzJTNEJTIyc2VjdGlvbi1ib3glMjIlM0UlMEElMjAlMjAlMjAlMjAlMjAlMjAlMjAlMjAlMjAlMjAlMjAlMjAlMjAlMjAlMjAlMjAlM0NzcGFuJTIwY2xhc3MlM0QlMjJsYWJlbC10aXRsZSUyMiUzRVJlYWxpemFjamElMjBwcm9qZWt0JUMzJUIzdyUzQyUyRnNwYW4lM0UlMEElMjAlMjAlMjAlMjAlMjAlMjAlMjAlMjAlMjAlMjAlMjAlMjAlMjAlMjAlMjAlMjAlM0NkaXYlMjBjbGFzcyUzRCUyMmdvYWxzLWdyaWQlMjIlM0UlMEElMjAlMjAlMjAlMjAlMjAlMjAlMjAlMjAlMjAlMjAlMjAlMjAlMjAlMjAlMjAlMjAlMjAlMjAlMjAlMjAlM0NkaXYlM0UlMEElMjAlMjAlMjAlMjAlMjAlMjAlMjAlMjAlMjAlMjAlMjAlMjAlMjAlMjAlMjAlMjAlMjAlMjAlMjAlMjAlMjAlMjAlMjAlMjAlM0NkaXYlMjBjbGFzcyUzRCUyMmdvYWwtc3RhdHVzJTIwc3RhdHVzLXRvZG8lMjIlM0VXJTIwVFJBS0NJRSUzQyUyRmRpdiUzRSUwQSUyMCUyMCUyMCUyMCUyMCUyMCUyMCUyMCUyMCUyMCUyMCUyMCUyMCUyMCUyMCUyMCUyMCUyMCUyMCUyMCUyMCUyMCUyMCUyMCUzQ2RpdiUyMGNsYXNzJTNEJTIyZ29hbC1pdGVtJTIyJTNFQmFkYW5pYSUyMHdwJUM1JTgyeXd1JTIwbmFub2N6JUM0JTg1c3RlayUyMHolQzUlODJvdGElMjBpJTIwaW5ueWNoJTIwd3licmFueWNoJTIwbWV0YWxpJTIwd3Byb3dhZHpvbnljaCUyMGRvJTIwb2JzemFydSUyMHRrYW5raSUyMG5vd290d29yb3dlaiUyMG5hJTIwd3pyb3N0JTIwZGF3a2klMjB3JTIwdGVyYXBpaSUyMGVsZWt0cm9ub3dlaiUyMGklMjBwcm90b25vd2VqJTIwbm93b3R3b3IlQzMlQjN3LiUzQyUyRmRpdiUzRSUwQSUyMCUyMCUyMCUyMCUyMCUyMCUyMCUyMCUyMCUyMCUyMCUyMCUyMCUyMCUyMCUyMCUyMCUyMCUyMCUyMCUyMCUyMCUyMCUyMCUzQ2RpdiUyMGNsYXNzJTNEJTIyZ29hbC1pdGVtJTIyJTNFT3ByYWNvd2FuaWUlMjB0ZXJhcGlpJTIwYm9yb3dvJTIwLSUyMG5ldXRyb25vd2VqJTIwJTI4Qk5DVCUyOSUyMHByenklMjB3eWtvcnp5c3Rhbml1JTIwJUM1JUJBciVDMyVCM2QlQzUlODJhJTIwQ2YtMjUyLiUyMCUzQyUyRmRpdiUzRSUwQSUyMCUyMCUyMCUyMCUyMCUyMCUyMCUyMCUyMCUyMCUyMCUyMCUyMCUyMCUyMCUyMCUyMCUyMCUyMCUyMCUyMCUyMCUyMCUyMCUzQ2RpdiUyMGNsYXNzJTNEJTIyZ29hbC1pdGVtJTIyJTNFWmFwcm9qZWt0b3dhbmllJTIwb3MlQzUlODJvbnklMjByZWR1a3VqJUM0JTg1Y2VqJTIwcHJvbWllbmlvd2FuaWUlMjBuZXV0cm9ub3dlJTIwdyUyMG9iciVDNCU5OWJpZSUyMGltcGxhbnRvd2FueWNoJTIwdXJ6JUM0JTg1ZHplJUM1JTg0JTIwa2FyZGlvbG9naWN6bnljaCUyMGRsYSUyMHBhY2plbnQlQzMlQjN3JTIwcG9kZGFueWNoJTIwbGVjemVuaXUlMjB6ZXduJUM0JTk5dHJ6bnltaSUyMHd5c29rb2VuZXJnZXR5Y3pueW1pJTIwd2klQzQlODV6a2FtaSUyMGZvdG9ub3d5bWkuJTNDJTJGZGl2JTNFJTBBJTIwJTIwJTIwJTIwJTIwJTIwJTIwJTIwJTIwJTIwJTIwJTIwJTIwJTIwJTIwJTIwJTIwJTIwJTIwJTIwJTIwJTIwJTIwJTIwJTNDZGl2JTIwY2xhc3MlM0QlMjJnb2FsLWl0ZW0lMjIlM0VQb3N6dWtpd2FuaWElMjBub3d5Y2glMjByYWRpb2l6b3RvcCVDMyVCM3clMjBkbyUyMHphc3Rvc293YSVDNSU4NCUyMHclMjAlQzUlOUJ3aWF0b3dlaiUyMGRpYWdub3N0eWNlJTIwJTI4c2N5bnR5Z3JhZmlpJTI5JTJDJTIwdGVyYXBpaSUyMHJhZGlvaXpvdG9wb3dlaiUyMGklMjBicmFjaHl0ZXJhcGlpLiUzQyUyRmRpdiUzRSUwQSUyMCUyMCUyMCUyMCUyMCUyMCUyMCUyMCUyMCUyMCUyMCUyMCUyMCUyMCUyMCUyMCUyMCUyMCUyMCUyMCUyMCUyMCUyMCUyMCUzQ2RpdiUyMGNsYXNzJTNEJTIyZ29hbC1pdGVtJTIyJTNFT3ByYWNvd2FuaWUlMjBtb2RlbHUlMjB3aSVDNCU4NXpraSUyMDYlMjBNViUyMEZGRiUyMGdlbmVyb3dhbmVqJTIwdyUyMHVyeiVDNCU4NWR6ZW5pYSUyMEN5YmVyS25pZmUlMjBNNi4lM0MlMkZkaXYlM0UlMEElMjAlMjAlMjAlMjAlMjAlMjAlMjAlMjAlMjAlMjAlMjAlMjAlMjAlMjAlMjAlMjAlMjAlMjAlMjAlMjAlM0MlMkZkaXYlM0UlMEElMjAlMjAlMjAlMjAlMjAlMjAlMjAlMjAlMjAlMjAlMjAlMjAlMjAlMjAlMjAlMjAlMjAlMjAlMjAlMjAlM0NkaXYlM0UlMEElMjAlMjAlMjAlMjAlMjAlMjAlMjAlMjAlMjAlMjAlMjAlMjAlMjAlMjAlMjAlMjAlMjAlMjAlMjAlMjAlMjAlMjAlMjAlMjAlM0NkaXYlMjBjbGFzcyUzRCUyMmdvYWwtc3RhdHVzJTIwc3RhdHVzLWRvbmUlMjIlM0VaQUtPJUM1JTgzQ1pPTkUlM0MlMkZkaXYlM0UlMEElMjAlMjAlMjAlMjAlMjAlMjAlMjAlMjAlMjAlMjAlMjAlMjAlMjAlMjAlMjAlMjAlMjAlMjAlMjAlMjAlMjAlMjAlMjAlMjAlM0NkaXYlMjBjbGFzcyUzRCUyMmdvYWwtaXRlbSUyMiUzRVphayVDNSU4MmFkYW55bSUyMGVmZWt0ZW0lMjBqZXN0JTIwd3l6bmFjemVuaWUlMjB6YWxlJUM1JUJDbm8lQzUlOUJjaSUyMHBvbWklQzQlOTlkenklMjBzdCVDNCU5OSVDNSVCQ2VuaWVtJTIwbmFub2N6JUM0JTg1c3RlayUyMHolQzUlODJvdGElMjBpJTIwaWNoJTIwa3N6dGElQzUlODJ0ZW0lMjBhJTIwd3pyb3N0ZW0lMjBkYXdraSUyMGRsYSUyMHdpJUM0JTg1emVrJTIwcHJvdG9ub3d5Y2glMjBpJTIwZWxla3Ryb25vd3ljaCUyMHN0b3Nvd2FueWNoJTIwb2Rwb3dpZWRuaW8lMjAlMjB3JTIwdGVyYXBpaSUyMGhhZHJvbm93ZWolMjBpJTIwdGVsZXJhZGlvdGVyYXBpaS4lM0MlMkZkaXYlM0UlMEElMjAlMjAlMjAlMjAlMjAlMjAlMjAlMjAlMjAlMjAlMjAlMjAlMjAlMjAlMjAlMjAlMjAlMjAlMjAlMjAlMjAlMjAlMjAlMjAlM0NkaXYlMjBjbGFzcyUzRCUyMmdvYWwtaXRlbSUyMiUzRVNwb2R6aWV3YW55bSUyMGVmZWt0ZW0lMjBqZXN0JTIwemFwcm9qZWt0b3dhbmllJTIwdGVyYXBpaSUyMGJvcm93byUyMCVFMiU4MCU5MyUyMG5ldXRyb25vd2VqJTIwdyUyMG9wYXJjaXUlMjBvJTIwd2klQzQlODV6ayVDNCU5OSUyMG5ldXRyb24lQzMlQjN3JTIwemUlMjAlQzUlQkFyJUMzJUIzZCVDNSU4MmElMjBDZi0yNTIuJTIwJTNDJTJGZGl2JTNFJTBBJTIwJTIwJTIwJTIwJTIwJTIwJTIwJTIwJTIwJTIwJTIwJTIwJTIwJTIwJTIwJTIwJTIwJTIwJTIwJTIwJTNDJTJGZGl2JTNFJTBBJTIwJTIwJTIwJTIwJTIwJTIwJTIwJTIwJTIwJTIwJTIwJTIwJTIwJTIwJTIwJTIwJTIwJTIwJTIwJTIwJTIwJTIwJTIwJTIwJTNDZGl2JTIwY2xhc3MlM0QlMjJnb2FsLWl0ZW0lMjIlM0VQcmFrdHljem55bSUyMHphayVDNSU4MmFkYW55bSUyMGVmZWt0ZW0lMjBqZXN0JTIwb3ByYWNvd2FuaWUlMjBvcyVDNSU4Mm9ueSUyMHBvY2glQzUlODJhbmlhaiVDNCU4NWNlaiUyMHNwb3dvbG5pb25lJTIwbmV1dHJvbnklMjB3JTIwb2JyJUM0JTk5YmllJTIwaW1wbGFudG93YW55Y2glMjB1cnolQzQlODVkemUlQzUlODQlMjBrYXJkaW9sb2dpY3pueWNoJTIwdSUyMHBhY2plbnQlQzMlQjN3JTIwb25rb2xvZ2ljem55Y2glMjBsZWN6b255Y2glMjB3eXNva29lbmVyZ2V0eWN6bnltaSUyMHdpJUM0JTg1emthbWklMjBmb3Rvbm93eW1pJTIwaSUyMG9wYXRlbnRvd2FuaWUlMjB0ZWolMjBvcyVDNSU4Mm9ueS4lM0MlMkZkaXYlM0UlMEElMjAlMjAlMjAlMjAlMjAlMjAlMjAlMjAlMjAlMjAlMjAlMjAlMjAlMjAlMjAlMjAlMjAlMjAlMjAlMjAlMjAlMjAlMjAlMjAlM0NkaXYlMjBjbGFzcyUzRCUyMmdvYWwtaXRlbSUyMiUzRU9jemVraXdhbnltJTIwZWZla3RlbSUyMGplc3QlMjB6bmFsZXppZW5pZSUyMHJhZGlvaXpvdG9wJUMzJUIzdyUyQyUyMGt0JUMzJUIzcmUlMjBiJUM0JTk5ZHppZSUyMG1vJUM1JUJDbmElMjB6YXN0b3Nvd2ElQzQlODclMjB3JTIwbWVkeWN5bmllJTIwbnVrbGVhcm5laiUyMGklMjBicmFjaHl0ZXJhcGlpLiUyMCUwQUIlQzQlOTlkJUM0JTg1JTIweiVDNSU4Mm8lQzUlQkNvbmUlMjBzdG9zb3duZSUyMHduaW9za2klMjBvJTIwZmluYW5zb3dhbmllJTIwdyUyMHJhbWFjaCUyMGtvbmt1cnMlQzMlQjN3JTIwTkNOLiUyMEJhZGFuaWElMjB6YW93b2N1aiVDNCU4NSUyMHBvd2klQzQlOTlrc3plbmllbSUyMGRvcm9ia3UlMjBuYXVrb3dlZ28lMkMlMjBjbyUyMHBvendvbGklMjB1enlza2ElQzQlODclMjBhd2FucyUyMG5hdWtvd3kuJTNDJTJGZGl2JTNFJTBBJTIwJTIwJTIwJTIwJTIwJTIwJTIwJTIwJTIwJTIwJTIwJTIwJTIwJTIwJTIwJTIwJTIwJTIwJTIwJTIwJTIwJTIwJTIwJTIwJTNDZGl2JTIwY2xhc3MlM0QlMjJnb2FsLWl0ZW0lMjIlM0VPcHJhY293YW55JTIwbW9kZWwlMjB3aWF6a2klMjBwb3MlQzUlODJ1JUM1JUJDeSUyMGRvJTIwd3l0d29yemVuaWElMjBkYW55Y2glMjBkbyUyMHVjemVuaWElMjBzeXN0ZW0lQzMlQjN3JTIwb3BhcnR5Y2glMjBuYSUyMHN6dHVjem55Y2glMjBzaWVjaWFjaCUyMG5ldXJvbm93eWNoLiUzQyUyRmRpdiUzRSUwQSUyMCUyMCUyMCUyMCUyMCUyMCUyMCUyMCUyMCUyMCUyMCUyMCUyMCUyMCUyMCUyMCUyMCUyMCUyMCUyMCUzQyUyRmRpdiUzRSUwQSUyMCUyMCUyMCUyMCUyMCUyMCUyMCUyMCUyMCUyMCUyMCUyMCUyMCUyMCUyMCUyMCUzQyUyRmRpdiUzRSUwQSUyMCUyMCUyMCUyMCUyMCUyMCUyMCUyMCUyMCUyMCUyMCUyMCUzQyUyRmRpdiUzRSUwQSUyMCUyMCUyMCUyMCUyMCUyMCUyMCUyMCUyMCUyMCUyMCUyMCUzQ2RpdiUyMGNsYXNzJTNEJTIyc2VjdGlvbi1ib3glMjIlMjBzdHlsZSUzRCUyMm1hcmdpbi10b3AlM0ElMjAxMHB4JTNCJTIyJTNFJTBBJTIwJTIwJTIwJTIwJTIwJTIwJTIwJTIwJTIwJTIwJTIwJTIwJTIwJTIwJTIwJTIwJTNDc3BhbiUyMGNsYXNzJTNEJTIybGFiZWwtdGl0bGUlMjIlM0VTJUM1JTgyb3dhJTIwa2x1Y3pvd2UlM0MlMkZzcGFuJTNFJTBBJTIwJTIwJTIwJTIwJTIwJTIwJTIwJTIwJTIwJTIwJTIwJTIwJTIwJTIwJTIwJTIwJTNDZGl2JTIwY2xhc3MlM0QlMjJ0YWctY29udGFpbmVyJTIyJTNFJTBBJTIwJTIwJTIwJTIwJTIwJTIwJTIwJTIwJTIwJTIwJTIwJTIwJTIwJTIwJTIwJTIwJTIwJTIwJTIwJTIwJTNDc3BhbiUyMGNsYXNzJTNEJTIydGFnLWl0ZW0lMjIlM0VOQU5PQ1olQzQlODRTVEVDWktJJTNDJTJGc3BhbiUzRSUwQSUyMCUyMCUyMCUyMCUyMCUyMCUyMCUyMCUyMCUyMCUyMCUyMCUyMCUyMCUyMCUyMCUyMCUyMCUyMCUyMCUzQ3NwYW4lMjBjbGFzcyUzRCUyMnRhZy1pdGVtJTIyJTNFVEVSQVBJQSUyMFBST1RPTk9XQSUzQyUyRnNwYW4lM0UlMEElMjAlMjAlMjAlMjAlMjAlMjAlMjAlMjAlMjAlMjAlMjAlMjAlMjAlMjAlMjAlMjAlMjAlMjAlMjAlMjAlM0NzcGFuJTIwY2xhc3MlM0QlMjJ0YWctaXRlbSUyMlRFUkFQSUElMjBFTEVLVFJPTk9XQSUzQyUyRnNwYW4lM0UlMEElMjAlMjAlMjAlMjAlMjAlMjAlMjAlMjAlMjAlMjAlMjAlMjAlMjAlMjAlMjAlMjAlMjAlMjAlMjAlMjAlM0NzcGFuJTIwY2xhc3MlM0QlMjJ0YWctaXRlbSUyMiUzRU1vbnRlJTIwQ2FybG8lM0MlMkZzcGFuJTNFJTBBJTIwJTIwJTIwJTIwJTIwJTIwJTIwJTIwJTIwJTIwJTIwJTIwJTIwJTIwJTIwJTIwJTIwJTIwJTIwJTIwJTNDc3BhbiUyMGNsYXNzJTNEJTIydGFnLWl0ZW0lMjIlM0VSQURJT0laT1RPUFklM0MlMkZzcGFuJTNFJTBBJTIwJTIwJTIwJTIwJTIwJTIwJTIwJTIwJTIwJTIwJTIwJTIwJTIwJTIwJTIwJTIwJTIwJTIwJTIwJTIwJTNDc3BhbiUyMGNsYXNzJTNEJTIydGFnLWl0ZW0lMjIlM0VCTkNUJTNDJTJGc3BhbiUzRSUwQSUyMCUyMCUyMCUyMCUyMCUyMCUyMCUyMCUyMCUyMCUyMCUyMCUyMCUyMCUyMCUyMCUzQyUyRmRpdiUzRSUwQSUyMCUyMCUyMCUyMCUyMCUyMCUyMCUyMCUyMCUyMCUyMCUyMCUzQyUyRmRpdiUzRSUwQSUyMCUyMCUyMCUyMCUyMCUyMCUyMCUyMCUzQyUyRmRpdiUzRSUwQSUwQSUyMCUyMCUyMCUyMCUzQyUyRmRpdiUzRSUwQSUzQyUyRmRpdiUzRSUwQQ==[\/vc_raw_html][\/vc_column][\/vc_row] [&#8230;]<\/p>\n<p><a class=\"btn btn-secondary understrap-read-more-link\" href=\"https:\/\/us.edu.pl\/instytut\/ifiz\/nauka\/zespoly-badawcze\/poszukiwania-nowych-rozwiazan-w-interdyscyplinarnych-naukach-medycznych-przy-zastosowaniu-metod-fizyki-jadrowej\/\">Read More&#8230;<\/a><\/p>\n","protected":false},"author":104,"featured_media":0,"parent":321,"menu_order":120,"comment_status":"closed","ping_status":"closed","template":"page-templates\/page-with-sidebar.php","meta":{"_expiration-date-status":"","_expiration-date":0,"_expiration-date-type":"","_expiration-date-categories":[],"_expiration-date-options":[]},"acf":[],"_links":{"self":[{"href":"https:\/\/us.edu.pl\/instytut\/ifiz\/wp-json\/wp\/v2\/pages\/1430"}],"collection":[{"href":"https:\/\/us.edu.pl\/instytut\/ifiz\/wp-json\/wp\/v2\/pages"}],"about":[{"href":"https:\/\/us.edu.pl\/instytut\/ifiz\/wp-json\/wp\/v2\/types\/page"}],"author":[{"embeddable":true,"href":"https:\/\/us.edu.pl\/instytut\/ifiz\/wp-json\/wp\/v2\/users\/104"}],"replies":[{"embeddable":true,"href":"https:\/\/us.edu.pl\/instytut\/ifiz\/wp-json\/wp\/v2\/comments?post=1430"}],"version-history":[{"count":0,"href":"https:\/\/us.edu.pl\/instytut\/ifiz\/wp-json\/wp\/v2\/pages\/1430\/revisions"}],"up":[{"embeddable":true,"href":"https:\/\/us.edu.pl\/instytut\/ifiz\/wp-json\/wp\/v2\/pages\/321"}],"wp:attachment":[{"href":"https:\/\/us.edu.pl\/instytut\/ifiz\/wp-json\/wp\/v2\/media?parent=1430"}],"curies":[{"name":"wp","href":"https:\/\/api.w.org\/{rel}","templated":true}]}}