{"id":1561,"date":"2020-04-22T16:01:40","date_gmt":"2020-04-22T14:01:40","guid":{"rendered":"http:\/\/us.edu.pl\/instytut\/ifiz\/?page_id=1561"},"modified":"2026-03-10T12:57:39","modified_gmt":"2026-03-10T11:57:39","slug":"pracownia-biologii-molekularnej","status":"publish","type":"page","link":"https:\/\/us.edu.pl\/instytut\/ifiz\/nauka\/laboratoria\/pracownia-biologii-molekularnej\/","title":{"rendered":"Pracownia biologii molekularnej"},"content":{"rendered":"<p>[vc_row][vc_column]\r\n                <div class=\"text-modules\">\r\n                    <div class=\"container\">\r\n                        <h3 class=\"page-title text__title\">Pracownia biologii molekularnej<\/h3>\r\n                        <div class=\"text-modules__content\"><p><strong>Kierownik: <\/strong>dr hab. Anna Mrozek-Wilczkiewicz, <a href=\"mailto:anna.mrozek-wilczkiewicz@us.edu.pl\">anna.mrozek-wilczkiewicz@us.edu.pl<\/a><\/p>\n<p><strong>Opiekun: <\/strong>dr Katarzyna Malarz, <a href=\"mailto:katarzyna.malarz@us.edu.pl\">katarzyna.malarz@us.edu.pl<\/a><\/p>\n<p><strong>Tel\/Phone:<\/strong> + 32 349 76 69<\/p>\n<p><strong>Lokalizacja:<\/strong> F\/1\/12<\/p>\n<p>&nbsp;<\/p>\n<h3>O NAS<\/h3>\n<p>Tematyka prac badawczych realizowanych w pracowni biologii molekularnej obejmuje dog\u0142\u0119bn\u0105 charakterystyk\u0119 mechanizmu dzia\u0142ania potencjalnych zwi\u0105zk\u00f3w oraz nanomateria\u0142\u00f3w o dzia\u0142aniu antynowotworowych. W pracowni wykonywane s\u0105 pomiary absorbancji, fluorescencji oraz luminescencji, np. testy MTS, ELISA. Charakterystyka mechanizmu dzia\u0142ania dotyczy r\u00f3wnie\u017c zmian faz cyklu kom\u00f3rkowego, a tak\u017ce ekspresji gen\u00f3w i bia\u0142ek w odpowiedzi na testowane zwi\u0105zki. Pomiary te wykonywane s\u0105 z zastosowaniem metod biologii molekularnej, w szczeg\u00f3lno\u015bci Real-Time PCR, Western Blot oraz cytometrii przep\u0142ywowej. Innym nurtem bada\u0144 prowadzonych w laboratorium jest poszukiwanie nowych inhibitor\u00f3w kinaz tyrozynowych, w tym w szczeg\u00f3lno\u015bci ABL, BTK, Lyn, Fyn, Src oraz EGFR. W tym celu, okre\u015blana jest aktywno\u015b\u0107 anty-enzymatyczna syntezowanych zwi\u0105zk\u00f3w, w szczeg\u00f3lno\u015bci pochodnych styrylochinazoliny oraz nanomateria\u0142\u00f3w wobec kinaz tyrozynowych z wykorzystaniem komercyjnie dost\u0119pnych test\u00f3w luminescencyjnych. Ponadto, wykorzystuj\u0105c zjawisko termoforezy mikrokapilarnej mo\u017cliwe jest zbadanie oddzia\u0142ywania bia\u0142ko-ligand oraz DNA-ligand.<\/p>\n<h3>NASZA APARATURA<\/h3>\n<ul>\n<li>Czytnik wielodo\u0142kowy SYNERGY 4 (pomiary absorbancji, fluorescencji i luminescencji);<\/li>\n<li>Mikrokapilarny cytometr przep\u0142ywowy Muse\u00ae Cell Analyzer;<\/li>\n<li>System do prowadzenia reakcji Real-Time PCR &#8211; CFX96 Real-Time System firmy Biorad;<\/li>\n<li>Termocykler model C1000 Touch firmy Biorad;<\/li>\n<li>Analizator jako\u015bci bia\u0142ek &#8211; Tycho NT.6 firmy Nanotemper;<\/li>\n<li>Transiluminator ChemiDOC XRS+;<\/li>\n<li>Spektrofotometr nanodrop 2000;<\/li>\n<li>Zestawy do prowadzenia elektorforezy oraz blottingu firmy ThermoFisher.<\/li>\n<\/ul>\n<h3>TEMATYKA BADAWCZA<\/h3>\n<ul>\n<li>Charakterystyka mechanizmu dzia\u0142ania potencjalnych lek\u00f3w w oparciu o zmiany poziomu ekspresji gen\u00f3w oraz bia\u0142ek;<\/li>\n<li>Analiza wp\u0142ywu badanych zwi\u0105zk\u00f3w na zmiany cyklu kom\u00f3rkowego z wykorzystaniem cytometrii przep\u0142ywowej;<\/li>\n<li>Badanie w\u0142a\u015bciwo\u015bci anty-enzymatycznych potencjalnych inhibitor\u00f3w bia\u0142ek;<\/li>\n<li>Analiza oddzia\u0142ywania bia\u0142ko-ligand oraz DNA-ligand dla potencjalnych inhibitor\u00f3w lub interkalator\u00f3w.<\/li>\n<\/ul>\n<h3>ZAKRES US\u0141UG<\/h3>\n<ul>\n<li>Analiza mechanizmu dzia\u0142ania potencjalnych lek\u00f3w z wykorzystaniem metod biologii molekularnej;<\/li>\n<li>Badania oddzia\u0142ywania bia\u0142ko-ligand oraz DNA-ligand.<\/li>\n<\/ul>\n<p>\n<\/div>\r\n                    <\/div>\r\n                <\/div>            \r\n                    <div class=\"container\">\r\n                        <div class=\"gallery gallery_3\" data-images-in-row=\"3\">\r\n                            \r\n                            <div class=\"row m-0\">\r\n                                <a data-fancybox-group=\"button\" title=\"\" data-fancybox=\"942\" href=\"https:\/\/us.edu.pl\/instytut\/ifiz\/wp-content\/uploads\/sites\/39\/Laboratoria\/Pracownia-biologii-molekularnej-1.jpg\" class=\"gallery__item thumbnail\"\r\n                                    style=\"background-image: url(https:\/\/us.edu.pl\/instytut\/ifiz\/wp-content\/uploads\/sites\/39\/Laboratoria\/Pracownia-biologii-molekularnej-1-1024x576.jpg)\"> <span class=\"d-none\">https:\/\/us.edu.pl\/instytut\/ifiz\/wp-content\/uploads\/sites\/39\/Laboratoria\/Pracownia-biologii-molekularnej-1.jpg<\/span> <\/a><a data-fancybox-group=\"button\" title=\"\" data-fancybox=\"942\" href=\"https:\/\/us.edu.pl\/instytut\/ifiz\/wp-content\/uploads\/sites\/39\/Laboratoria\/Pracownia-biologii-molekularnej-2.jpg\" class=\"gallery__item thumbnail\"\r\n                                    style=\"background-image: url(https:\/\/us.edu.pl\/instytut\/ifiz\/wp-content\/uploads\/sites\/39\/Laboratoria\/Pracownia-biologii-molekularnej-2-1024x576.jpg)\"> <span class=\"d-none\">https:\/\/us.edu.pl\/instytut\/ifiz\/wp-content\/uploads\/sites\/39\/Laboratoria\/Pracownia-biologii-molekularnej-2.jpg<\/span> <\/a>\r\n                            <\/div>\r\n                    <\/div>\r\n                <\/div>[\/vc_column][\/vc_row]<\/p>","protected":false},"excerpt":{"rendered":"<p>[vc_row][vc_column][\/vc_column][\/vc_row] [&#8230;]<\/p>\n<p><a class=\"btn btn-secondary understrap-read-more-link\" href=\"https:\/\/us.edu.pl\/instytut\/ifiz\/nauka\/laboratoria\/pracownia-biologii-molekularnej\/\">Read More&#8230;<\/a><\/p>\n","protected":false},"author":104,"featured_media":0,"parent":1177,"menu_order":190,"comment_status":"closed","ping_status":"closed","template":"","meta":{"_expiration-date-status":"","_expiration-date":0,"_expiration-date-type":"","_expiration-date-categories":[],"_expiration-date-options":[]},"acf":[],"_links":{"self":[{"href":"https:\/\/us.edu.pl\/instytut\/ifiz\/wp-json\/wp\/v2\/pages\/1561"}],"collection":[{"href":"https:\/\/us.edu.pl\/instytut\/ifiz\/wp-json\/wp\/v2\/pages"}],"about":[{"href":"https:\/\/us.edu.pl\/instytut\/ifiz\/wp-json\/wp\/v2\/types\/page"}],"author":[{"embeddable":true,"href":"https:\/\/us.edu.pl\/instytut\/ifiz\/wp-json\/wp\/v2\/users\/104"}],"replies":[{"embeddable":true,"href":"https:\/\/us.edu.pl\/instytut\/ifiz\/wp-json\/wp\/v2\/comments?post=1561"}],"version-history":[{"count":0,"href":"https:\/\/us.edu.pl\/instytut\/ifiz\/wp-json\/wp\/v2\/pages\/1561\/revisions"}],"up":[{"embeddable":true,"href":"https:\/\/us.edu.pl\/instytut\/ifiz\/wp-json\/wp\/v2\/pages\/1177"}],"wp:attachment":[{"href":"https:\/\/us.edu.pl\/instytut\/ifiz\/wp-json\/wp\/v2\/media?parent=1561"}],"curies":[{"name":"wp","href":"https:\/\/api.w.org\/{rel}","templated":true}]}}