{"id":1599,"date":"2020-04-23T12:53:34","date_gmt":"2020-04-23T10:53:34","guid":{"rendered":"http:\/\/us.edu.pl\/instytut\/ifiz\/?page_id=1599"},"modified":"2026-03-06T15:16:41","modified_gmt":"2026-03-06T14:16:41","slug":"pracownia-nanotechnologii","status":"publish","type":"page","link":"https:\/\/us.edu.pl\/instytut\/ifiz\/nauka\/laboratoria\/pracownia-nanotechnologii\/","title":{"rendered":"Pracownia nanotechnologii"},"content":{"rendered":"<p>[vc_row][vc_column]\r\n                <div class=\"text-modules\">\r\n                    <div class=\"container\">\r\n                        <h3 class=\"page-title text__title\">Pracownia nanotechnologii<\/h3>\r\n                        <div class=\"text-modules__content\"><p><strong>Kierownik:<\/strong> dr hab. Anna Mrozek-Wilczkiewicz, <a href=\"mailto:anna.mrozek-wilczkiewicz@us.edu.pl\">anna.mrozek-wilczkiewicz@us.edu.pl<\/a><\/p>\n<p><strong>Opiekun: <\/strong>dr Katarzyna Malarz, <a href=\"mailto:katarzyna.malarz@us.edu.pl\">katarzyna.malarz@us.edu.pl<\/a><\/p>\n<p><strong>Tel.\/Phone:<\/strong> + 32 349 76 69<\/p>\n<p><strong>Lokalizacja:<\/strong> F\/1\/07<\/p>\n<p>&nbsp;<\/p>\n<h3>O NAS<\/h3>\n<p>Tematyka prac badawczych realizowanych w pracowni nanotechnologii obejmuje oznaczenie stopnia czysto\u015bci syntezowanych zwi\u0105zk\u00f3w ma\u0142ocz\u0105steczkowych. W pracowni wytwarzane s\u0105 liposomy, kt\u00f3re nast\u0119pnie s\u0105 badane pod wzgl\u0119dem fizykochemicznym. Ponadto, prace badawcze dotycz\u0105 charakterystyki innych materia\u0142\u00f3w takich jak nanocz\u0105stki, bia\u0142ka oraz mikroemulsje. Dodatkowo istnieje mo\u017cliwo\u015b\u0107 badania wielko\u015bci cz\u0105stek zdyspergowanych w cieczy, potencja\u0142u zeta, a tak\u017ce bezwzgl\u0119dnej masy cz\u0105steczkowej bia\u0142ek oraz polimer\u00f3w przy pomocy technik DLS, ELS oraz SLS.<\/p>\n<h3>NASZA APARATURA<\/h3>\n<ul>\n<li>Wysokiej klasy system chromatografii HPLC 1210S firmy Agilent Technogies;<\/li>\n<li>Analizator Zetasizer NANO C-948382 firmy Malvern;<\/li>\n<li>Liofilizator LYO GT2\/GT 2-E SRK;<\/li>\n<li>Sonifikator Sonic RUPTOR 400;<\/li>\n<li>Koncentrator miVac Genevac, model DUC713058;<\/li>\n<li>Ekstruder do liposom\u00f3w model 210 firmy Polyscience;<\/li>\n<li>Wyparka rotacyjna RE300OB firmy Stuart.<\/li>\n<\/ul>\n<h3>TEMATYKA BADAWCZA<\/h3>\n<ul>\n<li>Analiza stopnia czysto\u015bci syntezowanych zwi\u0105zk\u00f3w ma\u0142ocz\u0105steczkowych;<\/li>\n<li>Synteza oraz badania fizykochemiczne liposom\u00f3w, kt\u00f3re s\u0105 nast\u0119pnie wykorzystywane jako no\u015bniki potencjalnych lek\u00f3w;<\/li>\n<li>Charakterystyka fizykochemiczna nanomateria\u0142\u00f3w, bia\u0142ek, polimer\u00f3w oraz mikroemulsji po k\u0105tem wielko\u015bci cz\u0105stek zdyspergowanych w cieczy, potencja\u0142u zeta, a tak\u017ce bezwzgl\u0119dnej masy cz\u0105steczkowej.<\/li>\n<\/ul>\n<h3>ZAKRES US\u0141UG<\/h3>\n<ul>\n<li>Oznaczenie czysto\u015bci zwi\u0105zk\u00f3w organicznych;<\/li>\n<li>Synteza oraz analiza fizykochemiczna lizosom\u00f3w;<\/li>\n<li>Charakterystyka nanomateria\u0142\u00f3w, bia\u0142ek, polimer\u00f3w mikroemulsji przy pomocy technik DLS, ELS oraz SLS.<\/li>\n<\/ul>\n<p>\n<\/div>\r\n                    <\/div>\r\n                <\/div>            \r\n                    <div class=\"container\">\r\n                        <div class=\"gallery gallery_3\" data-images-in-row=\"3\">\r\n                            \r\n                            <div class=\"row m-0\">\r\n                                <a data-fancybox-group=\"button\" title=\"\" data-fancybox=\"922\" href=\"https:\/\/us.edu.pl\/instytut\/ifiz\/wp-content\/uploads\/sites\/39\/Laboratoria\/Pracownia-nanotechnologii-3.jpg\" class=\"gallery__item thumbnail\"\r\n                                    style=\"background-image: url(https:\/\/us.edu.pl\/instytut\/ifiz\/wp-content\/uploads\/sites\/39\/Laboratoria\/Pracownia-nanotechnologii-3-1024x576.jpg)\"> <span class=\"d-none\">https:\/\/us.edu.pl\/instytut\/ifiz\/wp-content\/uploads\/sites\/39\/Laboratoria\/Pracownia-nanotechnologii-3.jpg<\/span> <\/a><a data-fancybox-group=\"button\" title=\"\" data-fancybox=\"922\" href=\"https:\/\/us.edu.pl\/instytut\/ifiz\/wp-content\/uploads\/sites\/39\/Laboratoria\/Pracownia-nanotechnologii-1.jpg\" class=\"gallery__item thumbnail\"\r\n                                    style=\"background-image: url(https:\/\/us.edu.pl\/instytut\/ifiz\/wp-content\/uploads\/sites\/39\/Laboratoria\/Pracownia-nanotechnologii-1-1024x576.jpg)\"> <span class=\"d-none\">https:\/\/us.edu.pl\/instytut\/ifiz\/wp-content\/uploads\/sites\/39\/Laboratoria\/Pracownia-nanotechnologii-1.jpg<\/span> <\/a><a data-fancybox-group=\"button\" title=\"\" data-fancybox=\"922\" href=\"https:\/\/us.edu.pl\/instytut\/ifiz\/wp-content\/uploads\/sites\/39\/Laboratoria\/Pracownia-nanotechnologii-2.jpg\" class=\"gallery__item thumbnail\"\r\n                                    style=\"background-image: url(https:\/\/us.edu.pl\/instytut\/ifiz\/wp-content\/uploads\/sites\/39\/Laboratoria\/Pracownia-nanotechnologii-2-1024x576.jpg)\"> <span class=\"d-none\">https:\/\/us.edu.pl\/instytut\/ifiz\/wp-content\/uploads\/sites\/39\/Laboratoria\/Pracownia-nanotechnologii-2.jpg<\/span> <\/a>\r\n                            <\/div>\r\n                    <\/div>\r\n                <\/div>[\/vc_column][\/vc_row]<\/p>","protected":false},"excerpt":{"rendered":"<p>[vc_row][vc_column][\/vc_column][\/vc_row] [&#8230;]<\/p>\n<p><a class=\"btn btn-secondary understrap-read-more-link\" href=\"https:\/\/us.edu.pl\/instytut\/ifiz\/nauka\/laboratoria\/pracownia-nanotechnologii\/\">Read More&#8230;<\/a><\/p>\n","protected":false},"author":104,"featured_media":0,"parent":1177,"menu_order":275,"comment_status":"closed","ping_status":"closed","template":"","meta":{"_expiration-date-status":"","_expiration-date":0,"_expiration-date-type":"","_expiration-date-categories":[],"_expiration-date-options":[]},"acf":[],"_links":{"self":[{"href":"https:\/\/us.edu.pl\/instytut\/ifiz\/wp-json\/wp\/v2\/pages\/1599"}],"collection":[{"href":"https:\/\/us.edu.pl\/instytut\/ifiz\/wp-json\/wp\/v2\/pages"}],"about":[{"href":"https:\/\/us.edu.pl\/instytut\/ifiz\/wp-json\/wp\/v2\/types\/page"}],"author":[{"embeddable":true,"href":"https:\/\/us.edu.pl\/instytut\/ifiz\/wp-json\/wp\/v2\/users\/104"}],"replies":[{"embeddable":true,"href":"https:\/\/us.edu.pl\/instytut\/ifiz\/wp-json\/wp\/v2\/comments?post=1599"}],"version-history":[{"count":0,"href":"https:\/\/us.edu.pl\/instytut\/ifiz\/wp-json\/wp\/v2\/pages\/1599\/revisions"}],"up":[{"embeddable":true,"href":"https:\/\/us.edu.pl\/instytut\/ifiz\/wp-json\/wp\/v2\/pages\/1177"}],"wp:attachment":[{"href":"https:\/\/us.edu.pl\/instytut\/ifiz\/wp-json\/wp\/v2\/media?parent=1599"}],"curies":[{"name":"wp","href":"https:\/\/api.w.org\/{rel}","templated":true}]}}