{"id":1752,"date":"2020-06-01T12:45:35","date_gmt":"2020-06-01T10:45:35","guid":{"rendered":"https:\/\/us.edu.pl\/instytut\/ifiz\/?page_id=1752"},"modified":"2021-01-19T11:31:49","modified_gmt":"2021-01-19T10:31:49","slug":"badanie-wlasnosci-neutrin-eksperyment-t2k","status":"publish","type":"page","link":"https:\/\/us.edu.pl\/instytut\/ifiz\/nauka\/zespoly-badawcze\/fizyka-jadrowa-w-badaniach-oddzialywan-i-jej-zastosowania\/badanie-wlasnosci-neutrin-eksperyment-t2k\/","title":{"rendered":"Badanie w\u0142asno\u015bci neutrin: eksperymenty T2K i Hyper-Kamiokande"},"content":{"rendered":"<p>[vc_row el_class=&#8221;container&#8221;][vc_column][vc_row_inner][vc_column_inner width=&#8221;1\/4&#8243;]\r\n                <div class=\"text-modules\">\r\n                    <div class=\"container\">\r\n                        \r\n                        <div class=\"text-modules__content\"><p>Grupa badawcza:<\/p>\n<ul>\n<li><a href=\"https:\/\/ab.us.edu.pl\/emp?id=11222\">prof. dr hab. Jan Kisiel<\/a><\/li>\n<li><a href=\"https:\/\/ab.us.edu.pl\/emp?id=2222\">dr hab. Akadiusz Bubak<\/a><\/li>\n<li><a href=\"https:\/\/ab.us.edu.pl\/emp?id=8802\">mgr Jacek Holeczek<\/a><\/li>\n<li>mgr Kamil Porwit (doktorant)<\/li>\n<\/ul>\n<p>\n<\/div>\r\n                    <\/div>\r\n                <\/div>[\/vc_column_inner][vc_column_inner width=&#8221;3\/4&#8243;]\r\n                <div class=\"text-modules\">\r\n                    <div class=\"container\">\r\n                        <h3 class=\"page-title text__title\">Neutrina<\/h3>\r\n                        <div class=\"text-modules__content\"><\/p>\n<header class=\"entry-header\">\n<h1 class=\"entry-title\" style=\"text-align: justify\">Eksperyment T2K (Tokai-to-Kamioka)<\/h1>\n<\/header>\n<div class=\"entry-content\" style=\"text-align: justify\">\n<p>Zadania projektu dotycz\u0105 udzia\u0142u polskich grup neutrinowych w mi\u0119dzynarodowym eksperymencie T2K, a w szczeg\u00f3lno\u015bci w jego drugiej fazie, kt\u00f3rej najwa\u017cniejszym celem jest badanie zjawiska \u0142amania symetrii CP w sektorze leptonowym poprzez r\u00f3wnoczesny pomiar oscylacji neutrin i antyneutrin.<\/p>\n<p>&nbsp;<\/p>\n<p>Eksperyment T2K sk\u0142ada si\u0119 z wi\u0105zki neutrin mionowych produkowanej w J-PARC\/Tokai\/Japonia, bliskiego detektora neutrin ND280 znajduj\u0105cego si\u0119 w Tokai oraz odleg\u0142ego o 295 km dalekiego detektora Super-Kamiokande umiejscowionego w Alpach Japo\u0144skich. Oba detektory neutrin, bliski i daleki, pozwalaj\u0105 na studia nad oscylacjami neutrin na niespotykan\u0105 dot\u0105d skal\u0119., czego przyk\u0142adem by\u0142a obserwacja w 2011 roku oscylacji neutrin mionowych w elektronowe (publikacja pt. <i>Indication of Electron Neutrino Appearance from an Accelerator-produced Off-axis Muon Neutrino Beam, Phys. Rev. Lett. <\/i><b><i>107<\/i><\/b><i> (2011) 041801 by\u0142a cytowana \u00a01329 razy na dzie\u0144 18.12.2017 wg bazy inspirehep.net<\/i>).<\/p>\n<\/div>\n<h3><img class=\"aligncenter\" src=\"https:\/\/us.edu.pl\/instytut\/ifiz\/wp-content\/uploads\/sites\/39\/2020\/12\/600px-T2K_experiment_beam.png\" alt=\"\" width=\"600\" height=\"141\" \/><\/h3>\n<h4 id=\"goal\" style=\"text-align: justify\">Najwa\u017cniejsze wyniki<\/h4>\n<p class=\"articles\" style=\"text-align: justify\">Do najwa\u017cniejszych wynik\u00f3w otrzymanych przez eksperyment T2K nale\u017c\u0105:<\/p>\n<ul>\n<li style=\"text-align: justify\">potwierdzenie pojawiania si\u0119 neutrin elektronowych w wi\u0105zce neutrin mionowych<br \/>\n[<a href=\"https:\/\/arxiv.org\/abs\/1106.2822\" target=\"blank\" rel=\"noopener noreferrer\">arXiv:1106.2822 [hep-ex]<\/a>, <a href=\"https:\/\/arxiv.org\/abs\/1304.0841\" target=\"blank\" rel=\"noopener noreferrer\">arXiv:1304.0841 [hep-ex]<\/a>];<\/li>\n<li style=\"text-align: justify\">najlepszy na \u015bwiecie pomiar parametru \u03b8<sub>23<\/sub> [<a href=\"https:\/\/arxiv.org\/abs\/1403.1532\" target=\"blank\" rel=\"noopener noreferrer\">arXiv:1403.1532 [hep-ex]<\/a>];<\/li>\n<li style=\"text-align: justify\">pierwsze znacz\u0105ce ograniczenie na poziomie 3\u03c3 mo\u017cliwych warto\u015bci fazy \u03b4<sub>CP<\/sub>, odpowiedzialnej za zachowanie lub \u0142amanie symetrii CP (czyli symetrii mi\u0119dzy materi\u0105 i antymateri\u0105) w sektorze neutrin [<a href=\"https:\/\/arxiv.org\/abs\/1910.03887\" target=\"blank\" rel=\"noopener noreferrer\">arXiv:1910.03887 [hep-ex]<\/a>, <a href=\"https:\/\/www.nature.com\/articles\/s41586-020-2177-0\" target=\"blank\" rel=\"noopener noreferrer\">Nature volume 580, pages339\u2013344(2020)<\/a>];<\/li>\n<li style=\"text-align: justify\">a tak\u017ce liczne pomiary przekroj\u00f3w czynnych dla neutrin:<br \/>\n[<a href=\"https:\/\/arxiv.org\/abs\/1602.03652\" target=\"blank\" rel=\"noopener noreferrer\">arXiv:1602.03652 [hep-ex]<\/a>, <a href=\"https:\/\/arxiv.org\/abs\/1802.05078\" target=\"blank\" rel=\"noopener noreferrer\">arXiv:1802.05078 [hep-ex]<\/a>, <a href=\"https:\/\/arxiv.org\/abs\/2002.11986\" target=\"blank\" rel=\"noopener noreferrer\">arXiv:2002.11986 [hep-ex]<\/a>].<\/li>\n<\/ul>\n<p>&nbsp;<\/p>\n<h4>Wi\u0119cej na oficjalnej stronie eksperymentu T2K<\/h4>\n<ul>\n<li><a href=\"https:\/\/t2k-experiment.org\/\">https:\/\/t2k-experiment.org\/<\/a><\/li>\n<\/ul>\n<p>&nbsp;<\/p>\n<header class=\"entry-header\">\n<h1 class=\"entry-title\">Eksperyment Hyper-Kamiokande<\/h1>\n<\/header>\n<div class=\"entry-content\">\n<p style=\"text-align: justify\">Hyper-Kamiokande (HK) ma by\u0107 nast\u0119pn\u0105 generacj\u0105 wielkoskalowych wodnych detektor\u00f3w Czerenkowa. Planuje si\u0119, \u017ce b\u0119dzie o rz\u0105d wielko\u015bci wi\u0119kszy ni\u017c jego poprzednik, Super-Kamiokande (SK), z optymaln\u0105 konstrukcj\u0105 sk\u0142adaj\u0105c\u0105 si\u0119 z dw\u00f3ch p\u00f3\u0142megatonowych zbiornik\u00f3w wyposa\u017conych w ultrawysokoczu\u0142e fotokom\u00f3rki. Detektor Hyper-Kamiokande jest zar\u00f3wno \u201emikroskopem\u201d u\u017cywanym do obserwacji cz\u0105stek elementarnych, jak i \u201eteleskopem\u201d do obserwacji S\u0142o\u0144ca i supernowych przy u\u017cyciu neutrin.<\/p>\n<p style=\"text-align: center\">\n<\/div>\n<div class=\"entry-content\">\n<p style=\"text-align: justify\">Projekt Hyper-Kamiokande ma niezwykle bogate portfolio fizyki, kt\u00f3re obejmuje badania naruszenia CP w sektorze leptonowym i parametry mieszania neutrin po rozpad proton\u00f3w, neutrina atmosferyczne i neutrina pochodzenia astronomicznego. Jest wspierany zar\u00f3wno przez spo\u0142eczno\u015b\u0107 HEP, jak i Cosmic Ray.<\/p>\n<p style=\"text-align: justify\">Wsp\u00f3\u0142praca Hyper-Kamiokande sk\u0142ada si\u0119 obecnie z cz\u0142onk\u00f3w z instytut\u00f3w pochodz\u0105cych z 13 kraj\u00f3w na 3 r\u00f3\u017cnych kontynentach.<\/p>\n<\/div>\n<h4>Wi\u0119cej na oficjalnej stronie eksperymentu Hyper-Kamiokande<\/h4>\n<ul>\n<li><a title=\"Eksperyment Hyper-Kamiokande\" href=\"https:\/\/www.hyperk.org\/\">https:\/\/www.hyperk.org\/<\/a><\/li>\n<\/ul>\n<p>&nbsp;<\/p>\n<header class=\"entry-header\">\n<h1 class=\"entry-title\">Polskie Konsorcjum Naukowe Hyper-Kamiokande<\/h1>\n<\/header>\n<p style=\"text-align: justify\">Opieraj\u0105c si\u0119 na wieloletniej wsp\u00f3\u0142racy w dziedzinie bada\u0144 fizyki cz\u0105stek elementarnych, a w szczeg\u00f3lno\u015bci fizyki neutrin oraz prac dotycz\u0105cych rozwoju detektor\u00f3w i technik eksperymentalnych, w dniu 28 pa\u017adziernika 2020 zosta\u0142a podpisana umowa o utworzeniu Konsorcjum Naukowego pn. &#8222;Hyper-Kamiokande&#8221; pomi\u0119dzy 8 polskimi instytucjami:<\/p>\n<ul style=\"text-align: justify\">\n<li>Narodowe Centrum Bada\u0144 J\u0105drowych,<\/li>\n<li>Uniwersytet Warszawski,<\/li>\n<li>Politechnika Warszawska,<\/li>\n<li>Uniwersytet \u015al\u0105ski,<\/li>\n<li>Uniwersytet Wroc\u0142awski,<\/li>\n<li>Instytut Fizyki J\u0105drowej im. H. Niewodnicza\u0144skiego Polskiej Akademii Nauk,<\/li>\n<li>Uniwersytet Jagiello\u0144ski,<\/li>\n<li>Akademia G\u00f3rniczo-Hutnicza.<\/li>\n<\/ul>\n<p style=\"text-align: justify\">Celem Konsorcjum jest integracja prac badawczych, rozwojowych, edukacyjnych i popularyzatorskich zwi\u0105zanych z fizyka neutrin. Cele te b\u0119d\u0105 realizowane g\u0142\u00f3wnie przez przygotowanie i udzia\u0142 w eksperymencie Hyper-Kamiokande realizowanym w Japonii.<\/p>\n<p>\n<\/div>\r\n                    <\/div>\r\n                <\/div>[\/vc_column_inner][\/vc_row_inner][\/vc_column][\/vc_row]<\/p>","protected":false},"excerpt":{"rendered":"<p>[vc_row el_class=&#8221;container&#8221;][vc_column][vc_row_inner][vc_column_inner width=&#8221;1\/4&#8243;][\/vc_column_inner][vc_column_inner width=&#8221;3\/4&#8243;][\/vc_column_inner][\/vc_row_inner][\/vc_column][\/vc_row] [&#8230;]<\/p>\n<p><a class=\"btn btn-secondary understrap-read-more-link\" href=\"https:\/\/us.edu.pl\/instytut\/ifiz\/nauka\/zespoly-badawcze\/fizyka-jadrowa-w-badaniach-oddzialywan-i-jej-zastosowania\/badanie-wlasnosci-neutrin-eksperyment-t2k\/\">Read More&#8230;<\/a><\/p>\n","protected":false},"author":104,"featured_media":0,"parent":1416,"menu_order":0,"comment_status":"closed","ping_status":"closed","template":"","meta":{"_expiration-date-status":"saved","_expiration-date":0,"_expiration-date-type":"","_expiration-date-categories":[],"_expiration-date-options":[]},"acf":[],"_links":{"self":[{"href":"https:\/\/us.edu.pl\/instytut\/ifiz\/wp-json\/wp\/v2\/pages\/1752"}],"collection":[{"href":"https:\/\/us.edu.pl\/instytut\/ifiz\/wp-json\/wp\/v2\/pages"}],"about":[{"href":"https:\/\/us.edu.pl\/instytut\/ifiz\/wp-json\/wp\/v2\/types\/page"}],"author":[{"embeddable":true,"href":"https:\/\/us.edu.pl\/instytut\/ifiz\/wp-json\/wp\/v2\/users\/104"}],"replies":[{"embeddable":true,"href":"https:\/\/us.edu.pl\/instytut\/ifiz\/wp-json\/wp\/v2\/comments?post=1752"}],"version-history":[{"count":0,"href":"https:\/\/us.edu.pl\/instytut\/ifiz\/wp-json\/wp\/v2\/pages\/1752\/revisions"}],"up":[{"embeddable":true,"href":"https:\/\/us.edu.pl\/instytut\/ifiz\/wp-json\/wp\/v2\/pages\/1416"}],"wp:attachment":[{"href":"https:\/\/us.edu.pl\/instytut\/ifiz\/wp-json\/wp\/v2\/media?parent=1752"}],"curies":[{"name":"wp","href":"https:\/\/api.w.org\/{rel}","templated":true}]}}