{"id":1756,"date":"2020-06-01T13:00:10","date_gmt":"2020-06-01T11:00:10","guid":{"rendered":"https:\/\/us.edu.pl\/instytut\/ifiz\/?page_id=1756"},"modified":"2021-01-15T13:36:46","modified_gmt":"2021-01-15T12:36:46","slug":"spektroskopia-mossbauera-57fe-oraz-119sn","status":"publish","type":"page","link":"https:\/\/us.edu.pl\/instytut\/ifiz\/nauka\/zespoly-badawcze\/fizyka-jadrowa-w-badaniach-oddzialywan-i-jej-zastosowania\/spektroskopia-mossbauera-57fe-oraz-119sn\/","title":{"rendered":"Spektroskopia Mossbauera 57Fe oraz 119Sn"},"content":{"rendered":"<p>[vc_row el_class=&#8221;container&#8221;][vc_column][vc_row_inner][vc_column_inner width=&#8221;1\/4&#8243;]\r\n                <div class=\"text-modules\">\r\n                    <div class=\"container\">\r\n                        \r\n                        <div class=\"text-modules__content\"><p>Grupa badawcza:<\/p>\n<ul>\n<li><a href=\"https:\/\/ab.us.edu.pl\/emp?id=14732\">dr Mariola K\u0105dzio\u0142ka-Gawe\u0142<\/a><\/li>\n<\/ul>\n<p>\n<\/div>\r\n                    <\/div>\r\n                <\/div>[\/vc_column_inner][vc_column_inner width=&#8221;3\/4&#8243;]\r\n                <div class=\"text-modules\">\r\n                    <div class=\"container\">\r\n                        \r\n                        <div class=\"text-modules__content\"><\/p>\n<h4>Spektroskopia M\u00f6ssbauera <sup>57<\/sup>Fe oraz <sup>119<\/sup>Sn<\/h4>\n<p>Efekt M\u00f6ssbauera, tzw. bezodrzutowa emisja i absorbcja kwant\u00f3w gamma, jest zjawiskiem fizycznym posiadaj\u0105cym wiele praktycznych zastosowa\u0144 w fizyce, chemii, biologii, in\u017cynierii materia\u0142owej i metalurgii.\u00a0W\u00a0prowadzonych badaniach wykorzystuj\u0105cych efekt M\u00f6ssbauera stosowana jest technika transmisyjna, a stosowane \u017ar\u00f3d\u0142a promieniowania to izotopy <sup>57<\/sup>Fe oraz <sup>119<\/sup>Sn. Analiza obserwowanego widma m\u00f6ssbauerowskiego pozwala na identyfikacj\u0119 w\u0142asno\u015bci materia\u0142\u00f3w zawieraj\u0105cych \u017celazo lub cyn\u0119, mi\u0119dzy innymi:<\/p>\n<ul>\n<li>analiz\u0119 fazow\u0105 pr\u00f3bek zawieraj\u0105cych Fe (lub Sn) z mo\u017cliwo\u015bci\u0105 okre\u015blenia wzgl\u0119dnego udzia\u0142u faz z dok\u0142adno\u015bci\u0105 wi\u0119ksza ni\u017c 1%;<\/li>\n<li>g\u0119sto\u015b\u0107 \u0142adunkow\u0105 elektron\u00f3w w miejscu j\u0105dra Fe (lub Sn), a tym samym jego walencyjno\u015b\u0107;<\/li>\n<li>symetrie rozmieszczenia \u0142adunk\u00f3w oraz pole magnetyczne dzia\u0142aj\u0105ce na jadro rezonansowe.<\/li>\n<\/ul>\n<p>Spektrometr m\u00f6ssbauerowski wyposa\u017cany jest w przystawk\u0119 temperaturow\u0105, umo\u017cliwiaj\u0105c\u0105 \u00a0wykonywanie pomiar\u00f3w w pr\u00f3\u017cni w zakresie temperatur od 300K do 1000K.<\/p>\n<\/div>\r\n                    <\/div>\r\n                <\/div>[\/vc_column_inner][\/vc_row_inner][\/vc_column][\/vc_row]<\/p>","protected":false},"excerpt":{"rendered":"<p>[vc_row el_class=&#8221;container&#8221;][vc_column][vc_row_inner][vc_column_inner width=&#8221;1\/4&#8243;][\/vc_column_inner][vc_column_inner width=&#8221;3\/4&#8243;][\/vc_column_inner][\/vc_row_inner][\/vc_column][\/vc_row] [&#8230;]<\/p>\n<p><a class=\"btn btn-secondary understrap-read-more-link\" href=\"https:\/\/us.edu.pl\/instytut\/ifiz\/nauka\/zespoly-badawcze\/fizyka-jadrowa-w-badaniach-oddzialywan-i-jej-zastosowania\/spektroskopia-mossbauera-57fe-oraz-119sn\/\">Read More&#8230;<\/a><\/p>\n","protected":false},"author":104,"featured_media":0,"parent":1416,"menu_order":0,"comment_status":"closed","ping_status":"closed","template":"","meta":{"_expiration-date-status":"saved","_expiration-date":0,"_expiration-date-type":"","_expiration-date-categories":[],"_expiration-date-options":[]},"acf":[],"_links":{"self":[{"href":"https:\/\/us.edu.pl\/instytut\/ifiz\/wp-json\/wp\/v2\/pages\/1756"}],"collection":[{"href":"https:\/\/us.edu.pl\/instytut\/ifiz\/wp-json\/wp\/v2\/pages"}],"about":[{"href":"https:\/\/us.edu.pl\/instytut\/ifiz\/wp-json\/wp\/v2\/types\/page"}],"author":[{"embeddable":true,"href":"https:\/\/us.edu.pl\/instytut\/ifiz\/wp-json\/wp\/v2\/users\/104"}],"replies":[{"embeddable":true,"href":"https:\/\/us.edu.pl\/instytut\/ifiz\/wp-json\/wp\/v2\/comments?post=1756"}],"version-history":[{"count":0,"href":"https:\/\/us.edu.pl\/instytut\/ifiz\/wp-json\/wp\/v2\/pages\/1756\/revisions"}],"up":[{"embeddable":true,"href":"https:\/\/us.edu.pl\/instytut\/ifiz\/wp-json\/wp\/v2\/pages\/1416"}],"wp:attachment":[{"href":"https:\/\/us.edu.pl\/instytut\/ifiz\/wp-json\/wp\/v2\/media?parent=1756"}],"curies":[{"name":"wp","href":"https:\/\/api.w.org\/{rel}","templated":true}]}}