{"id":1814,"date":"2020-06-09T10:20:37","date_gmt":"2020-06-09T08:20:37","guid":{"rendered":"https:\/\/us.edu.pl\/instytut\/ifiz\/?page_id=1814"},"modified":"2021-02-03T16:56:05","modified_gmt":"2021-02-03T15:56:05","slug":"badanie-zderzen-ciezkich-jonow-przy-posrednich-i-wysokich-energiach","status":"publish","type":"page","link":"https:\/\/us.edu.pl\/instytut\/ifiz\/nauka\/zespoly-badawcze\/fizyka-jadrowa-w-badaniach-oddzialywan-i-jej-zastosowania\/badanie-zderzen-ciezkich-jonow-przy-posrednich-i-wysokich-energiach\/","title":{"rendered":"Badanie zderze\u0144 ci\u0119\u017ckich jon\u00f3w przy po\u015brednich i wysokich energiach"},"content":{"rendered":"<p>[vc_row el_class=&#8221;container&#8221;][vc_column][vc_row_inner][vc_column_inner width=&#8221;1\/4&#8243;]\r\n                <div class=\"text-modules\">\r\n                    <div class=\"container\">\r\n                        \r\n                        <div class=\"text-modules__content\"><p>Grupa badawcza:<\/p>\n<ul>\n<li>dr hab. Seweryn Kowalski<\/li>\n<li>dr Katarzyna Schmidt<\/li>\n<li>dr Szymon Pu\u0142awski<\/li>\n<li>mgr inz. Bartosz \u0141ysakowski<\/li>\n<li>mgr in\u017c. Kamil W\u00f3jcik<\/li>\n<li>mgr in\u017c. Marta Urbaniak<\/li>\n<li>mgr Yuliia Balkova<\/li>\n<li>in\u017c. Natalia Kope\u0107<\/li>\n<\/ul>\n<p>\n<\/div>\r\n                    <\/div>\r\n                <\/div>[\/vc_column_inner][vc_column_inner width=&#8221;3\/4&#8243;]\r\n                <div class=\"text-modules\">\r\n                    <div class=\"container\">\r\n                        <h3 class=\"page-title text__title\">Zderzenia ci\u0119\u017ckich jon\u00f3w przy po\u015brednich i wysokich energiach<\/h3>\r\n                        <div class=\"text-modules__content\"><p><img class=\"aligncenter wp-image-2630 size-large\" src=\"https:\/\/us.edu.pl\/instytut\/ifiz\/wp-content\/uploads\/sites\/39\/Nieprzypisane\/DSC_0599-1024x685.jpg\" alt=\"\" width=\"640\" height=\"428\" srcset=\"https:\/\/us.edu.pl\/instytut\/ifiz\/wp-content\/uploads\/sites\/39\/Nieprzypisane\/DSC_0599-1024x685.jpg 1024w, https:\/\/us.edu.pl\/instytut\/ifiz\/wp-content\/uploads\/sites\/39\/Nieprzypisane\/DSC_0599-300x201.jpg 300w, https:\/\/us.edu.pl\/instytut\/ifiz\/wp-content\/uploads\/sites\/39\/Nieprzypisane\/DSC_0599-768x514.jpg 768w, https:\/\/us.edu.pl\/instytut\/ifiz\/wp-content\/uploads\/sites\/39\/Nieprzypisane\/DSC_0599-575x385.jpg 575w\" sizes=\"(max-width: 640px) 100vw, 640px\" \/><\/p>\n<p>Badania zderze\u0144 ci\u0119\u017ckich jon\u00f3w przy po\u015brednich i wysokich energiach jest jednym z kluczowych element\u00f3w sk\u0142adaj\u0105cych na poznanie budowy materii i rz\u0105dz\u0105cych ni\u0105 praw fizyki.<\/p>\n<p>Kierunki badawcze obejmuj\u0105 przede wszystkim poznanie w\u0142asno\u015bci silnie oddzia\u0142uj\u0105cej materii j\u0105drowej. W szczeg\u00f3lno\u015bci badanie:<\/p>\n<div style=\"text-align: justify\">\n<ul>\n<li>przej\u015bcia fazowego pomi\u0119dzy gazem hadronowym, a plazm\u0105 kwarkowo-gluonow\u0105 oraz poszukiwanie punktu krytycznego materii. Badania te s\u0105 mo\u017cliwe g\u0142\u00f3wnie poprzez pomiar produkcji cz\u0105stek zbudowanych mi\u0119dzy innymi z kwarku dziwnego lub powabnego wyprodukowanych w zderzeniowych ci\u0119\u017ckich jon\u00f3w (proton-proton, hadron-j\u0105dro oraz j\u0105dro-j\u0105dro) w szerokim zakresie relatywistycznych energii reakcji,<\/li>\n<\/ul>\n<ul>\n<li>dynamiki i przebiegu reakcji j\u0105drowych przy po\u015brednich energiach,<span lang=\"PL\"> poszukiwanie j\u0105der super i hiper ci\u0119\u017ckich oraz j\u0105der o egzotycznych kszta\u0142tach i sygna\u0142u kondensatu Bosego-Einsteina,<\/span><\/li>\n<\/ul>\n<ul>\n<li>procesu fragmentacji j\u0105der przy energiach relatywistyczych niezb\u0119dnego do zrozumienia propagacji promieniowania kosmicznego w Galaktyce i okre\u015blenia natury ciemnej materii.<\/li>\n<\/ul>\n<p>W ramach prac grupy r\u00f3wnie\u017c zajmujemy si\u0119 produkcj\u0105 i testowaniem detektor\u00f3w promieniowania wykorzystywanych w eksperymentach z fizyki j\u0105drowej, jak i fizyki zderze\u0144 ci\u0119\u017ckich jon\u00f3w przy energiach relatywistycznych.<\/p>\n<p>Jeste\u015bmy zaanga\u017cowani w nast\u0119puj\u0105ce projekty mi\u0119dzynarodowe:<\/p>\n<ul>\n<li>eksperyment <a href=\"https:\/\/shine.web.cern.ch\/\">NA61\/SHINE<\/a> w CERN, Genewa, Szwajcaria,<\/li>\n<li>eksperyment <a href=\"http:\/\/mpd.jinr.ru\/\">MPD<\/a> w JINR, Dubna, Rosja,<\/li>\n<li>eksperyment <a href=\"https:\/\/fair-center.eu\/user\/experiments\/nuclear-matter-physics\/cbm.html\">CBM<\/a> w FAIR, Darmstadt, Niemcy,<\/li>\n<li>wsp\u00f3\u0142praca z <a href=\"https:\/\/cyclotron.tamu.edu\/\">Cyclotron Institute<\/a> of Texas A&amp;M University, College Station, Stany Zjednoczone,<\/li>\n<li>wsp\u00f3\u0142praca z <a href=\"https:\/\/www.lns.infn.it\/en\/\">INFN del Sud<\/a>, Catania, W\u0142ochy<\/li>\n<\/ul>\n<p>oraz wsp\u00f3\u0142pracujemy z licznymi o\u015brodkami krajowymi.<\/p>\n<\/div>\n<p>\n<\/div>\r\n                    <\/div>\r\n                <\/div>[\/vc_column_inner][\/vc_row_inner][\/vc_column][\/vc_row][vc_row][vc_column][vc_column_text]<\/p>\n<p>[\/vc_column_text][\/vc_column][\/vc_row]<\/p>","protected":false},"excerpt":{"rendered":"<p>[vc_row el_class=&#8221;container&#8221;][vc_column][vc_row_inner][vc_column_inner width=&#8221;1\/4&#8243;][\/vc_column_inner][vc_column_inner width=&#8221;3\/4&#8243;][\/vc_column_inner][\/vc_row_inner][\/vc_column][\/vc_row][vc_row][vc_column][vc_column_text] [\/vc_column_text][\/vc_column][\/vc_row] [&#8230;]<\/p>\n<p><a class=\"btn btn-secondary understrap-read-more-link\" href=\"https:\/\/us.edu.pl\/instytut\/ifiz\/nauka\/zespoly-badawcze\/fizyka-jadrowa-w-badaniach-oddzialywan-i-jej-zastosowania\/badanie-zderzen-ciezkich-jonow-przy-posrednich-i-wysokich-energiach\/\">Read More&#8230;<\/a><\/p>\n","protected":false},"author":104,"featured_media":0,"parent":1416,"menu_order":0,"comment_status":"closed","ping_status":"closed","template":"","meta":{"_expiration-date-status":"saved","_expiration-date":0,"_expiration-date-type":"","_expiration-date-categories":[],"_expiration-date-options":[]},"acf":[],"_links":{"self":[{"href":"https:\/\/us.edu.pl\/instytut\/ifiz\/wp-json\/wp\/v2\/pages\/1814"}],"collection":[{"href":"https:\/\/us.edu.pl\/instytut\/ifiz\/wp-json\/wp\/v2\/pages"}],"about":[{"href":"https:\/\/us.edu.pl\/instytut\/ifiz\/wp-json\/wp\/v2\/types\/page"}],"author":[{"embeddable":true,"href":"https:\/\/us.edu.pl\/instytut\/ifiz\/wp-json\/wp\/v2\/users\/104"}],"replies":[{"embeddable":true,"href":"https:\/\/us.edu.pl\/instytut\/ifiz\/wp-json\/wp\/v2\/comments?post=1814"}],"version-history":[{"count":0,"href":"https:\/\/us.edu.pl\/instytut\/ifiz\/wp-json\/wp\/v2\/pages\/1814\/revisions"}],"up":[{"embeddable":true,"href":"https:\/\/us.edu.pl\/instytut\/ifiz\/wp-json\/wp\/v2\/pages\/1416"}],"wp:attachment":[{"href":"https:\/\/us.edu.pl\/instytut\/ifiz\/wp-json\/wp\/v2\/media?parent=1814"}],"curies":[{"name":"wp","href":"https:\/\/api.w.org\/{rel}","templated":true}]}}