{"id":3107,"date":"2021-11-24T14:19:09","date_gmt":"2021-11-24T13:19:09","guid":{"rendered":"https:\/\/us.edu.pl\/instytut\/ifiz\/?page_id=3107"},"modified":"2022-03-08T14:14:35","modified_gmt":"2022-03-08T13:14:35","slug":"tematyka-badan","status":"publish","type":"page","link":"https:\/\/us.edu.pl\/instytut\/ifiz\/nauka\/zespoly-badawcze\/poszukiwania-nowych-rozwiazan-w-interdyscyplinarnych-naukach-medycznych-przy-zastosowaniu-metod-fizyki-jadrowej\/tematyka-badan\/","title":{"rendered":"Tematyka bada\u0144"},"content":{"rendered":"<p>[vc_row][vc_column]\r\n                <div class=\"text-modules\">\r\n                    <div class=\"container\">\r\n                        <h3 class=\"page-title text__title\">Tematyka bada\u0144<\/h3>\r\n                        <div class=\"text-modules__content\"><\/p>\n<ul>\n<li><b>Badania promieniotw\u00f3rczo\u015bci wzbudzonej i reakcji j\u0105drowych w procesach wt\u00f3rnych towarzysz\u0105cych emisji terapeutycznych wi\u0105zek promieniowania jonizuj\u0105cego.<\/b>\u00a0Badania dotycz\u0105 proces\u00f3w zachodz\u0105cych zar\u00f3wno w elementach konstrukcyjnych i akcesoriach akcelerator\u00f3w medycznych, jak r\u00f3wnie\u017c w modu\u0142ach elektronicznych r\u00f3\u017cnych urz\u0105dze\u0144 m. in. w implantowanych urz\u0105dzeniach kardiologicznych (rozruszniki i stymulatory serca itp.). Badania bazuj\u0105 na spektroskopii promieniowania gamma.<\/li>\n<\/ul>\n<ul>\n<li><b>Badania wp\u0142ywu nanocz\u0105stek z\u0142ota wprowadzonych do obszaru tkanki nowotworowej na wzrost dawki w radioterapii nowotwor\u00f3w.<\/b>\u00a0Rozwa\u017cane s\u0105 r\u00f3\u017cne kszta\u0142ty i st\u0119\u017cenia nanostruktur, dla wi\u0105zek fotonowych stosowanych w teleradioterapii i wi\u0105zek protonowych stosowanych terapii hadronowej. Stosowana metoda: symulacje Monte Carlo z wykorzystaniem bibliotek GEANT4.<\/li>\n<\/ul>\n<ul>\n<li><b>Projektowanie os\u0142on ekranuj\u0105cych promieniowanie neutronowe na implantowane urz\u0105dzenia kardiologiczne dla pacjent\u00f3w poddanych leczeniu zewn\u0119trznymi wi\u0105zkami fotonowymi.<\/b>\u00a0Zasadniczo jako materia\u0142 konstrukcyjny dla os\u0142on rozwa\u017cane s\u0105 dwa materia\u0142y: kadm i w\u0119glik boru ze wzgl\u0119du na korzystne przekroje czynne na reakcj\u0119 (n,\u03b3). Os\u0142ony s\u0105 projektowane za pomoc\u0105 symulacji Monte Carlo, a ich skuteczno\u015b\u0107 b\u0119dzie weryfikowana przy zastosowaniu fantomu humanoidalnego i pomiar\u00f3w komor\u0105 helowa i detektorami termoluminescencyjnymi.<\/li>\n<\/ul>\n<ul>\n<li><b>Opracowanie metody identyfikacji s\u0142abych p\u00f3l neutronowych i pomiaru mocy fluencji neutron\u00f3w za pomoc\u0105 spektroskopii promieniowania gamma.<\/b>\u00a0Pomiary b\u0119d\u0105 bazowa\u0142y na oddzia\u0142ywaniach neutron\u00f3w z j\u0105drami atom\u00f3w germanu w krysztale germanu detektora HPGe.<\/li>\n<\/ul>\n<ul>\n<li><b>Badanie mo\u017cliwo\u015bci wytworzenia izomeru j\u0105drowego cyny-117m i jego zastosowania w \u015bwiatowej diagnostyce (scyntygrafii) jako alternatywy dla technetu-99m.<\/b>\u00a0W ramach bada\u0144 b\u0119d\u0105 podj\u0119te pr\u00f3by wytworzenia ww. izomeru za pomoc\u0105 r\u00f3\u017cnych reakcji j\u0105drowych m.in. (\u03b3,n). W planach jest tak\u017ce wykorzystanie reakcji (p,n), (p,p\u2019n) itp.<\/li>\n<\/ul>\n<ul>\n<li><b>Badania wp\u0142ywu niskoenergetycznych foton\u00f3w na dawk\u0119 poch\u0142oni\u0119t\u0105 w ochronie radiologicznej.<\/b>\u00a0Z powodu rozpraszania Rayleigha i efektu Comptona na elektronach mocno zwi\u0105zanych z atomami niskoenergetyczne fotony mog\u0105 pokonywa\u0107 grube warstwy materia\u0142\u00f3w os\u0142onowych daj\u0105c znacz\u0105cy przyczynek do dawki. Tego faktu nie uwzgl\u0119dnia si\u0119 w ochronie radiologicznej, co mo\u017ce prowadzi\u0107 do zani\u017cenia szacowanej dawki. Celem bada\u0144 jest dok\u0142adne poznanie tego problemu i w ostateczno\u015bci wyznaczenie krzywych transmisji z uwzgl\u0119dnieniem niskoenergetycznych foton\u00f3w.<\/li>\n<\/ul>\n<ul>\n<li><b>Opracowanie terapii borowo &#8211; neutronowej (ang. Boron Neutron Capture Therapy, BNCT) realizowanej za pomoc\u0105 \u017ar\u00f3d\u0142a Cf-252.<\/b>\u00a0Aktualnie terapi\u0119 borowo-neutronow\u0105 wykonuje si\u0119 przy wykorzystaniu neutron\u00f3w z reaktor\u00f3w badawczych, co ogranicza mo\u017cliwo\u015b\u0107 wprowadzenia tej techniki do du\u017cej liczby o\u015brodk\u00f3w onkologicznych. Zasadniczym problemem jest degradacja energetyczna i kolimacja neutron\u00f3w ze \u017ar\u00f3d\u0142a Cf-252. Ostatecznym celem bada\u0144 jest zaprojektowanie uk\u0142adu przekszta\u0142zaj\u0105cego strumie\u0144 neutron\u00f3w emitowanych z ww. \u017ar\u00f3d\u0142a neutron\u00f3w, w wi\u0105zk\u0119 terapeutyczn\u0105, dobrze skolimowan\u0105, z\u0142o\u017con\u0105 z neutron\u00f3w termicznych i ewentualnie rezonansowych.<\/li>\n<\/ul>\n<p>\n<\/div>\r\n                    <\/div>\r\n                <\/div>[\/vc_column][\/vc_row]<\/p>","protected":false},"excerpt":{"rendered":"<p>[vc_row][vc_column][\/vc_column][\/vc_row] [&#8230;]<\/p>\n<p><a class=\"btn btn-secondary understrap-read-more-link\" href=\"https:\/\/us.edu.pl\/instytut\/ifiz\/nauka\/zespoly-badawcze\/poszukiwania-nowych-rozwiazan-w-interdyscyplinarnych-naukach-medycznych-przy-zastosowaniu-metod-fizyki-jadrowej\/tematyka-badan\/\">Read More&#8230;<\/a><\/p>\n","protected":false},"author":104,"featured_media":0,"parent":1430,"menu_order":20,"comment_status":"closed","ping_status":"closed","template":"page-templates\/page-with-sidebar.php","meta":{"_expiration-date-status":"saved","_expiration-date":0,"_expiration-date-type":"","_expiration-date-categories":[],"_expiration-date-options":[]},"acf":[],"_links":{"self":[{"href":"https:\/\/us.edu.pl\/instytut\/ifiz\/wp-json\/wp\/v2\/pages\/3107"}],"collection":[{"href":"https:\/\/us.edu.pl\/instytut\/ifiz\/wp-json\/wp\/v2\/pages"}],"about":[{"href":"https:\/\/us.edu.pl\/instytut\/ifiz\/wp-json\/wp\/v2\/types\/page"}],"author":[{"embeddable":true,"href":"https:\/\/us.edu.pl\/instytut\/ifiz\/wp-json\/wp\/v2\/users\/104"}],"replies":[{"embeddable":true,"href":"https:\/\/us.edu.pl\/instytut\/ifiz\/wp-json\/wp\/v2\/comments?post=3107"}],"version-history":[{"count":0,"href":"https:\/\/us.edu.pl\/instytut\/ifiz\/wp-json\/wp\/v2\/pages\/3107\/revisions"}],"up":[{"embeddable":true,"href":"https:\/\/us.edu.pl\/instytut\/ifiz\/wp-json\/wp\/v2\/pages\/1430"}],"wp:attachment":[{"href":"https:\/\/us.edu.pl\/instytut\/ifiz\/wp-json\/wp\/v2\/media?parent=3107"}],"curies":[{"name":"wp","href":"https:\/\/api.w.org\/{rel}","templated":true}]}}