{"id":3168,"date":"2021-11-24T14:32:20","date_gmt":"2021-11-24T13:32:20","guid":{"rendered":"https:\/\/us.edu.pl\/instytut\/ifiz\/?page_id=3168"},"modified":"2022-03-08T14:08:07","modified_gmt":"2022-03-08T13:08:07","slug":"wspolpraca","status":"publish","type":"page","link":"https:\/\/us.edu.pl\/instytut\/ifiz\/nauka\/zespoly-badawcze\/poszukiwania-nowych-rozwiazan-w-interdyscyplinarnych-naukach-medycznych-przy-zastosowaniu-metod-fizyki-jadrowej\/wspolpraca\/","title":{"rendered":"Wsp\u00f3\u0142praca"},"content":{"rendered":"<p>[vc_row][vc_column]\r\n                <div class=\"text-modules\">\r\n                    <div class=\"container\">\r\n                        <h3 class=\"page-title text__title\">Wsp\u00f3\u0142praca<\/h3>\r\n                        <div class=\"text-modules__content\"><p><strong><i>Krajowa<\/i>:<\/strong><\/p>\n<ul>\n<li>Narodowy Instytut Onkologii im. M. Sk\u0142odowskiej-Curie Pa\u0144stwowy Instytut Badawczy Oddzia\u0142 w Gliwicach<\/li>\n<li>Wielkopolskie Centrum Onkologii w Poznaniu<\/li>\n<li>\u015al\u0105skie Centrum Chor\u00f3b Sercza w Zabrzu<\/li>\n<li>\u015al\u0105ski Uniwersytet Medyczny w Katowicach<\/li>\n<li>Wielospecjalistyczny Szpital Wojew\u00f3dzki w Gorzowie Wielkopolskim<\/li>\n<li>Instytut Fizyki im. Mariana Smoluchowskiego UJ w Krakowie<\/li>\n<li>Instytut Fizyki J\u0105drowej im. Henryka Niewodnicza\u0144skiego Polskiej Akademii Nauk w Krakowie<\/li>\n<li>Centrum Materia\u0142\u00f3w Polimerowych i W\u0119glowych Polskiej Akademii Nauk w Zabrzu<\/li>\n<\/ul>\n<p><strong><i>Mi\u0119dzynarodowa<\/i>:<\/strong><\/p>\n<ul>\n<li>Physics Institute 3B, RWTH Aachen University, Aachen, Germany<\/li>\n<li>IntraOp Medical, Sunnyvale, USA<\/li>\n<li>Heidelberg Ion-Beam Therapy Center, Heidelberg, Germany<\/li>\n<\/ul>\n<p>\n<\/div>\r\n                    <\/div>\r\n                <\/div>[\/vc_column][\/vc_row]<\/p>","protected":false},"excerpt":{"rendered":"<p>[vc_row][vc_column][\/vc_column][\/vc_row] [&#8230;]<\/p>\n<p><a class=\"btn btn-secondary understrap-read-more-link\" href=\"https:\/\/us.edu.pl\/instytut\/ifiz\/nauka\/zespoly-badawcze\/poszukiwania-nowych-rozwiazan-w-interdyscyplinarnych-naukach-medycznych-przy-zastosowaniu-metod-fizyki-jadrowej\/wspolpraca\/\">Read More&#8230;<\/a><\/p>\n","protected":false},"author":104,"featured_media":0,"parent":1430,"menu_order":30,"comment_status":"closed","ping_status":"closed","template":"page-templates\/page-with-sidebar.php","meta":{"_expiration-date-status":"saved","_expiration-date":0,"_expiration-date-type":"","_expiration-date-categories":[],"_expiration-date-options":[]},"acf":[],"_links":{"self":[{"href":"https:\/\/us.edu.pl\/instytut\/ifiz\/wp-json\/wp\/v2\/pages\/3168"}],"collection":[{"href":"https:\/\/us.edu.pl\/instytut\/ifiz\/wp-json\/wp\/v2\/pages"}],"about":[{"href":"https:\/\/us.edu.pl\/instytut\/ifiz\/wp-json\/wp\/v2\/types\/page"}],"author":[{"embeddable":true,"href":"https:\/\/us.edu.pl\/instytut\/ifiz\/wp-json\/wp\/v2\/users\/104"}],"replies":[{"embeddable":true,"href":"https:\/\/us.edu.pl\/instytut\/ifiz\/wp-json\/wp\/v2\/comments?post=3168"}],"version-history":[{"count":0,"href":"https:\/\/us.edu.pl\/instytut\/ifiz\/wp-json\/wp\/v2\/pages\/3168\/revisions"}],"up":[{"embeddable":true,"href":"https:\/\/us.edu.pl\/instytut\/ifiz\/wp-json\/wp\/v2\/pages\/1430"}],"wp:attachment":[{"href":"https:\/\/us.edu.pl\/instytut\/ifiz\/wp-json\/wp\/v2\/media?parent=3168"}],"curies":[{"name":"wp","href":"https:\/\/api.w.org\/{rel}","templated":true}]}}