{"id":3202,"date":"2021-11-24T14:38:31","date_gmt":"2021-11-24T13:38:31","guid":{"rendered":"https:\/\/us.edu.pl\/instytut\/ifiz\/?page_id=3202"},"modified":"2022-03-08T14:10:51","modified_gmt":"2022-03-08T13:10:51","slug":"promotorstwo","status":"publish","type":"page","link":"https:\/\/us.edu.pl\/instytut\/ifiz\/nauka\/zespoly-badawcze\/poszukiwania-nowych-rozwiazan-w-interdyscyplinarnych-naukach-medycznych-przy-zastosowaniu-metod-fizyki-jadrowej\/promotorstwo\/","title":{"rendered":"Promotorstwo"},"content":{"rendered":"<p>[vc_row][vc_column]\r\n                <div class=\"text-modules\">\r\n                    <div class=\"container\">\r\n                        <h3 class=\"page-title text__title\">Wypromowane prace<\/h3>\r\n                        <div class=\"text-modules__content\"><\/p>\n<h3>Prace doktorskie:<\/h3>\n<p>Marcin Bieniasiewicz: &#8222;Badanie promieniowania wt\u00f3rnego wytworzonego przez wi\u0105zki terapeutyczne generowane przez liniowe akceleratory medyczne w kontek\u015bcie optymalizacji ochrony radiologicznej os\u00f3b pracuj\u0105cych w o\u015brodkach realizuj\u0105cych teleradioterapi\u0119&#8221;, 2021.<\/p>\n<h3>Prace magisterskie:<\/h3>\n<p>Marcin By\u015b: &#8222;Algorytmy sztucznej inteligencji na przyk\u0142adzie gry strategicznej&#8221;, 2020.<\/p>\n<p>Natalia M\u0142y\u0144czyk: &#8222;Weryfikacja mo\u017cliwo\u015bci wytworzenia izomeru j\u0105drowego indu In-116m za pomoc\u0105 liniowego akceleratora medycznego w kontek\u015bcie jego przydatno\u015bci dla medycyny nuklearnej i pomiar\u00f3w fluencji neutron\u00f3w termicznych i rezonansowych&#8221;, 2020.<\/p>\n<p>Aleksandra Kozie\u0142: &#8222;Pomiar dawek peryferyjnych za pomoc\u0105 fantomu humanoidalnego w obr\u0119bie implantowanego urz\u0105dzenia kardiologicznego dla wybranych technik napromieniania w teleradioterapii&#8221;, 2020.<\/p>\n<p>Magdalena Kozio\u0142: &#8222;Optymalizacja produkcji promieniowania neutronowego przez liniowy akcelerator elektron\u00f3w za pomoc\u0105 symulacji metod\u0105 Monte Carlo&#8221;, 2020.<\/p>\n<p>Ma\u0142gorzata Go\u0142da: &#8222;Identyfikacja i okre\u015blenie aktywno\u015bci radioizotop\u00f3w wytworzonych w implantowanych urz\u0105dzeniach kardiologicznych u pacjent\u00f3w poddanych radioterapii wysokoenergetycznymi wi\u0105zkami fotonowymi&#8221;, 2020.<\/p>\n<p>Dorota Wi\u015bniewska &#8211; Stachniuk: &#8222;Identyfikacja reakcji jadrowych zachodzacych w trakcie emisji wysokoenergetycznych terapeutycznych wiazek generowanych przez nowe akceleratory firmy Elekta.&#8221;, 2020.<\/p>\n<p>Wioletta Lniak: &#8222;Opracowanie programu do symulacji Monte Carlo bazuj\u0105cego na bibliotekach Geant 4 i wykonanie oblicze\u0144 transportu promieniowania jonizuj\u0105cego przez warstwy os\u0142aniaj\u0105ce&#8221;, 2021<\/p>\n<p>Justyna Rostocka: &#8222;Skonstruowanie aplikacji do symulacji Monte Carlo w oparciu o specjalistyczne biblioteki napisane w C++ i wykonanie oblicze\u0144 rozk\u0142adu energii promieniowania jonizuj\u0105cego w wybranym materiale&#8221;, 2021.<\/p>\n<p>Marta B\u0142a\u017ckiewicz: &#8222;Modelowanie \u017ar\u00f3de\u0142 neutronowych za pomoc\u0105 kodu GEANT4 &#8211; pierwszy etap przygotowania terapii borowo-neutronowej&#8221;, 2021.<\/p>\n<h3>Prace dyplomowe:<\/h3>\n<p>Marta B\u0142a\u017ckiewicz: &#8222;Optymalizacja wsp\u00f3\u0142czynnik\u00f3w os\u0142abienia za pomoc\u0105 symulacji Monte Carlo w procedurze szacowania dawki w ochronie radiologicznej&#8221;, 2020.<\/p>\n<\/div>\r\n                    <\/div>\r\n                <\/div>[\/vc_column][\/vc_row]<\/p>","protected":false},"excerpt":{"rendered":"<p>[vc_row][vc_column][\/vc_column][\/vc_row] [&#8230;]<\/p>\n<p><a class=\"btn btn-secondary understrap-read-more-link\" href=\"https:\/\/us.edu.pl\/instytut\/ifiz\/nauka\/zespoly-badawcze\/poszukiwania-nowych-rozwiazan-w-interdyscyplinarnych-naukach-medycznych-przy-zastosowaniu-metod-fizyki-jadrowej\/promotorstwo\/\">Read More&#8230;<\/a><\/p>\n","protected":false},"author":104,"featured_media":0,"parent":1430,"menu_order":40,"comment_status":"closed","ping_status":"closed","template":"page-templates\/page-with-sidebar.php","meta":{"_expiration-date-status":"saved","_expiration-date":0,"_expiration-date-type":"","_expiration-date-categories":[],"_expiration-date-options":[]},"acf":[],"_links":{"self":[{"href":"https:\/\/us.edu.pl\/instytut\/ifiz\/wp-json\/wp\/v2\/pages\/3202"}],"collection":[{"href":"https:\/\/us.edu.pl\/instytut\/ifiz\/wp-json\/wp\/v2\/pages"}],"about":[{"href":"https:\/\/us.edu.pl\/instytut\/ifiz\/wp-json\/wp\/v2\/types\/page"}],"author":[{"embeddable":true,"href":"https:\/\/us.edu.pl\/instytut\/ifiz\/wp-json\/wp\/v2\/users\/104"}],"replies":[{"embeddable":true,"href":"https:\/\/us.edu.pl\/instytut\/ifiz\/wp-json\/wp\/v2\/comments?post=3202"}],"version-history":[{"count":0,"href":"https:\/\/us.edu.pl\/instytut\/ifiz\/wp-json\/wp\/v2\/pages\/3202\/revisions"}],"up":[{"embeddable":true,"href":"https:\/\/us.edu.pl\/instytut\/ifiz\/wp-json\/wp\/v2\/pages\/1430"}],"wp:attachment":[{"href":"https:\/\/us.edu.pl\/instytut\/ifiz\/wp-json\/wp\/v2\/media?parent=3202"}],"curies":[{"name":"wp","href":"https:\/\/api.w.org\/{rel}","templated":true}]}}