{"id":3233,"date":"2021-11-24T15:01:18","date_gmt":"2021-11-24T14:01:18","guid":{"rendered":"https:\/\/us.edu.pl\/instytut\/ifiz\/?page_id=3233"},"modified":"2023-01-18T13:14:11","modified_gmt":"2023-01-18T12:14:11","slug":"publikacje","status":"publish","type":"page","link":"https:\/\/us.edu.pl\/instytut\/ifiz\/nauka\/zespoly-badawcze\/poszukiwania-nowych-rozwiazan-w-interdyscyplinarnych-naukach-medycznych-przy-zastosowaniu-metod-fizyki-jadrowej\/publikacje\/","title":{"rendered":"Publikacje"},"content":{"rendered":"<p>[vc_row][vc_column]\r\n                <div class=\"text-modules\">\r\n                    <div class=\"container\">\r\n                        <h3 class=\"page-title text__title\">Publikacje<\/h3>\r\n                        <div class=\"text-modules__content\"><p>A.Konefa\u0142, S.Blamek, A.Wro\u0144ska, A.Orlef, M.Sok\u00f3\u0142, M.Tajstra, M.G\u0105sior<br \/>\nRadioactivity induced in new-generation cardiac implantable electronic devices during high-energy X-ray irradiation.<br \/>\nApplied Radiation and Isotopes, 163: 109206 (2020)<br \/>\nhttps:\/\/doi.org\/10.1016\/j.apradiso.2020.109206 <a href=\"https:\/\/us.edu.pl\/instytut\/ifiz\/wp-content\/uploads\/sites\/39\/Zespoly-badawcze\/A_Konefal\/publikacje\/1-s2.0-S0969804320303353-main.pdf\" class=\"mtli_attachment mtli_pdf\" data-mtli=\"mtli_filesize3,45MB\" class=\"mtli_attachment mtli_pdf\" data-mtli=\"mtli_filesize3,45MB\">PDF<\/a><\/p>\n<p>N.M\u0142y\u0144czyk, A.Konefa\u0142, A.Orlef, M.Sok\u00f3\u0142, J.Rostocka, W.Lniak, B.Gawe\u0142czyk<br \/>\nInnovatory production of radioisotopes <sup>117m<\/sup>Sn, <sup>186<\/sup>Re and <sup>188<\/sup>Re for laboratory tests and the future application in nuclear medicine.<br \/>\nActa Physica Polonica B, 51(3): 867-872 (2020)<br \/>\nDOI:10.5506\/APhysPolB.51.867 <a href=\"https:\/\/us.edu.pl\/instytut\/ifiz\/wp-content\/uploads\/sites\/39\/Zespoly-badawcze\/A_Konefal\/publikacje\/v51p0867.pdf\" class=\"mtli_attachment mtli_pdf\" data-mtli=\"mtli_filesize2,57MB\" class=\"mtli_attachment mtli_pdf\" data-mtli=\"mtli_filesize2,57MB\">PDF<\/a><\/p>\n<p>A.Konefa\u0142, W.Lniak, J.Rostocka, A.Orlef, M.Sok\u00f3\u0142, J.Kasperczyk, P.Jarz\u0105bek, A.Wro\u0144ska, K.Rusiecka<br \/>\nInfluence of a shape of gold nanoparticles on the dose enhancement in the wide range of gold mass concentration for high-energy X-ray beams from a medical linac.<br \/>\nReports of Practical Oncology and Radiotherapy, 25: 579-585 (2020)<br \/>\nhttps:\/\/doi.org\/10.1016\/j.rpor.2020.05.003 <a href=\"https:\/\/us.edu.pl\/instytut\/ifiz\/wp-content\/uploads\/sites\/39\/Zespoly-badawcze\/A_Konefal\/publikacje\/1-s2.0-S1507136720300833-main.pdf\" class=\"mtli_attachment mtli_pdf\" data-mtli=\"mtli_filesize1,61MB\" class=\"mtli_attachment mtli_pdf\" data-mtli=\"mtli_filesize1,61MB\">PDF<\/a><\/p>\n<p>N.M\u0142y\u0144czyk, A.Konefa\u0142<br \/>\n<sup>117m<\/sup>Sn \u2014 the promising radioisotope for use in nuclear medicine.<br \/>\nActa Physica Polonica B Proc. Suppl., 13(4): 943-948 (2020)<br \/>\nDOI:10.5506\/APhysPolBSupp.13.943 <a href=\"https:\/\/us.edu.pl\/instytut\/ifiz\/wp-content\/uploads\/sites\/39\/Zespoly-badawcze\/A_Konefal\/publikacje\/s13p0943.pdf\" class=\"mtli_attachment mtli_pdf\" data-mtli=\"mtli_filesize332,94kB\" class=\"mtli_attachment mtli_pdf\" data-mtli=\"mtli_filesize332,94kB\">PDF<\/a><\/p>\n<p>A.Wro\u0144ska, J.Kasper, A.Anees Ahmed, A.Andres, P.Bednarczyk, G.Gazdowicz, K.Herweg, R.Hetzel, A.Konefa\u0142, P.Kulessa, A.Magiera, K.Rusiecka, D.Stachura, A.Stahl, M.Zi\u0119bli\u0144ski<br \/>\nPrompt-gamma emission in GEANT4 revisited and confronted with experiment.<br \/>\nPhysica Medica, 88: 250\u2013261 (2021)<br \/>\nhttps:\/\/doi.org\/10.1016\/j.ejmp.2021.07.018 <a href=\"https:\/\/us.edu.pl\/instytut\/ifiz\/wp-content\/uploads\/sites\/39\/Zespoly-badawcze\/A_Konefal\/publikacje\/1-s2.0-S1120179721002623-main.pdf\" class=\"mtli_attachment mtli_pdf\" data-mtli=\"mtli_filesize5,40MB\" class=\"mtli_attachment mtli_pdf\" data-mtli=\"mtli_filesize5,40MB\">PDF<\/a><\/p>\n<p>B.Gawe\u0142czyk, A.Konefa\u0142<br \/>\nDetermination of slow-neutron fluence rate using the gamma-ray spectroscopy.<br \/>\nActa Physica Polonica A 139(3): 280-283 (2021)<br \/>\nDOI:10.12693\/APhysPolA.139.280 <a href=\"https:\/\/us.edu.pl\/instytut\/ifiz\/wp-content\/uploads\/sites\/39\/Zespoly-badawcze\/A_Konefal\/publikacje\/app139z3p14.pdf\" class=\"mtli_attachment mtli_pdf\" data-mtli=\"mtli_filesize588,75kB\" class=\"mtli_attachment mtli_pdf\" data-mtli=\"mtli_filesize588,75kB\">PDF<\/a><\/p>\n<p>A.Konefa\u0142, M.Bieniasiewicz, J.Wendykier, S.Adamczyk, A.Wro\u0144ska<br \/>\nAdditional radiation sources in a treatment and control room of medical linear accelerators.<br \/>\nRadiation Physics and Chemistry, 185: 109513 (2021)<br \/>\nhttps:\/\/doi.org\/10.1016\/j.radphyschem.2021.109513 <a href=\"https:\/\/us.edu.pl\/instytut\/ifiz\/wp-content\/uploads\/sites\/39\/Zespoly-badawcze\/A_Konefal\/publikacje\/1-s2.0-S0969806X21001638-main.pdf\" class=\"mtli_attachment mtli_pdf\" data-mtli=\"mtli_filesize4,04MB\" class=\"mtli_attachment mtli_pdf\" data-mtli=\"mtli_filesize4,04MB\">PDF<\/a><\/p>\n<p>M.B\u0142a\u017ckiewicz, A.Konefa\u0142<br \/>\nThe Monte Carlo simulation approach to verification of the attenuation factors k for isotropic gamma-ray sources commonly used in industry, medicine and science.<br \/>\nRadiation Physics and Chemistry, 190: 109816 (2022)<br \/>\nhttps:\/\/doi.org\/10.1016\/j.radphyschem.2021.109816 <a href=\"https:\/\/us.edu.pl\/instytut\/ifiz\/wp-content\/uploads\/sites\/39\/Zespoly-badawcze\/A_Konefal\/publikacje\/1-s2.0-S0969806X21004667-main.pdf\" class=\"mtli_attachment mtli_pdf\" data-mtli=\"mtli_filesize4,54MB\" class=\"mtli_attachment mtli_pdf\" data-mtli=\"mtli_filesize4,54MB\">PDF<\/a><\/p>\n<p>N.Matuszak, M.Kruszyna-Mochalska, A.Skroba\u0142a, A.Konefa\u0142, A.Ryczkowski, P.Romanski, I.Piotrowski, K.Kulcenty, W.Suchorska, J.Malicki<br \/>\nMonte Carlo computation of photon energy spectra in central axis of flattened and unflattened beams and doses in critical organs in a water phantom model of prostate radiotherapy.<br \/>\nRadiation Physics and Chemistry, 198: 110211 (2022)<br \/>\nhttps:\/\/doi.org\/10.1016\/j.radphyschem.2022.110211<a href=\"https:\/\/us.edu.pl\/instytut\/ifiz\/wp-content\/uploads\/sites\/39\/Zespoly-badawcze\/A_Konefal\/publikacje\/1-s2.0-S0969806X22002535-main.pdf\" class=\"mtli_attachment mtli_pdf\" class=\"mtli_attachment mtli_pdf\">PDF<\/a><\/p>\n<p>A.Konefa\u0142, A.Orlef, M.Sok\u00f3\u0142<br \/>\nApplication of therapeutic linear accelerators for the production of radioisotopes used in nuclear medicine.<br \/>\nPolish Journal of Medical Physics and Engineering, 28(3): 107-116 (2022)<br \/>\nDOI:10.2478\/pjmpe-2022-0013<a href=\"https:\/\/us.edu.pl\/instytut\/ifiz\/wp-content\/uploads\/sites\/39\/Zespoly-badawcze\/A_Konefal\/publikacje\/10.2478_pjmpe-2022-0013 .pdf\" class=\"mtli_attachment mtli_pdf\" class=\"mtli_attachment mtli_pdf\">PDF<\/a><\/p>\n<style type=\"text\/css\">a[data-mtli~=\"mtli_filesize3,45MB\"]:after {content:\" (3,45 MB)\"}a[data-mtli~=\"mtli_filesize2,57MB\"]:after {content:\" (2,57 MB)\"}a[data-mtli~=\"mtli_filesize1,61MB\"]:after {content:\" (1,61 MB)\"}a[data-mtli~=\"mtli_filesize332,94kB\"]:after {content:\" (332,94 kB)\"}a[data-mtli~=\"mtli_filesize5,40MB\"]:after {content:\" (5,40 MB)\"}a[data-mtli~=\"mtli_filesize588,75kB\"]:after {content:\" (588,75 kB)\"}a[data-mtli~=\"mtli_filesize4,04MB\"]:after {content:\" (4,04 MB)\"}a[data-mtli~=\"mtli_filesize4,54MB\"]:after {content:\" (4,54 MB)\"}<\/style><\/div>\r\n                    <\/div>\r\n                <\/div>[vc_row_inner][vc_column_inner width=&#8221;1\/3&#8243;][\/vc_column_inner][vc_column_inner width=&#8221;1\/3&#8243;][vc_btn title=&#8221;Pe\u0142na lista publikacji&#8221; color=&#8221;primary&#8221; size=&#8221;lg&#8221; link=&#8221;url:https%3A%2F%2Fab.us.edu.pl%2Femp%3Fid%3D12132%26view%3DP|||&#8221;][\/vc_column_inner][vc_column_inner width=&#8221;1\/3&#8243;][\/vc_column_inner][\/vc_row_inner][\/vc_column][\/vc_row]<\/p>\n<style type=\"text\/css\">a[data-mtli~=\"mtli_filesize3,45MB\"]:after {content:\" (3,45 MB)\"}a[data-mtli~=\"mtli_filesize2,57MB\"]:after {content:\" (2,57 MB)\"}a[data-mtli~=\"mtli_filesize1,61MB\"]:after {content:\" (1,61 MB)\"}a[data-mtli~=\"mtli_filesize332,94kB\"]:after {content:\" (332,94 kB)\"}a[data-mtli~=\"mtli_filesize5,40MB\"]:after {content:\" (5,40 MB)\"}a[data-mtli~=\"mtli_filesize588,75kB\"]:after {content:\" (588,75 kB)\"}a[data-mtli~=\"mtli_filesize4,04MB\"]:after {content:\" (4,04 MB)\"}a[data-mtli~=\"mtli_filesize4,54MB\"]:after {content:\" (4,54 MB)\"}<\/style>","protected":false},"excerpt":{"rendered":"<p>[vc_row][vc_column][vc_row_inner][vc_column_inner width=&#8221;1\/3&#8243;][\/vc_column_inner][vc_column_inner width=&#8221;1\/3&#8243;][vc_btn title=&#8221;Pe\u0142na lista publikacji&#8221; color=&#8221;primary&#8221; size=&#8221;lg&#8221; link=&#8221;url:https%3A%2F%2Fab.us.edu.pl%2Femp%3Fid%3D12132%26view%3DP|||&#8221;][\/vc_column_inner][vc_column_inner width=&#8221;1\/3&#8243;][\/vc_column_inner][\/vc_row_inner][\/vc_column][\/vc_row] [&#8230;]<\/p>\n<p><a class=\"btn btn-secondary understrap-read-more-link\" href=\"https:\/\/us.edu.pl\/instytut\/ifiz\/nauka\/zespoly-badawcze\/poszukiwania-nowych-rozwiazan-w-interdyscyplinarnych-naukach-medycznych-przy-zastosowaniu-metod-fizyki-jadrowej\/publikacje\/\">Read More&#8230;<\/a><\/p>\n","protected":false},"author":104,"featured_media":0,"parent":1430,"menu_order":50,"comment_status":"closed","ping_status":"closed","template":"page-templates\/page-with-sidebar.php","meta":{"_expiration-date-status":"saved","_expiration-date":0,"_expiration-date-type":"","_expiration-date-categories":[],"_expiration-date-options":[]},"acf":[],"_links":{"self":[{"href":"https:\/\/us.edu.pl\/instytut\/ifiz\/wp-json\/wp\/v2\/pages\/3233"}],"collection":[{"href":"https:\/\/us.edu.pl\/instytut\/ifiz\/wp-json\/wp\/v2\/pages"}],"about":[{"href":"https:\/\/us.edu.pl\/instytut\/ifiz\/wp-json\/wp\/v2\/types\/page"}],"author":[{"embeddable":true,"href":"https:\/\/us.edu.pl\/instytut\/ifiz\/wp-json\/wp\/v2\/users\/104"}],"replies":[{"embeddable":true,"href":"https:\/\/us.edu.pl\/instytut\/ifiz\/wp-json\/wp\/v2\/comments?post=3233"}],"version-history":[{"count":0,"href":"https:\/\/us.edu.pl\/instytut\/ifiz\/wp-json\/wp\/v2\/pages\/3233\/revisions"}],"up":[{"embeddable":true,"href":"https:\/\/us.edu.pl\/instytut\/ifiz\/wp-json\/wp\/v2\/pages\/1430"}],"wp:attachment":[{"href":"https:\/\/us.edu.pl\/instytut\/ifiz\/wp-json\/wp\/v2\/media?parent=3233"}],"curies":[{"name":"wp","href":"https:\/\/api.w.org\/{rel}","templated":true}]}}