{"id":3424,"date":"2021-12-03T15:12:55","date_gmt":"2021-12-03T14:12:55","guid":{"rendered":"https:\/\/us.edu.pl\/instytut\/ifiz\/?page_id=3424"},"modified":"2022-03-08T13:46:08","modified_gmt":"2022-03-08T12:46:08","slug":"o-liderze","status":"publish","type":"page","link":"https:\/\/us.edu.pl\/instytut\/ifiz\/nauka\/zespoly-badawcze\/poszukiwania-nowych-rozwiazan-w-interdyscyplinarnych-naukach-medycznych-przy-zastosowaniu-metod-fizyki-jadrowej\/o-liderze\/","title":{"rendered":"O Liderze"},"content":{"rendered":"<p>[vc_row][vc_column]\r\n                <div class=\"text-modules\">\r\n                    <div class=\"container\">\r\n                        <h3 class=\"page-title text__title\">O Liderze<\/h3>\r\n                        <div class=\"text-modules__content\"><p><i>Kr\u00f3tka prezentacja osi\u0105gni\u0119\u0107 naukowych lidera zespo\u0142u<\/i>:<\/p>\n<ul>\n<li>Associate Editor w Polish Journal of Medical Physics and Engineering (czasopismo Polskiego Towarzystwa Fizyki Medycznej);<\/li>\n<li>Cz\u0142onek Editorial Board w Reports of Practical Oncology and Radiotherapy;<\/li>\n<li>Lead Editor w nast\u0119puj\u0105cych wydaniach specjalnych:<br \/>\nCzasopismo: Computational and Mathematical Methods in Medicine, tytu\u0142 wydania: Application of computational methods and mathematical models in nuclear medicine and radiotherapy, <a href=\"https:\/\/www.hindawi.com\/journals\/cmmm\/si\/414685\/\" target=\"_blank\" rel=\"noopener noreferrer\">https:\/\/www.hindawi.com\/journals\/cmmm\/si\/414685\/<\/a><br \/>\nCzasopismo: Computational and Mathematical Methods in Medicine,<br \/>\ntytu\u0142 wydania: Modelling of nanoparticles in radiation therapy, <a href=\"https:\/\/www.hindawi.com\/journals\/cmmm\/si\/608151\" target=\"_blank\" rel=\"noopener noreferrer\">https:\/\/www.hindawi.com\/journals\/cmmm\/si\/608151<\/a><br \/>\nCzasopismo: Reports of Practical Oncology and Radiotherapy, tytu\u0142 wydania: Techniques of simulation by means of the Monte Carlo (MC) method in radiotherapy <a href=\"https:\/\/journals.viamedica.pl\/rpor\/reader\/articleTypes\/recent\/collection\/5\" target=\"_blank\" rel=\"noopener noreferrer\">https:\/\/journals.viamedica.pl\/rpor\/reader\/articleTypes\/recent\/collection\/5<\/a><\/li>\n<li>Sta\u0142y recenzent artykul\u00f3w w czasopismach: Applied Radiation and Isotopes, Radiation Physics and Chemistry, Physics Medica, Nuclear Science and Techniques, Biomedical Physics &amp; Engineering Express, Radiation and Environmental Biophysics, Reports of Practical Oncology and Radiotherapy;<\/li>\n<li>Liczba publikacji: 60, w tym 46 odnotowanych w bazie Web of Science;<\/li>\n<li>Indeks H: 12;<\/li>\n<li>Wypromowane prace doktorskie: 7;<\/li>\n<li>Wypromowane prace magisterskie: 56;<\/li>\n<li>Wypromowane prace dyplomowe: oko\u0142o 100;<\/li>\n<li>Kierownik grantu KBN zarejestrowanego pod numerem 8T11E01315.<\/li>\n<\/ul>\n<p>\n<\/div>\r\n                    <\/div>\r\n                <\/div>[\/vc_column][\/vc_row]<\/p>","protected":false},"excerpt":{"rendered":"<p>[vc_row][vc_column][\/vc_column][\/vc_row] [&#8230;]<\/p>\n<p><a class=\"btn btn-secondary understrap-read-more-link\" href=\"https:\/\/us.edu.pl\/instytut\/ifiz\/nauka\/zespoly-badawcze\/poszukiwania-nowych-rozwiazan-w-interdyscyplinarnych-naukach-medycznych-przy-zastosowaniu-metod-fizyki-jadrowej\/o-liderze\/\">Read More&#8230;<\/a><\/p>\n","protected":false},"author":104,"featured_media":0,"parent":1430,"menu_order":5,"comment_status":"closed","ping_status":"closed","template":"page-templates\/page-with-sidebar.php","meta":{"_expiration-date-status":"saved","_expiration-date":0,"_expiration-date-type":"","_expiration-date-categories":[],"_expiration-date-options":[]},"acf":[],"_links":{"self":[{"href":"https:\/\/us.edu.pl\/instytut\/ifiz\/wp-json\/wp\/v2\/pages\/3424"}],"collection":[{"href":"https:\/\/us.edu.pl\/instytut\/ifiz\/wp-json\/wp\/v2\/pages"}],"about":[{"href":"https:\/\/us.edu.pl\/instytut\/ifiz\/wp-json\/wp\/v2\/types\/page"}],"author":[{"embeddable":true,"href":"https:\/\/us.edu.pl\/instytut\/ifiz\/wp-json\/wp\/v2\/users\/104"}],"replies":[{"embeddable":true,"href":"https:\/\/us.edu.pl\/instytut\/ifiz\/wp-json\/wp\/v2\/comments?post=3424"}],"version-history":[{"count":0,"href":"https:\/\/us.edu.pl\/instytut\/ifiz\/wp-json\/wp\/v2\/pages\/3424\/revisions"}],"up":[{"embeddable":true,"href":"https:\/\/us.edu.pl\/instytut\/ifiz\/wp-json\/wp\/v2\/pages\/1430"}],"wp:attachment":[{"href":"https:\/\/us.edu.pl\/instytut\/ifiz\/wp-json\/wp\/v2\/media?parent=3424"}],"curies":[{"name":"wp","href":"https:\/\/api.w.org\/{rel}","templated":true}]}}