{"id":3815,"date":"2022-03-08T13:32:11","date_gmt":"2022-03-08T12:32:11","guid":{"rendered":"https:\/\/us.edu.pl\/instytut\/ifiz\/?page_id=3815"},"modified":"2022-03-08T14:18:25","modified_gmt":"2022-03-08T13:18:25","slug":"mini-klaster-komputerowy","status":"publish","type":"page","link":"https:\/\/us.edu.pl\/instytut\/ifiz\/nauka\/zespoly-badawcze\/poszukiwania-nowych-rozwiazan-w-interdyscyplinarnych-naukach-medycznych-przy-zastosowaniu-metod-fizyki-jadrowej\/mini-klaster-komputerowy\/","title":{"rendered":"Mini klaster komputerowy"},"content":{"rendered":"<p>[vc_row][vc_column]\r\n                <div class=\"text-modules\">\r\n                    <div class=\"container\">\r\n                        <h3 class=\"page-title text__title\">Mini klaster komputerowy<\/h3>\r\n                        <div class=\"text-modules__content\"><p>Mini klaster obliczeniowy sk\u0142ada si\u0119 z sze\u015bciu jednostek obliczeniowych, przeznaczonych do symulacji metod\u0105 Monte Carlo za pomoc\u0105 kod\u00f3w GEANT4, GATE i MCNPX dedykowanych do modelowania proces\u00f3w fizycznych zachodz\u0105cych w fizyce j\u0105drowej.<\/p>\n<p>Sk\u0142adniki klastera:<\/p>\n<ul>\n<li>Intel@ Core<sup>TM<\/sup>\u00a0i7-8700 CPU 3.2 GHz x 12, RAM 32 GB, HD 2.3 TB,<\/li>\n<li>Intel@ Core<sup>TM<\/sup>\u00a0i5-9500 CPU 3.0 GHz x 2, RAM 8 GB, HD 0.5 TB,<\/li>\n<li>2 x Intel@ Core<sup>TM<\/sup>\u00a0i3-3220 CPU 3.3 GHz x 4, RAM 4 GB, HD 0.5 TB,<\/li>\n<li>Intel@ Core<sup>TM<\/sup>\u00a0i3-2120 CPU 3.3 GHz x 4, RAM 4 GB, HD 0.25 TB,<\/li>\n<li>Intel@ Core<sup>TM<\/sup>\u00a0i3-2120 CPU 3.3 GHz x 2, RAM 4 GB, HD 0.25 TB,<\/li>\n<\/ul>\n<p><i>\u0141\u0105czna liczba dost\u0119pnych rdzeni umo\u017cliwiaj\u0105cych wykonywanie niezale\u017cnych proces\u00f3w<\/i>: 28<br \/>\n<i>\u0141\u0105czna pojemno\u015b\u0107 dysk\u00f3w twardych<\/i>: 4.3 TB<\/p>\n<\/div>\r\n                    <\/div>\r\n                <\/div>[\/vc_column][\/vc_row]<\/p>","protected":false},"excerpt":{"rendered":"<p>[vc_row][vc_column][\/vc_column][\/vc_row] [&#8230;]<\/p>\n<p><a class=\"btn btn-secondary understrap-read-more-link\" href=\"https:\/\/us.edu.pl\/instytut\/ifiz\/nauka\/zespoly-badawcze\/poszukiwania-nowych-rozwiazan-w-interdyscyplinarnych-naukach-medycznych-przy-zastosowaniu-metod-fizyki-jadrowej\/mini-klaster-komputerowy\/\">Read More&#8230;<\/a><\/p>\n","protected":false},"author":104,"featured_media":0,"parent":1430,"menu_order":90,"comment_status":"closed","ping_status":"closed","template":"page-templates\/page-with-sidebar.php","meta":{"_expiration-date-status":"saved","_expiration-date":0,"_expiration-date-type":"","_expiration-date-categories":[],"_expiration-date-options":[]},"acf":[],"_links":{"self":[{"href":"https:\/\/us.edu.pl\/instytut\/ifiz\/wp-json\/wp\/v2\/pages\/3815"}],"collection":[{"href":"https:\/\/us.edu.pl\/instytut\/ifiz\/wp-json\/wp\/v2\/pages"}],"about":[{"href":"https:\/\/us.edu.pl\/instytut\/ifiz\/wp-json\/wp\/v2\/types\/page"}],"author":[{"embeddable":true,"href":"https:\/\/us.edu.pl\/instytut\/ifiz\/wp-json\/wp\/v2\/users\/104"}],"replies":[{"embeddable":true,"href":"https:\/\/us.edu.pl\/instytut\/ifiz\/wp-json\/wp\/v2\/comments?post=3815"}],"version-history":[{"count":0,"href":"https:\/\/us.edu.pl\/instytut\/ifiz\/wp-json\/wp\/v2\/pages\/3815\/revisions"}],"up":[{"embeddable":true,"href":"https:\/\/us.edu.pl\/instytut\/ifiz\/wp-json\/wp\/v2\/pages\/1430"}],"wp:attachment":[{"href":"https:\/\/us.edu.pl\/instytut\/ifiz\/wp-json\/wp\/v2\/media?parent=3815"}],"curies":[{"name":"wp","href":"https:\/\/api.w.org\/{rel}","templated":true}]}}