{"id":4367,"date":"2022-11-28T16:00:31","date_gmt":"2022-11-28T15:00:31","guid":{"rendered":"https:\/\/us.edu.pl\/instytut\/ifiz\/?page_id=4367"},"modified":"2022-11-28T17:42:00","modified_gmt":"2022-11-28T16:42:00","slug":"fakty-i-wyzwania-dotyczace-produkcji-energii-z-punktu-widzenia-wplywu-na-srodowisko","status":"publish","type":"page","link":"https:\/\/us.edu.pl\/instytut\/ifiz\/fakty-i-wyzwania-dotyczace-produkcji-energii-z-punktu-widzenia-wplywu-na-srodowisko\/","title":{"rendered":"Fakty i wyzwania dotycz\u0105ce produkcji energii z punktu widzenia wp\u0142ywu na \u015brodowisko"},"content":{"rendered":"<p>[vc_row el_class=&#8221;container&#8221;][vc_column][vc_row_inner][vc_column_inner width=&#8221;1\/4&#8243;][vc_single_image image=&#8221;4368&#8243; img_size=&#8221;large&#8221; alignment=&#8221;center&#8221; style=&#8221;vc_box_circle_2&#8243; onclick=&#8221;link_image&#8221;]\r\n                <div class=\"text-modules\">\r\n                    <div class=\"container\">\r\n                        \r\n                        <div class=\"text-modules__content\"><\/p>\n<p style=\"text-align: center;\">dr hab. S\u0142awomir K\u0119dzior, prof. U\u015a<\/p>\n<p>\n<\/div>\r\n                    <\/div>\r\n                <\/div>[\/vc_column_inner][vc_column_inner width=&#8221;3\/4&#8243;]\r\n                <div class=\"text-modules\">\r\n                    <div class=\"container\">\r\n                        <h3 class=\"page-title text__title\">Fakty i wyzwania dotycz\u0105ce produkcji energii z punktu widzenia wp\u0142ywu na \u015brodowisko<\/h3>\r\n                        <div class=\"text-modules__content\"><p>Produkcja energii jest niezb\u0119dna do rozwoju cywilizacyjnego oraz podtrzymania dobrobytu. Nie dobywa si\u0119 jednak bez ingerencji w \u015brodowisko naturalne. Znane jest szkodliwe oddzia\u0142ywanie spalania paliw kopalnych w postaci np. emisji gaz\u00f3w cieplarnianych i py\u0142\u00f3w oraz powstawania smogu. Dlatego postulowane jest odchodzenie od tego rodzaju \u017ar\u00f3de\u0142 i przyspieszenie dzia\u0142a\u0144 polegaj\u0105cych na rozwoju produkcji energii na bazie czystszych i bezpiecznych \u015brodowiskowo no\u015bnik\u00f3w (wiatru, S\u0142o\u0144ca, wody, geotermii, energetyki j\u0105drowej itp.). Czy jednak ten spos\u00f3b wytwarzania energii jest do ko\u0144ca bezpieczny i niezawodny oraz czy w d\u0142u\u017cszej perspektywie czasowej nie oka\u017ce si\u0119 tak\u017ce \u015brodowiskowo uci\u0105\u017cliwy? Jakie s\u0105 szanse by w spos\u00f3b bezpieczny i zr\u00f3wnowa\u017cony korzysta\u0107 z dobrodziejstw produkowania i konsumpcji energii? <\/p>\n<\/div>\r\n                    <\/div>\r\n                <\/div>[vc_separator color=&#8221;blue&#8221;]\r\n                <div class=\"text-modules\">\r\n                    <div class=\"container\">\r\n                        <h3 class=\"page-title text__title\">Biogram<\/h3>\r\n                        <div class=\"text-modules__content\"><p>Dr hab. S\u0142awomir K\u0119dzior, prof. U\u015a reprezentuje dziedzin\u0119 nauk \u015bcis\u0142ych i przyrodniczych, dyscyplin\u0119 nauki o Ziemi i \u015brodowisku. Jest pracownikiem Uniwersytetu \u015al\u0105skiego, Wydzia\u0142u Nauk Przyrodniczych, Instytutu Nauk o Ziemi w Sosnowcu. Specjalizuje si\u0119 w geologii z\u0142\u00f3\u017c surowc\u00f3w energetycznych. Jest autorem lub wsp\u00f3\u0142autorem ok. 70 publikacji naukowych z zakresu gazono\u015bno\u015bci z\u0142\u00f3\u017c w\u0119gla, energii geotermalnej oraz zagadnie\u0144 pokrewnych. Kierowa\u0142 tak\u017ce projektami badawczymi z zakresu uwarunkowa\u0144 geologicznych wyst\u0119powania metanu pok\u0142ad\u00f3w w\u0119gla. W zasi\u0119gu zainteresowa\u0144 autora s\u0105 r\u00f3wnie\u017c geologia regionalna Polski i kraj\u00f3w o\u015bciennych oraz petrologia w\u0119gla. <\/p>\n<\/div>\r\n                    <\/div>\r\n                <\/div>[\/vc_column_inner][\/vc_row_inner][\/vc_column][\/vc_row]<\/p>","protected":false},"excerpt":{"rendered":"<p>[vc_row el_class=&#8221;container&#8221;][vc_column][vc_row_inner][vc_column_inner width=&#8221;1\/4&#8243;][vc_single_image image=&#8221;4368&#8243; img_size=&#8221;large&#8221; alignment=&#8221;center&#8221; style=&#8221;vc_box_circle_2&#8243; onclick=&#8221;link_image&#8221;][\/vc_column_inner][vc_column_inner width=&#8221;3\/4&#8243;][vc_separator color=&#8221;blue&#8221;][\/vc_column_inner][\/vc_row_inner][\/vc_column][\/vc_row] [&#8230;]<\/p>\n<p><a class=\"btn btn-secondary understrap-read-more-link\" href=\"https:\/\/us.edu.pl\/instytut\/ifiz\/fakty-i-wyzwania-dotyczace-produkcji-energii-z-punktu-widzenia-wplywu-na-srodowisko\/\">Read More&#8230;<\/a><\/p>\n","protected":false},"author":104,"featured_media":0,"parent":0,"menu_order":520,"comment_status":"closed","ping_status":"closed","template":"","meta":{"_expiration-date-status":"","_expiration-date":0,"_expiration-date-type":"","_expiration-date-categories":[],"_expiration-date-options":[]},"acf":[],"_links":{"self":[{"href":"https:\/\/us.edu.pl\/instytut\/ifiz\/wp-json\/wp\/v2\/pages\/4367"}],"collection":[{"href":"https:\/\/us.edu.pl\/instytut\/ifiz\/wp-json\/wp\/v2\/pages"}],"about":[{"href":"https:\/\/us.edu.pl\/instytut\/ifiz\/wp-json\/wp\/v2\/types\/page"}],"author":[{"embeddable":true,"href":"https:\/\/us.edu.pl\/instytut\/ifiz\/wp-json\/wp\/v2\/users\/104"}],"replies":[{"embeddable":true,"href":"https:\/\/us.edu.pl\/instytut\/ifiz\/wp-json\/wp\/v2\/comments?post=4367"}],"version-history":[{"count":0,"href":"https:\/\/us.edu.pl\/instytut\/ifiz\/wp-json\/wp\/v2\/pages\/4367\/revisions"}],"wp:attachment":[{"href":"https:\/\/us.edu.pl\/instytut\/ifiz\/wp-json\/wp\/v2\/media?parent=4367"}],"curies":[{"name":"wp","href":"https:\/\/api.w.org\/{rel}","templated":true}]}}