{"id":4383,"date":"2022-11-28T16:25:19","date_gmt":"2022-11-28T15:25:19","guid":{"rendered":"https:\/\/us.edu.pl\/instytut\/ifiz\/?page_id=4383"},"modified":"2022-11-30T16:27:48","modified_gmt":"2022-11-30T15:27:48","slug":"historia-pojecia-energii-i-najslynniejszego-chyba-wzoru-w-fizyce-emc2","status":"publish","type":"page","link":"https:\/\/us.edu.pl\/instytut\/ifiz\/historia-pojecia-energii-i-najslynniejszego-chyba-wzoru-w-fizyce-emc2\/","title":{"rendered":"Historia poj\u0119cia energii i najs\u0142ynniejszego chyba wzoru w fizyce (E=mc^2)"},"content":{"rendered":"<p>[vc_row el_class=&#8221;container&#8221;][vc_column][vc_row_inner][vc_column_inner width=&#8221;1\/4&#8243;][\/vc_column_inner][vc_column_inner width=&#8221;3\/4&#8243;]\r\n                <div class=\"text-modules\">\r\n                    <div class=\"container\">\r\n                        <h3 class=\"page-title text__title\">Historia poj\u0119cia energii i najs\u0142ynniejszego chyba wzoru w fizyce (E=mc^2)<\/h3>\r\n                        <div class=\"text-modules__content\"><\/p>\n<p class=\"Standard\"><span class=\"TextRun SCXW116482867 BCX9\" lang=\"PL-PL\" xml:lang=\"PL-PL\" data-contrast=\"none\"><span class=\"NormalTextRun SCXW116482867 BCX9\">Termin energia ma wiele znacze\u0144. Poj\u0119cie energii jest jednym z wa\u017cniejszych narz\u0119dzi fizyki i techniki. W trakcie wyk\u0142adu przedstawione zostan\u0105 najciekawsze i najistotniejsze momenty w rozwoju wsp\u00f3\u0142czesnego rozumienia poj\u0119cia energii. Kr\u00f3tko om\u00f3wimy te\u017c wsp\u00f3\u0142czesne rozumienie tego poj\u0119cia.<\/span><\/span><\/p>\n<p>\n<\/div>\r\n                    <\/div>\r\n                <\/div>[vc_separator color=&#8221;blue&#8221;]\r\n                <div class=\"text-modules\">\r\n                    <div class=\"container\">\r\n                        <h3 class=\"page-title text__title\">Biogram<\/h3>\r\n                        <div class=\"text-modules__content\"><p>Prof. dr hab. <span class=\"TextRun SCXW157134191 BCX9\" lang=\"PL-PL\" xml:lang=\"PL-PL\" data-contrast=\"none\"><span class=\"NormalTextRun SCXW157134191 BCX9\">Jan <\/span><span class=\"SpellingError SCXW157134191 BCX9\">S\u0142adkowski<\/span><span class=\"NormalTextRun SCXW157134191 BCX9\">, zatrudniony jest w Instytucie Fizyki Uniwersytetu \u015al\u0105skiego. Dzia\u0142alno\u015b\u0107 naukowa zwi\u0105zana jest z teoretycznymi aspektami fizyki, astrofizyki oraz zastosowaniami narz\u0119dzi fizyki w naukach spo\u0142ecznych i ekonomii.<\/span><\/span><span class=\"EOP SCXW157134191 BCX9\" data-ccp-props=\"{&quot;201341983&quot;:0,&quot;335559739&quot;:160,&quot;335559740&quot;:259}\">\u00a0<\/span><\/p>\n<\/div>\r\n                    <\/div>\r\n                <\/div>[\/vc_column_inner][\/vc_row_inner][\/vc_column][\/vc_row]<\/p>","protected":false},"excerpt":{"rendered":"<p>[vc_row el_class=&#8221;container&#8221;][vc_column][vc_row_inner][vc_column_inner width=&#8221;1\/4&#8243;][\/vc_column_inner][vc_column_inner width=&#8221;3\/4&#8243;][vc_separator color=&#8221;blue&#8221;][\/vc_column_inner][\/vc_row_inner][\/vc_column][\/vc_row] [&#8230;]<\/p>\n<p><a class=\"btn btn-secondary understrap-read-more-link\" href=\"https:\/\/us.edu.pl\/instytut\/ifiz\/historia-pojecia-energii-i-najslynniejszego-chyba-wzoru-w-fizyce-emc2\/\">Read More&#8230;<\/a><\/p>\n","protected":false},"author":104,"featured_media":0,"parent":0,"menu_order":524,"comment_status":"closed","ping_status":"closed","template":"","meta":{"_expiration-date-status":"","_expiration-date":0,"_expiration-date-type":"","_expiration-date-categories":[],"_expiration-date-options":[]},"acf":[],"_links":{"self":[{"href":"https:\/\/us.edu.pl\/instytut\/ifiz\/wp-json\/wp\/v2\/pages\/4383"}],"collection":[{"href":"https:\/\/us.edu.pl\/instytut\/ifiz\/wp-json\/wp\/v2\/pages"}],"about":[{"href":"https:\/\/us.edu.pl\/instytut\/ifiz\/wp-json\/wp\/v2\/types\/page"}],"author":[{"embeddable":true,"href":"https:\/\/us.edu.pl\/instytut\/ifiz\/wp-json\/wp\/v2\/users\/104"}],"replies":[{"embeddable":true,"href":"https:\/\/us.edu.pl\/instytut\/ifiz\/wp-json\/wp\/v2\/comments?post=4383"}],"version-history":[{"count":0,"href":"https:\/\/us.edu.pl\/instytut\/ifiz\/wp-json\/wp\/v2\/pages\/4383\/revisions"}],"wp:attachment":[{"href":"https:\/\/us.edu.pl\/instytut\/ifiz\/wp-json\/wp\/v2\/media?parent=4383"}],"curies":[{"name":"wp","href":"https:\/\/api.w.org\/{rel}","templated":true}]}}