{"id":6772,"date":"2025-04-14T15:57:51","date_gmt":"2025-04-14T13:57:51","guid":{"rendered":"https:\/\/us.edu.pl\/instytut\/ifiz\/?page_id=6772"},"modified":"2025-11-13T17:14:51","modified_gmt":"2025-11-13T16:14:51","slug":"grudniowe-sympozja-tematyczne","status":"publish","type":"page","link":"https:\/\/us.edu.pl\/instytut\/ifiz\/wspolpraca-ze-szkolami\/z-klasa-na-kampus\/grudniowe-sympozja-tematyczne\/","title":{"rendered":"Grudniowe Sympozja Tematyczne"},"content":{"rendered":"<p>[vc_row][vc_column][vc_column_text][\/vc_column_text][\/vc_column][\/vc_row][vc_row][vc_column][vc_column_text][\/vc_column_text][\/vc_column][\/vc_row][vc_row][vc_column][vc_column_text][\/vc_column_text][\/vc_column][\/vc_row][vc_row][vc_column]\r\n                <div class=\"text-modules \">\r\n                    <div class=\"container\">\r\n                        <h3 class=\"section-title section-title_border-bottom\">Grudniowe Sympozja Tematyczne<\/h3> \r\n                        <div class=\"row m-0\">\r\n                            <div class=\"text-modules__content\">\r\n                                <\/p>\n<p class=\"\" data-start=\"204\" data-end=\"438\"><span style=\"font-size: 14pt;\">Instytut Fizyki serdecznie zaprasza na coroczne <strong data-start=\"252\" data-end=\"286\">Grudniowe Sympozjum Tematyczne<\/strong> \u2013 wyj\u0105tkowe wydarzenie, podczas kt\u00f3rego <strong data-start=\"327\" data-end=\"437\">wybitni specjali\u015bci opowiadaj\u0105 o z\u0142o\u017conych zagadnieniach nie tylko z fizyki w spos\u00f3b przyst\u0119pny, inspiruj\u0105cy i z pasj\u0105<\/strong>.<\/span><\/p>\n<p class=\"\" data-start=\"440\" data-end=\"730\"><span style=\"font-size: 14pt;\">Ka\u017cdego roku wybieramy inny motyw przewodni sympozjum, a <strong>wydarzenie transmitujemy r\u00f3wnie\u017c na kanale YouTube<\/strong>. Sprawd\u017a nasze poprzednie edycje: <\/span><\/p>\n<ul>\n<li data-start=\"440\" data-end=\"730\"><span style=\"font-size: 14pt;\"><strong><a href=\"https:\/\/us.edu.pl\/instytut\/ifiz\/rok-fizyki-2020\/\">2020 &#8211; Rok Fizyki<\/a>, <\/strong><\/span><\/li>\n<li data-start=\"440\" data-end=\"730\"><span style=\"font-size: 14pt;\"><strong><a href=\"https:\/\/us.edu.pl\/instytut\/ifiz\/rok-lema-2021\/\">2021 Fizyka Lema: wczoraj Fiction, dzisiaj Science<\/a><\/strong><\/span><\/li>\n<li data-start=\"440\" data-end=\"730\"><span style=\"font-size: 14pt;\"><strong><a href=\"https:\/\/us.edu.pl\/instytut\/ifiz\/energia-dla-wszystkich-2022\/\">2022 Energia dla wszystkich<\/a>,<\/strong><\/span><\/li>\n<li data-start=\"440\" data-end=\"730\"><span style=\"font-size: 14pt;\"><strong><a href=\"https:\/\/us.edu.pl\/wydzial\/wnst\/event\/rok-kopernika-kosmos-i-my-panel-dyskusyjny-2023\/\">2023 Rok Kopernika: Kosmos i my<\/a>, <\/strong><\/span><\/li>\n<li data-start=\"440\" data-end=\"730\"><span style=\"font-size: 14pt;\"><strong><a href=\"https:\/\/us.edu.pl\/instytut\/ifiz\/fizycy-w-swiecie-si\/\">2024 Fizycy w \u015bwiecie SI: przekraczanie granic dyscyplin.<\/a><\/strong><\/span><\/li>\n<li data-start=\"440\" data-end=\"730\"><strong><span style=\"font-size: 14pt;\"><a title=\"2025 Kwnatowy \u015bwiat: czy wiemy ju\u017c czego nie wiemy?\" href=\"https:\/\/indico.us.edu.pl\/event\/40\/\">2025 Kwnatowy \u015bwiat: czy wiemy ju\u017c czego nie wiemy?<\/a><\/span><\/strong><\/li>\n<\/ul>\n<h1 data-start=\"440\" data-end=\"730\"><span style=\"font-size: 14pt;\">Zapraszamy do Instytutu Fizyki im. Augusta Che\u0142kowskiego ka\u017cdego roku w grudniu!<\/span><\/h1>\n<div class=\"mt-3\"><\/div>\r\n                            <\/div>\r\n                            \r\n                            <div class=\"text-modules__img\"><img src=\"https:\/\/us.edu.pl\/instytut\/ifiz\/wp-content\/uploads\/sites\/39\/Bez-kategorii\/RokKop2.jpg\" alt=\"img\"><\/div>\r\n                        <\/div>\r\n                    <\/div>\r\n                <\/div>[\/vc_column][\/vc_row][vc_row][vc_column]            \r\n                \r\n                <div class=\"container\">\r\n                     <div class=\"gallery-big \">\r\n                        \r\n                        <div class=\"row m-0\">\r\n                        <a data-fancybox=\"2773\" href=\"https:\/\/us.edu.pl\/instytut\/ifiz\/wp-content\/uploads\/sites\/39\/Bez-kategorii\/POST_2.png\"\r\n                        title=\"\" \r\n                        class=\"gallery-big__item gallery-big__item_big thumbnail\"\r\n                        style=\"background-image: url(https:\/\/us.edu.pl\/instytut\/ifiz\/wp-content\/uploads\/sites\/39\/Bez-kategorii\/POST_2-1024x1024.png)\"><span class=\"d-none\">https:\/\/us.edu.pl\/instytut\/ifiz\/wp-content\/uploads\/sites\/39\/Bez-kategorii\/POST_2.png<\/span><\/a><div class=\"gallery-big__small-items\">\r\n                        <a data-fancybox=\"2773\" href=\"https:\/\/us.edu.pl\/instytut\/ifiz\/wp-content\/uploads\/sites\/39\/Bez-kategorii\/RokKop3.jpg\"\r\n                        title=\"\" \r\n                        class=\"gallery-big__item  thumbnail\"\r\n                        style=\"background-image: url(https:\/\/us.edu.pl\/instytut\/ifiz\/wp-content\/uploads\/sites\/39\/Bez-kategorii\/RokKop3-1024x768.jpg)\"><span class=\"d-none\">https:\/\/us.edu.pl\/instytut\/ifiz\/wp-content\/uploads\/sites\/39\/Bez-kategorii\/RokKop3.jpg<\/span><\/a>\r\n                        <a data-fancybox=\"2773\" href=\"https:\/\/us.edu.pl\/instytut\/ifiz\/wp-content\/uploads\/sites\/39\/Bez-kategorii\/RokKop1.jpg\"\r\n                        title=\"\" \r\n                        class=\"gallery-big__item  thumbnail\"\r\n                        style=\"background-image: url(https:\/\/us.edu.pl\/instytut\/ifiz\/wp-content\/uploads\/sites\/39\/Bez-kategorii\/RokKop1-1024x768.jpg)\"><span class=\"d-none\">https:\/\/us.edu.pl\/instytut\/ifiz\/wp-content\/uploads\/sites\/39\/Bez-kategorii\/RokKop1.jpg<\/span><\/a><\/div><\/div><div class=\"row m-0\">\r\n                        <a data-fancybox=\"2773\" href=\"https:\/\/us.edu.pl\/instytut\/ifiz\/wp-content\/uploads\/sites\/39\/rotor\/Slidery_WWW_IT_Kopernik.png\"\r\n                        title=\"\" \r\n                        class=\"gallery-big__item gallery-big__item_big thumbnail\"\r\n                        style=\"background-image: url(https:\/\/us.edu.pl\/instytut\/ifiz\/wp-content\/uploads\/sites\/39\/rotor\/Slidery_WWW_IT_Kopernik-1024x538.png)\"><span class=\"d-none\">https:\/\/us.edu.pl\/instytut\/ifiz\/wp-content\/uploads\/sites\/39\/rotor\/Slidery_WWW_IT_Kopernik.png<\/span><\/a><div class=\"gallery-big__small-items\">\r\n                        <a data-fancybox=\"2773\" href=\"https:\/\/us.edu.pl\/instytut\/ifiz\/wp-content\/uploads\/sites\/39\/Energia_dla_wszystkich_2022\/Slidery_WWW_IT_Ener-1.png\"\r\n                        title=\"\" \r\n                        class=\"gallery-big__item  thumbnail\"\r\n                        style=\"background-image: url(https:\/\/us.edu.pl\/instytut\/ifiz\/wp-content\/uploads\/sites\/39\/Energia_dla_wszystkich_2022\/Slidery_WWW_IT_Ener-1-1024x538.png)\"><span class=\"d-none\">https:\/\/us.edu.pl\/instytut\/ifiz\/wp-content\/uploads\/sites\/39\/Energia_dla_wszystkich_2022\/Slidery_WWW_IT_Ener-1.png<\/span><\/a>\r\n                        <a data-fancybox=\"2773\" href=\"https:\/\/us.edu.pl\/instytut\/ifiz\/wp-content\/uploads\/sites\/39\/rotor\/fizyka_lema__banner__1095x575px.jpg\"\r\n                        title=\"\" \r\n                        class=\"gallery-big__item  thumbnail\"\r\n                        style=\"background-image: url(https:\/\/us.edu.pl\/instytut\/ifiz\/wp-content\/uploads\/sites\/39\/rotor\/fizyka_lema__banner__1095x575px-1024x538.jpg)\"><span class=\"d-none\">https:\/\/us.edu.pl\/instytut\/ifiz\/wp-content\/uploads\/sites\/39\/rotor\/fizyka_lema__banner__1095x575px.jpg<\/span><\/a><\/div><\/div><div class=\"row m-0\">\r\n                        <a data-fancybox=\"2773\" href=\"https:\/\/us.edu.pl\/instytut\/ifiz\/wp-content\/uploads\/sites\/39\/Rok_Lema_2021\/MarekBiesiada1.jpg\"\r\n                        title=\"\" \r\n                        class=\"gallery-big__item gallery-big__item_big thumbnail\"\r\n                        style=\"background-image: url(https:\/\/us.edu.pl\/instytut\/ifiz\/wp-content\/uploads\/sites\/39\/Rok_Lema_2021\/MarekBiesiada1-1024x943.jpg)\"><span class=\"d-none\">https:\/\/us.edu.pl\/instytut\/ifiz\/wp-content\/uploads\/sites\/39\/Rok_Lema_2021\/MarekBiesiada1.jpg<\/span><\/a><div class=\"gallery-big__small-items\">\r\n                        <a data-fancybox=\"2773\" href=\"https:\/\/us.edu.pl\/instytut\/ifiz\/wp-content\/uploads\/sites\/39\/Multimedia\/2020\/DoIF_08.jpg\"\r\n                        title=\"\" \r\n                        class=\"gallery-big__item  thumbnail\"\r\n                        style=\"background-image: url(https:\/\/us.edu.pl\/instytut\/ifiz\/wp-content\/uploads\/sites\/39\/Multimedia\/2020\/DoIF_08-1024x683.jpg)\"><span class=\"d-none\">https:\/\/us.edu.pl\/instytut\/ifiz\/wp-content\/uploads\/sites\/39\/Multimedia\/2020\/DoIF_08.jpg<\/span><\/a><\/div><\/div>\r\n                    <\/div>\r\n                <\/div>[\/vc_column][\/vc_row][vc_row][vc_column][vc_column_text][\/vc_column_text][\/vc_column][\/vc_row][vc_row][vc_column][vc_column_text][\/vc_column_text][\/vc_column][\/vc_row][vc_row][\/vc_row][vc_column][\/vc_column][vc_column_text]<\/p>\n<p>I am text block. Click edit button to change this text. Lorem ipsum dolor sit amet, consectetur adipiscing elit. Ut elit tellus, luctus nec ullamcorper mattis, pulvinar dapibus leo.<\/p>\n<p>[\/vc_column_text]<\/p>","protected":false},"excerpt":{"rendered":"<p>[vc_row][vc_column][vc_column_text][\/vc_column_text][\/vc_column][\/vc_row][vc_row][vc_column][vc_column_text][\/vc_column_text][\/vc_column][\/vc_row][vc_row][vc_column][vc_column_text][\/vc_column_text][\/vc_column][\/vc_row][vc_row][vc_column][\/vc_column][\/vc_row][vc_row][vc_column][\/vc_column][\/vc_row][vc_row][vc_column][vc_column_text][\/vc_column_text][\/vc_column][\/vc_row][vc_row][vc_column][vc_column_text][\/vc_column_text][\/vc_column][\/vc_row][vc_row][\/vc_row][vc_column][\/vc_column][vc_column_text] I am text block. Click edit button to change this text. Lorem ipsum dolor sit amet, consectetur adipiscing elit. Ut elit tellus, luctus nec ullamcorper mattis, pulvinar dapibus leo. [\/vc_column_text] [&#8230;]<\/p>\n<p><a class=\"btn btn-secondary understrap-read-more-link\" href=\"https:\/\/us.edu.pl\/instytut\/ifiz\/wspolpraca-ze-szkolami\/z-klasa-na-kampus\/grudniowe-sympozja-tematyczne\/\">Read More&#8230;<\/a><\/p>\n","protected":false},"author":6706,"featured_media":0,"parent":6760,"menu_order":0,"comment_status":"closed","ping_status":"closed","template":"","meta":{"_expiration-date-status":"","_expiration-date":0,"_expiration-date-type":"","_expiration-date-categories":[],"_expiration-date-options":[]},"acf":[],"_links":{"self":[{"href":"https:\/\/us.edu.pl\/instytut\/ifiz\/wp-json\/wp\/v2\/pages\/6772"}],"collection":[{"href":"https:\/\/us.edu.pl\/instytut\/ifiz\/wp-json\/wp\/v2\/pages"}],"about":[{"href":"https:\/\/us.edu.pl\/instytut\/ifiz\/wp-json\/wp\/v2\/types\/page"}],"author":[{"embeddable":true,"href":"https:\/\/us.edu.pl\/instytut\/ifiz\/wp-json\/wp\/v2\/users\/6706"}],"replies":[{"embeddable":true,"href":"https:\/\/us.edu.pl\/instytut\/ifiz\/wp-json\/wp\/v2\/comments?post=6772"}],"version-history":[{"count":0,"href":"https:\/\/us.edu.pl\/instytut\/ifiz\/wp-json\/wp\/v2\/pages\/6772\/revisions"}],"up":[{"embeddable":true,"href":"https:\/\/us.edu.pl\/instytut\/ifiz\/wp-json\/wp\/v2\/pages\/6760"}],"wp:attachment":[{"href":"https:\/\/us.edu.pl\/instytut\/ifiz\/wp-json\/wp\/v2\/media?parent=6772"}],"curies":[{"name":"wp","href":"https:\/\/api.w.org\/{rel}","templated":true}]}}