{"id":7168,"date":"2025-04-16T18:51:30","date_gmt":"2025-04-16T16:51:30","guid":{"rendered":"https:\/\/us.edu.pl\/instytut\/ifiz\/?page_id=7168"},"modified":"2025-04-16T19:11:17","modified_gmt":"2025-04-16T17:11:17","slug":"nagrania-wyklady","status":"publish","type":"page","link":"https:\/\/us.edu.pl\/instytut\/ifiz\/nagrania-wyklady\/","title":{"rendered":"Nagrania wyk\u0142ad\u00f3w"},"content":{"rendered":"<p>[vc_row][vc_column][vc_column_text][\/vc_column_text][\/vc_column][\/vc_row][vc_row][vc_column][vc_column_text][\/vc_column_text][\/vc_column][\/vc_row][vc_row][vc_column]\r\n                <div class=\"text-modules \">\r\n                    <div class=\"container\">\r\n                        <h3 class=\"section-title section-title_border-bottom\">Materia\u0142y dla nauczycieli<\/h3> <h3 class=\"subtitle text-modules__subtitle\">wyk\u0142ady, kt\u00f3re mo\u017cesz zabra\u0107 na lekcj\u0119<\/h3>\r\n                        <div class=\"row m-0\">\r\n                            <div class=\"text-modules__content\">\r\n                                <\/p>\n<p class=\"\" data-start=\"292\" data-end=\"554\"><span style=\"font-size: 14pt;\"><strong>Szanowni Nauczyciele<\/strong>,<\/span><br data-start=\"313\" data-end=\"316\" \/><span style=\"font-size: 14pt;\">serdecznie zapraszamy do skorzystania z naszej <strong data-start=\"363\" data-end=\"423\">bazy nagra\u0144 wyk\u0142ad\u00f3w<\/strong> przygotowanych z my\u015bl\u0105 o wsparciu Waszej pracy dydaktycznej. Poni\u017cej znajdziecie linki do\u00a0<\/span><span style=\"font-size: 14pt;\"><strong data-start=\"693\" data-end=\"726\">nagranych wyk\u0142ad\u00f3w i miniwyk\u0142ad\u00f3w<\/strong> prowadzonych przez nauczycieli akademickich \u2013 wprowadzaj\u0105ce i rozwijaj\u0105ce r\u00f3\u017cne zagadnienia fizyczne,<\/span><\/p>\n<p class=\"\" data-start=\"919\" data-end=\"1060\"><span style=\"font-size: 14pt;\">To praktyczne narz\u0119dzia, kt\u00f3re mo\u017cna wykorzysta\u0107 zar\u00f3wno w czasie lekcji stacjonarnych, jak i zdalnych \u2013 niezale\u017cnie od wyposa\u017cenia pracowni. Dzielmy si\u0119 nauk\u0105 \u2013 w przyst\u0119pny i nowoczesny spos\u00f3b.<\/span><\/p>\n<div class=\"mt-3\"><\/div>\r\n                            <\/div>\r\n                            \r\n                            <div class=\"text-modules__img\"><img src=\"https:\/\/us.edu.pl\/instytut\/ifiz\/wp-content\/uploads\/sites\/39\/Bez-kategorii\/elearning-wyklady.png\" alt=\"img\"><\/div>\r\n                        <\/div>\r\n                    <\/div>\r\n                <\/div>[\/vc_column][\/vc_row][vc_row][vc_column]\r\n                <div class=\"text-modules reverse\">\r\n                    <div class=\"container\">\r\n                        <h3 class=\"section-title section-title_border-bottom\">Wyk\u0142ady popularnonaukowe<\/h3> \r\n                        <div class=\"row m-0\">\r\n                            <div class=\"text-modules__content\">\r\n                                <span style=\"font-size: 14pt;\">\u00a0<\/span><\/p>\n<p>&nbsp;<\/p>\n<p><span style=\"font-size: 18pt;\"><a href=\"https:\/\/us.edu.pl\/instytut\/ifiz\/multimedia\/dr-hab-arkadiusz-bubak-prof-us-neutrina-najmniejsze-czastki-rzeczywistosci-jakie-czlowiek-mogl-sobie-wyobrazic\/\">dr hab. Arkadiusz Bubak, prof. U\u015a | Neutrina \u2013 \u201enajmniejsze cz\u0105stki rzeczywisto\u015bci jakie cz\u0142owiek m\u00f3g\u0142 sobie wyobrazi\u0107\u201d<\/a><\/span> \r\n                                <div class=\"mt-3\"><\/div>\r\n                            <\/div>\r\n                            \r\n                            <div class=\"text-modules__img\"><img src=\"https:\/\/us.edu.pl\/instytut\/ifiz\/wp-content\/uploads\/sites\/39\/Energia_dla_wszystkich_2022\/BubakArkadiusz-150x150.jpg\" alt=\"img\"><\/div>\r\n                        <\/div>\r\n                    <\/div>\r\n                <\/div>[\/vc_column][\/vc_row][vc_row][vc_column]\r\n                <div class=\"text-modules reverse\">\r\n                    <div class=\"container\">\r\n                         \r\n                        <div class=\"row m-0\">\r\n                            <div class=\"text-modules__content\">\r\n                                <span style=\"font-size: 18pt;\"><a href=\"https:\/\/us.edu.pl\/instytut\/ifiz\/multimedia\/dr-hab-anna-mrozek-wilczkiewicz-jak-badac-potencjalne-leki\/\" target=\"_blank\" rel=\"noopener\">dr hab. Anna Mrozek-Wilczkiewicz, prof. U\u015a | Jak bada\u0107 potencjalne leki?<\/a><\/span> \r\n                                <div class=\"mt-3\"><\/div>\r\n                            <\/div>\r\n                            \r\n                            <div class=\"text-modules__img\"><img src=\"https:\/\/us.edu.pl\/instytut\/ifiz\/wp-content\/uploads\/sites\/39\/Rok_Lema_2021\/MrozekWilczkiewiczAnna_1-150x150.jpg\" alt=\"img\"><\/div>\r\n                        <\/div>\r\n                    <\/div>\r\n                <\/div>[\/vc_column][\/vc_row][vc_row][vc_column]\r\n                <div class=\"text-modules reverse\">\r\n                    <div class=\"container\">\r\n                         \r\n                        <div class=\"row m-0\">\r\n                            <div class=\"text-modules__content\">\r\n                                <a href=\"https:\/\/us.edu.pl\/instytut\/ifiz\/multimedia\/dr-inz-teresa-kasprzyk-kucewicz-jak-zwiekszyc-wydolnosc-sportowca-nowe-kierunki-badan-naukowych-w-dziedzinie-wykorzystywania-obrazowania-termicznego\/\" target=\"_blank\" rel=\"noopener\"><span style=\"font-size: 18pt;\">dr in\u017c. Teresa Kasprzyk-Kucewicz | Jak zwi\u0119kszy\u0107 wydolno\u015b\u0107 sportowca?<\/span> <\/a> \r\n                                <div class=\"mt-3\"><\/div>\r\n                            <\/div>\r\n                            \r\n                            <div class=\"text-modules__img\"><img src=\"https:\/\/us.edu.pl\/instytut\/ifiz\/wp-content\/uploads\/sites\/39\/Multimedia\/2020\/Teresa_Kasprzyk_Kucewicz-150x150.jpg\" alt=\"img\"><\/div>\r\n                        <\/div>\r\n                    <\/div>\r\n                <\/div>[\/vc_column][\/vc_row][vc_row][vc_column]\r\n                <div class=\"text-modules reverse\">\r\n                    <div class=\"container\">\r\n                         \r\n                        <div class=\"row m-0\">\r\n                            <div class=\"text-modules__content\">\r\n                                <span style=\"font-size: 18pt;\"><a href=\"https:\/\/us.edu.pl\/instytut\/ifiz\/multimedia\/dr-hab-armand-cholewka-prof-us-czy-temperatura-powierzchni-naszego-ciala-pomaga-w-ocenie-stanu-naszego-zdrowia\/\" target=\"_blank\" rel=\"noopener\">prof. dr hab. Armand Cholewka | Czy temperatura powierzchni naszego cia\u0142a pomaga w ocenie stanu naszego zdrowia?<\/a><\/span> \r\n                                <div class=\"mt-3\"><\/div>\r\n                            <\/div>\r\n                            \r\n                            <div class=\"text-modules__img\"><img src=\"https:\/\/us.edu.pl\/instytut\/ifiz\/wp-content\/uploads\/sites\/39\/Multimedia\/2020\/armand-zdj\u0119cie-150x150.jpg\" alt=\"img\"><\/div>\r\n                        <\/div>\r\n                    <\/div>\r\n                <\/div>[\/vc_column][\/vc_row][vc_row][vc_column]\r\n                <div class=\"text-modules reverse\">\r\n                    <div class=\"container\">\r\n                         \r\n                        <div class=\"row m-0\">\r\n                            <div class=\"text-modules__content\">\r\n                                <span style=\"font-size: 18pt;\"><a href=\"https:\/\/us.edu.pl\/instytut\/ifiz\/multimedia\/dr-katarzyna-balin-powierzchnia-i-uklady-niskowymiarowe-jak-je-badac\/\" target=\"_blank\" rel=\"noopener\">dr Katarzyna Balin | Powierzchnia i uk\u0142ady niskowymiarowe \u2013 jak je bada\u0107?<\/a><\/span> \r\n                                <div class=\"mt-3\"><\/div>\r\n                            <\/div>\r\n                            \r\n                            <div class=\"text-modules__img\"><img src=\"https:\/\/us.edu.pl\/instytut\/ifiz\/wp-content\/uploads\/sites\/39\/Multimedia\/2020\/BALIN_1-1-150x150.jpg\" alt=\"img\"><\/div>\r\n                        <\/div>\r\n                    <\/div>\r\n                <\/div>[\/vc_column][\/vc_row][vc_row][vc_column]\r\n                <div class=\"text-modules reverse\">\r\n                    <div class=\"container\">\r\n                         \r\n                        <div class=\"row m-0\">\r\n                            <div class=\"text-modules__content\">\r\n                                <span style=\"font-size: 18pt;\"><a href=\"https:\/\/www.youtube.com\/watch?v=XNaz-ZVBGMs\" target=\"_blank\" rel=\"noopener\">dr hab. Seweryn Kowalski, prof. U\u015a | W poszukiwaniu nowych stan\u00f3w materii \u2013 NA61\/SHINE jako przyk\u0142ad eksperymentu w CERN poza LHC<\/a><\/span> \r\n                                <div class=\"mt-3\"><\/div>\r\n                            <\/div>\r\n                            \r\n                            <div class=\"text-modules__img\"><img src=\"https:\/\/us.edu.pl\/instytut\/ifiz\/wp-content\/uploads\/sites\/39\/Bez-kategorii\/dr-hab.-Seweryn-Kowalski-prof.-US-SNN-www-150x150.png\" alt=\"img\"><\/div>\r\n                        <\/div>\r\n                    <\/div>\r\n                <\/div>[\/vc_column][\/vc_row][vc_row][vc_column]\r\n                <div class=\"text-modules reverse\">\r\n                    <div class=\"container\">\r\n                         \r\n                        <div class=\"row m-0\">\r\n                            <div class=\"text-modules__content\">\r\n                                <span style=\"font-size: 18pt;\"><a href=\"https:\/\/www.youtube.com\/watch?v=eCxxCmGrLDE\" target=\"_blank\" rel=\"noopener\">prof. dr hab. Jan Kisiel | Badania w\u0142asno\u015bci neutrin z wi\u0105zki CERN \u2013 Gran Sasso w eksperymencie ICARUS T600<\/a><\/span> \r\n                                <div class=\"mt-3\"><\/div>\r\n                            <\/div>\r\n                            \r\n                            <div class=\"text-modules__img\"><img src=\"https:\/\/us.edu.pl\/instytut\/ifiz\/wp-content\/uploads\/sites\/39\/Bez-kategorii\/J_Kisiel-usedu-zdj-2-150x150.jpg\" alt=\"img\"><\/div>\r\n                        <\/div>\r\n                    <\/div>\r\n                <\/div>[\/vc_column][\/vc_row][vc_row][vc_column]\r\n                <div class=\"text-modules reverse\">\r\n                    <div class=\"container\">\r\n                         \r\n                        <div class=\"row m-0\">\r\n                            <div class=\"text-modules__content\">\r\n                                <span style=\"font-size: 18pt;\"><a href=\"https:\/\/www.youtube.com\/watch?v=y8HmCIkYjmI&amp;list=PLA32ec0Fv3fg7PpGbfEhZwhJHsto9IgQ3\" target=\"_blank\" rel=\"noopener\">prof. dr hab. Marek Szopa | Wyk\u0142ady z fizyki<\/a><\/span><\/p>\n<p><span style=\"font-size: 12pt;\">Seria 9 wyk\u0142ad\u00f3w z cyklu \u201eMechanika kwantowa dla niefizyk\u00f3w&#8221;<\/span> \r\n                                <div class=\"mt-3\"><\/div>\r\n                            <\/div>\r\n                            \r\n                            <div class=\"text-modules__img\"><img src=\"https:\/\/us.edu.pl\/instytut\/ifiz\/wp-content\/uploads\/sites\/39\/Bez-kategorii\/Marek_Szopa_2013-150x150.jpg\" alt=\"img\"><\/div>\r\n                        <\/div>\r\n                    <\/div>\r\n                <\/div>[\/vc_column][\/vc_row][vc_row][vc_column]\r\n                <div class=\"text-modules reverse\">\r\n                    <div class=\"container\">\r\n                         \r\n                        <div class=\"row m-0\">\r\n                            <div class=\"text-modules__content\">\r\n                                <span style=\"font-size: 18pt;\"><a href=\"https:\/\/www.youtube.com\/watch?v=NjVSltkCA0E&amp;list=PLlhOYvtSn-fu3Y5cg6py47cfF1Ac1CREm\" target=\"_blank\" rel=\"noopener\">prof. dr hab. Marek Szopa | Wst\u0119p do teorii gier<\/a><\/span><\/p>\n<p><span style=\"font-size: 14pt;\">Seria 10 wyk\u0142ad\u00f3w<\/span> \r\n                                <div class=\"mt-3\"><\/div>\r\n                            <\/div>\r\n                            \r\n                            <div class=\"text-modules__img\"><img src=\"https:\/\/us.edu.pl\/instytut\/ifiz\/wp-content\/uploads\/sites\/39\/Bez-kategorii\/Marek_Szopa_2013-150x150.jpg\" alt=\"img\"><\/div>\r\n                        <\/div>\r\n                    <\/div>\r\n                <\/div>[\/vc_column][\/vc_row][vc_row][vc_column][vc_column_text][\/vc_column_text][\/vc_column][\/vc_row][vc_row][vc_column][vc_column_text][\/vc_column_text][\/vc_column][\/vc_row]<\/p>","protected":false},"excerpt":{"rendered":"<p>[vc_row][vc_column][vc_column_text][\/vc_column_text][\/vc_column][\/vc_row][vc_row][vc_column][vc_column_text][\/vc_column_text][\/vc_column][\/vc_row][vc_row][vc_column][\/vc_column][\/vc_row][vc_row][vc_column][\/vc_column][\/vc_row][vc_row][vc_column][\/vc_column][\/vc_row][vc_row][vc_column][\/vc_column][\/vc_row][vc_row][vc_column][\/vc_column][\/vc_row][vc_row][vc_column][\/vc_column][\/vc_row][vc_row][vc_column][\/vc_column][\/vc_row][vc_row][vc_column][\/vc_column][\/vc_row][vc_row][vc_column][\/vc_column][\/vc_row][vc_row][vc_column][\/vc_column][\/vc_row][vc_row][vc_column][vc_column_text][\/vc_column_text][\/vc_column][\/vc_row][vc_row][vc_column][vc_column_text][\/vc_column_text][\/vc_column][\/vc_row] [&#8230;]<\/p>\n<p><a class=\"btn btn-secondary understrap-read-more-link\" href=\"https:\/\/us.edu.pl\/instytut\/ifiz\/nagrania-wyklady\/\">Read More&#8230;<\/a><\/p>\n","protected":false},"author":6706,"featured_media":0,"parent":0,"menu_order":0,"comment_status":"closed","ping_status":"closed","template":"","meta":{"_expiration-date-status":"","_expiration-date":0,"_expiration-date-type":"","_expiration-date-categories":[],"_expiration-date-options":[]},"acf":[],"_links":{"self":[{"href":"https:\/\/us.edu.pl\/instytut\/ifiz\/wp-json\/wp\/v2\/pages\/7168"}],"collection":[{"href":"https:\/\/us.edu.pl\/instytut\/ifiz\/wp-json\/wp\/v2\/pages"}],"about":[{"href":"https:\/\/us.edu.pl\/instytut\/ifiz\/wp-json\/wp\/v2\/types\/page"}],"author":[{"embeddable":true,"href":"https:\/\/us.edu.pl\/instytut\/ifiz\/wp-json\/wp\/v2\/users\/6706"}],"replies":[{"embeddable":true,"href":"https:\/\/us.edu.pl\/instytut\/ifiz\/wp-json\/wp\/v2\/comments?post=7168"}],"version-history":[{"count":0,"href":"https:\/\/us.edu.pl\/instytut\/ifiz\/wp-json\/wp\/v2\/pages\/7168\/revisions"}],"wp:attachment":[{"href":"https:\/\/us.edu.pl\/instytut\/ifiz\/wp-json\/wp\/v2\/media?parent=7168"}],"curies":[{"name":"wp","href":"https:\/\/api.w.org\/{rel}","templated":true}]}}